{"id":5922,"date":"2017-12-18T16:32:07","date_gmt":"2017-12-18T16:34:15","guid":{"rendered":"http:\/\/mueble4you.com\/productos\/electric\/"},"modified":"2020-04-23T10:18:33","modified_gmt":"2020-04-23T10:18:33","slug":"elektrisches-sofa","status":"publish","type":"product","link":"https:\/\/mueble4you.com\/de\/productos\/elektrisches-sofa\/","title":{"rendered":"Elektrisches Sofa."},"content":{"rendered":"<p>Elektrisches Sofa, braun, gepolstert in Mikrofaser, verf\u00fcgbar, um gew\u00fcnschte Kompositionen zu machen, durch die Anschaffung von Modulen, k\u00f6nnen Sie auch ein Modul hinzuf\u00fcgen, das als K\u00fchlschrank dient und eines mit Lautsprecher und mit Anschl\u00fcssen f\u00fcr Speicherger\u00e4te.<\/p>\n","protected":false},"excerpt":{"rendered":"<p>Elektrisches Sofa.<\/p>\n<p>Erh\u00e4ltlich in verschiedenen Gr\u00f6\u00dfen.<\/p>\n<p>Es besteht auch die M\u00f6glichkeit, einen Lautsprecher hinzuzuf\u00fcgen.<\/p>\n","protected":false},"featured_media":0,"template":"","meta":[],"product_brand":[],"product_cat":[273,272],"product_tag":[],"class_list":{"0":"post-5922","1":"product","2":"type-product","3":"status-publish","5":"product_cat-sofas-wohnzimmer","6":"product_cat-wohnzimmer","8":"first","9":"instock","10":"shipping-taxable","11":"product-type-simple"},"yoast_head":"<!-- This site is optimized with the Yoast SEO plugin v27.2 - https:\/\/yoast.com\/product\/yoast-seo-wordpress\/ -->\n<title>Elektrisches Sofa. | mueble4you<\/title>\n<meta name=\"robots\" content=\"index, follow, max-snippet:-1, max-image-preview:large, max-video-preview:-1\" \/>\n<link rel=\"canonical\" href=\"https:\/\/mueble4you.com\/de\/productos\/elektrisches-sofa\/\" \/>\n<meta property=\"og:locale\" content=\"de_DE\" \/>\n<meta property=\"og:type\" content=\"article\" \/>\n<meta property=\"og:title\" content=\"Elektrisches Sofa. | mueble4you\" \/>\n<meta property=\"og:description\" content=\"Elektrisches Sofa.  Erh\u00e4ltlich in verschiedenen Gr\u00f6\u00dfen.  Es besteht auch die M\u00f6glichkeit, einen Lautsprecher hinzuzuf\u00fcgen.\" \/>\n<meta property=\"og:url\" content=\"https:\/\/mueble4you.com\/de\/productos\/elektrisches-sofa\/\" \/>\n<meta property=\"og:site_name\" content=\"mueble4you\" \/>\n<meta property=\"article:modified_time\" content=\"2020-04-23T10:18:33+00:00\" \/>\n<meta name=\"twitter:card\" content=\"summary_large_image\" \/>\n<script type=\"application\/ld+json\" class=\"yoast-schema-graph\">{\"@context\":\"https:\/\/schema.org\",\"@graph\":[{\"@type\":\"WebPage\",\"@id\":\"https:\/\/mueble4you.com\/de\/productos\/elektrisches-sofa\/\",\"url\":\"https:\/\/mueble4you.com\/de\/productos\/elektrisches-sofa\/\",\"name\":\"Elektrisches Sofa. | mueble4you\",\"isPartOf\":{\"@id\":\"https:\/\/mueble4you.com\/#website\"},\"datePublished\":\"2017-12-18T16:34:15+00:00\",\"dateModified\":\"2020-04-23T10:18:33+00:00\",\"breadcrumb\":{\"@id\":\"https:\/\/mueble4you.com\/de\/productos\/elektrisches-sofa\/#breadcrumb\"},\"inLanguage\":\"de\",\"potentialAction\":[{\"@type\":\"ReadAction\",\"target\":[\"https:\/\/mueble4you.com\/de\/productos\/elektrisches-sofa\/\"]}]},{\"@type\":\"BreadcrumbList\",\"@id\":\"https:\/\/mueble4you.com\/de\/productos\/elektrisches-sofa\/#breadcrumb\",\"itemListElement\":[{\"@type\":\"ListItem\",\"position\":1,\"name\":\"Portada\",\"item\":\"https:\/\/mueble4you.com\/de\/\"},{\"@type\":\"ListItem\",\"position\":2,\"name\":\"Productos\",\"item\":\"https:\/\/mueble4you.com\/productos\/\"},{\"@type\":\"ListItem\",\"position\":3,\"name\":\"Elektrisches Sofa.\"}]},{\"@type\":\"WebSite\",\"@id\":\"https:\/\/mueble4you.com\/#website\",\"url\":\"https:\/\/mueble4you.com\/\",\"name\":\"mueble4you\",\"description\":\"M\u00f6bel in Teneriffa\",\"potentialAction\":[{\"@type\":\"SearchAction\",\"target\":{\"@type\":\"EntryPoint\",\"urlTemplate\":\"https:\/\/mueble4you.com\/?s={search_term_string}\"},\"query-input\":{\"@type\":\"PropertyValueSpecification\",\"valueRequired\":true,\"valueName\":\"search_term_string\"}}],\"inLanguage\":\"de\"}]}<\/script>\n<!-- \/ Yoast SEO plugin. -->","yoast_head_json":{"title":"Elektrisches Sofa. | mueble4you","robots":{"index":"index","follow":"follow","max-snippet":"max-snippet:-1","max-image-preview":"max-image-preview:large","max-video-preview":"max-video-preview:-1"},"canonical":"https:\/\/mueble4you.com\/de\/productos\/elektrisches-sofa\/","og_locale":"de_DE","og_type":"article","og_title":"Elektrisches Sofa. | mueble4you","og_description":"Elektrisches Sofa.  Erh\u00e4ltlich in verschiedenen Gr\u00f6\u00dfen.  Es besteht auch die M\u00f6glichkeit, einen Lautsprecher hinzuzuf\u00fcgen.","og_url":"https:\/\/mueble4you.com\/de\/productos\/elektrisches-sofa\/","og_site_name":"mueble4you","article_modified_time":"2020-04-23T10:18:33+00:00","twitter_card":"summary_large_image","schema":{"@context":"https:\/\/schema.org","@graph":[{"@type":"WebPage","@id":"https:\/\/mueble4you.com\/de\/productos\/elektrisches-sofa\/","url":"https:\/\/mueble4you.com\/de\/productos\/elektrisches-sofa\/","name":"Elektrisches Sofa. | mueble4you","isPartOf":{"@id":"https:\/\/mueble4you.com\/#website"},"datePublished":"2017-12-18T16:34:15+00:00","dateModified":"2020-04-23T10:18:33+00:00","breadcrumb":{"@id":"https:\/\/mueble4you.com\/de\/productos\/elektrisches-sofa\/#breadcrumb"},"inLanguage":"de","potentialAction":[{"@type":"ReadAction","target":["https:\/\/mueble4you.com\/de\/productos\/elektrisches-sofa\/"]}]},{"@type":"BreadcrumbList","@id":"https:\/\/mueble4you.com\/de\/productos\/elektrisches-sofa\/#breadcrumb","itemListElement":[{"@type":"ListItem","position":1,"name":"Portada","item":"https:\/\/mueble4you.com\/de\/"},{"@type":"ListItem","position":2,"name":"Productos","item":"https:\/\/mueble4you.com\/productos\/"},{"@type":"ListItem","position":3,"name":"Elektrisches Sofa."}]},{"@type":"WebSite","@id":"https:\/\/mueble4you.com\/#website","url":"https:\/\/mueble4you.com\/","name":"mueble4you","description":"M\u00f6bel in Teneriffa","potentialAction":[{"@type":"SearchAction","target":{"@type":"EntryPoint","urlTemplate":"https:\/\/mueble4you.com\/?s={search_term_string}"},"query-input":{"@type":"PropertyValueSpecification","valueRequired":true,"valueName":"search_term_string"}}],"inLanguage":"de"}]}},"_links":{"self":[{"href":"https:\/\/mueble4you.com\/de\/wp-json\/wp\/v2\/product\/5922","targetHints":{"allow":["GET"]}}],"collection":[{"href":"https:\/\/mueble4you.com\/de\/wp-json\/wp\/v2\/product"}],"about":[{"href":"https:\/\/mueble4you.com\/de\/wp-json\/wp\/v2\/types\/product"}],"wp:attachment":[{"href":"https:\/\/mueble4you.com\/de\/wp-json\/wp\/v2\/media?parent=5922"}],"wp:term":[{"taxonomy":"product_brand","embeddable":true,"href":"https:\/\/mueble4you.com\/de\/wp-json\/wp\/v2\/product_brand?post=5922"},{"taxonomy":"product_cat","embeddable":true,"href":"https:\/\/mueble4you.com\/de\/wp-json\/wp\/v2\/product_cat?post=5922"},{"taxonomy":"product_tag","embeddable":true,"href":"https:\/\/mueble4you.com\/de\/wp-json\/wp\/v2\/product_tag?post=5922"}],"curies":[{"name":"wp","href":"https:\/\/api.w.org\/{rel}","templated":true}]}}