{"id":51027,"date":"2022-04-04T13:09:21","date_gmt":"2022-04-04T13:09:21","guid":{"rendered":"https:\/\/mueble4you.com\/productos\/silla-oficina-armstrong\/"},"modified":"2022-04-04T13:41:45","modified_gmt":"2022-04-04T13:41:45","slug":"burostuhl-armstrong","status":"publish","type":"product","link":"https:\/\/mueble4you.com\/de\/productos\/burostuhl-armstrong\/","title":{"rendered":"B\u00fcrostuhl Armstrong"},"content":{"rendered":"<ul>\n<li id=\"tw-target-text\" class=\"tw-data-text tw-text-large tw-ta\" dir=\"ltr\" data-placeholder=\"Traducci\u00f3n\"><span class=\"Y2IQFc\" lang=\"de\" tabindex=\"-1\">Basis aus Chromstahl. <\/span><\/li>\n<li class=\"tw-data-text tw-text-large tw-ta\" dir=\"ltr\" data-placeholder=\"Traducci\u00f3n\"><span class=\"Y2IQFc\" lang=\"de\" tabindex=\"-1\">Gef\u00fcttert mit 100 % Polyestergewebe.<\/span><\/li>\n<li class=\"tw-data-text tw-text-large tw-ta\" dir=\"ltr\" data-placeholder=\"Traducci\u00f3n\"><span class=\"Y2IQFc\" lang=\"de\" tabindex=\"-1\">Multifunktionsmechanismus: H\u00f6henverstellbarer und verstellbarer Sitz.<\/span><\/li>\n<\/ul>\n","protected":false},"excerpt":{"rendered":"<p>Basis aus Chromstahl. Gef\u00fcttert mit 100 % Polyestergewebe. Multifunktionsmechanismus: H\u00f6henverstellbarer und verstellbarer Sitz.<\/p>\n","protected":false},"featured_media":51023,"template":"","meta":[],"product_brand":[],"product_cat":[441,451],"product_tag":[],"class_list":{"0":"post-51027","1":"product","2":"type-product","3":"status-publish","4":"has-post-thumbnail","6":"product_cat-buero","7":"product_cat-stuhl","9":"first","10":"instock","11":"shipping-taxable","12":"product-type-simple"},"yoast_head":"<!-- This site is optimized with the Yoast SEO plugin v27.2 - https:\/\/yoast.com\/product\/yoast-seo-wordpress\/ -->\n<title>B\u00fcrostuhl Armstrong | mueble4you<\/title>\n<meta name=\"robots\" content=\"index, follow, max-snippet:-1, max-image-preview:large, max-video-preview:-1\" \/>\n<link rel=\"canonical\" href=\"https:\/\/mueble4you.com\/de\/productos\/burostuhl-armstrong\/\" \/>\n<meta property=\"og:locale\" content=\"de_DE\" \/>\n<meta property=\"og:type\" content=\"article\" \/>\n<meta property=\"og:title\" content=\"B\u00fcrostuhl Armstrong | mueble4you\" \/>\n<meta property=\"og:description\" content=\"Basis aus Chromstahl. Gef\u00fcttert mit 100 % Polyestergewebe. Multifunktionsmechanismus: H\u00f6henverstellbarer und verstellbarer Sitz.\" \/>\n<meta property=\"og:url\" content=\"https:\/\/mueble4you.com\/de\/productos\/burostuhl-armstrong\/\" \/>\n<meta property=\"og:site_name\" content=\"mueble4you\" \/>\n<meta property=\"article:modified_time\" content=\"2022-04-04T13:41:45+00:00\" \/>\n<meta property=\"og:image\" content=\"https:\/\/mueble4you.com\/wp-content\/uploads\/2022\/04\/187086.jpg\" \/>\n\t<meta property=\"og:image:width\" content=\"563\" \/>\n\t<meta property=\"og:image:height\" content=\"1080\" \/>\n\t<meta property=\"og:image:type\" content=\"image\/jpeg\" \/>\n<meta name=\"twitter:card\" content=\"summary_large_image\" \/>\n<script type=\"application\/ld+json\" class=\"yoast-schema-graph\">{\"@context\":\"https:\/\/schema.org\",\"@graph\":[{\"@type\":\"WebPage\",\"@id\":\"https:\/\/mueble4you.com\/de\/productos\/burostuhl-armstrong\/\",\"url\":\"https:\/\/mueble4you.com\/de\/productos\/burostuhl-armstrong\/\",\"name\":\"B\u00fcrostuhl Armstrong | mueble4you\",\"isPartOf\":{\"@id\":\"https:\/\/mueble4you.com\/#website\"},\"primaryImageOfPage\":{\"@id\":\"https:\/\/mueble4you.com\/de\/productos\/burostuhl-armstrong\/#primaryimage\"},\"image\":{\"@id\":\"https:\/\/mueble4you.com\/de\/productos\/burostuhl-armstrong\/#primaryimage\"},\"thumbnailUrl\":\"https:\/\/mueble4you.com\/wp-content\/uploads\/2022\/04\/187086.jpg\",\"datePublished\":\"2022-04-04T13:09:21+00:00\",\"dateModified\":\"2022-04-04T13:41:45+00:00\",\"breadcrumb\":{\"@id\":\"https:\/\/mueble4you.com\/de\/productos\/burostuhl-armstrong\/#breadcrumb\"},\"inLanguage\":\"de\",\"potentialAction\":[{\"@type\":\"ReadAction\",\"target\":[\"https:\/\/mueble4you.com\/de\/productos\/burostuhl-armstrong\/\"]}]},{\"@type\":\"ImageObject\",\"inLanguage\":\"de\",\"@id\":\"https:\/\/mueble4you.com\/de\/productos\/burostuhl-armstrong\/#primaryimage\",\"url\":\"https:\/\/mueble4you.com\/wp-content\/uploads\/2022\/04\/187086.jpg\",\"contentUrl\":\"https:\/\/mueble4you.com\/wp-content\/uploads\/2022\/04\/187086.jpg\",\"width\":563,\"height\":1080},{\"@type\":\"BreadcrumbList\",\"@id\":\"https:\/\/mueble4you.com\/de\/productos\/burostuhl-armstrong\/#breadcrumb\",\"itemListElement\":[{\"@type\":\"ListItem\",\"position\":1,\"name\":\"Portada\",\"item\":\"https:\/\/mueble4you.com\/de\/\"},{\"@type\":\"ListItem\",\"position\":2,\"name\":\"Productos\",\"item\":\"https:\/\/mueble4you.com\/productos\/\"},{\"@type\":\"ListItem\",\"position\":3,\"name\":\"B\u00fcrostuhl Armstrong\"}]},{\"@type\":\"WebSite\",\"@id\":\"https:\/\/mueble4you.com\/#website\",\"url\":\"https:\/\/mueble4you.com\/\",\"name\":\"mueble4you\",\"description\":\"M\u00f6bel in Teneriffa\",\"potentialAction\":[{\"@type\":\"SearchAction\",\"target\":{\"@type\":\"EntryPoint\",\"urlTemplate\":\"https:\/\/mueble4you.com\/?s={search_term_string}\"},\"query-input\":{\"@type\":\"PropertyValueSpecification\",\"valueRequired\":true,\"valueName\":\"search_term_string\"}}],\"inLanguage\":\"de\"}]}<\/script>\n<!-- \/ Yoast SEO plugin. -->","yoast_head_json":{"title":"B\u00fcrostuhl Armstrong | mueble4you","robots":{"index":"index","follow":"follow","max-snippet":"max-snippet:-1","max-image-preview":"max-image-preview:large","max-video-preview":"max-video-preview:-1"},"canonical":"https:\/\/mueble4you.com\/de\/productos\/burostuhl-armstrong\/","og_locale":"de_DE","og_type":"article","og_title":"B\u00fcrostuhl Armstrong | mueble4you","og_description":"Basis aus Chromstahl. Gef\u00fcttert mit 100 % Polyestergewebe. Multifunktionsmechanismus: H\u00f6henverstellbarer und verstellbarer Sitz.","og_url":"https:\/\/mueble4you.com\/de\/productos\/burostuhl-armstrong\/","og_site_name":"mueble4you","article_modified_time":"2022-04-04T13:41:45+00:00","og_image":[{"width":563,"height":1080,"url":"https:\/\/mueble4you.com\/wp-content\/uploads\/2022\/04\/187086.jpg","type":"image\/jpeg"}],"twitter_card":"summary_large_image","schema":{"@context":"https:\/\/schema.org","@graph":[{"@type":"WebPage","@id":"https:\/\/mueble4you.com\/de\/productos\/burostuhl-armstrong\/","url":"https:\/\/mueble4you.com\/de\/productos\/burostuhl-armstrong\/","name":"B\u00fcrostuhl Armstrong | mueble4you","isPartOf":{"@id":"https:\/\/mueble4you.com\/#website"},"primaryImageOfPage":{"@id":"https:\/\/mueble4you.com\/de\/productos\/burostuhl-armstrong\/#primaryimage"},"image":{"@id":"https:\/\/mueble4you.com\/de\/productos\/burostuhl-armstrong\/#primaryimage"},"thumbnailUrl":"https:\/\/mueble4you.com\/wp-content\/uploads\/2022\/04\/187086.jpg","datePublished":"2022-04-04T13:09:21+00:00","dateModified":"2022-04-04T13:41:45+00:00","breadcrumb":{"@id":"https:\/\/mueble4you.com\/de\/productos\/burostuhl-armstrong\/#breadcrumb"},"inLanguage":"de","potentialAction":[{"@type":"ReadAction","target":["https:\/\/mueble4you.com\/de\/productos\/burostuhl-armstrong\/"]}]},{"@type":"ImageObject","inLanguage":"de","@id":"https:\/\/mueble4you.com\/de\/productos\/burostuhl-armstrong\/#primaryimage","url":"https:\/\/mueble4you.com\/wp-content\/uploads\/2022\/04\/187086.jpg","contentUrl":"https:\/\/mueble4you.com\/wp-content\/uploads\/2022\/04\/187086.jpg","width":563,"height":1080},{"@type":"BreadcrumbList","@id":"https:\/\/mueble4you.com\/de\/productos\/burostuhl-armstrong\/#breadcrumb","itemListElement":[{"@type":"ListItem","position":1,"name":"Portada","item":"https:\/\/mueble4you.com\/de\/"},{"@type":"ListItem","position":2,"name":"Productos","item":"https:\/\/mueble4you.com\/productos\/"},{"@type":"ListItem","position":3,"name":"B\u00fcrostuhl Armstrong"}]},{"@type":"WebSite","@id":"https:\/\/mueble4you.com\/#website","url":"https:\/\/mueble4you.com\/","name":"mueble4you","description":"M\u00f6bel in Teneriffa","potentialAction":[{"@type":"SearchAction","target":{"@type":"EntryPoint","urlTemplate":"https:\/\/mueble4you.com\/?s={search_term_string}"},"query-input":{"@type":"PropertyValueSpecification","valueRequired":true,"valueName":"search_term_string"}}],"inLanguage":"de"}]}},"_links":{"self":[{"href":"https:\/\/mueble4you.com\/de\/wp-json\/wp\/v2\/product\/51027","targetHints":{"allow":["GET"]}}],"collection":[{"href":"https:\/\/mueble4you.com\/de\/wp-json\/wp\/v2\/product"}],"about":[{"href":"https:\/\/mueble4you.com\/de\/wp-json\/wp\/v2\/types\/product"}],"wp:featuredmedia":[{"embeddable":true,"href":"https:\/\/mueble4you.com\/de\/wp-json\/wp\/v2\/media\/51023"}],"wp:attachment":[{"href":"https:\/\/mueble4you.com\/de\/wp-json\/wp\/v2\/media?parent=51027"}],"wp:term":[{"taxonomy":"product_brand","embeddable":true,"href":"https:\/\/mueble4you.com\/de\/wp-json\/wp\/v2\/product_brand?post=51027"},{"taxonomy":"product_cat","embeddable":true,"href":"https:\/\/mueble4you.com\/de\/wp-json\/wp\/v2\/product_cat?post=51027"},{"taxonomy":"product_tag","embeddable":true,"href":"https:\/\/mueble4you.com\/de\/wp-json\/wp\/v2\/product_tag?post=51027"}],"curies":[{"name":"wp","href":"https:\/\/api.w.org\/{rel}","templated":true}]}}