{"id":49070,"date":"2021-12-09T15:44:15","date_gmt":"2021-12-09T15:44:15","guid":{"rendered":"https:\/\/mueble4you.com\/productos\/set-2-mesas-nido\/"},"modified":"2021-12-09T16:00:22","modified_gmt":"2021-12-09T16:00:22","slug":"setze-2-nest-tische","status":"publish","type":"product","link":"https:\/\/mueble4you.com\/de\/productos\/setze-2-nest-tische\/","title":{"rendered":"Set 2 Nest-Tische"},"content":{"rendered":"<ul>\n<li id=\"tw-target-text\" class=\"tw-data-text tw-text-large tw-ta\" dir=\"ltr\" data-placeholder=\"Traducci\u00f3n\"><span class=\"Y2IQFc\" lang=\"de\" tabindex=\"-1\">Set mit 2 Tischen aus Mangoholz und Eisensockel.<\/span><\/li>\n<li class=\"tw-data-text tw-text-large tw-ta\" dir=\"ltr\" data-placeholder=\"Traducci\u00f3n\"><span class=\"Y2IQFc\" lang=\"de\" tabindex=\"-1\">Ma\u00dfe: Gro\u00df (36 cm H\u00f6he x 76 cm Durchmesser) Klein (31 cm H\u00f6he x 58 cm Durchmesser).<\/span><\/li>\n<\/ul>\n","protected":false},"excerpt":{"rendered":"<p>Set mit 2 Tischen aus Mangoholz und Eisensockel. Ma\u00dfe: Gro\u00df (36 cm H\u00f6he x 76 cm Durchmesser) Klein (31 cm H\u00f6he x 58 cm Durchmesser).<\/p>\n","protected":false},"featured_media":49066,"template":"","meta":[],"product_brand":[],"product_cat":[358,272],"product_tag":[],"class_list":{"0":"post-49070","1":"product","2":"type-product","3":"status-publish","4":"has-post-thumbnail","6":"product_cat-couchtisch","7":"product_cat-wohnzimmer","9":"first","10":"instock","11":"shipping-taxable","12":"product-type-simple"},"yoast_head":"<!-- This site is optimized with the Yoast SEO plugin v27.3 - https:\/\/yoast.com\/product\/yoast-seo-wordpress\/ -->\n<title>Set 2 Nest-Tische | mueble4you<\/title>\n<meta name=\"description\" content=\"Set de 2 mesas en madera de mango y base de hierro. Medidas: Grande (36x76 cm) Peque\u00f1a (31x58 cm) | mueble4you\" \/>\n<meta name=\"robots\" content=\"index, follow, max-snippet:-1, max-image-preview:large, max-video-preview:-1\" \/>\n<link rel=\"canonical\" href=\"https:\/\/mueble4you.com\/de\/productos\/setze-2-nest-tische\/\" \/>\n<meta property=\"og:locale\" content=\"de_DE\" \/>\n<meta property=\"og:type\" content=\"article\" \/>\n<meta property=\"og:title\" content=\"Set 2 Nest-Tische | mueble4you\" \/>\n<meta property=\"og:description\" content=\"Set de 2 mesas en madera de mango y base de hierro. Medidas: Grande (36x76 cm) Peque\u00f1a (31x58 cm) | mueble4you\" \/>\n<meta property=\"og:url\" content=\"https:\/\/mueble4you.com\/de\/productos\/setze-2-nest-tische\/\" \/>\n<meta property=\"og:site_name\" content=\"mueble4you\" \/>\n<meta property=\"article:modified_time\" content=\"2021-12-09T16:00:22+00:00\" \/>\n<meta property=\"og:image\" content=\"https:\/\/mueble4you.com\/wp-content\/uploads\/2021\/12\/SET-DE-MESAS...jpg\" \/>\n\t<meta property=\"og:image:width\" content=\"800\" \/>\n\t<meta property=\"og:image:height\" content=\"533\" \/>\n\t<meta property=\"og:image:type\" content=\"image\/jpeg\" \/>\n<meta name=\"twitter:card\" content=\"summary_large_image\" \/>\n<script type=\"application\/ld+json\" class=\"yoast-schema-graph\">{\"@context\":\"https:\\\/\\\/schema.org\",\"@graph\":[{\"@type\":\"WebPage\",\"@id\":\"https:\\\/\\\/mueble4you.com\\\/de\\\/productos\\\/setze-2-nest-tische\\\/\",\"url\":\"https:\\\/\\\/mueble4you.com\\\/de\\\/productos\\\/setze-2-nest-tische\\\/\",\"name\":\"Set 2 Nest-Tische | mueble4you\",\"isPartOf\":{\"@id\":\"https:\\\/\\\/mueble4you.com\\\/#website\"},\"primaryImageOfPage\":{\"@id\":\"https:\\\/\\\/mueble4you.com\\\/de\\\/productos\\\/setze-2-nest-tische\\\/#primaryimage\"},\"image\":{\"@id\":\"https:\\\/\\\/mueble4you.com\\\/de\\\/productos\\\/setze-2-nest-tische\\\/#primaryimage\"},\"thumbnailUrl\":\"https:\\\/\\\/mueble4you.com\\\/wp-content\\\/uploads\\\/2021\\\/12\\\/SET-DE-MESAS...jpg\",\"datePublished\":\"2021-12-09T15:44:15+00:00\",\"dateModified\":\"2021-12-09T16:00:22+00:00\",\"description\":\"Set de 2 mesas en madera de mango y base de hierro. Medidas: Grande (36x76 cm) Peque\u00f1a (31x58 cm) | mueble4you\",\"breadcrumb\":{\"@id\":\"https:\\\/\\\/mueble4you.com\\\/de\\\/productos\\\/setze-2-nest-tische\\\/#breadcrumb\"},\"inLanguage\":\"de\",\"potentialAction\":[{\"@type\":\"ReadAction\",\"target\":[\"https:\\\/\\\/mueble4you.com\\\/de\\\/productos\\\/setze-2-nest-tische\\\/\"]}]},{\"@type\":\"ImageObject\",\"inLanguage\":\"de\",\"@id\":\"https:\\\/\\\/mueble4you.com\\\/de\\\/productos\\\/setze-2-nest-tische\\\/#primaryimage\",\"url\":\"https:\\\/\\\/mueble4you.com\\\/wp-content\\\/uploads\\\/2021\\\/12\\\/SET-DE-MESAS...jpg\",\"contentUrl\":\"https:\\\/\\\/mueble4you.com\\\/wp-content\\\/uploads\\\/2021\\\/12\\\/SET-DE-MESAS...jpg\",\"width\":800,\"height\":533},{\"@type\":\"BreadcrumbList\",\"@id\":\"https:\\\/\\\/mueble4you.com\\\/de\\\/productos\\\/setze-2-nest-tische\\\/#breadcrumb\",\"itemListElement\":[{\"@type\":\"ListItem\",\"position\":1,\"name\":\"Portada\",\"item\":\"https:\\\/\\\/mueble4you.com\\\/de\\\/\"},{\"@type\":\"ListItem\",\"position\":2,\"name\":\"Productos\",\"item\":\"https:\\\/\\\/mueble4you.com\\\/productos\\\/\"},{\"@type\":\"ListItem\",\"position\":3,\"name\":\"Set 2 Nest-Tische\"}]},{\"@type\":\"WebSite\",\"@id\":\"https:\\\/\\\/mueble4you.com\\\/#website\",\"url\":\"https:\\\/\\\/mueble4you.com\\\/\",\"name\":\"mueble4you\",\"description\":\"M\u00f6bel in Teneriffa\",\"potentialAction\":[{\"@type\":\"SearchAction\",\"target\":{\"@type\":\"EntryPoint\",\"urlTemplate\":\"https:\\\/\\\/mueble4you.com\\\/?s={search_term_string}\"},\"query-input\":{\"@type\":\"PropertyValueSpecification\",\"valueRequired\":true,\"valueName\":\"search_term_string\"}}],\"inLanguage\":\"de\"}]}<\/script>\n<!-- \/ Yoast SEO plugin. -->","yoast_head_json":{"title":"Set 2 Nest-Tische | mueble4you","description":"Set de 2 mesas en madera de mango y base de hierro. Medidas: Grande (36x76 cm) Peque\u00f1a (31x58 cm) | mueble4you","robots":{"index":"index","follow":"follow","max-snippet":"max-snippet:-1","max-image-preview":"max-image-preview:large","max-video-preview":"max-video-preview:-1"},"canonical":"https:\/\/mueble4you.com\/de\/productos\/setze-2-nest-tische\/","og_locale":"de_DE","og_type":"article","og_title":"Set 2 Nest-Tische | mueble4you","og_description":"Set de 2 mesas en madera de mango y base de hierro. Medidas: Grande (36x76 cm) Peque\u00f1a (31x58 cm) | mueble4you","og_url":"https:\/\/mueble4you.com\/de\/productos\/setze-2-nest-tische\/","og_site_name":"mueble4you","article_modified_time":"2021-12-09T16:00:22+00:00","og_image":[{"width":800,"height":533,"url":"https:\/\/mueble4you.com\/wp-content\/uploads\/2021\/12\/SET-DE-MESAS...jpg","type":"image\/jpeg"}],"twitter_card":"summary_large_image","schema":{"@context":"https:\/\/schema.org","@graph":[{"@type":"WebPage","@id":"https:\/\/mueble4you.com\/de\/productos\/setze-2-nest-tische\/","url":"https:\/\/mueble4you.com\/de\/productos\/setze-2-nest-tische\/","name":"Set 2 Nest-Tische | mueble4you","isPartOf":{"@id":"https:\/\/mueble4you.com\/#website"},"primaryImageOfPage":{"@id":"https:\/\/mueble4you.com\/de\/productos\/setze-2-nest-tische\/#primaryimage"},"image":{"@id":"https:\/\/mueble4you.com\/de\/productos\/setze-2-nest-tische\/#primaryimage"},"thumbnailUrl":"https:\/\/mueble4you.com\/wp-content\/uploads\/2021\/12\/SET-DE-MESAS...jpg","datePublished":"2021-12-09T15:44:15+00:00","dateModified":"2021-12-09T16:00:22+00:00","description":"Set de 2 mesas en madera de mango y base de hierro. Medidas: Grande (36x76 cm) Peque\u00f1a (31x58 cm) | mueble4you","breadcrumb":{"@id":"https:\/\/mueble4you.com\/de\/productos\/setze-2-nest-tische\/#breadcrumb"},"inLanguage":"de","potentialAction":[{"@type":"ReadAction","target":["https:\/\/mueble4you.com\/de\/productos\/setze-2-nest-tische\/"]}]},{"@type":"ImageObject","inLanguage":"de","@id":"https:\/\/mueble4you.com\/de\/productos\/setze-2-nest-tische\/#primaryimage","url":"https:\/\/mueble4you.com\/wp-content\/uploads\/2021\/12\/SET-DE-MESAS...jpg","contentUrl":"https:\/\/mueble4you.com\/wp-content\/uploads\/2021\/12\/SET-DE-MESAS...jpg","width":800,"height":533},{"@type":"BreadcrumbList","@id":"https:\/\/mueble4you.com\/de\/productos\/setze-2-nest-tische\/#breadcrumb","itemListElement":[{"@type":"ListItem","position":1,"name":"Portada","item":"https:\/\/mueble4you.com\/de\/"},{"@type":"ListItem","position":2,"name":"Productos","item":"https:\/\/mueble4you.com\/productos\/"},{"@type":"ListItem","position":3,"name":"Set 2 Nest-Tische"}]},{"@type":"WebSite","@id":"https:\/\/mueble4you.com\/#website","url":"https:\/\/mueble4you.com\/","name":"mueble4you","description":"M\u00f6bel in Teneriffa","potentialAction":[{"@type":"SearchAction","target":{"@type":"EntryPoint","urlTemplate":"https:\/\/mueble4you.com\/?s={search_term_string}"},"query-input":{"@type":"PropertyValueSpecification","valueRequired":true,"valueName":"search_term_string"}}],"inLanguage":"de"}]}},"_links":{"self":[{"href":"https:\/\/mueble4you.com\/de\/wp-json\/wp\/v2\/product\/49070","targetHints":{"allow":["GET"]}}],"collection":[{"href":"https:\/\/mueble4you.com\/de\/wp-json\/wp\/v2\/product"}],"about":[{"href":"https:\/\/mueble4you.com\/de\/wp-json\/wp\/v2\/types\/product"}],"wp:featuredmedia":[{"embeddable":true,"href":"https:\/\/mueble4you.com\/de\/wp-json\/wp\/v2\/media\/49066"}],"wp:attachment":[{"href":"https:\/\/mueble4you.com\/de\/wp-json\/wp\/v2\/media?parent=49070"}],"wp:term":[{"taxonomy":"product_brand","embeddable":true,"href":"https:\/\/mueble4you.com\/de\/wp-json\/wp\/v2\/product_brand?post=49070"},{"taxonomy":"product_cat","embeddable":true,"href":"https:\/\/mueble4you.com\/de\/wp-json\/wp\/v2\/product_cat?post=49070"},{"taxonomy":"product_tag","embeddable":true,"href":"https:\/\/mueble4you.com\/de\/wp-json\/wp\/v2\/product_tag?post=49070"}],"curies":[{"name":"wp","href":"https:\/\/api.w.org\/{rel}","templated":true}]}}