{"id":47171,"date":"2021-08-05T11:36:27","date_gmt":"2021-08-05T11:36:27","guid":{"rendered":"https:\/\/mueble4you.com\/?post_type=product&#038;p=47171"},"modified":"2021-08-05T11:45:31","modified_gmt":"2021-08-05T11:45:31","slug":"colchon-new-adm-160x200cm","status":"publish","type":"product","link":"https:\/\/mueble4you.com\/de\/productos\/colchon-new-adm-160x200cm\/","title":{"rendered":"Colch\u00f3n New ADM 160X200cm."},"content":{"rendered":"<div>Materialien:<\/div>\n<div><\/div>\n<div>Hochwertiger Curpo-Strickstoff.<\/div>\n<div>Dacron-Schaum.<\/div>\n<div>Dicker Schaumstoff aufgeschraubt.<\/div>\n<div>Normaler Schaum. Vlies.<\/div>\n<div>Weichschaum mit hoher Dichte.<\/div>\n<div>Hartschaum mit hoher Dichte.<\/div>\n<div>Vlies.<\/div>\n<div>W\u00e4rmebehandeltes wei\u00dfes Wattepad.<\/div>\n<div>20 cm 5-Zonen-Taschenfederkern mit Schaumstoffeinlage.<\/div>\n<div>W\u00e4rmebehandeltes wei\u00dfes Wattepad.<\/div>\n<div>Vlies.<\/div>\n<div>Normaler Schaum.<\/div>\n<div>Tuch.<\/div>\n<div>Merkmale:<\/div>\n<div><\/div>\n<div>Sehr feste Matratze.<\/div>\n<div>Taschenfedern, die aufgrund der hohen Technologie bei ihrer Herstellung nicht f\u00fchlbar sind.<\/div>\n<div>Hohe Reichweite.<\/div>\n<div>Komfort und Anpassungsf\u00e4higkeit.<\/div>\n<div>Atmungsaktiv.<\/div>\n<div>Anti-Milben.<\/div>\n<h4>H\u00f6he: + &#8211; 28.<\/h4>\n","protected":false},"excerpt":{"rendered":"<p>Materialien: Hochwertiger Curpo-Strickstoff. Dacron-Schaum. Dicker Schaumstoff aufgeschraubt. Normaler Schaum. Vlies. Weichschaum mit hoher Dichte. Hartschaum mit hoher Dichte. Vlies. W\u00e4rmebehandeltes wei\u00dfes Wattepad. 20 cm 5-Zonen-Taschenfederkern mit Schaumstoffeinlage. W\u00e4rmebehandeltes wei\u00dfes Wattepad. Vlies. Normaler Schaum. Tuch. Merkmale: Sehr feste Matratze. Taschenfedern, die aufgrund der hohen Technologie bei ihrer Herstellung nicht f\u00fchlbar sind. Hohe Reichweite. Komfort und Anpassungsf\u00e4higkeit. [&#8230;]\n","protected":false},"featured_media":47147,"template":"","meta":[],"product_brand":[],"product_cat":[432,269],"product_tag":[],"class_list":{"0":"post-47171","1":"product","2":"type-product","3":"status-publish","4":"has-post-thumbnail","6":"product_cat-matratzen","7":"product_cat-schlafzimmer","9":"first","10":"instock","11":"shipping-taxable","12":"product-type-simple"},"yoast_head":"<!-- This site is optimized with the Yoast SEO plugin v27.2 - https:\/\/yoast.com\/product\/yoast-seo-wordpress\/ -->\n<title>Colch\u00f3n New ADM 160X200cm. | mueble4you<\/title>\n<meta name=\"robots\" content=\"index, follow, max-snippet:-1, max-image-preview:large, max-video-preview:-1\" \/>\n<link rel=\"canonical\" href=\"https:\/\/mueble4you.com\/de\/productos\/colchon-new-adm-160x200cm\/\" \/>\n<meta property=\"og:locale\" content=\"de_DE\" \/>\n<meta property=\"og:type\" content=\"article\" \/>\n<meta property=\"og:title\" content=\"Colch\u00f3n New ADM 160X200cm. | mueble4you\" \/>\n<meta property=\"og:description\" content=\"Materialien: Hochwertiger Curpo-Strickstoff. Dacron-Schaum. Dicker Schaumstoff aufgeschraubt. Normaler Schaum. Vlies. Weichschaum mit hoher Dichte. Hartschaum mit hoher Dichte. Vlies. W\u00e4rmebehandeltes wei\u00dfes Wattepad. 20 cm 5-Zonen-Taschenfederkern mit Schaumstoffeinlage. W\u00e4rmebehandeltes wei\u00dfes Wattepad. Vlies. Normaler Schaum. Tuch. Merkmale: Sehr feste Matratze. Taschenfedern, die aufgrund der hohen Technologie bei ihrer Herstellung nicht f\u00fchlbar sind. Hohe Reichweite. Komfort und Anpassungsf\u00e4higkeit. [...]\" \/>\n<meta property=\"og:url\" content=\"https:\/\/mueble4you.com\/de\/productos\/colchon-new-adm-160x200cm\/\" \/>\n<meta property=\"og:site_name\" content=\"mueble4you\" \/>\n<meta property=\"article:modified_time\" content=\"2021-08-05T11:45:31+00:00\" \/>\n<meta property=\"og:image\" content=\"https:\/\/mueble4you.com\/wp-content\/uploads\/2021\/08\/COLCHON-NEW-ADM-1.jpg\" \/>\n\t<meta property=\"og:image:width\" content=\"946\" \/>\n\t<meta property=\"og:image:height\" content=\"668\" \/>\n\t<meta property=\"og:image:type\" content=\"image\/jpeg\" \/>\n<meta name=\"twitter:card\" content=\"summary_large_image\" \/>\n<script type=\"application\/ld+json\" class=\"yoast-schema-graph\">{\"@context\":\"https:\/\/schema.org\",\"@graph\":[{\"@type\":\"WebPage\",\"@id\":\"https:\/\/mueble4you.com\/de\/productos\/colchon-new-adm-160x200cm\/\",\"url\":\"https:\/\/mueble4you.com\/de\/productos\/colchon-new-adm-160x200cm\/\",\"name\":\"Colch\u00f3n New ADM 160X200cm. | mueble4you\",\"isPartOf\":{\"@id\":\"https:\/\/mueble4you.com\/#website\"},\"primaryImageOfPage\":{\"@id\":\"https:\/\/mueble4you.com\/de\/productos\/colchon-new-adm-160x200cm\/#primaryimage\"},\"image\":{\"@id\":\"https:\/\/mueble4you.com\/de\/productos\/colchon-new-adm-160x200cm\/#primaryimage\"},\"thumbnailUrl\":\"https:\/\/mueble4you.com\/wp-content\/uploads\/2021\/08\/COLCHON-NEW-ADM-1.jpg\",\"datePublished\":\"2021-08-05T11:36:27+00:00\",\"dateModified\":\"2021-08-05T11:45:31+00:00\",\"breadcrumb\":{\"@id\":\"https:\/\/mueble4you.com\/de\/productos\/colchon-new-adm-160x200cm\/#breadcrumb\"},\"inLanguage\":\"de\",\"potentialAction\":[{\"@type\":\"ReadAction\",\"target\":[\"https:\/\/mueble4you.com\/de\/productos\/colchon-new-adm-160x200cm\/\"]}]},{\"@type\":\"ImageObject\",\"inLanguage\":\"de\",\"@id\":\"https:\/\/mueble4you.com\/de\/productos\/colchon-new-adm-160x200cm\/#primaryimage\",\"url\":\"https:\/\/mueble4you.com\/wp-content\/uploads\/2021\/08\/COLCHON-NEW-ADM-1.jpg\",\"contentUrl\":\"https:\/\/mueble4you.com\/wp-content\/uploads\/2021\/08\/COLCHON-NEW-ADM-1.jpg\",\"width\":946,\"height\":668},{\"@type\":\"BreadcrumbList\",\"@id\":\"https:\/\/mueble4you.com\/de\/productos\/colchon-new-adm-160x200cm\/#breadcrumb\",\"itemListElement\":[{\"@type\":\"ListItem\",\"position\":1,\"name\":\"Portada\",\"item\":\"https:\/\/mueble4you.com\/de\/\"},{\"@type\":\"ListItem\",\"position\":2,\"name\":\"Productos\",\"item\":\"https:\/\/mueble4you.com\/productos\/\"},{\"@type\":\"ListItem\",\"position\":3,\"name\":\"Colch\u00f3n New ADM 160X200cm.\"}]},{\"@type\":\"WebSite\",\"@id\":\"https:\/\/mueble4you.com\/#website\",\"url\":\"https:\/\/mueble4you.com\/\",\"name\":\"mueble4you\",\"description\":\"M\u00f6bel in Teneriffa\",\"potentialAction\":[{\"@type\":\"SearchAction\",\"target\":{\"@type\":\"EntryPoint\",\"urlTemplate\":\"https:\/\/mueble4you.com\/?s={search_term_string}\"},\"query-input\":{\"@type\":\"PropertyValueSpecification\",\"valueRequired\":true,\"valueName\":\"search_term_string\"}}],\"inLanguage\":\"de\"}]}<\/script>\n<!-- \/ Yoast SEO plugin. -->","yoast_head_json":{"title":"Colch\u00f3n New ADM 160X200cm. | mueble4you","robots":{"index":"index","follow":"follow","max-snippet":"max-snippet:-1","max-image-preview":"max-image-preview:large","max-video-preview":"max-video-preview:-1"},"canonical":"https:\/\/mueble4you.com\/de\/productos\/colchon-new-adm-160x200cm\/","og_locale":"de_DE","og_type":"article","og_title":"Colch\u00f3n New ADM 160X200cm. | mueble4you","og_description":"Materialien: Hochwertiger Curpo-Strickstoff. Dacron-Schaum. Dicker Schaumstoff aufgeschraubt. Normaler Schaum. Vlies. Weichschaum mit hoher Dichte. Hartschaum mit hoher Dichte. Vlies. W\u00e4rmebehandeltes wei\u00dfes Wattepad. 20 cm 5-Zonen-Taschenfederkern mit Schaumstoffeinlage. W\u00e4rmebehandeltes wei\u00dfes Wattepad. Vlies. Normaler Schaum. Tuch. Merkmale: Sehr feste Matratze. Taschenfedern, die aufgrund der hohen Technologie bei ihrer Herstellung nicht f\u00fchlbar sind. Hohe Reichweite. Komfort und Anpassungsf\u00e4higkeit. [...]","og_url":"https:\/\/mueble4you.com\/de\/productos\/colchon-new-adm-160x200cm\/","og_site_name":"mueble4you","article_modified_time":"2021-08-05T11:45:31+00:00","og_image":[{"width":946,"height":668,"url":"https:\/\/mueble4you.com\/wp-content\/uploads\/2021\/08\/COLCHON-NEW-ADM-1.jpg","type":"image\/jpeg"}],"twitter_card":"summary_large_image","schema":{"@context":"https:\/\/schema.org","@graph":[{"@type":"WebPage","@id":"https:\/\/mueble4you.com\/de\/productos\/colchon-new-adm-160x200cm\/","url":"https:\/\/mueble4you.com\/de\/productos\/colchon-new-adm-160x200cm\/","name":"Colch\u00f3n New ADM 160X200cm. | mueble4you","isPartOf":{"@id":"https:\/\/mueble4you.com\/#website"},"primaryImageOfPage":{"@id":"https:\/\/mueble4you.com\/de\/productos\/colchon-new-adm-160x200cm\/#primaryimage"},"image":{"@id":"https:\/\/mueble4you.com\/de\/productos\/colchon-new-adm-160x200cm\/#primaryimage"},"thumbnailUrl":"https:\/\/mueble4you.com\/wp-content\/uploads\/2021\/08\/COLCHON-NEW-ADM-1.jpg","datePublished":"2021-08-05T11:36:27+00:00","dateModified":"2021-08-05T11:45:31+00:00","breadcrumb":{"@id":"https:\/\/mueble4you.com\/de\/productos\/colchon-new-adm-160x200cm\/#breadcrumb"},"inLanguage":"de","potentialAction":[{"@type":"ReadAction","target":["https:\/\/mueble4you.com\/de\/productos\/colchon-new-adm-160x200cm\/"]}]},{"@type":"ImageObject","inLanguage":"de","@id":"https:\/\/mueble4you.com\/de\/productos\/colchon-new-adm-160x200cm\/#primaryimage","url":"https:\/\/mueble4you.com\/wp-content\/uploads\/2021\/08\/COLCHON-NEW-ADM-1.jpg","contentUrl":"https:\/\/mueble4you.com\/wp-content\/uploads\/2021\/08\/COLCHON-NEW-ADM-1.jpg","width":946,"height":668},{"@type":"BreadcrumbList","@id":"https:\/\/mueble4you.com\/de\/productos\/colchon-new-adm-160x200cm\/#breadcrumb","itemListElement":[{"@type":"ListItem","position":1,"name":"Portada","item":"https:\/\/mueble4you.com\/de\/"},{"@type":"ListItem","position":2,"name":"Productos","item":"https:\/\/mueble4you.com\/productos\/"},{"@type":"ListItem","position":3,"name":"Colch\u00f3n New ADM 160X200cm."}]},{"@type":"WebSite","@id":"https:\/\/mueble4you.com\/#website","url":"https:\/\/mueble4you.com\/","name":"mueble4you","description":"M\u00f6bel in Teneriffa","potentialAction":[{"@type":"SearchAction","target":{"@type":"EntryPoint","urlTemplate":"https:\/\/mueble4you.com\/?s={search_term_string}"},"query-input":{"@type":"PropertyValueSpecification","valueRequired":true,"valueName":"search_term_string"}}],"inLanguage":"de"}]}},"_links":{"self":[{"href":"https:\/\/mueble4you.com\/de\/wp-json\/wp\/v2\/product\/47171","targetHints":{"allow":["GET"]}}],"collection":[{"href":"https:\/\/mueble4you.com\/de\/wp-json\/wp\/v2\/product"}],"about":[{"href":"https:\/\/mueble4you.com\/de\/wp-json\/wp\/v2\/types\/product"}],"wp:featuredmedia":[{"embeddable":true,"href":"https:\/\/mueble4you.com\/de\/wp-json\/wp\/v2\/media\/47147"}],"wp:attachment":[{"href":"https:\/\/mueble4you.com\/de\/wp-json\/wp\/v2\/media?parent=47171"}],"wp:term":[{"taxonomy":"product_brand","embeddable":true,"href":"https:\/\/mueble4you.com\/de\/wp-json\/wp\/v2\/product_brand?post=47171"},{"taxonomy":"product_cat","embeddable":true,"href":"https:\/\/mueble4you.com\/de\/wp-json\/wp\/v2\/product_cat?post=47171"},{"taxonomy":"product_tag","embeddable":true,"href":"https:\/\/mueble4you.com\/de\/wp-json\/wp\/v2\/product_tag?post=47171"}],"curies":[{"name":"wp","href":"https:\/\/api.w.org\/{rel}","templated":true}]}}