{"id":47080,"date":"2021-08-03T12:28:58","date_gmt":"2021-08-03T12:28:58","guid":{"rendered":"https:\/\/mueble4you.com\/productos\/armario-con-cama-interna-a-la-pared\/"},"modified":"2021-08-10T11:42:17","modified_gmt":"2021-08-10T11:42:17","slug":"kleiderschrank-mit-internem-bett-an-der-wand","status":"publish","type":"product","link":"https:\/\/mueble4you.com\/de\/productos\/kleiderschrank-mit-internem-bett-an-der-wand\/","title":{"rendered":"Kleiderschrank mit internem Bett an der Wand."},"content":{"rendered":"<ul>\n<li id=\"tw-target-text\" class=\"tw-data-text tw-text-large XcVN5d tw-ta\" dir=\"ltr\" data-placeholder=\"Traducci\u00f3n\"><span class=\"Y2IQFc\" lang=\"de\">Erh\u00e4ltlich in wei\u00df. <\/span><\/li>\n<li class=\"tw-data-text tw-text-large XcVN5d tw-ta\" dir=\"ltr\" data-placeholder=\"Traducci\u00f3n\"><span class=\"Y2IQFc\" lang=\"de\">Ma\u00dfe: 200cm breit x 208cm hoch.<\/span><\/li>\n<li class=\"tw-data-text tw-text-large XcVN5d tw-ta\" dir=\"ltr\" data-placeholder=\"Traducci\u00f3n\"><span class=\"Y2IQFc\" lang=\"de\">Matratzenma\u00dfe: 90X190cm. (MAX 20 cm gro\u00df). <\/span><\/li>\n<li class=\"tw-data-text tw-text-large XcVN5d tw-ta\" dir=\"ltr\" data-placeholder=\"Traducci\u00f3n\"><span class=\"Y2IQFc\" lang=\"de\">Beinhaltet keine Matratze. <\/span><\/li>\n<li class=\"tw-data-text tw-text-large XcVN5d tw-ta\" dir=\"ltr\" data-placeholder=\"Traducci\u00f3n\"><span class=\"Y2IQFc\" lang=\"de\">Rechtes und linkes Bett vorhanden.<\/span><\/li>\n<\/ul>\n","protected":false},"excerpt":{"rendered":"<p>Erh\u00e4ltlich in wei\u00df. Ma\u00dfe: 200cm breit x 208cm hoch. Matratzenma\u00dfe: 90X190cm. (MAX 20 cm gro\u00df). Beinhaltet keine Matratze. Rechtes und linkes Bett vorhanden.<\/p>\n","protected":false},"featured_media":47076,"template":"","meta":[],"product_brand":[],"product_cat":[270,441,427,269,283,446],"product_tag":[],"class_list":{"0":"post-47080","1":"product","2":"type-product","3":"status-publish","4":"has-post-thumbnail","6":"product_cat-betten-und-zubehor","7":"product_cat-buero","8":"product_cat-klappbetten","9":"product_cat-schlafzimmer","10":"product_cat-schlafzimmermobel","11":"product_cat-schreibtisch","13":"first","14":"instock","15":"shipping-taxable","16":"product-type-simple"},"yoast_head":"<!-- This site is optimized with the Yoast SEO plugin v27.2 - https:\/\/yoast.com\/product\/yoast-seo-wordpress\/ -->\n<title>Kleiderschrank mit internem Bett an der Wand. | mueble4you<\/title>\n<meta name=\"robots\" content=\"index, follow, max-snippet:-1, max-image-preview:large, max-video-preview:-1\" \/>\n<link rel=\"canonical\" href=\"https:\/\/mueble4you.com\/de\/productos\/kleiderschrank-mit-internem-bett-an-der-wand\/\" \/>\n<meta property=\"og:locale\" content=\"de_DE\" \/>\n<meta property=\"og:type\" content=\"article\" \/>\n<meta property=\"og:title\" content=\"Kleiderschrank mit internem Bett an der Wand. | mueble4you\" \/>\n<meta property=\"og:description\" content=\"Erh\u00e4ltlich in wei\u00df. Ma\u00dfe: 200cm breit x 208cm hoch. Matratzenma\u00dfe: 90X190cm. (MAX 20 cm gro\u00df). Beinhaltet keine Matratze. Rechtes und linkes Bett vorhanden.\" \/>\n<meta property=\"og:url\" content=\"https:\/\/mueble4you.com\/de\/productos\/kleiderschrank-mit-internem-bett-an-der-wand\/\" \/>\n<meta property=\"og:site_name\" content=\"mueble4you\" \/>\n<meta property=\"article:modified_time\" content=\"2021-08-10T11:42:17+00:00\" \/>\n<meta property=\"og:image\" content=\"https:\/\/mueble4you.com\/wp-content\/uploads\/2021\/08\/armario-cama.jpg\" \/>\n\t<meta property=\"og:image:width\" content=\"597\" \/>\n\t<meta property=\"og:image:height\" content=\"701\" \/>\n\t<meta property=\"og:image:type\" content=\"image\/jpeg\" \/>\n<meta name=\"twitter:card\" content=\"summary_large_image\" \/>\n<script type=\"application\/ld+json\" class=\"yoast-schema-graph\">{\"@context\":\"https:\/\/schema.org\",\"@graph\":[{\"@type\":\"WebPage\",\"@id\":\"https:\/\/mueble4you.com\/de\/productos\/kleiderschrank-mit-internem-bett-an-der-wand\/\",\"url\":\"https:\/\/mueble4you.com\/de\/productos\/kleiderschrank-mit-internem-bett-an-der-wand\/\",\"name\":\"Kleiderschrank mit internem Bett an der Wand. | mueble4you\",\"isPartOf\":{\"@id\":\"https:\/\/mueble4you.com\/#website\"},\"primaryImageOfPage\":{\"@id\":\"https:\/\/mueble4you.com\/de\/productos\/kleiderschrank-mit-internem-bett-an-der-wand\/#primaryimage\"},\"image\":{\"@id\":\"https:\/\/mueble4you.com\/de\/productos\/kleiderschrank-mit-internem-bett-an-der-wand\/#primaryimage\"},\"thumbnailUrl\":\"https:\/\/mueble4you.com\/wp-content\/uploads\/2021\/08\/armario-cama.jpg\",\"datePublished\":\"2021-08-03T12:28:58+00:00\",\"dateModified\":\"2021-08-10T11:42:17+00:00\",\"breadcrumb\":{\"@id\":\"https:\/\/mueble4you.com\/de\/productos\/kleiderschrank-mit-internem-bett-an-der-wand\/#breadcrumb\"},\"inLanguage\":\"de\",\"potentialAction\":[{\"@type\":\"ReadAction\",\"target\":[\"https:\/\/mueble4you.com\/de\/productos\/kleiderschrank-mit-internem-bett-an-der-wand\/\"]}]},{\"@type\":\"ImageObject\",\"inLanguage\":\"de\",\"@id\":\"https:\/\/mueble4you.com\/de\/productos\/kleiderschrank-mit-internem-bett-an-der-wand\/#primaryimage\",\"url\":\"https:\/\/mueble4you.com\/wp-content\/uploads\/2021\/08\/armario-cama.jpg\",\"contentUrl\":\"https:\/\/mueble4you.com\/wp-content\/uploads\/2021\/08\/armario-cama.jpg\",\"width\":597,\"height\":701},{\"@type\":\"BreadcrumbList\",\"@id\":\"https:\/\/mueble4you.com\/de\/productos\/kleiderschrank-mit-internem-bett-an-der-wand\/#breadcrumb\",\"itemListElement\":[{\"@type\":\"ListItem\",\"position\":1,\"name\":\"Portada\",\"item\":\"https:\/\/mueble4you.com\/de\/\"},{\"@type\":\"ListItem\",\"position\":2,\"name\":\"Productos\",\"item\":\"https:\/\/mueble4you.com\/productos\/\"},{\"@type\":\"ListItem\",\"position\":3,\"name\":\"Kleiderschrank mit internem Bett an der Wand.\"}]},{\"@type\":\"WebSite\",\"@id\":\"https:\/\/mueble4you.com\/#website\",\"url\":\"https:\/\/mueble4you.com\/\",\"name\":\"mueble4you\",\"description\":\"M\u00f6bel in Teneriffa\",\"potentialAction\":[{\"@type\":\"SearchAction\",\"target\":{\"@type\":\"EntryPoint\",\"urlTemplate\":\"https:\/\/mueble4you.com\/?s={search_term_string}\"},\"query-input\":{\"@type\":\"PropertyValueSpecification\",\"valueRequired\":true,\"valueName\":\"search_term_string\"}}],\"inLanguage\":\"de\"}]}<\/script>\n<!-- \/ Yoast SEO plugin. -->","yoast_head_json":{"title":"Kleiderschrank mit internem Bett an der Wand. | mueble4you","robots":{"index":"index","follow":"follow","max-snippet":"max-snippet:-1","max-image-preview":"max-image-preview:large","max-video-preview":"max-video-preview:-1"},"canonical":"https:\/\/mueble4you.com\/de\/productos\/kleiderschrank-mit-internem-bett-an-der-wand\/","og_locale":"de_DE","og_type":"article","og_title":"Kleiderschrank mit internem Bett an der Wand. | mueble4you","og_description":"Erh\u00e4ltlich in wei\u00df. Ma\u00dfe: 200cm breit x 208cm hoch. Matratzenma\u00dfe: 90X190cm. (MAX 20 cm gro\u00df). Beinhaltet keine Matratze. Rechtes und linkes Bett vorhanden.","og_url":"https:\/\/mueble4you.com\/de\/productos\/kleiderschrank-mit-internem-bett-an-der-wand\/","og_site_name":"mueble4you","article_modified_time":"2021-08-10T11:42:17+00:00","og_image":[{"width":597,"height":701,"url":"https:\/\/mueble4you.com\/wp-content\/uploads\/2021\/08\/armario-cama.jpg","type":"image\/jpeg"}],"twitter_card":"summary_large_image","schema":{"@context":"https:\/\/schema.org","@graph":[{"@type":"WebPage","@id":"https:\/\/mueble4you.com\/de\/productos\/kleiderschrank-mit-internem-bett-an-der-wand\/","url":"https:\/\/mueble4you.com\/de\/productos\/kleiderschrank-mit-internem-bett-an-der-wand\/","name":"Kleiderschrank mit internem Bett an der Wand. | mueble4you","isPartOf":{"@id":"https:\/\/mueble4you.com\/#website"},"primaryImageOfPage":{"@id":"https:\/\/mueble4you.com\/de\/productos\/kleiderschrank-mit-internem-bett-an-der-wand\/#primaryimage"},"image":{"@id":"https:\/\/mueble4you.com\/de\/productos\/kleiderschrank-mit-internem-bett-an-der-wand\/#primaryimage"},"thumbnailUrl":"https:\/\/mueble4you.com\/wp-content\/uploads\/2021\/08\/armario-cama.jpg","datePublished":"2021-08-03T12:28:58+00:00","dateModified":"2021-08-10T11:42:17+00:00","breadcrumb":{"@id":"https:\/\/mueble4you.com\/de\/productos\/kleiderschrank-mit-internem-bett-an-der-wand\/#breadcrumb"},"inLanguage":"de","potentialAction":[{"@type":"ReadAction","target":["https:\/\/mueble4you.com\/de\/productos\/kleiderschrank-mit-internem-bett-an-der-wand\/"]}]},{"@type":"ImageObject","inLanguage":"de","@id":"https:\/\/mueble4you.com\/de\/productos\/kleiderschrank-mit-internem-bett-an-der-wand\/#primaryimage","url":"https:\/\/mueble4you.com\/wp-content\/uploads\/2021\/08\/armario-cama.jpg","contentUrl":"https:\/\/mueble4you.com\/wp-content\/uploads\/2021\/08\/armario-cama.jpg","width":597,"height":701},{"@type":"BreadcrumbList","@id":"https:\/\/mueble4you.com\/de\/productos\/kleiderschrank-mit-internem-bett-an-der-wand\/#breadcrumb","itemListElement":[{"@type":"ListItem","position":1,"name":"Portada","item":"https:\/\/mueble4you.com\/de\/"},{"@type":"ListItem","position":2,"name":"Productos","item":"https:\/\/mueble4you.com\/productos\/"},{"@type":"ListItem","position":3,"name":"Kleiderschrank mit internem Bett an der Wand."}]},{"@type":"WebSite","@id":"https:\/\/mueble4you.com\/#website","url":"https:\/\/mueble4you.com\/","name":"mueble4you","description":"M\u00f6bel in Teneriffa","potentialAction":[{"@type":"SearchAction","target":{"@type":"EntryPoint","urlTemplate":"https:\/\/mueble4you.com\/?s={search_term_string}"},"query-input":{"@type":"PropertyValueSpecification","valueRequired":true,"valueName":"search_term_string"}}],"inLanguage":"de"}]}},"_links":{"self":[{"href":"https:\/\/mueble4you.com\/de\/wp-json\/wp\/v2\/product\/47080","targetHints":{"allow":["GET"]}}],"collection":[{"href":"https:\/\/mueble4you.com\/de\/wp-json\/wp\/v2\/product"}],"about":[{"href":"https:\/\/mueble4you.com\/de\/wp-json\/wp\/v2\/types\/product"}],"wp:featuredmedia":[{"embeddable":true,"href":"https:\/\/mueble4you.com\/de\/wp-json\/wp\/v2\/media\/47076"}],"wp:attachment":[{"href":"https:\/\/mueble4you.com\/de\/wp-json\/wp\/v2\/media?parent=47080"}],"wp:term":[{"taxonomy":"product_brand","embeddable":true,"href":"https:\/\/mueble4you.com\/de\/wp-json\/wp\/v2\/product_brand?post=47080"},{"taxonomy":"product_cat","embeddable":true,"href":"https:\/\/mueble4you.com\/de\/wp-json\/wp\/v2\/product_cat?post=47080"},{"taxonomy":"product_tag","embeddable":true,"href":"https:\/\/mueble4you.com\/de\/wp-json\/wp\/v2\/product_tag?post=47080"}],"curies":[{"name":"wp","href":"https:\/\/api.w.org\/{rel}","templated":true}]}}