{"id":45899,"date":"2021-05-17T14:07:25","date_gmt":"2021-05-17T14:07:25","guid":{"rendered":"https:\/\/mueble4you.com\/productos\/sofa-cama-marta\/"},"modified":"2021-05-18T13:44:18","modified_gmt":"2021-05-18T13:44:18","slug":"marta-schlafsofa","status":"publish","type":"product","link":"https:\/\/mueble4you.com\/de\/productos\/marta-schlafsofa\/","title":{"rendered":"Marta Schlafsofa."},"content":{"rendered":"<ul>\n<li id=\"tw-target-text\" class=\"tw-data-text tw-text-large XcVN5d tw-ta\" dir=\"ltr\" data-placeholder=\"Traducci\u00f3n\"><span class=\"Y2IQFc\" lang=\"de\">Modernere Linien und ein italienisches \u00d6ffnungssystem machen dieses Sofa zur Freude aller, die es probieren.<\/span><\/li>\n<li class=\"tw-data-text tw-text-large XcVN5d tw-ta\" dir=\"ltr\" data-placeholder=\"Traducci\u00f3n\"><span class=\"Y2IQFc\" lang=\"de\">MECHANISMUS: Italienisch mit elektrogeschwei\u00dfter Metallgitterbasis.<\/span><\/li>\n<li class=\"tw-data-text tw-text-large XcVN5d tw-ta\" dir=\"ltr\" data-placeholder=\"Traducci\u00f3n\"><span class=\"Y2IQFc\" lang=\"de\">STRUKTUR: Kiefernholz, verst\u00e4rkt mit Spanplatten. <\/span><\/li>\n<li class=\"tw-data-text tw-text-large XcVN5d tw-ta\" dir=\"ltr\" data-placeholder=\"Traducci\u00f3n\"><span class=\"Y2IQFc\" lang=\"de\">ALM. SITZ: 30 kg \/ m3 Polyurethanschaum mit Polyesterfaser \u00fcberzogen. <\/span><\/li>\n<li class=\"tw-data-text tw-text-large XcVN5d tw-ta\" dir=\"ltr\" data-placeholder=\"Traducci\u00f3n\"><span class=\"Y2IQFc\" lang=\"de\">ALM. R\u00dcCKSEITE: 20 kg \/ m3 Polyurethanschaum mit Polyesterfaser \u00fcberzogen. <\/span><\/li>\n<li class=\"tw-data-text tw-text-large XcVN5d tw-ta\" dir=\"ltr\" data-placeholder=\"Traducci\u00f3n\"><span class=\"Y2IQFc\" lang=\"de\">ENTFERNBAR: Sitz-, R\u00fccken- und Armkissen. <\/span><\/li>\n<li class=\"tw-data-text tw-text-large XcVN5d tw-ta\" dir=\"ltr\" data-placeholder=\"Traducci\u00f3n\"><span class=\"Y2IQFc\" lang=\"de\">MATRATZE: L\u00e4nge 200 cm, Dicke 12 cm, Schaumgummi 25 kg. gepolstert. <\/span><\/li>\n<li class=\"tw-data-text tw-text-large XcVN5d tw-ta\" dir=\"ltr\" data-placeholder=\"Traducci\u00f3n\"><span class=\"Y2IQFc\" lang=\"de\">BEINE: Buchenholz. Ma\u00dfe: 212&#215;100. R\u00fcckenlehnenh\u00f6he: 58 cm. <\/span><\/li>\n<li class=\"tw-data-text tw-text-large XcVN5d tw-ta\" dir=\"ltr\" data-placeholder=\"Traducci\u00f3n\"><span class=\"Y2IQFc\" lang=\"de\">Sitzh\u00f6he: 46 cm. Sitztiefe: 55 cm. <\/span><\/li>\n<li class=\"tw-data-text tw-text-large XcVN5d tw-ta\" dir=\"ltr\" data-placeholder=\"Traducci\u00f3n\"><span class=\"Y2IQFc\" lang=\"de\">Offenes Ma\u00df: 212 cm.<\/span><\/li>\n<li class=\"tw-data-text tw-text-large XcVN5d tw-ta\" dir=\"ltr\" data-placeholder=\"Traducci\u00f3n\"><span class=\"Y2IQFc\" lang=\"de\">Erh\u00e4ltlich in Burma und Origami Farbe 39 (T\u00fcrkis). <\/span><\/li>\n<li class=\"tw-data-text tw-text-large XcVN5d tw-ta\" dir=\"ltr\" data-placeholder=\"Traducci\u00f3n\"><span class=\"Y2IQFc\" lang=\"de\">Auf Anfrage auch in anderen Farben erh\u00e4ltlich.<\/span><\/li>\n<li class=\"tw-data-text tw-text-large XcVN5d tw-ta\" dir=\"ltr\" data-placeholder=\"Traducci\u00f3n\"><span class=\"Y2IQFc\" lang=\"de\">Bettgr\u00f6\u00dfe: 140&#215;200.<\/span><\/li>\n<\/ul>\n","protected":false},"excerpt":{"rendered":"<p>Modernere Linien und ein italienisches \u00d6ffnungssystem machen dieses Sofa zur Freude aller, die es probieren. MECHANISMUS: Italienisch mit elektrogeschwei\u00dfter Metallgitterbasis. STRUKTUR: Kiefernholz, verst\u00e4rkt mit Spanplatten. ALM. SITZ: 30 kg \/ m3 Polyurethanschaum mit Polyesterfaser \u00fcberzogen. ALM. R\u00dcCKSEITE: 20 kg \/ m3 Polyurethanschaum mit Polyesterfaser \u00fcberzogen. ENTFERNBAR: Sitz-, R\u00fccken- und Armkissen. MATRATZE: L\u00e4nge 200 cm, Dicke [&#8230;]\n","protected":false},"featured_media":45890,"template":"","meta":[],"product_brand":[],"product_cat":[273,272],"product_tag":[],"class_list":{"0":"post-45899","1":"product","2":"type-product","3":"status-publish","4":"has-post-thumbnail","6":"product_cat-sofas-wohnzimmer","7":"product_cat-wohnzimmer","9":"first","10":"instock","11":"shipping-taxable","12":"product-type-simple"},"yoast_head":"<!-- This site is optimized with the Yoast SEO plugin v27.2 - https:\/\/yoast.com\/product\/yoast-seo-wordpress\/ -->\n<title>Marta Schlafsofa. | mueble4you<\/title>\n<meta name=\"robots\" content=\"index, follow, max-snippet:-1, max-image-preview:large, max-video-preview:-1\" \/>\n<link rel=\"canonical\" href=\"https:\/\/mueble4you.com\/de\/productos\/marta-schlafsofa\/\" \/>\n<meta property=\"og:locale\" content=\"de_DE\" \/>\n<meta property=\"og:type\" content=\"article\" \/>\n<meta property=\"og:title\" content=\"Marta Schlafsofa. | mueble4you\" \/>\n<meta property=\"og:description\" content=\"Modernere Linien und ein italienisches \u00d6ffnungssystem machen dieses Sofa zur Freude aller, die es probieren. MECHANISMUS: Italienisch mit elektrogeschwei\u00dfter Metallgitterbasis. STRUKTUR: Kiefernholz, verst\u00e4rkt mit Spanplatten. ALM. SITZ: 30 kg \/ m3 Polyurethanschaum mit Polyesterfaser \u00fcberzogen. ALM. R\u00dcCKSEITE: 20 kg \/ m3 Polyurethanschaum mit Polyesterfaser \u00fcberzogen. ENTFERNBAR: Sitz-, R\u00fccken- und Armkissen. MATRATZE: L\u00e4nge 200 cm, Dicke [...]\" \/>\n<meta property=\"og:url\" content=\"https:\/\/mueble4you.com\/de\/productos\/marta-schlafsofa\/\" \/>\n<meta property=\"og:site_name\" content=\"mueble4you\" \/>\n<meta property=\"article:modified_time\" content=\"2021-05-18T13:44:18+00:00\" \/>\n<meta property=\"og:image\" content=\"https:\/\/mueble4you.com\/wp-content\/uploads\/2021\/05\/marta-ambiente.jpg\" \/>\n\t<meta property=\"og:image:width\" content=\"1700\" \/>\n\t<meta property=\"og:image:height\" content=\"1000\" \/>\n\t<meta property=\"og:image:type\" content=\"image\/jpeg\" \/>\n<meta name=\"twitter:card\" content=\"summary_large_image\" \/>\n<script type=\"application\/ld+json\" class=\"yoast-schema-graph\">{\"@context\":\"https:\/\/schema.org\",\"@graph\":[{\"@type\":\"WebPage\",\"@id\":\"https:\/\/mueble4you.com\/de\/productos\/marta-schlafsofa\/\",\"url\":\"https:\/\/mueble4you.com\/de\/productos\/marta-schlafsofa\/\",\"name\":\"Marta Schlafsofa. | mueble4you\",\"isPartOf\":{\"@id\":\"https:\/\/mueble4you.com\/#website\"},\"primaryImageOfPage\":{\"@id\":\"https:\/\/mueble4you.com\/de\/productos\/marta-schlafsofa\/#primaryimage\"},\"image\":{\"@id\":\"https:\/\/mueble4you.com\/de\/productos\/marta-schlafsofa\/#primaryimage\"},\"thumbnailUrl\":\"https:\/\/mueble4you.com\/wp-content\/uploads\/2021\/05\/marta-ambiente.jpg\",\"datePublished\":\"2021-05-17T14:07:25+00:00\",\"dateModified\":\"2021-05-18T13:44:18+00:00\",\"breadcrumb\":{\"@id\":\"https:\/\/mueble4you.com\/de\/productos\/marta-schlafsofa\/#breadcrumb\"},\"inLanguage\":\"de\",\"potentialAction\":[{\"@type\":\"ReadAction\",\"target\":[\"https:\/\/mueble4you.com\/de\/productos\/marta-schlafsofa\/\"]}]},{\"@type\":\"ImageObject\",\"inLanguage\":\"de\",\"@id\":\"https:\/\/mueble4you.com\/de\/productos\/marta-schlafsofa\/#primaryimage\",\"url\":\"https:\/\/mueble4you.com\/wp-content\/uploads\/2021\/05\/marta-ambiente.jpg\",\"contentUrl\":\"https:\/\/mueble4you.com\/wp-content\/uploads\/2021\/05\/marta-ambiente.jpg\",\"width\":1700,\"height\":1000},{\"@type\":\"BreadcrumbList\",\"@id\":\"https:\/\/mueble4you.com\/de\/productos\/marta-schlafsofa\/#breadcrumb\",\"itemListElement\":[{\"@type\":\"ListItem\",\"position\":1,\"name\":\"Portada\",\"item\":\"https:\/\/mueble4you.com\/de\/\"},{\"@type\":\"ListItem\",\"position\":2,\"name\":\"Productos\",\"item\":\"https:\/\/mueble4you.com\/productos\/\"},{\"@type\":\"ListItem\",\"position\":3,\"name\":\"Marta Schlafsofa.\"}]},{\"@type\":\"WebSite\",\"@id\":\"https:\/\/mueble4you.com\/#website\",\"url\":\"https:\/\/mueble4you.com\/\",\"name\":\"mueble4you\",\"description\":\"M\u00f6bel in Teneriffa\",\"potentialAction\":[{\"@type\":\"SearchAction\",\"target\":{\"@type\":\"EntryPoint\",\"urlTemplate\":\"https:\/\/mueble4you.com\/?s={search_term_string}\"},\"query-input\":{\"@type\":\"PropertyValueSpecification\",\"valueRequired\":true,\"valueName\":\"search_term_string\"}}],\"inLanguage\":\"de\"}]}<\/script>\n<!-- \/ Yoast SEO plugin. -->","yoast_head_json":{"title":"Marta Schlafsofa. | mueble4you","robots":{"index":"index","follow":"follow","max-snippet":"max-snippet:-1","max-image-preview":"max-image-preview:large","max-video-preview":"max-video-preview:-1"},"canonical":"https:\/\/mueble4you.com\/de\/productos\/marta-schlafsofa\/","og_locale":"de_DE","og_type":"article","og_title":"Marta Schlafsofa. | mueble4you","og_description":"Modernere Linien und ein italienisches \u00d6ffnungssystem machen dieses Sofa zur Freude aller, die es probieren. MECHANISMUS: Italienisch mit elektrogeschwei\u00dfter Metallgitterbasis. STRUKTUR: Kiefernholz, verst\u00e4rkt mit Spanplatten. ALM. SITZ: 30 kg \/ m3 Polyurethanschaum mit Polyesterfaser \u00fcberzogen. ALM. R\u00dcCKSEITE: 20 kg \/ m3 Polyurethanschaum mit Polyesterfaser \u00fcberzogen. ENTFERNBAR: Sitz-, R\u00fccken- und Armkissen. MATRATZE: L\u00e4nge 200 cm, Dicke [...]","og_url":"https:\/\/mueble4you.com\/de\/productos\/marta-schlafsofa\/","og_site_name":"mueble4you","article_modified_time":"2021-05-18T13:44:18+00:00","og_image":[{"width":1700,"height":1000,"url":"https:\/\/mueble4you.com\/wp-content\/uploads\/2021\/05\/marta-ambiente.jpg","type":"image\/jpeg"}],"twitter_card":"summary_large_image","schema":{"@context":"https:\/\/schema.org","@graph":[{"@type":"WebPage","@id":"https:\/\/mueble4you.com\/de\/productos\/marta-schlafsofa\/","url":"https:\/\/mueble4you.com\/de\/productos\/marta-schlafsofa\/","name":"Marta Schlafsofa. | mueble4you","isPartOf":{"@id":"https:\/\/mueble4you.com\/#website"},"primaryImageOfPage":{"@id":"https:\/\/mueble4you.com\/de\/productos\/marta-schlafsofa\/#primaryimage"},"image":{"@id":"https:\/\/mueble4you.com\/de\/productos\/marta-schlafsofa\/#primaryimage"},"thumbnailUrl":"https:\/\/mueble4you.com\/wp-content\/uploads\/2021\/05\/marta-ambiente.jpg","datePublished":"2021-05-17T14:07:25+00:00","dateModified":"2021-05-18T13:44:18+00:00","breadcrumb":{"@id":"https:\/\/mueble4you.com\/de\/productos\/marta-schlafsofa\/#breadcrumb"},"inLanguage":"de","potentialAction":[{"@type":"ReadAction","target":["https:\/\/mueble4you.com\/de\/productos\/marta-schlafsofa\/"]}]},{"@type":"ImageObject","inLanguage":"de","@id":"https:\/\/mueble4you.com\/de\/productos\/marta-schlafsofa\/#primaryimage","url":"https:\/\/mueble4you.com\/wp-content\/uploads\/2021\/05\/marta-ambiente.jpg","contentUrl":"https:\/\/mueble4you.com\/wp-content\/uploads\/2021\/05\/marta-ambiente.jpg","width":1700,"height":1000},{"@type":"BreadcrumbList","@id":"https:\/\/mueble4you.com\/de\/productos\/marta-schlafsofa\/#breadcrumb","itemListElement":[{"@type":"ListItem","position":1,"name":"Portada","item":"https:\/\/mueble4you.com\/de\/"},{"@type":"ListItem","position":2,"name":"Productos","item":"https:\/\/mueble4you.com\/productos\/"},{"@type":"ListItem","position":3,"name":"Marta Schlafsofa."}]},{"@type":"WebSite","@id":"https:\/\/mueble4you.com\/#website","url":"https:\/\/mueble4you.com\/","name":"mueble4you","description":"M\u00f6bel in Teneriffa","potentialAction":[{"@type":"SearchAction","target":{"@type":"EntryPoint","urlTemplate":"https:\/\/mueble4you.com\/?s={search_term_string}"},"query-input":{"@type":"PropertyValueSpecification","valueRequired":true,"valueName":"search_term_string"}}],"inLanguage":"de"}]}},"_links":{"self":[{"href":"https:\/\/mueble4you.com\/de\/wp-json\/wp\/v2\/product\/45899","targetHints":{"allow":["GET"]}}],"collection":[{"href":"https:\/\/mueble4you.com\/de\/wp-json\/wp\/v2\/product"}],"about":[{"href":"https:\/\/mueble4you.com\/de\/wp-json\/wp\/v2\/types\/product"}],"wp:featuredmedia":[{"embeddable":true,"href":"https:\/\/mueble4you.com\/de\/wp-json\/wp\/v2\/media\/45890"}],"wp:attachment":[{"href":"https:\/\/mueble4you.com\/de\/wp-json\/wp\/v2\/media?parent=45899"}],"wp:term":[{"taxonomy":"product_brand","embeddable":true,"href":"https:\/\/mueble4you.com\/de\/wp-json\/wp\/v2\/product_brand?post=45899"},{"taxonomy":"product_cat","embeddable":true,"href":"https:\/\/mueble4you.com\/de\/wp-json\/wp\/v2\/product_cat?post=45899"},{"taxonomy":"product_tag","embeddable":true,"href":"https:\/\/mueble4you.com\/de\/wp-json\/wp\/v2\/product_tag?post=45899"}],"curies":[{"name":"wp","href":"https:\/\/api.w.org\/{rel}","templated":true}]}}