{"id":45884,"date":"2021-05-17T12:49:03","date_gmt":"2021-05-17T12:49:03","guid":{"rendered":"https:\/\/mueble4you.com\/productos\/sofa-cama-nerea-chaise\/"},"modified":"2021-05-18T13:26:27","modified_gmt":"2021-05-18T13:26:27","slug":"nerea-chaiselongue","status":"publish","type":"product","link":"https:\/\/mueble4you.com\/de\/productos\/nerea-chaiselongue\/","title":{"rendered":"Nerea Chaiselongue."},"content":{"rendered":"<ul>\n<li id=\"tw-target-text\" class=\"tw-data-text tw-text-large XcVN5d tw-ta\" dir=\"ltr\" data-placeholder=\"Traducci\u00f3n\"><span class=\"Y2IQFc\" lang=\"de\">Die Quintessenz der bequemen Nerea, ein Schlafsofa mit einer 16 cm langen Matratze.<\/span><\/li>\n<li class=\"tw-data-text tw-text-large XcVN5d tw-ta\" dir=\"ltr\" data-placeholder=\"Traducci\u00f3n\"><span class=\"Y2IQFc\" lang=\"de\"> und italienische Er\u00f6ffnung. <\/span><\/li>\n<li class=\"tw-data-text tw-text-large XcVN5d tw-ta\" dir=\"ltr\" data-placeholder=\"Traducci\u00f3n\"><span class=\"Y2IQFc\" lang=\"de\">Ein Modell, um einfach entspannende Umgebungen zu schaffen.<\/span><\/li>\n<li class=\"tw-data-text tw-text-large XcVN5d tw-ta\" dir=\"ltr\" data-placeholder=\"Traducci\u00f3n\"><span class=\"Y2IQFc\" lang=\"de\">BETTMECHANISMUS: Italienisch mit elektrogeschwei\u00dfter Metallgitterbettbasis.<\/span><\/li>\n<li class=\"tw-data-text tw-text-large XcVN5d tw-ta\" dir=\"ltr\" data-placeholder=\"Traducci\u00f3n\"><span class=\"Y2IQFc\" lang=\"de\">STRUKTUR: Kiefernholz, verst\u00e4rkt mit Spanplatten.<\/span><\/li>\n<li class=\"tw-data-text tw-text-large XcVN5d tw-ta\" dir=\"ltr\" data-placeholder=\"Traducci\u00f3n\"><span class=\"Y2IQFc\" lang=\"de\">SITZKISSEN: 35 kg \/ m3 Polyurethanschaum mit Polyesterfaser \u00fcberzogen.<\/span><\/li>\n<li class=\"tw-data-text tw-text-large XcVN5d tw-ta\" dir=\"ltr\" data-placeholder=\"Traducci\u00f3n\"><span class=\"Y2IQFc\" lang=\"de\">R\u00dcCKENKISSEN: Silikonisierte Hohlfaser.<\/span><\/li>\n<li class=\"tw-data-text tw-text-large XcVN5d tw-ta\" dir=\"ltr\" data-placeholder=\"Traducci\u00f3n\"><span class=\"Y2IQFc\" lang=\"de\">ENTFERNBAR: Sitz-, R\u00fccken- und Armkissen. <\/span><\/li>\n<li class=\"tw-data-text tw-text-large XcVN5d tw-ta\" dir=\"ltr\" data-placeholder=\"Traducci\u00f3n\"><span class=\"Y2IQFc\" lang=\"de\">MATRATZE: L\u00e4nge 195 cm, Dicke 16 cm, Schaumgummi 25 kg. gepolstert. <\/span><\/li>\n<li class=\"tw-data-text tw-text-large XcVN5d tw-ta\" dir=\"ltr\" data-placeholder=\"Traducci\u00f3n\"><span class=\"Y2IQFc\" lang=\"de\">BEINE: Metallisch. Ma\u00dfe: 287x176cm. Erh\u00e4ltlich in Sena Farbe 61 (T\u00fcrkis). <\/span><\/li>\n<li class=\"tw-data-text tw-text-large XcVN5d tw-ta\" dir=\"ltr\" data-placeholder=\"Traducci\u00f3n\"><span class=\"Y2IQFc\" lang=\"de\">Auf Anfrage auch in anderen Farben erh\u00e4ltlich. <\/span><\/li>\n<li class=\"tw-data-text tw-text-large XcVN5d tw-ta\" dir=\"ltr\" data-placeholder=\"Traducci\u00f3n\"><span class=\"Y2IQFc\" lang=\"de\">Linke und rechte Liege verf\u00fcgbar.<\/span><\/li>\n<\/ul>\n","protected":false},"excerpt":{"rendered":"<p>Die Quintessenz der bequemen Nerea, ein Schlafsofa mit einer 16 cm langen Matratze. und italienische Er\u00f6ffnung. Ein Modell, um einfach entspannende Umgebungen zu schaffen. BETTMECHANISMUS: Italienisch mit elektrogeschwei\u00dfter Metallgitterbettbasis. STRUKTUR: Kiefernholz, verst\u00e4rkt mit Spanplatten. SITZKISSEN: 35 kg \/ m3 Polyurethanschaum mit Polyesterfaser \u00fcberzogen. R\u00dcCKENKISSEN: Silikonisierte Hohlfaser. ENTFERNBAR: Sitz-, R\u00fccken- und Armkissen. MATRATZE: L\u00e4nge 195 cm, [&#8230;]\n","protected":false},"featured_media":45870,"template":"","meta":[],"product_brand":[],"product_cat":[273,272],"product_tag":[],"class_list":{"0":"post-45884","1":"product","2":"type-product","3":"status-publish","4":"has-post-thumbnail","6":"product_cat-sofas-wohnzimmer","7":"product_cat-wohnzimmer","9":"first","10":"instock","11":"shipping-taxable","12":"product-type-simple"},"yoast_head":"<!-- This site is optimized with the Yoast SEO plugin v27.2 - https:\/\/yoast.com\/product\/yoast-seo-wordpress\/ -->\n<title>Nerea Chaiselongue. | mueble4you<\/title>\n<meta name=\"robots\" content=\"index, follow, max-snippet:-1, max-image-preview:large, max-video-preview:-1\" \/>\n<link rel=\"canonical\" href=\"https:\/\/mueble4you.com\/de\/productos\/nerea-chaiselongue\/\" \/>\n<meta property=\"og:locale\" content=\"de_DE\" \/>\n<meta property=\"og:type\" content=\"article\" \/>\n<meta property=\"og:title\" content=\"Nerea Chaiselongue. | mueble4you\" \/>\n<meta property=\"og:description\" content=\"Die Quintessenz der bequemen Nerea, ein Schlafsofa mit einer 16 cm langen Matratze. und italienische Er\u00f6ffnung. Ein Modell, um einfach entspannende Umgebungen zu schaffen. BETTMECHANISMUS: Italienisch mit elektrogeschwei\u00dfter Metallgitterbettbasis. STRUKTUR: Kiefernholz, verst\u00e4rkt mit Spanplatten. SITZKISSEN: 35 kg \/ m3 Polyurethanschaum mit Polyesterfaser \u00fcberzogen. R\u00dcCKENKISSEN: Silikonisierte Hohlfaser. ENTFERNBAR: Sitz-, R\u00fccken- und Armkissen. MATRATZE: L\u00e4nge 195 cm, [...]\" \/>\n<meta property=\"og:url\" content=\"https:\/\/mueble4you.com\/de\/productos\/nerea-chaiselongue\/\" \/>\n<meta property=\"og:site_name\" content=\"mueble4you\" \/>\n<meta property=\"article:modified_time\" content=\"2021-05-18T13:26:27+00:00\" \/>\n<meta property=\"og:image\" content=\"https:\/\/mueble4you.com\/wp-content\/uploads\/2021\/05\/nereachaise-ambiente_0.jpg\" \/>\n\t<meta property=\"og:image:width\" content=\"1700\" \/>\n\t<meta property=\"og:image:height\" content=\"1000\" \/>\n\t<meta property=\"og:image:type\" content=\"image\/jpeg\" \/>\n<meta name=\"twitter:card\" content=\"summary_large_image\" \/>\n<script type=\"application\/ld+json\" class=\"yoast-schema-graph\">{\"@context\":\"https:\/\/schema.org\",\"@graph\":[{\"@type\":\"WebPage\",\"@id\":\"https:\/\/mueble4you.com\/de\/productos\/nerea-chaiselongue\/\",\"url\":\"https:\/\/mueble4you.com\/de\/productos\/nerea-chaiselongue\/\",\"name\":\"Nerea Chaiselongue. | mueble4you\",\"isPartOf\":{\"@id\":\"https:\/\/mueble4you.com\/#website\"},\"primaryImageOfPage\":{\"@id\":\"https:\/\/mueble4you.com\/de\/productos\/nerea-chaiselongue\/#primaryimage\"},\"image\":{\"@id\":\"https:\/\/mueble4you.com\/de\/productos\/nerea-chaiselongue\/#primaryimage\"},\"thumbnailUrl\":\"https:\/\/mueble4you.com\/wp-content\/uploads\/2021\/05\/nereachaise-ambiente_0.jpg\",\"datePublished\":\"2021-05-17T12:49:03+00:00\",\"dateModified\":\"2021-05-18T13:26:27+00:00\",\"breadcrumb\":{\"@id\":\"https:\/\/mueble4you.com\/de\/productos\/nerea-chaiselongue\/#breadcrumb\"},\"inLanguage\":\"de\",\"potentialAction\":[{\"@type\":\"ReadAction\",\"target\":[\"https:\/\/mueble4you.com\/de\/productos\/nerea-chaiselongue\/\"]}]},{\"@type\":\"ImageObject\",\"inLanguage\":\"de\",\"@id\":\"https:\/\/mueble4you.com\/de\/productos\/nerea-chaiselongue\/#primaryimage\",\"url\":\"https:\/\/mueble4you.com\/wp-content\/uploads\/2021\/05\/nereachaise-ambiente_0.jpg\",\"contentUrl\":\"https:\/\/mueble4you.com\/wp-content\/uploads\/2021\/05\/nereachaise-ambiente_0.jpg\",\"width\":1700,\"height\":1000},{\"@type\":\"BreadcrumbList\",\"@id\":\"https:\/\/mueble4you.com\/de\/productos\/nerea-chaiselongue\/#breadcrumb\",\"itemListElement\":[{\"@type\":\"ListItem\",\"position\":1,\"name\":\"Portada\",\"item\":\"https:\/\/mueble4you.com\/de\/\"},{\"@type\":\"ListItem\",\"position\":2,\"name\":\"Productos\",\"item\":\"https:\/\/mueble4you.com\/productos\/\"},{\"@type\":\"ListItem\",\"position\":3,\"name\":\"Nerea Chaiselongue.\"}]},{\"@type\":\"WebSite\",\"@id\":\"https:\/\/mueble4you.com\/#website\",\"url\":\"https:\/\/mueble4you.com\/\",\"name\":\"mueble4you\",\"description\":\"M\u00f6bel in Teneriffa\",\"potentialAction\":[{\"@type\":\"SearchAction\",\"target\":{\"@type\":\"EntryPoint\",\"urlTemplate\":\"https:\/\/mueble4you.com\/?s={search_term_string}\"},\"query-input\":{\"@type\":\"PropertyValueSpecification\",\"valueRequired\":true,\"valueName\":\"search_term_string\"}}],\"inLanguage\":\"de\"}]}<\/script>\n<!-- \/ Yoast SEO plugin. -->","yoast_head_json":{"title":"Nerea Chaiselongue. | mueble4you","robots":{"index":"index","follow":"follow","max-snippet":"max-snippet:-1","max-image-preview":"max-image-preview:large","max-video-preview":"max-video-preview:-1"},"canonical":"https:\/\/mueble4you.com\/de\/productos\/nerea-chaiselongue\/","og_locale":"de_DE","og_type":"article","og_title":"Nerea Chaiselongue. | mueble4you","og_description":"Die Quintessenz der bequemen Nerea, ein Schlafsofa mit einer 16 cm langen Matratze. und italienische Er\u00f6ffnung. Ein Modell, um einfach entspannende Umgebungen zu schaffen. BETTMECHANISMUS: Italienisch mit elektrogeschwei\u00dfter Metallgitterbettbasis. STRUKTUR: Kiefernholz, verst\u00e4rkt mit Spanplatten. SITZKISSEN: 35 kg \/ m3 Polyurethanschaum mit Polyesterfaser \u00fcberzogen. R\u00dcCKENKISSEN: Silikonisierte Hohlfaser. ENTFERNBAR: Sitz-, R\u00fccken- und Armkissen. MATRATZE: L\u00e4nge 195 cm, [...]","og_url":"https:\/\/mueble4you.com\/de\/productos\/nerea-chaiselongue\/","og_site_name":"mueble4you","article_modified_time":"2021-05-18T13:26:27+00:00","og_image":[{"width":1700,"height":1000,"url":"https:\/\/mueble4you.com\/wp-content\/uploads\/2021\/05\/nereachaise-ambiente_0.jpg","type":"image\/jpeg"}],"twitter_card":"summary_large_image","schema":{"@context":"https:\/\/schema.org","@graph":[{"@type":"WebPage","@id":"https:\/\/mueble4you.com\/de\/productos\/nerea-chaiselongue\/","url":"https:\/\/mueble4you.com\/de\/productos\/nerea-chaiselongue\/","name":"Nerea Chaiselongue. | mueble4you","isPartOf":{"@id":"https:\/\/mueble4you.com\/#website"},"primaryImageOfPage":{"@id":"https:\/\/mueble4you.com\/de\/productos\/nerea-chaiselongue\/#primaryimage"},"image":{"@id":"https:\/\/mueble4you.com\/de\/productos\/nerea-chaiselongue\/#primaryimage"},"thumbnailUrl":"https:\/\/mueble4you.com\/wp-content\/uploads\/2021\/05\/nereachaise-ambiente_0.jpg","datePublished":"2021-05-17T12:49:03+00:00","dateModified":"2021-05-18T13:26:27+00:00","breadcrumb":{"@id":"https:\/\/mueble4you.com\/de\/productos\/nerea-chaiselongue\/#breadcrumb"},"inLanguage":"de","potentialAction":[{"@type":"ReadAction","target":["https:\/\/mueble4you.com\/de\/productos\/nerea-chaiselongue\/"]}]},{"@type":"ImageObject","inLanguage":"de","@id":"https:\/\/mueble4you.com\/de\/productos\/nerea-chaiselongue\/#primaryimage","url":"https:\/\/mueble4you.com\/wp-content\/uploads\/2021\/05\/nereachaise-ambiente_0.jpg","contentUrl":"https:\/\/mueble4you.com\/wp-content\/uploads\/2021\/05\/nereachaise-ambiente_0.jpg","width":1700,"height":1000},{"@type":"BreadcrumbList","@id":"https:\/\/mueble4you.com\/de\/productos\/nerea-chaiselongue\/#breadcrumb","itemListElement":[{"@type":"ListItem","position":1,"name":"Portada","item":"https:\/\/mueble4you.com\/de\/"},{"@type":"ListItem","position":2,"name":"Productos","item":"https:\/\/mueble4you.com\/productos\/"},{"@type":"ListItem","position":3,"name":"Nerea Chaiselongue."}]},{"@type":"WebSite","@id":"https:\/\/mueble4you.com\/#website","url":"https:\/\/mueble4you.com\/","name":"mueble4you","description":"M\u00f6bel in Teneriffa","potentialAction":[{"@type":"SearchAction","target":{"@type":"EntryPoint","urlTemplate":"https:\/\/mueble4you.com\/?s={search_term_string}"},"query-input":{"@type":"PropertyValueSpecification","valueRequired":true,"valueName":"search_term_string"}}],"inLanguage":"de"}]}},"_links":{"self":[{"href":"https:\/\/mueble4you.com\/de\/wp-json\/wp\/v2\/product\/45884","targetHints":{"allow":["GET"]}}],"collection":[{"href":"https:\/\/mueble4you.com\/de\/wp-json\/wp\/v2\/product"}],"about":[{"href":"https:\/\/mueble4you.com\/de\/wp-json\/wp\/v2\/types\/product"}],"wp:featuredmedia":[{"embeddable":true,"href":"https:\/\/mueble4you.com\/de\/wp-json\/wp\/v2\/media\/45870"}],"wp:attachment":[{"href":"https:\/\/mueble4you.com\/de\/wp-json\/wp\/v2\/media?parent=45884"}],"wp:term":[{"taxonomy":"product_brand","embeddable":true,"href":"https:\/\/mueble4you.com\/de\/wp-json\/wp\/v2\/product_brand?post=45884"},{"taxonomy":"product_cat","embeddable":true,"href":"https:\/\/mueble4you.com\/de\/wp-json\/wp\/v2\/product_cat?post=45884"},{"taxonomy":"product_tag","embeddable":true,"href":"https:\/\/mueble4you.com\/de\/wp-json\/wp\/v2\/product_tag?post=45884"}],"curies":[{"name":"wp","href":"https:\/\/api.w.org\/{rel}","templated":true}]}}