{"id":45553,"date":"2021-04-09T13:29:03","date_gmt":"2021-04-09T13:29:03","guid":{"rendered":"https:\/\/mueble4you.com\/productos\/set-de-dos-mesas-centro-negro-marron\/"},"modified":"2021-04-09T16:20:20","modified_gmt":"2021-04-09T16:20:20","slug":"set-mit-zwei-couchtischen-schwarz-braun","status":"publish","type":"product","link":"https:\/\/mueble4you.com\/de\/productos\/set-mit-zwei-couchtischen-schwarz-braun\/","title":{"rendered":"Set mit zwei Couchtischen, schwarz-braun."},"content":{"rendered":"<ul>\n<li id=\"tw-target-text\" class=\"tw-data-text tw-text-large XcVN5d tw-ta\" dir=\"ltr\" data-placeholder=\"Traduction\"><span class=\"Y2IQFc\" lang=\"de\">Couchtisch aus Mangoholz mit nat\u00fcrlichem Finish und lackiertem Eisen. <\/span><\/li>\n<li class=\"tw-data-text tw-text-large XcVN5d tw-ta\" dir=\"ltr\" data-placeholder=\"Traduction\"><span class=\"Y2IQFc\" lang=\"de\">Es hat ein kreatives und zeitgem\u00e4\u00dfes Design, die Kombination aus Industriestil und nat\u00fcrlichen Oberfl\u00e4chen verleiht ihm eine au\u00dfergew\u00f6hnliche Pr\u00e4senz.<\/span><\/li>\n<li class=\"tw-data-text tw-text-large XcVN5d tw-ta\" dir=\"ltr\" data-placeholder=\"Traduction\"><span class=\"Y2IQFc\" lang=\"de\">Perfekt, um Ihr Wohnzimmer zu dekorieren.<\/span><\/li>\n<li class=\"tw-data-text tw-text-large XcVN5d tw-ta\" dir=\"ltr\" data-placeholder=\"Traduction\"><span class=\"Y2IQFc\" lang=\"de\">Ma\u00dfe: Gro\u00dfer Tisch: 90 x 90 x 40 cm.<\/span><\/li>\n<li class=\"tw-data-text tw-text-large XcVN5d tw-ta\" dir=\"ltr\" data-placeholder=\"Traduction\"><span class=\"Y2IQFc\" lang=\"de\">Kleiner Tisch: 70 x 70 x 33 cm.<\/span><\/li>\n<\/ul>\n","protected":false},"excerpt":{"rendered":"<p>Couchtisch aus Mangoholz mit nat\u00fcrlichem Finish und lackiertem Eisen. Es hat ein kreatives und zeitgem\u00e4\u00dfes Design, die Kombination aus Industriestil und nat\u00fcrlichen Oberfl\u00e4chen verleiht ihm eine au\u00dfergew\u00f6hnliche Pr\u00e4senz. Perfekt, um Ihr Wohnzimmer zu dekorieren. Ma\u00dfe: Gro\u00dfer Tisch: 90 x 90 x 40 cm. Kleiner Tisch: 70 x 70 x 33 cm.<\/p>\n","protected":false},"featured_media":45544,"template":"","meta":[],"product_brand":[],"product_cat":[358,272],"product_tag":[],"class_list":{"0":"post-45553","1":"product","2":"type-product","3":"status-publish","4":"has-post-thumbnail","6":"product_cat-couchtisch","7":"product_cat-wohnzimmer","9":"first","10":"instock","11":"shipping-taxable","12":"product-type-simple"},"yoast_head":"<!-- This site is optimized with the Yoast SEO plugin v27.2 - https:\/\/yoast.com\/product\/yoast-seo-wordpress\/ -->\n<title>Set mit zwei Couchtischen, schwarz-braun. | mueble4you<\/title>\n<meta name=\"robots\" content=\"index, follow, max-snippet:-1, max-image-preview:large, max-video-preview:-1\" \/>\n<link rel=\"canonical\" href=\"https:\/\/mueble4you.com\/de\/productos\/set-mit-zwei-couchtischen-schwarz-braun\/\" \/>\n<meta property=\"og:locale\" content=\"de_DE\" \/>\n<meta property=\"og:type\" content=\"article\" \/>\n<meta property=\"og:title\" content=\"Set mit zwei Couchtischen, schwarz-braun. | mueble4you\" \/>\n<meta property=\"og:description\" content=\"Couchtisch aus Mangoholz mit nat\u00fcrlichem Finish und lackiertem Eisen. Es hat ein kreatives und zeitgem\u00e4\u00dfes Design, die Kombination aus Industriestil und nat\u00fcrlichen Oberfl\u00e4chen verleiht ihm eine au\u00dfergew\u00f6hnliche Pr\u00e4senz. Perfekt, um Ihr Wohnzimmer zu dekorieren. Ma\u00dfe: Gro\u00dfer Tisch: 90 x 90 x 40 cm. Kleiner Tisch: 70 x 70 x 33 cm.\" \/>\n<meta property=\"og:url\" content=\"https:\/\/mueble4you.com\/de\/productos\/set-mit-zwei-couchtischen-schwarz-braun\/\" \/>\n<meta property=\"og:site_name\" content=\"mueble4you\" \/>\n<meta property=\"article:modified_time\" content=\"2021-04-09T16:20:20+00:00\" \/>\n<meta property=\"og:image\" content=\"https:\/\/mueble4you.com\/wp-content\/uploads\/2021\/04\/152582.jpg\" \/>\n\t<meta property=\"og:image:width\" content=\"1000\" \/>\n\t<meta property=\"og:image:height\" content=\"1000\" \/>\n\t<meta property=\"og:image:type\" content=\"image\/jpeg\" \/>\n<meta name=\"twitter:card\" content=\"summary_large_image\" \/>\n<script type=\"application\/ld+json\" class=\"yoast-schema-graph\">{\"@context\":\"https:\/\/schema.org\",\"@graph\":[{\"@type\":\"WebPage\",\"@id\":\"https:\/\/mueble4you.com\/de\/productos\/set-mit-zwei-couchtischen-schwarz-braun\/\",\"url\":\"https:\/\/mueble4you.com\/de\/productos\/set-mit-zwei-couchtischen-schwarz-braun\/\",\"name\":\"Set mit zwei Couchtischen, schwarz-braun. | mueble4you\",\"isPartOf\":{\"@id\":\"https:\/\/mueble4you.com\/#website\"},\"primaryImageOfPage\":{\"@id\":\"https:\/\/mueble4you.com\/de\/productos\/set-mit-zwei-couchtischen-schwarz-braun\/#primaryimage\"},\"image\":{\"@id\":\"https:\/\/mueble4you.com\/de\/productos\/set-mit-zwei-couchtischen-schwarz-braun\/#primaryimage\"},\"thumbnailUrl\":\"https:\/\/mueble4you.com\/wp-content\/uploads\/2021\/04\/152582.jpg\",\"datePublished\":\"2021-04-09T13:29:03+00:00\",\"dateModified\":\"2021-04-09T16:20:20+00:00\",\"breadcrumb\":{\"@id\":\"https:\/\/mueble4you.com\/de\/productos\/set-mit-zwei-couchtischen-schwarz-braun\/#breadcrumb\"},\"inLanguage\":\"de\",\"potentialAction\":[{\"@type\":\"ReadAction\",\"target\":[\"https:\/\/mueble4you.com\/de\/productos\/set-mit-zwei-couchtischen-schwarz-braun\/\"]}]},{\"@type\":\"ImageObject\",\"inLanguage\":\"de\",\"@id\":\"https:\/\/mueble4you.com\/de\/productos\/set-mit-zwei-couchtischen-schwarz-braun\/#primaryimage\",\"url\":\"https:\/\/mueble4you.com\/wp-content\/uploads\/2021\/04\/152582.jpg\",\"contentUrl\":\"https:\/\/mueble4you.com\/wp-content\/uploads\/2021\/04\/152582.jpg\",\"width\":1000,\"height\":1000},{\"@type\":\"BreadcrumbList\",\"@id\":\"https:\/\/mueble4you.com\/de\/productos\/set-mit-zwei-couchtischen-schwarz-braun\/#breadcrumb\",\"itemListElement\":[{\"@type\":\"ListItem\",\"position\":1,\"name\":\"Portada\",\"item\":\"https:\/\/mueble4you.com\/de\/\"},{\"@type\":\"ListItem\",\"position\":2,\"name\":\"Productos\",\"item\":\"https:\/\/mueble4you.com\/productos\/\"},{\"@type\":\"ListItem\",\"position\":3,\"name\":\"Set mit zwei Couchtischen, schwarz-braun.\"}]},{\"@type\":\"WebSite\",\"@id\":\"https:\/\/mueble4you.com\/#website\",\"url\":\"https:\/\/mueble4you.com\/\",\"name\":\"mueble4you\",\"description\":\"M\u00f6bel in Teneriffa\",\"potentialAction\":[{\"@type\":\"SearchAction\",\"target\":{\"@type\":\"EntryPoint\",\"urlTemplate\":\"https:\/\/mueble4you.com\/?s={search_term_string}\"},\"query-input\":{\"@type\":\"PropertyValueSpecification\",\"valueRequired\":true,\"valueName\":\"search_term_string\"}}],\"inLanguage\":\"de\"}]}<\/script>\n<!-- \/ Yoast SEO plugin. -->","yoast_head_json":{"title":"Set mit zwei Couchtischen, schwarz-braun. | mueble4you","robots":{"index":"index","follow":"follow","max-snippet":"max-snippet:-1","max-image-preview":"max-image-preview:large","max-video-preview":"max-video-preview:-1"},"canonical":"https:\/\/mueble4you.com\/de\/productos\/set-mit-zwei-couchtischen-schwarz-braun\/","og_locale":"de_DE","og_type":"article","og_title":"Set mit zwei Couchtischen, schwarz-braun. | mueble4you","og_description":"Couchtisch aus Mangoholz mit nat\u00fcrlichem Finish und lackiertem Eisen. Es hat ein kreatives und zeitgem\u00e4\u00dfes Design, die Kombination aus Industriestil und nat\u00fcrlichen Oberfl\u00e4chen verleiht ihm eine au\u00dfergew\u00f6hnliche Pr\u00e4senz. Perfekt, um Ihr Wohnzimmer zu dekorieren. Ma\u00dfe: Gro\u00dfer Tisch: 90 x 90 x 40 cm. Kleiner Tisch: 70 x 70 x 33 cm.","og_url":"https:\/\/mueble4you.com\/de\/productos\/set-mit-zwei-couchtischen-schwarz-braun\/","og_site_name":"mueble4you","article_modified_time":"2021-04-09T16:20:20+00:00","og_image":[{"width":1000,"height":1000,"url":"https:\/\/mueble4you.com\/wp-content\/uploads\/2021\/04\/152582.jpg","type":"image\/jpeg"}],"twitter_card":"summary_large_image","schema":{"@context":"https:\/\/schema.org","@graph":[{"@type":"WebPage","@id":"https:\/\/mueble4you.com\/de\/productos\/set-mit-zwei-couchtischen-schwarz-braun\/","url":"https:\/\/mueble4you.com\/de\/productos\/set-mit-zwei-couchtischen-schwarz-braun\/","name":"Set mit zwei Couchtischen, schwarz-braun. | mueble4you","isPartOf":{"@id":"https:\/\/mueble4you.com\/#website"},"primaryImageOfPage":{"@id":"https:\/\/mueble4you.com\/de\/productos\/set-mit-zwei-couchtischen-schwarz-braun\/#primaryimage"},"image":{"@id":"https:\/\/mueble4you.com\/de\/productos\/set-mit-zwei-couchtischen-schwarz-braun\/#primaryimage"},"thumbnailUrl":"https:\/\/mueble4you.com\/wp-content\/uploads\/2021\/04\/152582.jpg","datePublished":"2021-04-09T13:29:03+00:00","dateModified":"2021-04-09T16:20:20+00:00","breadcrumb":{"@id":"https:\/\/mueble4you.com\/de\/productos\/set-mit-zwei-couchtischen-schwarz-braun\/#breadcrumb"},"inLanguage":"de","potentialAction":[{"@type":"ReadAction","target":["https:\/\/mueble4you.com\/de\/productos\/set-mit-zwei-couchtischen-schwarz-braun\/"]}]},{"@type":"ImageObject","inLanguage":"de","@id":"https:\/\/mueble4you.com\/de\/productos\/set-mit-zwei-couchtischen-schwarz-braun\/#primaryimage","url":"https:\/\/mueble4you.com\/wp-content\/uploads\/2021\/04\/152582.jpg","contentUrl":"https:\/\/mueble4you.com\/wp-content\/uploads\/2021\/04\/152582.jpg","width":1000,"height":1000},{"@type":"BreadcrumbList","@id":"https:\/\/mueble4you.com\/de\/productos\/set-mit-zwei-couchtischen-schwarz-braun\/#breadcrumb","itemListElement":[{"@type":"ListItem","position":1,"name":"Portada","item":"https:\/\/mueble4you.com\/de\/"},{"@type":"ListItem","position":2,"name":"Productos","item":"https:\/\/mueble4you.com\/productos\/"},{"@type":"ListItem","position":3,"name":"Set mit zwei Couchtischen, schwarz-braun."}]},{"@type":"WebSite","@id":"https:\/\/mueble4you.com\/#website","url":"https:\/\/mueble4you.com\/","name":"mueble4you","description":"M\u00f6bel in Teneriffa","potentialAction":[{"@type":"SearchAction","target":{"@type":"EntryPoint","urlTemplate":"https:\/\/mueble4you.com\/?s={search_term_string}"},"query-input":{"@type":"PropertyValueSpecification","valueRequired":true,"valueName":"search_term_string"}}],"inLanguage":"de"}]}},"_links":{"self":[{"href":"https:\/\/mueble4you.com\/de\/wp-json\/wp\/v2\/product\/45553","targetHints":{"allow":["GET"]}}],"collection":[{"href":"https:\/\/mueble4you.com\/de\/wp-json\/wp\/v2\/product"}],"about":[{"href":"https:\/\/mueble4you.com\/de\/wp-json\/wp\/v2\/types\/product"}],"wp:featuredmedia":[{"embeddable":true,"href":"https:\/\/mueble4you.com\/de\/wp-json\/wp\/v2\/media\/45544"}],"wp:attachment":[{"href":"https:\/\/mueble4you.com\/de\/wp-json\/wp\/v2\/media?parent=45553"}],"wp:term":[{"taxonomy":"product_brand","embeddable":true,"href":"https:\/\/mueble4you.com\/de\/wp-json\/wp\/v2\/product_brand?post=45553"},{"taxonomy":"product_cat","embeddable":true,"href":"https:\/\/mueble4you.com\/de\/wp-json\/wp\/v2\/product_cat?post=45553"},{"taxonomy":"product_tag","embeddable":true,"href":"https:\/\/mueble4you.com\/de\/wp-json\/wp\/v2\/product_tag?post=45553"}],"curies":[{"name":"wp","href":"https:\/\/api.w.org\/{rel}","templated":true}]}}