{"id":45506,"date":"2021-04-09T11:11:47","date_gmt":"2021-04-09T11:11:47","guid":{"rendered":"https:\/\/mueble4you.com\/productos\/armario-turquesa\/"},"modified":"2021-04-09T16:36:37","modified_gmt":"2021-04-09T16:36:37","slug":"turkisfarbener-kleiderschrank","status":"publish","type":"product","link":"https:\/\/mueble4you.com\/de\/productos\/turkisfarbener-kleiderschrank\/","title":{"rendered":"T\u00fcrkisfarbener Kleiderschrank."},"content":{"rendered":"<ul>\n<li><span class=\"Y2IQFc\" lang=\"de\">\u00a02-T\u00dcRIGER SCHRANK AUS MANGO-HOLZ MIT 3 INNENREGALEN. FARBE: BLAU GR\u00dcN, CRACKLE FINISH.<\/span><\/li>\n<li><span class=\"Y2IQFc\" lang=\"de\">EIGENSCHAFTEN: DIE T\u00dcREN SIND HANDGESCHNITZT. <\/span><\/li>\n<li><span class=\"Y2IQFc\" lang=\"de\">MASSNAHMEN: 204 cm hoch x 117 cm breit x 45 cm tief.<\/span><\/li>\n<\/ul>\n","protected":false},"excerpt":{"rendered":"<p>\u00a02-T\u00dcRIGER SCHRANK AUS MANGO-HOLZ MIT 3 INNENREGALEN. FARBE: BLAU GR\u00dcN, CRACKLE FINISH. EIGENSCHAFTEN: DIE T\u00dcREN SIND HANDGESCHNITZT. MASSNAHMEN: 204 cm hoch x 117 cm breit x 45 cm tief.<\/p>\n","protected":false},"featured_media":45477,"template":"","meta":[],"product_brand":[],"product_cat":[269,283],"product_tag":[],"class_list":{"0":"post-45506","1":"product","2":"type-product","3":"status-publish","4":"has-post-thumbnail","6":"product_cat-schlafzimmer","7":"product_cat-schlafzimmermobel","9":"first","10":"instock","11":"shipping-taxable","12":"product-type-simple"},"yoast_head":"<!-- This site is optimized with the Yoast SEO plugin v27.2 - https:\/\/yoast.com\/product\/yoast-seo-wordpress\/ -->\n<title>T\u00fcrkisfarbener Kleiderschrank. | mueble4you<\/title>\n<meta name=\"robots\" content=\"index, follow, max-snippet:-1, max-image-preview:large, max-video-preview:-1\" \/>\n<link rel=\"canonical\" href=\"https:\/\/mueble4you.com\/de\/productos\/turkisfarbener-kleiderschrank\/\" \/>\n<meta property=\"og:locale\" content=\"de_DE\" \/>\n<meta property=\"og:type\" content=\"article\" \/>\n<meta property=\"og:title\" content=\"T\u00fcrkisfarbener Kleiderschrank. | mueble4you\" \/>\n<meta property=\"og:description\" content=\"\u00a02-T\u00dcRIGER SCHRANK AUS MANGO-HOLZ MIT 3 INNENREGALEN. FARBE: BLAU GR\u00dcN, CRACKLE FINISH. EIGENSCHAFTEN: DIE T\u00dcREN SIND HANDGESCHNITZT. MASSNAHMEN: 204 cm hoch x 117 cm breit x 45 cm tief.\" \/>\n<meta property=\"og:url\" content=\"https:\/\/mueble4you.com\/de\/productos\/turkisfarbener-kleiderschrank\/\" \/>\n<meta property=\"og:site_name\" content=\"mueble4you\" \/>\n<meta property=\"article:modified_time\" content=\"2021-04-09T16:36:37+00:00\" \/>\n<meta property=\"og:image\" content=\"https:\/\/mueble4you.com\/wp-content\/uploads\/2021\/04\/6874.jpg\" \/>\n\t<meta property=\"og:image:width\" content=\"491\" \/>\n\t<meta property=\"og:image:height\" content=\"525\" \/>\n\t<meta property=\"og:image:type\" content=\"image\/jpeg\" \/>\n<meta name=\"twitter:card\" content=\"summary_large_image\" \/>\n<script type=\"application\/ld+json\" class=\"yoast-schema-graph\">{\"@context\":\"https:\/\/schema.org\",\"@graph\":[{\"@type\":\"WebPage\",\"@id\":\"https:\/\/mueble4you.com\/de\/productos\/turkisfarbener-kleiderschrank\/\",\"url\":\"https:\/\/mueble4you.com\/de\/productos\/turkisfarbener-kleiderschrank\/\",\"name\":\"T\u00fcrkisfarbener Kleiderschrank. | mueble4you\",\"isPartOf\":{\"@id\":\"https:\/\/mueble4you.com\/#website\"},\"primaryImageOfPage\":{\"@id\":\"https:\/\/mueble4you.com\/de\/productos\/turkisfarbener-kleiderschrank\/#primaryimage\"},\"image\":{\"@id\":\"https:\/\/mueble4you.com\/de\/productos\/turkisfarbener-kleiderschrank\/#primaryimage\"},\"thumbnailUrl\":\"https:\/\/mueble4you.com\/wp-content\/uploads\/2021\/04\/6874.jpg\",\"datePublished\":\"2021-04-09T11:11:47+00:00\",\"dateModified\":\"2021-04-09T16:36:37+00:00\",\"breadcrumb\":{\"@id\":\"https:\/\/mueble4you.com\/de\/productos\/turkisfarbener-kleiderschrank\/#breadcrumb\"},\"inLanguage\":\"de\",\"potentialAction\":[{\"@type\":\"ReadAction\",\"target\":[\"https:\/\/mueble4you.com\/de\/productos\/turkisfarbener-kleiderschrank\/\"]}]},{\"@type\":\"ImageObject\",\"inLanguage\":\"de\",\"@id\":\"https:\/\/mueble4you.com\/de\/productos\/turkisfarbener-kleiderschrank\/#primaryimage\",\"url\":\"https:\/\/mueble4you.com\/wp-content\/uploads\/2021\/04\/6874.jpg\",\"contentUrl\":\"https:\/\/mueble4you.com\/wp-content\/uploads\/2021\/04\/6874.jpg\",\"width\":491,\"height\":525},{\"@type\":\"BreadcrumbList\",\"@id\":\"https:\/\/mueble4you.com\/de\/productos\/turkisfarbener-kleiderschrank\/#breadcrumb\",\"itemListElement\":[{\"@type\":\"ListItem\",\"position\":1,\"name\":\"Portada\",\"item\":\"https:\/\/mueble4you.com\/de\/\"},{\"@type\":\"ListItem\",\"position\":2,\"name\":\"Productos\",\"item\":\"https:\/\/mueble4you.com\/productos\/\"},{\"@type\":\"ListItem\",\"position\":3,\"name\":\"T\u00fcrkisfarbener Kleiderschrank.\"}]},{\"@type\":\"WebSite\",\"@id\":\"https:\/\/mueble4you.com\/#website\",\"url\":\"https:\/\/mueble4you.com\/\",\"name\":\"mueble4you\",\"description\":\"M\u00f6bel in Teneriffa\",\"potentialAction\":[{\"@type\":\"SearchAction\",\"target\":{\"@type\":\"EntryPoint\",\"urlTemplate\":\"https:\/\/mueble4you.com\/?s={search_term_string}\"},\"query-input\":{\"@type\":\"PropertyValueSpecification\",\"valueRequired\":true,\"valueName\":\"search_term_string\"}}],\"inLanguage\":\"de\"}]}<\/script>\n<!-- \/ Yoast SEO plugin. -->","yoast_head_json":{"title":"T\u00fcrkisfarbener Kleiderschrank. | mueble4you","robots":{"index":"index","follow":"follow","max-snippet":"max-snippet:-1","max-image-preview":"max-image-preview:large","max-video-preview":"max-video-preview:-1"},"canonical":"https:\/\/mueble4you.com\/de\/productos\/turkisfarbener-kleiderschrank\/","og_locale":"de_DE","og_type":"article","og_title":"T\u00fcrkisfarbener Kleiderschrank. | mueble4you","og_description":"\u00a02-T\u00dcRIGER SCHRANK AUS MANGO-HOLZ MIT 3 INNENREGALEN. FARBE: BLAU GR\u00dcN, CRACKLE FINISH. EIGENSCHAFTEN: DIE T\u00dcREN SIND HANDGESCHNITZT. MASSNAHMEN: 204 cm hoch x 117 cm breit x 45 cm tief.","og_url":"https:\/\/mueble4you.com\/de\/productos\/turkisfarbener-kleiderschrank\/","og_site_name":"mueble4you","article_modified_time":"2021-04-09T16:36:37+00:00","og_image":[{"width":491,"height":525,"url":"https:\/\/mueble4you.com\/wp-content\/uploads\/2021\/04\/6874.jpg","type":"image\/jpeg"}],"twitter_card":"summary_large_image","schema":{"@context":"https:\/\/schema.org","@graph":[{"@type":"WebPage","@id":"https:\/\/mueble4you.com\/de\/productos\/turkisfarbener-kleiderschrank\/","url":"https:\/\/mueble4you.com\/de\/productos\/turkisfarbener-kleiderschrank\/","name":"T\u00fcrkisfarbener Kleiderschrank. | mueble4you","isPartOf":{"@id":"https:\/\/mueble4you.com\/#website"},"primaryImageOfPage":{"@id":"https:\/\/mueble4you.com\/de\/productos\/turkisfarbener-kleiderschrank\/#primaryimage"},"image":{"@id":"https:\/\/mueble4you.com\/de\/productos\/turkisfarbener-kleiderschrank\/#primaryimage"},"thumbnailUrl":"https:\/\/mueble4you.com\/wp-content\/uploads\/2021\/04\/6874.jpg","datePublished":"2021-04-09T11:11:47+00:00","dateModified":"2021-04-09T16:36:37+00:00","breadcrumb":{"@id":"https:\/\/mueble4you.com\/de\/productos\/turkisfarbener-kleiderschrank\/#breadcrumb"},"inLanguage":"de","potentialAction":[{"@type":"ReadAction","target":["https:\/\/mueble4you.com\/de\/productos\/turkisfarbener-kleiderschrank\/"]}]},{"@type":"ImageObject","inLanguage":"de","@id":"https:\/\/mueble4you.com\/de\/productos\/turkisfarbener-kleiderschrank\/#primaryimage","url":"https:\/\/mueble4you.com\/wp-content\/uploads\/2021\/04\/6874.jpg","contentUrl":"https:\/\/mueble4you.com\/wp-content\/uploads\/2021\/04\/6874.jpg","width":491,"height":525},{"@type":"BreadcrumbList","@id":"https:\/\/mueble4you.com\/de\/productos\/turkisfarbener-kleiderschrank\/#breadcrumb","itemListElement":[{"@type":"ListItem","position":1,"name":"Portada","item":"https:\/\/mueble4you.com\/de\/"},{"@type":"ListItem","position":2,"name":"Productos","item":"https:\/\/mueble4you.com\/productos\/"},{"@type":"ListItem","position":3,"name":"T\u00fcrkisfarbener Kleiderschrank."}]},{"@type":"WebSite","@id":"https:\/\/mueble4you.com\/#website","url":"https:\/\/mueble4you.com\/","name":"mueble4you","description":"M\u00f6bel in Teneriffa","potentialAction":[{"@type":"SearchAction","target":{"@type":"EntryPoint","urlTemplate":"https:\/\/mueble4you.com\/?s={search_term_string}"},"query-input":{"@type":"PropertyValueSpecification","valueRequired":true,"valueName":"search_term_string"}}],"inLanguage":"de"}]}},"_links":{"self":[{"href":"https:\/\/mueble4you.com\/de\/wp-json\/wp\/v2\/product\/45506","targetHints":{"allow":["GET"]}}],"collection":[{"href":"https:\/\/mueble4you.com\/de\/wp-json\/wp\/v2\/product"}],"about":[{"href":"https:\/\/mueble4you.com\/de\/wp-json\/wp\/v2\/types\/product"}],"wp:featuredmedia":[{"embeddable":true,"href":"https:\/\/mueble4you.com\/de\/wp-json\/wp\/v2\/media\/45477"}],"wp:attachment":[{"href":"https:\/\/mueble4you.com\/de\/wp-json\/wp\/v2\/media?parent=45506"}],"wp:term":[{"taxonomy":"product_brand","embeddable":true,"href":"https:\/\/mueble4you.com\/de\/wp-json\/wp\/v2\/product_brand?post=45506"},{"taxonomy":"product_cat","embeddable":true,"href":"https:\/\/mueble4you.com\/de\/wp-json\/wp\/v2\/product_cat?post=45506"},{"taxonomy":"product_tag","embeddable":true,"href":"https:\/\/mueble4you.com\/de\/wp-json\/wp\/v2\/product_tag?post=45506"}],"curies":[{"name":"wp","href":"https:\/\/api.w.org\/{rel}","templated":true}]}}