{"id":44405,"date":"2021-03-18T13:58:01","date_gmt":"2021-03-18T13:58:01","guid":{"rendered":"https:\/\/mueble4you.com\/productos\/puff-turquesa\/"},"modified":"2021-03-18T16:37:44","modified_gmt":"2021-03-18T16:37:44","slug":"turkisfarbener-hauch","status":"publish","type":"product","link":"https:\/\/mueble4you.com\/de\/productos\/turkisfarbener-hauch\/","title":{"rendered":"T\u00fcrkisfarbener Hauch."},"content":{"rendered":"<ul>\n<li id=\"tw-target-text\" class=\"tw-data-text tw-text-large XcVN5d tw-ta\" dir=\"ltr\" data-placeholder=\"Traducci\u00f3n\"><span lang=\"de\">Puff mit Metallstruktur, t\u00fcrkisfarben. <\/span><\/li>\n<li class=\"tw-data-text tw-text-large XcVN5d tw-ta\" dir=\"ltr\" data-placeholder=\"Traducci\u00f3n\"><span lang=\"de\">Gepolsterter Sitz mit t\u00fcrkisfarbenem Samt gepolstert.<\/span><\/li>\n<li class=\"tw-data-text tw-text-large XcVN5d tw-ta\" dir=\"ltr\" data-placeholder=\"Traducci\u00f3n\"><span lang=\"de\">Ma\u00dfe: 35 cm Durchmesser und 43 cm H\u00f6he.<\/span><\/li>\n<\/ul>\n","protected":false},"excerpt":{"rendered":"<p>Puff mit Metallstruktur, t\u00fcrkisfarben. Gepolsterter Sitz mit t\u00fcrkisfarbenem Samt gepolstert. Ma\u00dfe: 35 cm Durchmesser und 43 cm H\u00f6he.<\/p>\n","protected":false},"featured_media":44401,"template":"","meta":[],"product_brand":[],"product_cat":[268,490],"product_tag":[],"class_list":{"0":"post-44405","1":"product","2":"type-product","3":"status-publish","4":"has-post-thumbnail","6":"product_cat-esszimmer","7":"product_cat-puff-de","9":"first","10":"instock","11":"shipping-taxable","12":"product-type-simple"},"yoast_head":"<!-- This site is optimized with the Yoast SEO plugin v27.2 - https:\/\/yoast.com\/product\/yoast-seo-wordpress\/ -->\n<title>T\u00fcrkisfarbener Hauch. | mueble4you<\/title>\n<meta name=\"robots\" content=\"index, follow, max-snippet:-1, max-image-preview:large, max-video-preview:-1\" \/>\n<link rel=\"canonical\" href=\"https:\/\/mueble4you.com\/de\/productos\/turkisfarbener-hauch\/\" \/>\n<meta property=\"og:locale\" content=\"de_DE\" \/>\n<meta property=\"og:type\" content=\"article\" \/>\n<meta property=\"og:title\" content=\"T\u00fcrkisfarbener Hauch. | mueble4you\" \/>\n<meta property=\"og:description\" content=\"Puff mit Metallstruktur, t\u00fcrkisfarben. Gepolsterter Sitz mit t\u00fcrkisfarbenem Samt gepolstert. Ma\u00dfe: 35 cm Durchmesser und 43 cm H\u00f6he.\" \/>\n<meta property=\"og:url\" content=\"https:\/\/mueble4you.com\/de\/productos\/turkisfarbener-hauch\/\" \/>\n<meta property=\"og:site_name\" content=\"mueble4you\" \/>\n<meta property=\"article:modified_time\" content=\"2021-03-18T16:37:44+00:00\" \/>\n<meta property=\"og:image\" content=\"https:\/\/mueble4you.com\/wp-content\/uploads\/2021\/03\/MESA-CON-DOS-PUFF.jpg\" \/>\n\t<meta property=\"og:image:width\" content=\"768\" \/>\n\t<meta property=\"og:image:height\" content=\"1024\" \/>\n\t<meta property=\"og:image:type\" content=\"image\/jpeg\" \/>\n<meta name=\"twitter:card\" content=\"summary_large_image\" \/>\n<script type=\"application\/ld+json\" class=\"yoast-schema-graph\">{\"@context\":\"https:\/\/schema.org\",\"@graph\":[{\"@type\":\"WebPage\",\"@id\":\"https:\/\/mueble4you.com\/de\/productos\/turkisfarbener-hauch\/\",\"url\":\"https:\/\/mueble4you.com\/de\/productos\/turkisfarbener-hauch\/\",\"name\":\"T\u00fcrkisfarbener Hauch. | mueble4you\",\"isPartOf\":{\"@id\":\"https:\/\/mueble4you.com\/#website\"},\"primaryImageOfPage\":{\"@id\":\"https:\/\/mueble4you.com\/de\/productos\/turkisfarbener-hauch\/#primaryimage\"},\"image\":{\"@id\":\"https:\/\/mueble4you.com\/de\/productos\/turkisfarbener-hauch\/#primaryimage\"},\"thumbnailUrl\":\"https:\/\/mueble4you.com\/wp-content\/uploads\/2021\/03\/MESA-CON-DOS-PUFF.jpg\",\"datePublished\":\"2021-03-18T13:58:01+00:00\",\"dateModified\":\"2021-03-18T16:37:44+00:00\",\"breadcrumb\":{\"@id\":\"https:\/\/mueble4you.com\/de\/productos\/turkisfarbener-hauch\/#breadcrumb\"},\"inLanguage\":\"de\",\"potentialAction\":[{\"@type\":\"ReadAction\",\"target\":[\"https:\/\/mueble4you.com\/de\/productos\/turkisfarbener-hauch\/\"]}]},{\"@type\":\"ImageObject\",\"inLanguage\":\"de\",\"@id\":\"https:\/\/mueble4you.com\/de\/productos\/turkisfarbener-hauch\/#primaryimage\",\"url\":\"https:\/\/mueble4you.com\/wp-content\/uploads\/2021\/03\/MESA-CON-DOS-PUFF.jpg\",\"contentUrl\":\"https:\/\/mueble4you.com\/wp-content\/uploads\/2021\/03\/MESA-CON-DOS-PUFF.jpg\",\"width\":768,\"height\":1024},{\"@type\":\"BreadcrumbList\",\"@id\":\"https:\/\/mueble4you.com\/de\/productos\/turkisfarbener-hauch\/#breadcrumb\",\"itemListElement\":[{\"@type\":\"ListItem\",\"position\":1,\"name\":\"Portada\",\"item\":\"https:\/\/mueble4you.com\/de\/\"},{\"@type\":\"ListItem\",\"position\":2,\"name\":\"Productos\",\"item\":\"https:\/\/mueble4you.com\/productos\/\"},{\"@type\":\"ListItem\",\"position\":3,\"name\":\"T\u00fcrkisfarbener Hauch.\"}]},{\"@type\":\"WebSite\",\"@id\":\"https:\/\/mueble4you.com\/#website\",\"url\":\"https:\/\/mueble4you.com\/\",\"name\":\"mueble4you\",\"description\":\"M\u00f6bel in Teneriffa\",\"potentialAction\":[{\"@type\":\"SearchAction\",\"target\":{\"@type\":\"EntryPoint\",\"urlTemplate\":\"https:\/\/mueble4you.com\/?s={search_term_string}\"},\"query-input\":{\"@type\":\"PropertyValueSpecification\",\"valueRequired\":true,\"valueName\":\"search_term_string\"}}],\"inLanguage\":\"de\"}]}<\/script>\n<!-- \/ Yoast SEO plugin. -->","yoast_head_json":{"title":"T\u00fcrkisfarbener Hauch. | mueble4you","robots":{"index":"index","follow":"follow","max-snippet":"max-snippet:-1","max-image-preview":"max-image-preview:large","max-video-preview":"max-video-preview:-1"},"canonical":"https:\/\/mueble4you.com\/de\/productos\/turkisfarbener-hauch\/","og_locale":"de_DE","og_type":"article","og_title":"T\u00fcrkisfarbener Hauch. | mueble4you","og_description":"Puff mit Metallstruktur, t\u00fcrkisfarben. Gepolsterter Sitz mit t\u00fcrkisfarbenem Samt gepolstert. Ma\u00dfe: 35 cm Durchmesser und 43 cm H\u00f6he.","og_url":"https:\/\/mueble4you.com\/de\/productos\/turkisfarbener-hauch\/","og_site_name":"mueble4you","article_modified_time":"2021-03-18T16:37:44+00:00","og_image":[{"width":768,"height":1024,"url":"https:\/\/mueble4you.com\/wp-content\/uploads\/2021\/03\/MESA-CON-DOS-PUFF.jpg","type":"image\/jpeg"}],"twitter_card":"summary_large_image","schema":{"@context":"https:\/\/schema.org","@graph":[{"@type":"WebPage","@id":"https:\/\/mueble4you.com\/de\/productos\/turkisfarbener-hauch\/","url":"https:\/\/mueble4you.com\/de\/productos\/turkisfarbener-hauch\/","name":"T\u00fcrkisfarbener Hauch. | mueble4you","isPartOf":{"@id":"https:\/\/mueble4you.com\/#website"},"primaryImageOfPage":{"@id":"https:\/\/mueble4you.com\/de\/productos\/turkisfarbener-hauch\/#primaryimage"},"image":{"@id":"https:\/\/mueble4you.com\/de\/productos\/turkisfarbener-hauch\/#primaryimage"},"thumbnailUrl":"https:\/\/mueble4you.com\/wp-content\/uploads\/2021\/03\/MESA-CON-DOS-PUFF.jpg","datePublished":"2021-03-18T13:58:01+00:00","dateModified":"2021-03-18T16:37:44+00:00","breadcrumb":{"@id":"https:\/\/mueble4you.com\/de\/productos\/turkisfarbener-hauch\/#breadcrumb"},"inLanguage":"de","potentialAction":[{"@type":"ReadAction","target":["https:\/\/mueble4you.com\/de\/productos\/turkisfarbener-hauch\/"]}]},{"@type":"ImageObject","inLanguage":"de","@id":"https:\/\/mueble4you.com\/de\/productos\/turkisfarbener-hauch\/#primaryimage","url":"https:\/\/mueble4you.com\/wp-content\/uploads\/2021\/03\/MESA-CON-DOS-PUFF.jpg","contentUrl":"https:\/\/mueble4you.com\/wp-content\/uploads\/2021\/03\/MESA-CON-DOS-PUFF.jpg","width":768,"height":1024},{"@type":"BreadcrumbList","@id":"https:\/\/mueble4you.com\/de\/productos\/turkisfarbener-hauch\/#breadcrumb","itemListElement":[{"@type":"ListItem","position":1,"name":"Portada","item":"https:\/\/mueble4you.com\/de\/"},{"@type":"ListItem","position":2,"name":"Productos","item":"https:\/\/mueble4you.com\/productos\/"},{"@type":"ListItem","position":3,"name":"T\u00fcrkisfarbener Hauch."}]},{"@type":"WebSite","@id":"https:\/\/mueble4you.com\/#website","url":"https:\/\/mueble4you.com\/","name":"mueble4you","description":"M\u00f6bel in Teneriffa","potentialAction":[{"@type":"SearchAction","target":{"@type":"EntryPoint","urlTemplate":"https:\/\/mueble4you.com\/?s={search_term_string}"},"query-input":{"@type":"PropertyValueSpecification","valueRequired":true,"valueName":"search_term_string"}}],"inLanguage":"de"}]}},"_links":{"self":[{"href":"https:\/\/mueble4you.com\/de\/wp-json\/wp\/v2\/product\/44405","targetHints":{"allow":["GET"]}}],"collection":[{"href":"https:\/\/mueble4you.com\/de\/wp-json\/wp\/v2\/product"}],"about":[{"href":"https:\/\/mueble4you.com\/de\/wp-json\/wp\/v2\/types\/product"}],"wp:featuredmedia":[{"embeddable":true,"href":"https:\/\/mueble4you.com\/de\/wp-json\/wp\/v2\/media\/44401"}],"wp:attachment":[{"href":"https:\/\/mueble4you.com\/de\/wp-json\/wp\/v2\/media?parent=44405"}],"wp:term":[{"taxonomy":"product_brand","embeddable":true,"href":"https:\/\/mueble4you.com\/de\/wp-json\/wp\/v2\/product_brand?post=44405"},{"taxonomy":"product_cat","embeddable":true,"href":"https:\/\/mueble4you.com\/de\/wp-json\/wp\/v2\/product_cat?post=44405"},{"taxonomy":"product_tag","embeddable":true,"href":"https:\/\/mueble4you.com\/de\/wp-json\/wp\/v2\/product_tag?post=44405"}],"curies":[{"name":"wp","href":"https:\/\/api.w.org\/{rel}","templated":true}]}}