{"id":44292,"date":"2021-03-17T15:03:39","date_gmt":"2021-03-17T15:03:39","guid":{"rendered":"https:\/\/mueble4you.com\/productos\/mesa-de-noche-tirador-redondo-en-oro\/"},"modified":"2021-03-18T15:36:24","modified_gmt":"2021-03-18T15:36:24","slug":"nachttisch-runder-goldener-griff","status":"publish","type":"product","link":"https:\/\/mueble4you.com\/de\/productos\/nachttisch-runder-goldener-griff\/","title":{"rendered":"Nachttisch, runder goldener Griff."},"content":{"rendered":"<ul>\n<li id=\"tw-target-text\" class=\"tw-data-text tw-text-large XcVN5d tw-ta\" dir=\"ltr\" data-placeholder=\"Traducci\u00f3n\"><span lang=\"de\">Nachttisch aus Holz.<\/span><\/li>\n<li class=\"tw-data-text tw-text-large XcVN5d tw-ta\" dir=\"ltr\" data-placeholder=\"Traducci\u00f3n\"><span lang=\"de\">Gl\u00e4nzend wei\u00dfe Farbe. <\/span><\/li>\n<li class=\"tw-data-text tw-text-large XcVN5d tw-ta\" dir=\"ltr\" data-placeholder=\"Traducci\u00f3n\"><span lang=\"de\">Runder Griff in Gold. Beine in Gold.<\/span><\/li>\n<li class=\"tw-data-text tw-text-large XcVN5d tw-ta\" dir=\"ltr\" data-placeholder=\"Traducci\u00f3n\"><span lang=\"de\">Ma\u00dfe: 50x40x55cm.<\/span><\/li>\n<\/ul>\n","protected":false},"excerpt":{"rendered":"<p>Nachttisch aus Holz. Gl\u00e4nzend wei\u00dfe Farbe. Runder Griff in Gold. Beine in Gold. Ma\u00dfe: 50x40x55cm.<\/p>\n","protected":false},"featured_media":44299,"template":"","meta":[],"product_brand":[],"product_cat":[566,269,283],"product_tag":[],"class_list":{"0":"post-44292","1":"product","2":"type-product","3":"status-publish","4":"has-post-thumbnail","6":"product_cat-nachttische","7":"product_cat-schlafzimmer","8":"product_cat-schlafzimmermobel","10":"first","11":"instock","12":"shipping-taxable","13":"product-type-simple"},"yoast_head":"<!-- This site is optimized with the Yoast SEO plugin v27.3 - https:\/\/yoast.com\/product\/yoast-seo-wordpress\/ -->\n<title>Nachttisch, runder goldener Griff. | mueble4you<\/title>\n<meta name=\"robots\" content=\"index, follow, max-snippet:-1, max-image-preview:large, max-video-preview:-1\" \/>\n<link rel=\"canonical\" href=\"https:\/\/mueble4you.com\/de\/productos\/nachttisch-runder-goldener-griff\/\" \/>\n<meta property=\"og:locale\" content=\"de_DE\" \/>\n<meta property=\"og:type\" content=\"article\" \/>\n<meta property=\"og:title\" content=\"Nachttisch, runder goldener Griff. | mueble4you\" \/>\n<meta property=\"og:description\" content=\"Nachttisch aus Holz. Gl\u00e4nzend wei\u00dfe Farbe. Runder Griff in Gold. Beine in Gold. Ma\u00dfe: 50x40x55cm.\" \/>\n<meta property=\"og:url\" content=\"https:\/\/mueble4you.com\/de\/productos\/nachttisch-runder-goldener-griff\/\" \/>\n<meta property=\"og:site_name\" content=\"mueble4you\" \/>\n<meta property=\"article:modified_time\" content=\"2021-03-18T15:36:24+00:00\" \/>\n<meta property=\"og:image\" content=\"https:\/\/mueble4you.com\/wp-content\/uploads\/2021\/03\/c04-2.jpg\" \/>\n\t<meta property=\"og:image:width\" content=\"759\" \/>\n\t<meta property=\"og:image:height\" content=\"940\" \/>\n\t<meta property=\"og:image:type\" content=\"image\/jpeg\" \/>\n<meta name=\"twitter:card\" content=\"summary_large_image\" \/>\n<script type=\"application\/ld+json\" class=\"yoast-schema-graph\">{\"@context\":\"https:\\\/\\\/schema.org\",\"@graph\":[{\"@type\":\"WebPage\",\"@id\":\"https:\\\/\\\/mueble4you.com\\\/de\\\/productos\\\/nachttisch-runder-goldener-griff\\\/\",\"url\":\"https:\\\/\\\/mueble4you.com\\\/de\\\/productos\\\/nachttisch-runder-goldener-griff\\\/\",\"name\":\"Nachttisch, runder goldener Griff. | mueble4you\",\"isPartOf\":{\"@id\":\"https:\\\/\\\/mueble4you.com\\\/#website\"},\"primaryImageOfPage\":{\"@id\":\"https:\\\/\\\/mueble4you.com\\\/de\\\/productos\\\/nachttisch-runder-goldener-griff\\\/#primaryimage\"},\"image\":{\"@id\":\"https:\\\/\\\/mueble4you.com\\\/de\\\/productos\\\/nachttisch-runder-goldener-griff\\\/#primaryimage\"},\"thumbnailUrl\":\"https:\\\/\\\/mueble4you.com\\\/wp-content\\\/uploads\\\/2021\\\/03\\\/c04-2.jpg\",\"datePublished\":\"2021-03-17T15:03:39+00:00\",\"dateModified\":\"2021-03-18T15:36:24+00:00\",\"breadcrumb\":{\"@id\":\"https:\\\/\\\/mueble4you.com\\\/de\\\/productos\\\/nachttisch-runder-goldener-griff\\\/#breadcrumb\"},\"inLanguage\":\"de\",\"potentialAction\":[{\"@type\":\"ReadAction\",\"target\":[\"https:\\\/\\\/mueble4you.com\\\/de\\\/productos\\\/nachttisch-runder-goldener-griff\\\/\"]}]},{\"@type\":\"ImageObject\",\"inLanguage\":\"de\",\"@id\":\"https:\\\/\\\/mueble4you.com\\\/de\\\/productos\\\/nachttisch-runder-goldener-griff\\\/#primaryimage\",\"url\":\"https:\\\/\\\/mueble4you.com\\\/wp-content\\\/uploads\\\/2021\\\/03\\\/c04-2.jpg\",\"contentUrl\":\"https:\\\/\\\/mueble4you.com\\\/wp-content\\\/uploads\\\/2021\\\/03\\\/c04-2.jpg\",\"width\":759,\"height\":940},{\"@type\":\"BreadcrumbList\",\"@id\":\"https:\\\/\\\/mueble4you.com\\\/de\\\/productos\\\/nachttisch-runder-goldener-griff\\\/#breadcrumb\",\"itemListElement\":[{\"@type\":\"ListItem\",\"position\":1,\"name\":\"Portada\",\"item\":\"https:\\\/\\\/mueble4you.com\\\/de\\\/\"},{\"@type\":\"ListItem\",\"position\":2,\"name\":\"Productos\",\"item\":\"https:\\\/\\\/mueble4you.com\\\/productos\\\/\"},{\"@type\":\"ListItem\",\"position\":3,\"name\":\"Nachttisch, runder goldener Griff.\"}]},{\"@type\":\"WebSite\",\"@id\":\"https:\\\/\\\/mueble4you.com\\\/#website\",\"url\":\"https:\\\/\\\/mueble4you.com\\\/\",\"name\":\"mueble4you\",\"description\":\"M\u00f6bel in Teneriffa\",\"potentialAction\":[{\"@type\":\"SearchAction\",\"target\":{\"@type\":\"EntryPoint\",\"urlTemplate\":\"https:\\\/\\\/mueble4you.com\\\/?s={search_term_string}\"},\"query-input\":{\"@type\":\"PropertyValueSpecification\",\"valueRequired\":true,\"valueName\":\"search_term_string\"}}],\"inLanguage\":\"de\"}]}<\/script>\n<!-- \/ Yoast SEO plugin. -->","yoast_head_json":{"title":"Nachttisch, runder goldener Griff. | mueble4you","robots":{"index":"index","follow":"follow","max-snippet":"max-snippet:-1","max-image-preview":"max-image-preview:large","max-video-preview":"max-video-preview:-1"},"canonical":"https:\/\/mueble4you.com\/de\/productos\/nachttisch-runder-goldener-griff\/","og_locale":"de_DE","og_type":"article","og_title":"Nachttisch, runder goldener Griff. | mueble4you","og_description":"Nachttisch aus Holz. Gl\u00e4nzend wei\u00dfe Farbe. Runder Griff in Gold. Beine in Gold. Ma\u00dfe: 50x40x55cm.","og_url":"https:\/\/mueble4you.com\/de\/productos\/nachttisch-runder-goldener-griff\/","og_site_name":"mueble4you","article_modified_time":"2021-03-18T15:36:24+00:00","og_image":[{"width":759,"height":940,"url":"https:\/\/mueble4you.com\/wp-content\/uploads\/2021\/03\/c04-2.jpg","type":"image\/jpeg"}],"twitter_card":"summary_large_image","schema":{"@context":"https:\/\/schema.org","@graph":[{"@type":"WebPage","@id":"https:\/\/mueble4you.com\/de\/productos\/nachttisch-runder-goldener-griff\/","url":"https:\/\/mueble4you.com\/de\/productos\/nachttisch-runder-goldener-griff\/","name":"Nachttisch, runder goldener Griff. | mueble4you","isPartOf":{"@id":"https:\/\/mueble4you.com\/#website"},"primaryImageOfPage":{"@id":"https:\/\/mueble4you.com\/de\/productos\/nachttisch-runder-goldener-griff\/#primaryimage"},"image":{"@id":"https:\/\/mueble4you.com\/de\/productos\/nachttisch-runder-goldener-griff\/#primaryimage"},"thumbnailUrl":"https:\/\/mueble4you.com\/wp-content\/uploads\/2021\/03\/c04-2.jpg","datePublished":"2021-03-17T15:03:39+00:00","dateModified":"2021-03-18T15:36:24+00:00","breadcrumb":{"@id":"https:\/\/mueble4you.com\/de\/productos\/nachttisch-runder-goldener-griff\/#breadcrumb"},"inLanguage":"de","potentialAction":[{"@type":"ReadAction","target":["https:\/\/mueble4you.com\/de\/productos\/nachttisch-runder-goldener-griff\/"]}]},{"@type":"ImageObject","inLanguage":"de","@id":"https:\/\/mueble4you.com\/de\/productos\/nachttisch-runder-goldener-griff\/#primaryimage","url":"https:\/\/mueble4you.com\/wp-content\/uploads\/2021\/03\/c04-2.jpg","contentUrl":"https:\/\/mueble4you.com\/wp-content\/uploads\/2021\/03\/c04-2.jpg","width":759,"height":940},{"@type":"BreadcrumbList","@id":"https:\/\/mueble4you.com\/de\/productos\/nachttisch-runder-goldener-griff\/#breadcrumb","itemListElement":[{"@type":"ListItem","position":1,"name":"Portada","item":"https:\/\/mueble4you.com\/de\/"},{"@type":"ListItem","position":2,"name":"Productos","item":"https:\/\/mueble4you.com\/productos\/"},{"@type":"ListItem","position":3,"name":"Nachttisch, runder goldener Griff."}]},{"@type":"WebSite","@id":"https:\/\/mueble4you.com\/#website","url":"https:\/\/mueble4you.com\/","name":"mueble4you","description":"M\u00f6bel in Teneriffa","potentialAction":[{"@type":"SearchAction","target":{"@type":"EntryPoint","urlTemplate":"https:\/\/mueble4you.com\/?s={search_term_string}"},"query-input":{"@type":"PropertyValueSpecification","valueRequired":true,"valueName":"search_term_string"}}],"inLanguage":"de"}]}},"_links":{"self":[{"href":"https:\/\/mueble4you.com\/de\/wp-json\/wp\/v2\/product\/44292","targetHints":{"allow":["GET"]}}],"collection":[{"href":"https:\/\/mueble4you.com\/de\/wp-json\/wp\/v2\/product"}],"about":[{"href":"https:\/\/mueble4you.com\/de\/wp-json\/wp\/v2\/types\/product"}],"wp:featuredmedia":[{"embeddable":true,"href":"https:\/\/mueble4you.com\/de\/wp-json\/wp\/v2\/media\/44299"}],"wp:attachment":[{"href":"https:\/\/mueble4you.com\/de\/wp-json\/wp\/v2\/media?parent=44292"}],"wp:term":[{"taxonomy":"product_brand","embeddable":true,"href":"https:\/\/mueble4you.com\/de\/wp-json\/wp\/v2\/product_brand?post=44292"},{"taxonomy":"product_cat","embeddable":true,"href":"https:\/\/mueble4you.com\/de\/wp-json\/wp\/v2\/product_cat?post=44292"},{"taxonomy":"product_tag","embeddable":true,"href":"https:\/\/mueble4you.com\/de\/wp-json\/wp\/v2\/product_tag?post=44292"}],"curies":[{"name":"wp","href":"https:\/\/api.w.org\/{rel}","templated":true}]}}