{"id":44193,"date":"2021-03-11T16:50:23","date_gmt":"2021-03-11T16:50:23","guid":{"rendered":"https:\/\/mueble4you.com\/?post_type=product&#038;p=44193"},"modified":"2021-03-12T17:22:58","modified_gmt":"2021-03-12T17:22:58","slug":"darwin-stuhl-im-freien","status":"publish","type":"product","link":"https:\/\/mueble4you.com\/de\/productos\/darwin-stuhl-im-freien\/","title":{"rendered":"Darwin, Stuhl im Freien."},"content":{"rendered":"<ul>\n<li id=\"tw-target-text\" class=\"tw-data-text tw-text-large XcVN5d tw-ta\" dir=\"ltr\" data-placeholder=\"Traducci\u00f3n\"><span lang=\"de\">Erh\u00e4ltlich in grauer Farbe. <\/span><\/li>\n<li class=\"tw-data-text tw-text-large XcVN5d tw-ta\" dir=\"ltr\" data-placeholder=\"Traducci\u00f3n\"><span lang=\"de\">Beinhaltet Sitz- und R\u00fcckenkissen. <\/span><\/li>\n<li class=\"tw-data-text tw-text-large XcVN5d tw-ta\" dir=\"ltr\" data-placeholder=\"Traducci\u00f3n\"><span lang=\"de\">Materialien: Aluminiumrahmen und synthetisches Rattan.<\/span><\/li>\n<li class=\"tw-data-text tw-text-large XcVN5d tw-ta\" dir=\"ltr\" data-placeholder=\"Traducci\u00f3n\"><span lang=\"de\">Abdeckung aus 100% Polyester. <\/span><\/li>\n<li class=\"tw-data-text tw-text-large XcVN5d tw-ta\" dir=\"ltr\" data-placeholder=\"Traducci\u00f3n\"><span lang=\"de\">Kissen aus 100% Polyester mit Polyesterfaser und Schaum.<\/span><\/li>\n<li class=\"tw-data-text tw-text-large XcVN5d tw-ta\" dir=\"ltr\" data-placeholder=\"Traducci\u00f3n\"><span lang=\"de\">Abnehmbares Kissen. <\/span><\/li>\n<li class=\"tw-data-text tw-text-large XcVN5d tw-ta\" dir=\"ltr\" data-placeholder=\"Traducci\u00f3n\"><span lang=\"de\">Messungen: H\u00f6he: 97 cm. <\/span><\/li>\n<li class=\"tw-data-text tw-text-large XcVN5d tw-ta\" dir=\"ltr\" data-placeholder=\"Traducci\u00f3n\"><span lang=\"de\">L\u00e4nge: 67 cm.<\/span><\/li>\n<li class=\"tw-data-text tw-text-large XcVN5d tw-ta\" dir=\"ltr\" data-placeholder=\"Traducci\u00f3n\"><span lang=\"de\">Breite: 75 cm.<\/span><\/li>\n<li class=\"tw-data-text tw-text-large XcVN5d tw-ta\" dir=\"ltr\" data-placeholder=\"Traducci\u00f3n\"><span lang=\"de\">Reinigung und Instandhaltung: <\/span><\/li>\n<li class=\"tw-data-text tw-text-large XcVN5d tw-ta\" dir=\"ltr\" data-placeholder=\"Traducci\u00f3n\"><span lang=\"de\">Empfehlungen f\u00fcr eine bessere Pflege: <\/span><\/li>\n<li class=\"tw-data-text tw-text-large XcVN5d tw-ta\" dir=\"ltr\" data-placeholder=\"Traducci\u00f3n\"><span lang=\"de\">Waschen Sie die Abdeckungen von Hand.<\/span><\/li>\n<li class=\"tw-data-text tw-text-large XcVN5d tw-ta\" dir=\"ltr\" data-placeholder=\"Traducci\u00f3n\"><span lang=\"de\">Nicht in den Trockner stellen. <\/span><\/li>\n<li class=\"tw-data-text tw-text-large XcVN5d tw-ta\" dir=\"ltr\" data-placeholder=\"Traducci\u00f3n\"><span lang=\"de\">Sie k\u00f6nnen geb\u00fcgelt werden. <\/span><\/li>\n<li class=\"tw-data-text tw-text-large XcVN5d tw-ta\" dir=\"ltr\" data-placeholder=\"Traducci\u00f3n\"><span lang=\"de\">Verwenden Sie zum Waschen kein Bleichmittel.<\/span><\/li>\n<li class=\"tw-data-text tw-text-large XcVN5d tw-ta\" dir=\"ltr\" data-placeholder=\"Traducci\u00f3n\"><span lang=\"de\">Reinige chemisch nicht.<\/span><\/li>\n<\/ul>\n","protected":false},"excerpt":{"rendered":"<p>Erh\u00e4ltlich in grauer Farbe. Beinhaltet Sitz- und R\u00fcckenkissen. Materialien: Aluminiumrahmen und synthetisches Rattan. Abdeckung aus 100% Polyester. Kissen aus 100% Polyester mit Polyesterfaser und Schaum. Abnehmbares Kissen. Messungen: H\u00f6he: 97 cm. L\u00e4nge: 67 cm. Breite: 75 cm. Reinigung und Instandhaltung: Empfehlungen f\u00fcr eine bessere Pflege: Waschen Sie die Abdeckungen von Hand. Nicht in den Trockner [&#8230;]\n","protected":false},"featured_media":38787,"template":"","meta":[],"product_brand":[],"product_cat":[305,309],"product_tag":[],"class_list":{"0":"post-44193","1":"product","2":"type-product","3":"status-publish","4":"has-post-thumbnail","6":"product_cat-gartenmobel","7":"product_cat-sitz-und-liegemobel","9":"first","10":"instock","11":"shipping-taxable","12":"product-type-simple"},"yoast_head":"<!-- This site is optimized with the Yoast SEO plugin v27.3 - https:\/\/yoast.com\/product\/yoast-seo-wordpress\/ -->\n<title>Darwin, Stuhl im Freien. | mueble4you<\/title>\n<meta name=\"robots\" content=\"index, follow, max-snippet:-1, max-image-preview:large, max-video-preview:-1\" \/>\n<link rel=\"canonical\" href=\"https:\/\/mueble4you.com\/de\/productos\/darwin-stuhl-im-freien\/\" \/>\n<meta property=\"og:locale\" content=\"de_DE\" \/>\n<meta property=\"og:type\" content=\"article\" \/>\n<meta property=\"og:title\" content=\"Darwin, Stuhl im Freien. | mueble4you\" \/>\n<meta property=\"og:description\" content=\"Erh\u00e4ltlich in grauer Farbe. Beinhaltet Sitz- und R\u00fcckenkissen. Materialien: Aluminiumrahmen und synthetisches Rattan. Abdeckung aus 100% Polyester. Kissen aus 100% Polyester mit Polyesterfaser und Schaum. Abnehmbares Kissen. Messungen: H\u00f6he: 97 cm. L\u00e4nge: 67 cm. Breite: 75 cm. Reinigung und Instandhaltung: Empfehlungen f\u00fcr eine bessere Pflege: Waschen Sie die Abdeckungen von Hand. Nicht in den Trockner [...]\" \/>\n<meta property=\"og:url\" content=\"https:\/\/mueble4you.com\/de\/productos\/darwin-stuhl-im-freien\/\" \/>\n<meta property=\"og:site_name\" content=\"mueble4you\" \/>\n<meta property=\"article:modified_time\" content=\"2021-03-12T17:22:58+00:00\" \/>\n<meta property=\"og:image\" content=\"https:\/\/mueble4you.com\/wp-content\/uploads\/2020\/04\/cancun-table.jpg\" \/>\n\t<meta property=\"og:image:width\" content=\"800\" \/>\n\t<meta property=\"og:image:height\" content=\"415\" \/>\n\t<meta property=\"og:image:type\" content=\"image\/jpeg\" \/>\n<meta name=\"twitter:card\" content=\"summary_large_image\" \/>\n<script type=\"application\/ld+json\" class=\"yoast-schema-graph\">{\"@context\":\"https:\\\/\\\/schema.org\",\"@graph\":[{\"@type\":\"WebPage\",\"@id\":\"https:\\\/\\\/mueble4you.com\\\/de\\\/productos\\\/darwin-stuhl-im-freien\\\/\",\"url\":\"https:\\\/\\\/mueble4you.com\\\/de\\\/productos\\\/darwin-stuhl-im-freien\\\/\",\"name\":\"Darwin, Stuhl im Freien. | mueble4you\",\"isPartOf\":{\"@id\":\"https:\\\/\\\/mueble4you.com\\\/#website\"},\"primaryImageOfPage\":{\"@id\":\"https:\\\/\\\/mueble4you.com\\\/de\\\/productos\\\/darwin-stuhl-im-freien\\\/#primaryimage\"},\"image\":{\"@id\":\"https:\\\/\\\/mueble4you.com\\\/de\\\/productos\\\/darwin-stuhl-im-freien\\\/#primaryimage\"},\"thumbnailUrl\":\"https:\\\/\\\/mueble4you.com\\\/wp-content\\\/uploads\\\/2020\\\/04\\\/cancun-table.jpg\",\"datePublished\":\"2021-03-11T16:50:23+00:00\",\"dateModified\":\"2021-03-12T17:22:58+00:00\",\"breadcrumb\":{\"@id\":\"https:\\\/\\\/mueble4you.com\\\/de\\\/productos\\\/darwin-stuhl-im-freien\\\/#breadcrumb\"},\"inLanguage\":\"de\",\"potentialAction\":[{\"@type\":\"ReadAction\",\"target\":[\"https:\\\/\\\/mueble4you.com\\\/de\\\/productos\\\/darwin-stuhl-im-freien\\\/\"]}]},{\"@type\":\"ImageObject\",\"inLanguage\":\"de\",\"@id\":\"https:\\\/\\\/mueble4you.com\\\/de\\\/productos\\\/darwin-stuhl-im-freien\\\/#primaryimage\",\"url\":\"https:\\\/\\\/mueble4you.com\\\/wp-content\\\/uploads\\\/2020\\\/04\\\/cancun-table.jpg\",\"contentUrl\":\"https:\\\/\\\/mueble4you.com\\\/wp-content\\\/uploads\\\/2020\\\/04\\\/cancun-table.jpg\",\"width\":800,\"height\":415},{\"@type\":\"BreadcrumbList\",\"@id\":\"https:\\\/\\\/mueble4you.com\\\/de\\\/productos\\\/darwin-stuhl-im-freien\\\/#breadcrumb\",\"itemListElement\":[{\"@type\":\"ListItem\",\"position\":1,\"name\":\"Portada\",\"item\":\"https:\\\/\\\/mueble4you.com\\\/de\\\/\"},{\"@type\":\"ListItem\",\"position\":2,\"name\":\"Productos\",\"item\":\"https:\\\/\\\/mueble4you.com\\\/productos\\\/\"},{\"@type\":\"ListItem\",\"position\":3,\"name\":\"Darwin, Stuhl im Freien.\"}]},{\"@type\":\"WebSite\",\"@id\":\"https:\\\/\\\/mueble4you.com\\\/#website\",\"url\":\"https:\\\/\\\/mueble4you.com\\\/\",\"name\":\"mueble4you\",\"description\":\"M\u00f6bel in Teneriffa\",\"potentialAction\":[{\"@type\":\"SearchAction\",\"target\":{\"@type\":\"EntryPoint\",\"urlTemplate\":\"https:\\\/\\\/mueble4you.com\\\/?s={search_term_string}\"},\"query-input\":{\"@type\":\"PropertyValueSpecification\",\"valueRequired\":true,\"valueName\":\"search_term_string\"}}],\"inLanguage\":\"de\"}]}<\/script>\n<!-- \/ Yoast SEO plugin. -->","yoast_head_json":{"title":"Darwin, Stuhl im Freien. | mueble4you","robots":{"index":"index","follow":"follow","max-snippet":"max-snippet:-1","max-image-preview":"max-image-preview:large","max-video-preview":"max-video-preview:-1"},"canonical":"https:\/\/mueble4you.com\/de\/productos\/darwin-stuhl-im-freien\/","og_locale":"de_DE","og_type":"article","og_title":"Darwin, Stuhl im Freien. | mueble4you","og_description":"Erh\u00e4ltlich in grauer Farbe. Beinhaltet Sitz- und R\u00fcckenkissen. Materialien: Aluminiumrahmen und synthetisches Rattan. Abdeckung aus 100% Polyester. Kissen aus 100% Polyester mit Polyesterfaser und Schaum. Abnehmbares Kissen. Messungen: H\u00f6he: 97 cm. L\u00e4nge: 67 cm. Breite: 75 cm. Reinigung und Instandhaltung: Empfehlungen f\u00fcr eine bessere Pflege: Waschen Sie die Abdeckungen von Hand. Nicht in den Trockner [...]","og_url":"https:\/\/mueble4you.com\/de\/productos\/darwin-stuhl-im-freien\/","og_site_name":"mueble4you","article_modified_time":"2021-03-12T17:22:58+00:00","og_image":[{"width":800,"height":415,"url":"https:\/\/mueble4you.com\/wp-content\/uploads\/2020\/04\/cancun-table.jpg","type":"image\/jpeg"}],"twitter_card":"summary_large_image","schema":{"@context":"https:\/\/schema.org","@graph":[{"@type":"WebPage","@id":"https:\/\/mueble4you.com\/de\/productos\/darwin-stuhl-im-freien\/","url":"https:\/\/mueble4you.com\/de\/productos\/darwin-stuhl-im-freien\/","name":"Darwin, Stuhl im Freien. | mueble4you","isPartOf":{"@id":"https:\/\/mueble4you.com\/#website"},"primaryImageOfPage":{"@id":"https:\/\/mueble4you.com\/de\/productos\/darwin-stuhl-im-freien\/#primaryimage"},"image":{"@id":"https:\/\/mueble4you.com\/de\/productos\/darwin-stuhl-im-freien\/#primaryimage"},"thumbnailUrl":"https:\/\/mueble4you.com\/wp-content\/uploads\/2020\/04\/cancun-table.jpg","datePublished":"2021-03-11T16:50:23+00:00","dateModified":"2021-03-12T17:22:58+00:00","breadcrumb":{"@id":"https:\/\/mueble4you.com\/de\/productos\/darwin-stuhl-im-freien\/#breadcrumb"},"inLanguage":"de","potentialAction":[{"@type":"ReadAction","target":["https:\/\/mueble4you.com\/de\/productos\/darwin-stuhl-im-freien\/"]}]},{"@type":"ImageObject","inLanguage":"de","@id":"https:\/\/mueble4you.com\/de\/productos\/darwin-stuhl-im-freien\/#primaryimage","url":"https:\/\/mueble4you.com\/wp-content\/uploads\/2020\/04\/cancun-table.jpg","contentUrl":"https:\/\/mueble4you.com\/wp-content\/uploads\/2020\/04\/cancun-table.jpg","width":800,"height":415},{"@type":"BreadcrumbList","@id":"https:\/\/mueble4you.com\/de\/productos\/darwin-stuhl-im-freien\/#breadcrumb","itemListElement":[{"@type":"ListItem","position":1,"name":"Portada","item":"https:\/\/mueble4you.com\/de\/"},{"@type":"ListItem","position":2,"name":"Productos","item":"https:\/\/mueble4you.com\/productos\/"},{"@type":"ListItem","position":3,"name":"Darwin, Stuhl im Freien."}]},{"@type":"WebSite","@id":"https:\/\/mueble4you.com\/#website","url":"https:\/\/mueble4you.com\/","name":"mueble4you","description":"M\u00f6bel in Teneriffa","potentialAction":[{"@type":"SearchAction","target":{"@type":"EntryPoint","urlTemplate":"https:\/\/mueble4you.com\/?s={search_term_string}"},"query-input":{"@type":"PropertyValueSpecification","valueRequired":true,"valueName":"search_term_string"}}],"inLanguage":"de"}]}},"_links":{"self":[{"href":"https:\/\/mueble4you.com\/de\/wp-json\/wp\/v2\/product\/44193","targetHints":{"allow":["GET"]}}],"collection":[{"href":"https:\/\/mueble4you.com\/de\/wp-json\/wp\/v2\/product"}],"about":[{"href":"https:\/\/mueble4you.com\/de\/wp-json\/wp\/v2\/types\/product"}],"wp:featuredmedia":[{"embeddable":true,"href":"https:\/\/mueble4you.com\/de\/wp-json\/wp\/v2\/media\/38787"}],"wp:attachment":[{"href":"https:\/\/mueble4you.com\/de\/wp-json\/wp\/v2\/media?parent=44193"}],"wp:term":[{"taxonomy":"product_brand","embeddable":true,"href":"https:\/\/mueble4you.com\/de\/wp-json\/wp\/v2\/product_brand?post=44193"},{"taxonomy":"product_cat","embeddable":true,"href":"https:\/\/mueble4you.com\/de\/wp-json\/wp\/v2\/product_cat?post=44193"},{"taxonomy":"product_tag","embeddable":true,"href":"https:\/\/mueble4you.com\/de\/wp-json\/wp\/v2\/product_tag?post=44193"}],"curies":[{"name":"wp","href":"https:\/\/api.w.org\/{rel}","templated":true}]}}