{"id":42911,"date":"2021-01-18T15:06:22","date_gmt":"2021-01-18T15:06:22","guid":{"rendered":"https:\/\/mueble4you.com\/?post_type=product&#038;p=42911"},"modified":"2021-01-19T16:15:15","modified_gmt":"2021-01-19T16:15:15","slug":"hocker-grun-pink-mit-griff","status":"publish","type":"product","link":"https:\/\/mueble4you.com\/de\/productos\/hocker-grun-pink-mit-griff\/","title":{"rendered":"Hocker, gr\u00fcn-pink mit Griff."},"content":{"rendered":"<h4 id=\"tw-target-text\" class=\"tw-data-text tw-text-large XcVN5d tw-ta\" dir=\"ltr\" data-placeholder=\"Traducci\u00f3n\"><span lang=\"de\">Anspruchsvoller hoher Hocker mit Art-Deco-Design und Vintage-Inspiration, gepolstert in kostbarem gr\u00fcnem und rosa Samt mit Diamantn\u00e4hten und einem Metallgriff auf der R\u00fcckseite der R\u00fcckenlehne. Es ruht auf eleganten schwarzen Metallbeinen in Gold.<\/span><\/h4>\n<h4 class=\"tw-data-text tw-text-large XcVN5d tw-ta\" dir=\"ltr\" data-placeholder=\"Traducci\u00f3n\"><span lang=\"de\">Abmessungen: 52 x 50 x 99 cm.<\/span><\/h4>\n","protected":false},"excerpt":{"rendered":"<p>Anspruchsvoller hoher Hocker mit Art-Deco-Design und Vintage-Inspiration, gepolstert in kostbarem gr\u00fcnem und rosa Samt mit Diamantn\u00e4hten und einem Metallgriff auf der R\u00fcckseite der R\u00fcckenlehne. Es ruht auf eleganten schwarzen Metallbeinen in Gold. Abmessungen: 52 x 50 x 99 cm.<\/p>\n","protected":false},"featured_media":42918,"template":"","meta":[],"product_brand":[],"product_cat":[268,353],"product_tag":[],"class_list":{"0":"post-42911","1":"product","2":"type-product","3":"status-publish","4":"has-post-thumbnail","6":"product_cat-esszimmer","7":"product_cat-esszimmerstuehle","9":"first","10":"instock","11":"shipping-taxable","12":"product-type-simple"},"yoast_head":"<!-- This site is optimized with the Yoast SEO plugin v27.3 - https:\/\/yoast.com\/product\/yoast-seo-wordpress\/ -->\n<title>Hocker, gr\u00fcn-pink mit Griff. | mueble4you<\/title>\n<meta name=\"robots\" content=\"index, follow, max-snippet:-1, max-image-preview:large, max-video-preview:-1\" \/>\n<link rel=\"canonical\" href=\"https:\/\/mueble4you.com\/de\/productos\/hocker-grun-pink-mit-griff\/\" \/>\n<meta property=\"og:locale\" content=\"de_DE\" \/>\n<meta property=\"og:type\" content=\"article\" \/>\n<meta property=\"og:title\" content=\"Hocker, gr\u00fcn-pink mit Griff. | mueble4you\" \/>\n<meta property=\"og:description\" content=\"Anspruchsvoller hoher Hocker mit Art-Deco-Design und Vintage-Inspiration, gepolstert in kostbarem gr\u00fcnem und rosa Samt mit Diamantn\u00e4hten und einem Metallgriff auf der R\u00fcckseite der R\u00fcckenlehne. Es ruht auf eleganten schwarzen Metallbeinen in Gold. Abmessungen: 52 x 50 x 99 cm.\" \/>\n<meta property=\"og:url\" content=\"https:\/\/mueble4you.com\/de\/productos\/hocker-grun-pink-mit-griff\/\" \/>\n<meta property=\"og:site_name\" content=\"mueble4you\" \/>\n<meta property=\"article:modified_time\" content=\"2021-01-19T16:15:15+00:00\" \/>\n<meta property=\"og:image\" content=\"https:\/\/mueble4you.com\/wp-content\/uploads\/2021\/01\/703068.png\" \/>\n\t<meta property=\"og:image:width\" content=\"1159\" \/>\n\t<meta property=\"og:image:height\" content=\"837\" \/>\n\t<meta property=\"og:image:type\" content=\"image\/png\" \/>\n<meta name=\"twitter:card\" content=\"summary_large_image\" \/>\n<script type=\"application\/ld+json\" class=\"yoast-schema-graph\">{\"@context\":\"https:\\\/\\\/schema.org\",\"@graph\":[{\"@type\":\"WebPage\",\"@id\":\"https:\\\/\\\/mueble4you.com\\\/de\\\/productos\\\/hocker-grun-pink-mit-griff\\\/\",\"url\":\"https:\\\/\\\/mueble4you.com\\\/de\\\/productos\\\/hocker-grun-pink-mit-griff\\\/\",\"name\":\"Hocker, gr\u00fcn-pink mit Griff. | mueble4you\",\"isPartOf\":{\"@id\":\"https:\\\/\\\/mueble4you.com\\\/#website\"},\"primaryImageOfPage\":{\"@id\":\"https:\\\/\\\/mueble4you.com\\\/de\\\/productos\\\/hocker-grun-pink-mit-griff\\\/#primaryimage\"},\"image\":{\"@id\":\"https:\\\/\\\/mueble4you.com\\\/de\\\/productos\\\/hocker-grun-pink-mit-griff\\\/#primaryimage\"},\"thumbnailUrl\":\"https:\\\/\\\/mueble4you.com\\\/wp-content\\\/uploads\\\/2021\\\/01\\\/703068.png\",\"datePublished\":\"2021-01-18T15:06:22+00:00\",\"dateModified\":\"2021-01-19T16:15:15+00:00\",\"breadcrumb\":{\"@id\":\"https:\\\/\\\/mueble4you.com\\\/de\\\/productos\\\/hocker-grun-pink-mit-griff\\\/#breadcrumb\"},\"inLanguage\":\"de\",\"potentialAction\":[{\"@type\":\"ReadAction\",\"target\":[\"https:\\\/\\\/mueble4you.com\\\/de\\\/productos\\\/hocker-grun-pink-mit-griff\\\/\"]}]},{\"@type\":\"ImageObject\",\"inLanguage\":\"de\",\"@id\":\"https:\\\/\\\/mueble4you.com\\\/de\\\/productos\\\/hocker-grun-pink-mit-griff\\\/#primaryimage\",\"url\":\"https:\\\/\\\/mueble4you.com\\\/wp-content\\\/uploads\\\/2021\\\/01\\\/703068.png\",\"contentUrl\":\"https:\\\/\\\/mueble4you.com\\\/wp-content\\\/uploads\\\/2021\\\/01\\\/703068.png\",\"width\":1159,\"height\":837},{\"@type\":\"BreadcrumbList\",\"@id\":\"https:\\\/\\\/mueble4you.com\\\/de\\\/productos\\\/hocker-grun-pink-mit-griff\\\/#breadcrumb\",\"itemListElement\":[{\"@type\":\"ListItem\",\"position\":1,\"name\":\"Portada\",\"item\":\"https:\\\/\\\/mueble4you.com\\\/de\\\/\"},{\"@type\":\"ListItem\",\"position\":2,\"name\":\"Productos\",\"item\":\"https:\\\/\\\/mueble4you.com\\\/productos\\\/\"},{\"@type\":\"ListItem\",\"position\":3,\"name\":\"Hocker, gr\u00fcn-pink mit Griff.\"}]},{\"@type\":\"WebSite\",\"@id\":\"https:\\\/\\\/mueble4you.com\\\/#website\",\"url\":\"https:\\\/\\\/mueble4you.com\\\/\",\"name\":\"mueble4you\",\"description\":\"M\u00f6bel in Teneriffa\",\"potentialAction\":[{\"@type\":\"SearchAction\",\"target\":{\"@type\":\"EntryPoint\",\"urlTemplate\":\"https:\\\/\\\/mueble4you.com\\\/?s={search_term_string}\"},\"query-input\":{\"@type\":\"PropertyValueSpecification\",\"valueRequired\":true,\"valueName\":\"search_term_string\"}}],\"inLanguage\":\"de\"}]}<\/script>\n<!-- \/ Yoast SEO plugin. -->","yoast_head_json":{"title":"Hocker, gr\u00fcn-pink mit Griff. | mueble4you","robots":{"index":"index","follow":"follow","max-snippet":"max-snippet:-1","max-image-preview":"max-image-preview:large","max-video-preview":"max-video-preview:-1"},"canonical":"https:\/\/mueble4you.com\/de\/productos\/hocker-grun-pink-mit-griff\/","og_locale":"de_DE","og_type":"article","og_title":"Hocker, gr\u00fcn-pink mit Griff. | mueble4you","og_description":"Anspruchsvoller hoher Hocker mit Art-Deco-Design und Vintage-Inspiration, gepolstert in kostbarem gr\u00fcnem und rosa Samt mit Diamantn\u00e4hten und einem Metallgriff auf der R\u00fcckseite der R\u00fcckenlehne. Es ruht auf eleganten schwarzen Metallbeinen in Gold. Abmessungen: 52 x 50 x 99 cm.","og_url":"https:\/\/mueble4you.com\/de\/productos\/hocker-grun-pink-mit-griff\/","og_site_name":"mueble4you","article_modified_time":"2021-01-19T16:15:15+00:00","og_image":[{"width":1159,"height":837,"url":"https:\/\/mueble4you.com\/wp-content\/uploads\/2021\/01\/703068.png","type":"image\/png"}],"twitter_card":"summary_large_image","schema":{"@context":"https:\/\/schema.org","@graph":[{"@type":"WebPage","@id":"https:\/\/mueble4you.com\/de\/productos\/hocker-grun-pink-mit-griff\/","url":"https:\/\/mueble4you.com\/de\/productos\/hocker-grun-pink-mit-griff\/","name":"Hocker, gr\u00fcn-pink mit Griff. | mueble4you","isPartOf":{"@id":"https:\/\/mueble4you.com\/#website"},"primaryImageOfPage":{"@id":"https:\/\/mueble4you.com\/de\/productos\/hocker-grun-pink-mit-griff\/#primaryimage"},"image":{"@id":"https:\/\/mueble4you.com\/de\/productos\/hocker-grun-pink-mit-griff\/#primaryimage"},"thumbnailUrl":"https:\/\/mueble4you.com\/wp-content\/uploads\/2021\/01\/703068.png","datePublished":"2021-01-18T15:06:22+00:00","dateModified":"2021-01-19T16:15:15+00:00","breadcrumb":{"@id":"https:\/\/mueble4you.com\/de\/productos\/hocker-grun-pink-mit-griff\/#breadcrumb"},"inLanguage":"de","potentialAction":[{"@type":"ReadAction","target":["https:\/\/mueble4you.com\/de\/productos\/hocker-grun-pink-mit-griff\/"]}]},{"@type":"ImageObject","inLanguage":"de","@id":"https:\/\/mueble4you.com\/de\/productos\/hocker-grun-pink-mit-griff\/#primaryimage","url":"https:\/\/mueble4you.com\/wp-content\/uploads\/2021\/01\/703068.png","contentUrl":"https:\/\/mueble4you.com\/wp-content\/uploads\/2021\/01\/703068.png","width":1159,"height":837},{"@type":"BreadcrumbList","@id":"https:\/\/mueble4you.com\/de\/productos\/hocker-grun-pink-mit-griff\/#breadcrumb","itemListElement":[{"@type":"ListItem","position":1,"name":"Portada","item":"https:\/\/mueble4you.com\/de\/"},{"@type":"ListItem","position":2,"name":"Productos","item":"https:\/\/mueble4you.com\/productos\/"},{"@type":"ListItem","position":3,"name":"Hocker, gr\u00fcn-pink mit Griff."}]},{"@type":"WebSite","@id":"https:\/\/mueble4you.com\/#website","url":"https:\/\/mueble4you.com\/","name":"mueble4you","description":"M\u00f6bel in Teneriffa","potentialAction":[{"@type":"SearchAction","target":{"@type":"EntryPoint","urlTemplate":"https:\/\/mueble4you.com\/?s={search_term_string}"},"query-input":{"@type":"PropertyValueSpecification","valueRequired":true,"valueName":"search_term_string"}}],"inLanguage":"de"}]}},"_links":{"self":[{"href":"https:\/\/mueble4you.com\/de\/wp-json\/wp\/v2\/product\/42911","targetHints":{"allow":["GET"]}}],"collection":[{"href":"https:\/\/mueble4you.com\/de\/wp-json\/wp\/v2\/product"}],"about":[{"href":"https:\/\/mueble4you.com\/de\/wp-json\/wp\/v2\/types\/product"}],"wp:featuredmedia":[{"embeddable":true,"href":"https:\/\/mueble4you.com\/de\/wp-json\/wp\/v2\/media\/42918"}],"wp:attachment":[{"href":"https:\/\/mueble4you.com\/de\/wp-json\/wp\/v2\/media?parent=42911"}],"wp:term":[{"taxonomy":"product_brand","embeddable":true,"href":"https:\/\/mueble4you.com\/de\/wp-json\/wp\/v2\/product_brand?post=42911"},{"taxonomy":"product_cat","embeddable":true,"href":"https:\/\/mueble4you.com\/de\/wp-json\/wp\/v2\/product_cat?post=42911"},{"taxonomy":"product_tag","embeddable":true,"href":"https:\/\/mueble4you.com\/de\/wp-json\/wp\/v2\/product_tag?post=42911"}],"curies":[{"name":"wp","href":"https:\/\/api.w.org\/{rel}","templated":true}]}}