{"id":42084,"date":"2020-11-09T18:12:10","date_gmt":"2020-11-09T18:12:10","guid":{"rendered":"https:\/\/mueble4you.com\/productos\/silla-ocre-pie-metal-negro\/"},"modified":"2020-11-12T13:57:27","modified_gmt":"2020-11-12T13:57:27","slug":"ocker-stuhl-schwarzer-metallfus","status":"publish","type":"product","link":"https:\/\/mueble4you.com\/de\/productos\/ocker-stuhl-schwarzer-metallfus\/","title":{"rendered":"Ocker Stuhl, schwarzer Metallfu\u00df."},"content":{"rendered":"<ul>\n<li>\u00a0MASSNAHMEN 54,00 cm. x 60,00 cm. x 83,00 cm.<\/li>\n<li>OCHER FARBE.<\/li>\n<li>GEWEBTES METALLMATERIAL.<\/li>\n<li>NUTZUNG DES RAUMES.<\/li>\n<li>STUHLST\u00dcCK.<\/li>\n<li>Material: 95% Polyester &#8211; 5% Baumwolle.<\/li>\n<li>Gewicht: 360 g \/ m2.<\/li>\n<li>Polsterung: Schaum, Dichte: 22 kg \/ m3.<\/li>\n<li>Konglomerat Holzstruktur.<\/li>\n<li>Eisenbeine. Nicht stapelbar.<\/li>\n<li>Sitzh\u00f6he: 49 cm.<\/li>\n<li>Beinh\u00f6he: 42 cm.<\/li>\n<li>Sitztiefe: 44 cm.<\/li>\n<li>Sitzbreite: 55 cm.<\/li>\n<li>R\u00fcckenlehnenh\u00f6he: 34 cm.<\/li>\n<li>Entspricht der Norm EN16139: 2013.<\/li>\n<\/ul>\n","protected":false},"excerpt":{"rendered":"<p>\u00a0MASSNAHMEN 54,00 cm. x 60,00 cm. x 83,00 cm. OCHER FARBE. GEWEBTES METALLMATERIAL. NUTZUNG DES RAUMES. STUHLST\u00dcCK. Material: 95% Polyester &#8211; 5% Baumwolle. Gewicht: 360 g \/ m2. Polsterung: Schaum, Dichte: 22 kg \/ m3. Konglomerat Holzstruktur. Eisenbeine. Nicht stapelbar. Sitzh\u00f6he: 49 cm. Beinh\u00f6he: 42 cm. Sitztiefe: 44 cm. Sitzbreite: 55 cm. R\u00fcckenlehnenh\u00f6he: 34 cm. [&#8230;]\n","protected":false},"featured_media":42074,"template":"","meta":[],"product_brand":[],"product_cat":[268,353],"product_tag":[],"class_list":{"0":"post-42084","1":"product","2":"type-product","3":"status-publish","4":"has-post-thumbnail","6":"product_cat-esszimmer","7":"product_cat-esszimmerstuehle","9":"first","10":"instock","11":"shipping-taxable","12":"product-type-simple"},"yoast_head":"<!-- This site is optimized with the Yoast SEO plugin v27.2 - https:\/\/yoast.com\/product\/yoast-seo-wordpress\/ -->\n<title>Ocker Stuhl, schwarzer Metallfu\u00df. | mueble4you<\/title>\n<meta name=\"robots\" content=\"index, follow, max-snippet:-1, max-image-preview:large, max-video-preview:-1\" \/>\n<link rel=\"canonical\" href=\"https:\/\/mueble4you.com\/de\/productos\/ocker-stuhl-schwarzer-metallfus\/\" \/>\n<meta property=\"og:locale\" content=\"de_DE\" \/>\n<meta property=\"og:type\" content=\"article\" \/>\n<meta property=\"og:title\" content=\"Ocker Stuhl, schwarzer Metallfu\u00df. | mueble4you\" \/>\n<meta property=\"og:description\" content=\"\u00a0MASSNAHMEN 54,00 cm. x 60,00 cm. x 83,00 cm. OCHER FARBE. GEWEBTES METALLMATERIAL. NUTZUNG DES RAUMES. STUHLST\u00dcCK. Material: 95% Polyester &#8211; 5% Baumwolle. Gewicht: 360 g \/ m2. Polsterung: Schaum, Dichte: 22 kg \/ m3. Konglomerat Holzstruktur. Eisenbeine. Nicht stapelbar. Sitzh\u00f6he: 49 cm. Beinh\u00f6he: 42 cm. Sitztiefe: 44 cm. Sitzbreite: 55 cm. R\u00fcckenlehnenh\u00f6he: 34 cm. [...]\" \/>\n<meta property=\"og:url\" content=\"https:\/\/mueble4you.com\/de\/productos\/ocker-stuhl-schwarzer-metallfus\/\" \/>\n<meta property=\"og:site_name\" content=\"mueble4you\" \/>\n<meta property=\"article:modified_time\" content=\"2020-11-12T13:57:27+00:00\" \/>\n<meta property=\"og:image\" content=\"https:\/\/mueble4you.com\/wp-content\/uploads\/2020\/11\/Silla-con-reposabrazos-de-diseno-vintage-tapizada-tela-color-ocre-y-patas-de-metal-negro2.jpg\" \/>\n\t<meta property=\"og:image:width\" content=\"1000\" \/>\n\t<meta property=\"og:image:height\" content=\"1000\" \/>\n\t<meta property=\"og:image:type\" content=\"image\/jpeg\" \/>\n<meta name=\"twitter:card\" content=\"summary_large_image\" \/>\n<script type=\"application\/ld+json\" class=\"yoast-schema-graph\">{\"@context\":\"https:\/\/schema.org\",\"@graph\":[{\"@type\":\"WebPage\",\"@id\":\"https:\/\/mueble4you.com\/de\/productos\/ocker-stuhl-schwarzer-metallfus\/\",\"url\":\"https:\/\/mueble4you.com\/de\/productos\/ocker-stuhl-schwarzer-metallfus\/\",\"name\":\"Ocker Stuhl, schwarzer Metallfu\u00df. | mueble4you\",\"isPartOf\":{\"@id\":\"https:\/\/mueble4you.com\/#website\"},\"primaryImageOfPage\":{\"@id\":\"https:\/\/mueble4you.com\/de\/productos\/ocker-stuhl-schwarzer-metallfus\/#primaryimage\"},\"image\":{\"@id\":\"https:\/\/mueble4you.com\/de\/productos\/ocker-stuhl-schwarzer-metallfus\/#primaryimage\"},\"thumbnailUrl\":\"https:\/\/mueble4you.com\/wp-content\/uploads\/2020\/11\/Silla-con-reposabrazos-de-diseno-vintage-tapizada-tela-color-ocre-y-patas-de-metal-negro2.jpg\",\"datePublished\":\"2020-11-09T18:12:10+00:00\",\"dateModified\":\"2020-11-12T13:57:27+00:00\",\"breadcrumb\":{\"@id\":\"https:\/\/mueble4you.com\/de\/productos\/ocker-stuhl-schwarzer-metallfus\/#breadcrumb\"},\"inLanguage\":\"de\",\"potentialAction\":[{\"@type\":\"ReadAction\",\"target\":[\"https:\/\/mueble4you.com\/de\/productos\/ocker-stuhl-schwarzer-metallfus\/\"]}]},{\"@type\":\"ImageObject\",\"inLanguage\":\"de\",\"@id\":\"https:\/\/mueble4you.com\/de\/productos\/ocker-stuhl-schwarzer-metallfus\/#primaryimage\",\"url\":\"https:\/\/mueble4you.com\/wp-content\/uploads\/2020\/11\/Silla-con-reposabrazos-de-diseno-vintage-tapizada-tela-color-ocre-y-patas-de-metal-negro2.jpg\",\"contentUrl\":\"https:\/\/mueble4you.com\/wp-content\/uploads\/2020\/11\/Silla-con-reposabrazos-de-diseno-vintage-tapizada-tela-color-ocre-y-patas-de-metal-negro2.jpg\",\"width\":1000,\"height\":1000},{\"@type\":\"BreadcrumbList\",\"@id\":\"https:\/\/mueble4you.com\/de\/productos\/ocker-stuhl-schwarzer-metallfus\/#breadcrumb\",\"itemListElement\":[{\"@type\":\"ListItem\",\"position\":1,\"name\":\"Portada\",\"item\":\"https:\/\/mueble4you.com\/de\/\"},{\"@type\":\"ListItem\",\"position\":2,\"name\":\"Productos\",\"item\":\"https:\/\/mueble4you.com\/productos\/\"},{\"@type\":\"ListItem\",\"position\":3,\"name\":\"Ocker Stuhl, schwarzer Metallfu\u00df.\"}]},{\"@type\":\"WebSite\",\"@id\":\"https:\/\/mueble4you.com\/#website\",\"url\":\"https:\/\/mueble4you.com\/\",\"name\":\"mueble4you\",\"description\":\"M\u00f6bel in Teneriffa\",\"potentialAction\":[{\"@type\":\"SearchAction\",\"target\":{\"@type\":\"EntryPoint\",\"urlTemplate\":\"https:\/\/mueble4you.com\/?s={search_term_string}\"},\"query-input\":{\"@type\":\"PropertyValueSpecification\",\"valueRequired\":true,\"valueName\":\"search_term_string\"}}],\"inLanguage\":\"de\"}]}<\/script>\n<!-- \/ Yoast SEO plugin. -->","yoast_head_json":{"title":"Ocker Stuhl, schwarzer Metallfu\u00df. | mueble4you","robots":{"index":"index","follow":"follow","max-snippet":"max-snippet:-1","max-image-preview":"max-image-preview:large","max-video-preview":"max-video-preview:-1"},"canonical":"https:\/\/mueble4you.com\/de\/productos\/ocker-stuhl-schwarzer-metallfus\/","og_locale":"de_DE","og_type":"article","og_title":"Ocker Stuhl, schwarzer Metallfu\u00df. | mueble4you","og_description":"\u00a0MASSNAHMEN 54,00 cm. x 60,00 cm. x 83,00 cm. OCHER FARBE. GEWEBTES METALLMATERIAL. NUTZUNG DES RAUMES. STUHLST\u00dcCK. Material: 95% Polyester &#8211; 5% Baumwolle. Gewicht: 360 g \/ m2. Polsterung: Schaum, Dichte: 22 kg \/ m3. Konglomerat Holzstruktur. Eisenbeine. Nicht stapelbar. Sitzh\u00f6he: 49 cm. Beinh\u00f6he: 42 cm. Sitztiefe: 44 cm. Sitzbreite: 55 cm. R\u00fcckenlehnenh\u00f6he: 34 cm. [...]","og_url":"https:\/\/mueble4you.com\/de\/productos\/ocker-stuhl-schwarzer-metallfus\/","og_site_name":"mueble4you","article_modified_time":"2020-11-12T13:57:27+00:00","og_image":[{"width":1000,"height":1000,"url":"https:\/\/mueble4you.com\/wp-content\/uploads\/2020\/11\/Silla-con-reposabrazos-de-diseno-vintage-tapizada-tela-color-ocre-y-patas-de-metal-negro2.jpg","type":"image\/jpeg"}],"twitter_card":"summary_large_image","schema":{"@context":"https:\/\/schema.org","@graph":[{"@type":"WebPage","@id":"https:\/\/mueble4you.com\/de\/productos\/ocker-stuhl-schwarzer-metallfus\/","url":"https:\/\/mueble4you.com\/de\/productos\/ocker-stuhl-schwarzer-metallfus\/","name":"Ocker Stuhl, schwarzer Metallfu\u00df. | mueble4you","isPartOf":{"@id":"https:\/\/mueble4you.com\/#website"},"primaryImageOfPage":{"@id":"https:\/\/mueble4you.com\/de\/productos\/ocker-stuhl-schwarzer-metallfus\/#primaryimage"},"image":{"@id":"https:\/\/mueble4you.com\/de\/productos\/ocker-stuhl-schwarzer-metallfus\/#primaryimage"},"thumbnailUrl":"https:\/\/mueble4you.com\/wp-content\/uploads\/2020\/11\/Silla-con-reposabrazos-de-diseno-vintage-tapizada-tela-color-ocre-y-patas-de-metal-negro2.jpg","datePublished":"2020-11-09T18:12:10+00:00","dateModified":"2020-11-12T13:57:27+00:00","breadcrumb":{"@id":"https:\/\/mueble4you.com\/de\/productos\/ocker-stuhl-schwarzer-metallfus\/#breadcrumb"},"inLanguage":"de","potentialAction":[{"@type":"ReadAction","target":["https:\/\/mueble4you.com\/de\/productos\/ocker-stuhl-schwarzer-metallfus\/"]}]},{"@type":"ImageObject","inLanguage":"de","@id":"https:\/\/mueble4you.com\/de\/productos\/ocker-stuhl-schwarzer-metallfus\/#primaryimage","url":"https:\/\/mueble4you.com\/wp-content\/uploads\/2020\/11\/Silla-con-reposabrazos-de-diseno-vintage-tapizada-tela-color-ocre-y-patas-de-metal-negro2.jpg","contentUrl":"https:\/\/mueble4you.com\/wp-content\/uploads\/2020\/11\/Silla-con-reposabrazos-de-diseno-vintage-tapizada-tela-color-ocre-y-patas-de-metal-negro2.jpg","width":1000,"height":1000},{"@type":"BreadcrumbList","@id":"https:\/\/mueble4you.com\/de\/productos\/ocker-stuhl-schwarzer-metallfus\/#breadcrumb","itemListElement":[{"@type":"ListItem","position":1,"name":"Portada","item":"https:\/\/mueble4you.com\/de\/"},{"@type":"ListItem","position":2,"name":"Productos","item":"https:\/\/mueble4you.com\/productos\/"},{"@type":"ListItem","position":3,"name":"Ocker Stuhl, schwarzer Metallfu\u00df."}]},{"@type":"WebSite","@id":"https:\/\/mueble4you.com\/#website","url":"https:\/\/mueble4you.com\/","name":"mueble4you","description":"M\u00f6bel in Teneriffa","potentialAction":[{"@type":"SearchAction","target":{"@type":"EntryPoint","urlTemplate":"https:\/\/mueble4you.com\/?s={search_term_string}"},"query-input":{"@type":"PropertyValueSpecification","valueRequired":true,"valueName":"search_term_string"}}],"inLanguage":"de"}]}},"_links":{"self":[{"href":"https:\/\/mueble4you.com\/de\/wp-json\/wp\/v2\/product\/42084","targetHints":{"allow":["GET"]}}],"collection":[{"href":"https:\/\/mueble4you.com\/de\/wp-json\/wp\/v2\/product"}],"about":[{"href":"https:\/\/mueble4you.com\/de\/wp-json\/wp\/v2\/types\/product"}],"wp:featuredmedia":[{"embeddable":true,"href":"https:\/\/mueble4you.com\/de\/wp-json\/wp\/v2\/media\/42074"}],"wp:attachment":[{"href":"https:\/\/mueble4you.com\/de\/wp-json\/wp\/v2\/media?parent=42084"}],"wp:term":[{"taxonomy":"product_brand","embeddable":true,"href":"https:\/\/mueble4you.com\/de\/wp-json\/wp\/v2\/product_brand?post=42084"},{"taxonomy":"product_cat","embeddable":true,"href":"https:\/\/mueble4you.com\/de\/wp-json\/wp\/v2\/product_cat?post=42084"},{"taxonomy":"product_tag","embeddable":true,"href":"https:\/\/mueble4you.com\/de\/wp-json\/wp\/v2\/product_tag?post=42084"}],"curies":[{"name":"wp","href":"https:\/\/api.w.org\/{rel}","templated":true}]}}