{"id":42048,"date":"2020-11-09T15:59:20","date_gmt":"2020-11-09T15:59:20","guid":{"rendered":"https:\/\/mueble4you.com\/productos\/silla-simil-piel-negro-metal\/"},"modified":"2020-11-17T10:52:30","modified_gmt":"2020-11-17T10:52:30","slug":"stuhl-simil-black-metal-leder","status":"publish","type":"product","link":"https:\/\/mueble4you.com\/de\/productos\/stuhl-simil-black-metal-leder\/","title":{"rendered":"Stuhl Simil Black-Metal Leder."},"content":{"rendered":"<ul>\n<li id=\"tw-target-text\" class=\"tw-data-text tw-text-large XcVN5d tw-ta\" dir=\"ltr\" data-placeholder=\"Traducci\u00f3n\"><span lang=\"de\">MASSNAHMEN 55,00 cm. x 57,00 cm. x 81,50 cm. <\/span><\/li>\n<li class=\"tw-data-text tw-text-large XcVN5d tw-ta\" dir=\"ltr\" data-placeholder=\"Traducci\u00f3n\"><span lang=\"de\">FARBE SCHWARZ.<\/span><\/li>\n<li class=\"tw-data-text tw-text-large XcVN5d tw-ta\" dir=\"ltr\" data-placeholder=\"Traducci\u00f3n\"><span lang=\"de\">METALL \/ \u00c4HNLICHES LEDERMATERIAL. <\/span><\/li>\n<li class=\"tw-data-text tw-text-large XcVN5d tw-ta\" dir=\"ltr\" data-placeholder=\"Traducci\u00f3n\"><span lang=\"de\">SALON VERWENDUNG. <\/span><\/li>\n<li class=\"tw-data-text tw-text-large XcVN5d tw-ta\" dir=\"ltr\" data-placeholder=\"Traducci\u00f3n\"><span lang=\"de\">STUHLST\u00dcCK.<\/span><\/li>\n<li class=\"tw-data-text tw-text-large XcVN5d tw-ta\" dir=\"ltr\" data-placeholder=\"Traducci\u00f3n\"><span lang=\"de\">Material: PU, Metall. <\/span><\/li>\n<li class=\"tw-data-text tw-text-large XcVN5d tw-ta\" dir=\"ltr\" data-placeholder=\"Traducci\u00f3n\"><span lang=\"de\">Verchromte Metallbeine. <\/span><\/li>\n<li class=\"tw-data-text tw-text-large XcVN5d tw-ta\" dir=\"ltr\" data-placeholder=\"Traducci\u00f3n\"><span lang=\"de\">Polsterung: Schaum, Dichte 21Kgr \/ m3. <\/span><\/li>\n<li class=\"tw-data-text tw-text-large XcVN5d tw-ta\" dir=\"ltr\" data-placeholder=\"Traducci\u00f3n\"><span lang=\"de\">Sitzh\u00f6he: 49,50 cm.<\/span><\/li>\n<li class=\"tw-data-text tw-text-large XcVN5d tw-ta\" dir=\"ltr\" data-placeholder=\"Traducci\u00f3n\"><span lang=\"de\">Sitztiefe: 44,5 cm. <\/span><\/li>\n<li class=\"tw-data-text tw-text-large XcVN5d tw-ta\" dir=\"ltr\" data-placeholder=\"Traducci\u00f3n\"><span lang=\"de\">Beinh\u00f6he: 42,5 cm. <\/span><\/li>\n<li class=\"tw-data-text tw-text-large XcVN5d tw-ta\" dir=\"ltr\" data-placeholder=\"Traducci\u00f3n\"><span lang=\"de\">Hohe R\u00fcckenlehne: 37cm. <\/span><\/li>\n<li class=\"tw-data-text tw-text-large XcVN5d tw-ta\" dir=\"ltr\" data-placeholder=\"Traducci\u00f3n\"><span lang=\"de\">Armh\u00f6he: 71cm. <\/span><\/li>\n<li class=\"tw-data-text tw-text-large XcVN5d tw-ta\" dir=\"ltr\" data-placeholder=\"Traducci\u00f3n\"><span lang=\"de\">Erf\u00fcllt die Vorschriften von EN16139: 2013.<\/span><\/li>\n<\/ul>\n","protected":false},"excerpt":{"rendered":"<p>MASSNAHMEN 55,00 cm. x 57,00 cm. x 81,50 cm. FARBE SCHWARZ. METALL \/ \u00c4HNLICHES LEDERMATERIAL. SALON VERWENDUNG. STUHLST\u00dcCK. Material: PU, Metall. Verchromte Metallbeine. Polsterung: Schaum, Dichte 21Kgr \/ m3. Sitzh\u00f6he: 49,50 cm. Sitztiefe: 44,5 cm. Beinh\u00f6he: 42,5 cm. Hohe R\u00fcckenlehne: 37cm. Armh\u00f6he: 71cm. Erf\u00fcllt die Vorschriften von EN16139: 2013.<\/p>\n","protected":false},"featured_media":42034,"template":"","meta":[],"product_brand":[],"product_cat":[268,353],"product_tag":[],"class_list":{"0":"post-42048","1":"product","2":"type-product","3":"status-publish","4":"has-post-thumbnail","6":"product_cat-esszimmer","7":"product_cat-esszimmerstuehle","9":"first","10":"instock","11":"shipping-taxable","12":"product-type-simple"},"yoast_head":"<!-- This site is optimized with the Yoast SEO plugin v27.2 - https:\/\/yoast.com\/product\/yoast-seo-wordpress\/ -->\n<title>Stuhl Simil Black-Metal Leder. | mueble4you<\/title>\n<meta name=\"robots\" content=\"index, follow, max-snippet:-1, max-image-preview:large, max-video-preview:-1\" \/>\n<link rel=\"canonical\" href=\"https:\/\/mueble4you.com\/de\/productos\/stuhl-simil-black-metal-leder\/\" \/>\n<meta property=\"og:locale\" content=\"de_DE\" \/>\n<meta property=\"og:type\" content=\"article\" \/>\n<meta property=\"og:title\" content=\"Stuhl Simil Black-Metal Leder. | mueble4you\" \/>\n<meta property=\"og:description\" content=\"MASSNAHMEN 55,00 cm. x 57,00 cm. x 81,50 cm. FARBE SCHWARZ. METALL \/ \u00c4HNLICHES LEDERMATERIAL. SALON VERWENDUNG. STUHLST\u00dcCK. Material: PU, Metall. Verchromte Metallbeine. Polsterung: Schaum, Dichte 21Kgr \/ m3. Sitzh\u00f6he: 49,50 cm. Sitztiefe: 44,5 cm. Beinh\u00f6he: 42,5 cm. Hohe R\u00fcckenlehne: 37cm. Armh\u00f6he: 71cm. Erf\u00fcllt die Vorschriften von EN16139: 2013.\" \/>\n<meta property=\"og:url\" content=\"https:\/\/mueble4you.com\/de\/productos\/stuhl-simil-black-metal-leder\/\" \/>\n<meta property=\"og:site_name\" content=\"mueble4you\" \/>\n<meta property=\"article:modified_time\" content=\"2020-11-17T10:52:30+00:00\" \/>\n<meta property=\"og:image\" content=\"https:\/\/mueble4you.com\/wp-content\/uploads\/2020\/11\/600015.jpg\" \/>\n\t<meta property=\"og:image:width\" content=\"1000\" \/>\n\t<meta property=\"og:image:height\" content=\"1000\" \/>\n\t<meta property=\"og:image:type\" content=\"image\/jpeg\" \/>\n<meta name=\"twitter:card\" content=\"summary_large_image\" \/>\n<script type=\"application\/ld+json\" class=\"yoast-schema-graph\">{\"@context\":\"https:\/\/schema.org\",\"@graph\":[{\"@type\":\"WebPage\",\"@id\":\"https:\/\/mueble4you.com\/de\/productos\/stuhl-simil-black-metal-leder\/\",\"url\":\"https:\/\/mueble4you.com\/de\/productos\/stuhl-simil-black-metal-leder\/\",\"name\":\"Stuhl Simil Black-Metal Leder. | mueble4you\",\"isPartOf\":{\"@id\":\"https:\/\/mueble4you.com\/#website\"},\"primaryImageOfPage\":{\"@id\":\"https:\/\/mueble4you.com\/de\/productos\/stuhl-simil-black-metal-leder\/#primaryimage\"},\"image\":{\"@id\":\"https:\/\/mueble4you.com\/de\/productos\/stuhl-simil-black-metal-leder\/#primaryimage\"},\"thumbnailUrl\":\"https:\/\/mueble4you.com\/wp-content\/uploads\/2020\/11\/600015.jpg\",\"datePublished\":\"2020-11-09T15:59:20+00:00\",\"dateModified\":\"2020-11-17T10:52:30+00:00\",\"breadcrumb\":{\"@id\":\"https:\/\/mueble4you.com\/de\/productos\/stuhl-simil-black-metal-leder\/#breadcrumb\"},\"inLanguage\":\"de\",\"potentialAction\":[{\"@type\":\"ReadAction\",\"target\":[\"https:\/\/mueble4you.com\/de\/productos\/stuhl-simil-black-metal-leder\/\"]}]},{\"@type\":\"ImageObject\",\"inLanguage\":\"de\",\"@id\":\"https:\/\/mueble4you.com\/de\/productos\/stuhl-simil-black-metal-leder\/#primaryimage\",\"url\":\"https:\/\/mueble4you.com\/wp-content\/uploads\/2020\/11\/600015.jpg\",\"contentUrl\":\"https:\/\/mueble4you.com\/wp-content\/uploads\/2020\/11\/600015.jpg\",\"width\":1000,\"height\":1000},{\"@type\":\"BreadcrumbList\",\"@id\":\"https:\/\/mueble4you.com\/de\/productos\/stuhl-simil-black-metal-leder\/#breadcrumb\",\"itemListElement\":[{\"@type\":\"ListItem\",\"position\":1,\"name\":\"Portada\",\"item\":\"https:\/\/mueble4you.com\/de\/\"},{\"@type\":\"ListItem\",\"position\":2,\"name\":\"Productos\",\"item\":\"https:\/\/mueble4you.com\/productos\/\"},{\"@type\":\"ListItem\",\"position\":3,\"name\":\"Stuhl Simil Black-Metal Leder.\"}]},{\"@type\":\"WebSite\",\"@id\":\"https:\/\/mueble4you.com\/#website\",\"url\":\"https:\/\/mueble4you.com\/\",\"name\":\"mueble4you\",\"description\":\"M\u00f6bel in Teneriffa\",\"potentialAction\":[{\"@type\":\"SearchAction\",\"target\":{\"@type\":\"EntryPoint\",\"urlTemplate\":\"https:\/\/mueble4you.com\/?s={search_term_string}\"},\"query-input\":{\"@type\":\"PropertyValueSpecification\",\"valueRequired\":true,\"valueName\":\"search_term_string\"}}],\"inLanguage\":\"de\"}]}<\/script>\n<!-- \/ Yoast SEO plugin. -->","yoast_head_json":{"title":"Stuhl Simil Black-Metal Leder. | mueble4you","robots":{"index":"index","follow":"follow","max-snippet":"max-snippet:-1","max-image-preview":"max-image-preview:large","max-video-preview":"max-video-preview:-1"},"canonical":"https:\/\/mueble4you.com\/de\/productos\/stuhl-simil-black-metal-leder\/","og_locale":"de_DE","og_type":"article","og_title":"Stuhl Simil Black-Metal Leder. | mueble4you","og_description":"MASSNAHMEN 55,00 cm. x 57,00 cm. x 81,50 cm. FARBE SCHWARZ. METALL \/ \u00c4HNLICHES LEDERMATERIAL. SALON VERWENDUNG. STUHLST\u00dcCK. Material: PU, Metall. Verchromte Metallbeine. Polsterung: Schaum, Dichte 21Kgr \/ m3. Sitzh\u00f6he: 49,50 cm. Sitztiefe: 44,5 cm. Beinh\u00f6he: 42,5 cm. Hohe R\u00fcckenlehne: 37cm. Armh\u00f6he: 71cm. Erf\u00fcllt die Vorschriften von EN16139: 2013.","og_url":"https:\/\/mueble4you.com\/de\/productos\/stuhl-simil-black-metal-leder\/","og_site_name":"mueble4you","article_modified_time":"2020-11-17T10:52:30+00:00","og_image":[{"width":1000,"height":1000,"url":"https:\/\/mueble4you.com\/wp-content\/uploads\/2020\/11\/600015.jpg","type":"image\/jpeg"}],"twitter_card":"summary_large_image","schema":{"@context":"https:\/\/schema.org","@graph":[{"@type":"WebPage","@id":"https:\/\/mueble4you.com\/de\/productos\/stuhl-simil-black-metal-leder\/","url":"https:\/\/mueble4you.com\/de\/productos\/stuhl-simil-black-metal-leder\/","name":"Stuhl Simil Black-Metal Leder. | mueble4you","isPartOf":{"@id":"https:\/\/mueble4you.com\/#website"},"primaryImageOfPage":{"@id":"https:\/\/mueble4you.com\/de\/productos\/stuhl-simil-black-metal-leder\/#primaryimage"},"image":{"@id":"https:\/\/mueble4you.com\/de\/productos\/stuhl-simil-black-metal-leder\/#primaryimage"},"thumbnailUrl":"https:\/\/mueble4you.com\/wp-content\/uploads\/2020\/11\/600015.jpg","datePublished":"2020-11-09T15:59:20+00:00","dateModified":"2020-11-17T10:52:30+00:00","breadcrumb":{"@id":"https:\/\/mueble4you.com\/de\/productos\/stuhl-simil-black-metal-leder\/#breadcrumb"},"inLanguage":"de","potentialAction":[{"@type":"ReadAction","target":["https:\/\/mueble4you.com\/de\/productos\/stuhl-simil-black-metal-leder\/"]}]},{"@type":"ImageObject","inLanguage":"de","@id":"https:\/\/mueble4you.com\/de\/productos\/stuhl-simil-black-metal-leder\/#primaryimage","url":"https:\/\/mueble4you.com\/wp-content\/uploads\/2020\/11\/600015.jpg","contentUrl":"https:\/\/mueble4you.com\/wp-content\/uploads\/2020\/11\/600015.jpg","width":1000,"height":1000},{"@type":"BreadcrumbList","@id":"https:\/\/mueble4you.com\/de\/productos\/stuhl-simil-black-metal-leder\/#breadcrumb","itemListElement":[{"@type":"ListItem","position":1,"name":"Portada","item":"https:\/\/mueble4you.com\/de\/"},{"@type":"ListItem","position":2,"name":"Productos","item":"https:\/\/mueble4you.com\/productos\/"},{"@type":"ListItem","position":3,"name":"Stuhl Simil Black-Metal Leder."}]},{"@type":"WebSite","@id":"https:\/\/mueble4you.com\/#website","url":"https:\/\/mueble4you.com\/","name":"mueble4you","description":"M\u00f6bel in Teneriffa","potentialAction":[{"@type":"SearchAction","target":{"@type":"EntryPoint","urlTemplate":"https:\/\/mueble4you.com\/?s={search_term_string}"},"query-input":{"@type":"PropertyValueSpecification","valueRequired":true,"valueName":"search_term_string"}}],"inLanguage":"de"}]}},"_links":{"self":[{"href":"https:\/\/mueble4you.com\/de\/wp-json\/wp\/v2\/product\/42048","targetHints":{"allow":["GET"]}}],"collection":[{"href":"https:\/\/mueble4you.com\/de\/wp-json\/wp\/v2\/product"}],"about":[{"href":"https:\/\/mueble4you.com\/de\/wp-json\/wp\/v2\/types\/product"}],"wp:featuredmedia":[{"embeddable":true,"href":"https:\/\/mueble4you.com\/de\/wp-json\/wp\/v2\/media\/42034"}],"wp:attachment":[{"href":"https:\/\/mueble4you.com\/de\/wp-json\/wp\/v2\/media?parent=42048"}],"wp:term":[{"taxonomy":"product_brand","embeddable":true,"href":"https:\/\/mueble4you.com\/de\/wp-json\/wp\/v2\/product_brand?post=42048"},{"taxonomy":"product_cat","embeddable":true,"href":"https:\/\/mueble4you.com\/de\/wp-json\/wp\/v2\/product_cat?post=42048"},{"taxonomy":"product_tag","embeddable":true,"href":"https:\/\/mueble4you.com\/de\/wp-json\/wp\/v2\/product_tag?post=42048"}],"curies":[{"name":"wp","href":"https:\/\/api.w.org\/{rel}","templated":true}]}}