{"id":41894,"date":"2020-11-05T13:13:56","date_gmt":"2020-11-05T13:13:56","guid":{"rendered":"https:\/\/mueble4you.com\/productos\/colchon-box-packing-160x200-cm\/"},"modified":"2020-11-05T15:17:56","modified_gmt":"2020-11-05T15:17:56","slug":"colchon-box-packing-160x200-cm","status":"publish","type":"product","link":"https:\/\/mueble4you.com\/de\/productos\/colchon-box-packing-160x200-cm\/","title":{"rendered":"Matratzenschachtel Verpackung 160&#215;200 cm."},"content":{"rendered":"<ul>\n<li id=\"tw-target-text\" class=\"tw-data-text tw-text-large XcVN5d tw-ta\" dir=\"ltr\" data-placeholder=\"Traducci\u00f3n\"><span lang=\"de\">\u00a0Mit der patentierten Kompressionstechnologie kann die Matratze komprimiert, aufgerollt und in einer Box mit R\u00e4dern aufbewahrt werden, um den Transport zur T\u00fcr unserer Kunden zu erleichtern. <\/span><\/li>\n<li class=\"tw-data-text tw-text-large XcVN5d tw-ta\" dir=\"ltr\" data-placeholder=\"Traducci\u00f3n\"><span lang=\"de\">Coolmax Obermaterial. <\/span><\/li>\n<li class=\"tw-data-text tw-text-large XcVN5d tw-ta\" dir=\"ltr\" data-placeholder=\"Traducci\u00f3n\"><span lang=\"de\">Sehr feste Matratze. <\/span><\/li>\n<li class=\"tw-data-text tw-text-large XcVN5d tw-ta\" dir=\"ltr\" data-placeholder=\"Traducci\u00f3n\"><span lang=\"de\">Taschenfedern, die aufgrund der bei ihrer Herstellung verwendeten Hochtechnologie nicht zu sp\u00fcren sind. <\/span><\/li>\n<li class=\"tw-data-text tw-text-large XcVN5d tw-ta\" dir=\"ltr\" data-placeholder=\"Traducci\u00f3n\"><span lang=\"de\">Hohe Reichweite. Komfort und Anpassungsf\u00e4higkeit. <\/span><\/li>\n<li class=\"tw-data-text tw-text-large XcVN5d tw-ta\" dir=\"ltr\" data-placeholder=\"Traducci\u00f3n\"><span lang=\"de\">Atmungsaktiv. <\/span><\/li>\n<li class=\"tw-data-text tw-text-large XcVN5d tw-ta\" dir=\"ltr\" data-placeholder=\"Traducci\u00f3n\"><span lang=\"de\">Anti Milben. <\/span><\/li>\n<li class=\"tw-data-text tw-text-large XcVN5d tw-ta\" dir=\"ltr\" data-placeholder=\"Traducci\u00f3n\"><span lang=\"de\">Verf\u00fcgbare Gr\u00f6\u00dfen: 160&#215;200 cm. <\/span><\/li>\n<li class=\"tw-data-text tw-text-large XcVN5d tw-ta\" dir=\"ltr\" data-placeholder=\"Traducci\u00f3n\"><span lang=\"de\">H\u00f6he: + &#8211; 28<\/span><\/li>\n<\/ul>\n","protected":false},"excerpt":{"rendered":"<p>\u00a0Mit der patentierten Kompressionstechnologie kann die Matratze komprimiert, aufgerollt und in einer Box mit R\u00e4dern aufbewahrt werden, um den Transport zur T\u00fcr unserer Kunden zu erleichtern. Coolmax Obermaterial. Sehr feste Matratze. Taschenfedern, die aufgrund der bei ihrer Herstellung verwendeten Hochtechnologie nicht zu sp\u00fcren sind. Hohe Reichweite. Komfort und Anpassungsf\u00e4higkeit. Atmungsaktiv. Anti Milben. Verf\u00fcgbare Gr\u00f6\u00dfen: 160&#215;200 [&#8230;]\n","protected":false},"featured_media":41874,"template":"","meta":[],"product_brand":[],"product_cat":[432,269],"product_tag":[],"class_list":{"0":"post-41894","1":"product","2":"type-product","3":"status-publish","4":"has-post-thumbnail","6":"product_cat-matratzen","7":"product_cat-schlafzimmer","9":"first","10":"outofstock","11":"shipping-taxable","12":"product-type-simple"},"yoast_head":"<!-- This site is optimized with the Yoast SEO plugin v27.3 - https:\/\/yoast.com\/product\/yoast-seo-wordpress\/ -->\n<title>Matratzenschachtel Verpackung 160x200 cm. | mueble4you<\/title>\n<meta name=\"robots\" content=\"index, follow, max-snippet:-1, max-image-preview:large, max-video-preview:-1\" \/>\n<link rel=\"canonical\" href=\"https:\/\/mueble4you.com\/de\/productos\/colchon-box-packing-160x200-cm\/\" \/>\n<meta property=\"og:locale\" content=\"de_DE\" \/>\n<meta property=\"og:type\" content=\"article\" \/>\n<meta property=\"og:title\" content=\"Matratzenschachtel Verpackung 160x200 cm. | mueble4you\" \/>\n<meta property=\"og:description\" content=\"\u00a0Mit der patentierten Kompressionstechnologie kann die Matratze komprimiert, aufgerollt und in einer Box mit R\u00e4dern aufbewahrt werden, um den Transport zur T\u00fcr unserer Kunden zu erleichtern. Coolmax Obermaterial. Sehr feste Matratze. Taschenfedern, die aufgrund der bei ihrer Herstellung verwendeten Hochtechnologie nicht zu sp\u00fcren sind. Hohe Reichweite. Komfort und Anpassungsf\u00e4higkeit. Atmungsaktiv. Anti Milben. Verf\u00fcgbare Gr\u00f6\u00dfen: 160&#215;200 [...]\" \/>\n<meta property=\"og:url\" content=\"https:\/\/mueble4you.com\/de\/productos\/colchon-box-packing-160x200-cm\/\" \/>\n<meta property=\"og:site_name\" content=\"mueble4you\" \/>\n<meta property=\"article:modified_time\" content=\"2020-11-05T15:17:56+00:00\" \/>\n<meta property=\"og:image\" content=\"https:\/\/mueble4you.com\/wp-content\/uploads\/2020\/11\/BOX-PACKING.jpg\" \/>\n\t<meta property=\"og:image:width\" content=\"886\" \/>\n\t<meta property=\"og:image:height\" content=\"775\" \/>\n\t<meta property=\"og:image:type\" content=\"image\/jpeg\" \/>\n<meta name=\"twitter:card\" content=\"summary_large_image\" \/>\n<script type=\"application\/ld+json\" class=\"yoast-schema-graph\">{\"@context\":\"https:\\\/\\\/schema.org\",\"@graph\":[{\"@type\":\"WebPage\",\"@id\":\"https:\\\/\\\/mueble4you.com\\\/de\\\/productos\\\/colchon-box-packing-160x200-cm\\\/\",\"url\":\"https:\\\/\\\/mueble4you.com\\\/de\\\/productos\\\/colchon-box-packing-160x200-cm\\\/\",\"name\":\"Matratzenschachtel Verpackung 160x200 cm. | mueble4you\",\"isPartOf\":{\"@id\":\"https:\\\/\\\/mueble4you.com\\\/#website\"},\"primaryImageOfPage\":{\"@id\":\"https:\\\/\\\/mueble4you.com\\\/de\\\/productos\\\/colchon-box-packing-160x200-cm\\\/#primaryimage\"},\"image\":{\"@id\":\"https:\\\/\\\/mueble4you.com\\\/de\\\/productos\\\/colchon-box-packing-160x200-cm\\\/#primaryimage\"},\"thumbnailUrl\":\"https:\\\/\\\/mueble4you.com\\\/wp-content\\\/uploads\\\/2020\\\/11\\\/BOX-PACKING.jpg\",\"datePublished\":\"2020-11-05T13:13:56+00:00\",\"dateModified\":\"2020-11-05T15:17:56+00:00\",\"breadcrumb\":{\"@id\":\"https:\\\/\\\/mueble4you.com\\\/de\\\/productos\\\/colchon-box-packing-160x200-cm\\\/#breadcrumb\"},\"inLanguage\":\"de\",\"potentialAction\":[{\"@type\":\"ReadAction\",\"target\":[\"https:\\\/\\\/mueble4you.com\\\/de\\\/productos\\\/colchon-box-packing-160x200-cm\\\/\"]}]},{\"@type\":\"ImageObject\",\"inLanguage\":\"de\",\"@id\":\"https:\\\/\\\/mueble4you.com\\\/de\\\/productos\\\/colchon-box-packing-160x200-cm\\\/#primaryimage\",\"url\":\"https:\\\/\\\/mueble4you.com\\\/wp-content\\\/uploads\\\/2020\\\/11\\\/BOX-PACKING.jpg\",\"contentUrl\":\"https:\\\/\\\/mueble4you.com\\\/wp-content\\\/uploads\\\/2020\\\/11\\\/BOX-PACKING.jpg\",\"width\":886,\"height\":775},{\"@type\":\"BreadcrumbList\",\"@id\":\"https:\\\/\\\/mueble4you.com\\\/de\\\/productos\\\/colchon-box-packing-160x200-cm\\\/#breadcrumb\",\"itemListElement\":[{\"@type\":\"ListItem\",\"position\":1,\"name\":\"Portada\",\"item\":\"https:\\\/\\\/mueble4you.com\\\/de\\\/\"},{\"@type\":\"ListItem\",\"position\":2,\"name\":\"Productos\",\"item\":\"https:\\\/\\\/mueble4you.com\\\/productos\\\/\"},{\"@type\":\"ListItem\",\"position\":3,\"name\":\"Matratzenschachtel Verpackung 160&#215;200 cm.\"}]},{\"@type\":\"WebSite\",\"@id\":\"https:\\\/\\\/mueble4you.com\\\/#website\",\"url\":\"https:\\\/\\\/mueble4you.com\\\/\",\"name\":\"mueble4you\",\"description\":\"M\u00f6bel in Teneriffa\",\"potentialAction\":[{\"@type\":\"SearchAction\",\"target\":{\"@type\":\"EntryPoint\",\"urlTemplate\":\"https:\\\/\\\/mueble4you.com\\\/?s={search_term_string}\"},\"query-input\":{\"@type\":\"PropertyValueSpecification\",\"valueRequired\":true,\"valueName\":\"search_term_string\"}}],\"inLanguage\":\"de\"}]}<\/script>\n<!-- \/ Yoast SEO plugin. -->","yoast_head_json":{"title":"Matratzenschachtel Verpackung 160x200 cm. | mueble4you","robots":{"index":"index","follow":"follow","max-snippet":"max-snippet:-1","max-image-preview":"max-image-preview:large","max-video-preview":"max-video-preview:-1"},"canonical":"https:\/\/mueble4you.com\/de\/productos\/colchon-box-packing-160x200-cm\/","og_locale":"de_DE","og_type":"article","og_title":"Matratzenschachtel Verpackung 160x200 cm. | mueble4you","og_description":"\u00a0Mit der patentierten Kompressionstechnologie kann die Matratze komprimiert, aufgerollt und in einer Box mit R\u00e4dern aufbewahrt werden, um den Transport zur T\u00fcr unserer Kunden zu erleichtern. Coolmax Obermaterial. Sehr feste Matratze. Taschenfedern, die aufgrund der bei ihrer Herstellung verwendeten Hochtechnologie nicht zu sp\u00fcren sind. Hohe Reichweite. Komfort und Anpassungsf\u00e4higkeit. Atmungsaktiv. Anti Milben. Verf\u00fcgbare Gr\u00f6\u00dfen: 160&#215;200 [...]","og_url":"https:\/\/mueble4you.com\/de\/productos\/colchon-box-packing-160x200-cm\/","og_site_name":"mueble4you","article_modified_time":"2020-11-05T15:17:56+00:00","og_image":[{"width":886,"height":775,"url":"https:\/\/mueble4you.com\/wp-content\/uploads\/2020\/11\/BOX-PACKING.jpg","type":"image\/jpeg"}],"twitter_card":"summary_large_image","schema":{"@context":"https:\/\/schema.org","@graph":[{"@type":"WebPage","@id":"https:\/\/mueble4you.com\/de\/productos\/colchon-box-packing-160x200-cm\/","url":"https:\/\/mueble4you.com\/de\/productos\/colchon-box-packing-160x200-cm\/","name":"Matratzenschachtel Verpackung 160x200 cm. | mueble4you","isPartOf":{"@id":"https:\/\/mueble4you.com\/#website"},"primaryImageOfPage":{"@id":"https:\/\/mueble4you.com\/de\/productos\/colchon-box-packing-160x200-cm\/#primaryimage"},"image":{"@id":"https:\/\/mueble4you.com\/de\/productos\/colchon-box-packing-160x200-cm\/#primaryimage"},"thumbnailUrl":"https:\/\/mueble4you.com\/wp-content\/uploads\/2020\/11\/BOX-PACKING.jpg","datePublished":"2020-11-05T13:13:56+00:00","dateModified":"2020-11-05T15:17:56+00:00","breadcrumb":{"@id":"https:\/\/mueble4you.com\/de\/productos\/colchon-box-packing-160x200-cm\/#breadcrumb"},"inLanguage":"de","potentialAction":[{"@type":"ReadAction","target":["https:\/\/mueble4you.com\/de\/productos\/colchon-box-packing-160x200-cm\/"]}]},{"@type":"ImageObject","inLanguage":"de","@id":"https:\/\/mueble4you.com\/de\/productos\/colchon-box-packing-160x200-cm\/#primaryimage","url":"https:\/\/mueble4you.com\/wp-content\/uploads\/2020\/11\/BOX-PACKING.jpg","contentUrl":"https:\/\/mueble4you.com\/wp-content\/uploads\/2020\/11\/BOX-PACKING.jpg","width":886,"height":775},{"@type":"BreadcrumbList","@id":"https:\/\/mueble4you.com\/de\/productos\/colchon-box-packing-160x200-cm\/#breadcrumb","itemListElement":[{"@type":"ListItem","position":1,"name":"Portada","item":"https:\/\/mueble4you.com\/de\/"},{"@type":"ListItem","position":2,"name":"Productos","item":"https:\/\/mueble4you.com\/productos\/"},{"@type":"ListItem","position":3,"name":"Matratzenschachtel Verpackung 160&#215;200 cm."}]},{"@type":"WebSite","@id":"https:\/\/mueble4you.com\/#website","url":"https:\/\/mueble4you.com\/","name":"mueble4you","description":"M\u00f6bel in Teneriffa","potentialAction":[{"@type":"SearchAction","target":{"@type":"EntryPoint","urlTemplate":"https:\/\/mueble4you.com\/?s={search_term_string}"},"query-input":{"@type":"PropertyValueSpecification","valueRequired":true,"valueName":"search_term_string"}}],"inLanguage":"de"}]}},"_links":{"self":[{"href":"https:\/\/mueble4you.com\/de\/wp-json\/wp\/v2\/product\/41894","targetHints":{"allow":["GET"]}}],"collection":[{"href":"https:\/\/mueble4you.com\/de\/wp-json\/wp\/v2\/product"}],"about":[{"href":"https:\/\/mueble4you.com\/de\/wp-json\/wp\/v2\/types\/product"}],"wp:featuredmedia":[{"embeddable":true,"href":"https:\/\/mueble4you.com\/de\/wp-json\/wp\/v2\/media\/41874"}],"wp:attachment":[{"href":"https:\/\/mueble4you.com\/de\/wp-json\/wp\/v2\/media?parent=41894"}],"wp:term":[{"taxonomy":"product_brand","embeddable":true,"href":"https:\/\/mueble4you.com\/de\/wp-json\/wp\/v2\/product_brand?post=41894"},{"taxonomy":"product_cat","embeddable":true,"href":"https:\/\/mueble4you.com\/de\/wp-json\/wp\/v2\/product_cat?post=41894"},{"taxonomy":"product_tag","embeddable":true,"href":"https:\/\/mueble4you.com\/de\/wp-json\/wp\/v2\/product_tag?post=41894"}],"curies":[{"name":"wp","href":"https:\/\/api.w.org\/{rel}","templated":true}]}}