{"id":41778,"date":"2020-10-30T17:07:39","date_gmt":"2020-10-30T17:07:39","guid":{"rendered":"https:\/\/mueble4you.com\/productos\/klee-sofa-298cmpuff-mesa\/"},"modified":"2020-11-02T12:49:33","modified_gmt":"2020-11-02T12:49:33","slug":"klee-sofa-298cm-puff-tisch","status":"publish","type":"product","link":"https:\/\/mueble4you.com\/de\/productos\/klee-sofa-298cm-puff-tisch\/","title":{"rendered":"Klee Sofa 298cm + Puff Tisch."},"content":{"rendered":"<ul>\n<li>Klee ist 105 cm tief, 298 cm breit und 42 cm hoch, was gro\u00dfz\u00fcgige Ma\u00dfe bietet, die ein horizontaleres oder entspannteres Sitzen erm\u00f6glichen.<\/li>\n<li>Mit gelbem Stoff bezogen.<\/li>\n<li>Passende dekorative Kissen.<\/li>\n<li>Adam ist ein quadratischer Tisch, der sich perfekt mit jedem Sofa sowie mit Eckelementen mit Chaisselongue kombinieren l\u00e4sst.<\/li>\n<li>Dank seines fast ger\u00e4uschlosen Mechanismus k\u00f6nnen wir den Deckel m\u00fchelos anheben und die st\u00f6renden Ger\u00e4usche anderer Tische vermeiden.<\/li>\n<li>Dieses Set aus Sofa und Tisch ist auf Anfrage in anderen Gr\u00f6\u00dfen und Farben erh\u00e4ltlich.<\/li>\n<\/ul>\n","protected":false},"excerpt":{"rendered":"<p>Klee ist 105 cm tief, 298 cm breit und 42 cm hoch, was gro\u00dfz\u00fcgige Ma\u00dfe bietet, die ein horizontaleres oder entspannteres Sitzen erm\u00f6glichen. Mit gelbem Stoff bezogen. Passende dekorative Kissen. Adam ist ein quadratischer Tisch, der sich perfekt mit jedem Sofa sowie mit Eckelementen mit Chaisselongue kombinieren l\u00e4sst. Dank seines fast ger\u00e4uschlosen Mechanismus k\u00f6nnen wir [&#8230;]\n","protected":false},"featured_media":41783,"template":"","meta":[],"product_brand":[],"product_cat":[273,272],"product_tag":[],"class_list":{"0":"post-41778","1":"product","2":"type-product","3":"status-publish","4":"has-post-thumbnail","6":"product_cat-sofas-wohnzimmer","7":"product_cat-wohnzimmer","9":"first","10":"instock","11":"shipping-taxable","12":"product-type-simple"},"yoast_head":"<!-- This site is optimized with the Yoast SEO plugin v27.2 - https:\/\/yoast.com\/product\/yoast-seo-wordpress\/ -->\n<title>Klee Sofa 298cm + Puff Tisch. | mueble4you<\/title>\n<meta name=\"robots\" content=\"index, follow, max-snippet:-1, max-image-preview:large, max-video-preview:-1\" \/>\n<link rel=\"canonical\" href=\"https:\/\/mueble4you.com\/de\/productos\/klee-sofa-298cm-puff-tisch\/\" \/>\n<meta property=\"og:locale\" content=\"de_DE\" \/>\n<meta property=\"og:type\" content=\"article\" \/>\n<meta property=\"og:title\" content=\"Klee Sofa 298cm + Puff Tisch. | mueble4you\" \/>\n<meta property=\"og:description\" content=\"Klee ist 105 cm tief, 298 cm breit und 42 cm hoch, was gro\u00dfz\u00fcgige Ma\u00dfe bietet, die ein horizontaleres oder entspannteres Sitzen erm\u00f6glichen. Mit gelbem Stoff bezogen. Passende dekorative Kissen. Adam ist ein quadratischer Tisch, der sich perfekt mit jedem Sofa sowie mit Eckelementen mit Chaisselongue kombinieren l\u00e4sst. Dank seines fast ger\u00e4uschlosen Mechanismus k\u00f6nnen wir [...]\" \/>\n<meta property=\"og:url\" content=\"https:\/\/mueble4you.com\/de\/productos\/klee-sofa-298cm-puff-tisch\/\" \/>\n<meta property=\"og:site_name\" content=\"mueble4you\" \/>\n<meta property=\"article:modified_time\" content=\"2020-11-02T12:49:33+00:00\" \/>\n<meta property=\"og:image\" content=\"https:\/\/mueble4you.com\/wp-content\/uploads\/2020\/10\/IMG-20201030-WA0005.jpg\" \/>\n\t<meta property=\"og:image:width\" content=\"1024\" \/>\n\t<meta property=\"og:image:height\" content=\"768\" \/>\n\t<meta property=\"og:image:type\" content=\"image\/jpeg\" \/>\n<meta name=\"twitter:card\" content=\"summary_large_image\" \/>\n<script type=\"application\/ld+json\" class=\"yoast-schema-graph\">{\"@context\":\"https:\/\/schema.org\",\"@graph\":[{\"@type\":\"WebPage\",\"@id\":\"https:\/\/mueble4you.com\/de\/productos\/klee-sofa-298cm-puff-tisch\/\",\"url\":\"https:\/\/mueble4you.com\/de\/productos\/klee-sofa-298cm-puff-tisch\/\",\"name\":\"Klee Sofa 298cm + Puff Tisch. | mueble4you\",\"isPartOf\":{\"@id\":\"https:\/\/mueble4you.com\/#website\"},\"primaryImageOfPage\":{\"@id\":\"https:\/\/mueble4you.com\/de\/productos\/klee-sofa-298cm-puff-tisch\/#primaryimage\"},\"image\":{\"@id\":\"https:\/\/mueble4you.com\/de\/productos\/klee-sofa-298cm-puff-tisch\/#primaryimage\"},\"thumbnailUrl\":\"https:\/\/mueble4you.com\/wp-content\/uploads\/2020\/10\/IMG-20201030-WA0005.jpg\",\"datePublished\":\"2020-10-30T17:07:39+00:00\",\"dateModified\":\"2020-11-02T12:49:33+00:00\",\"breadcrumb\":{\"@id\":\"https:\/\/mueble4you.com\/de\/productos\/klee-sofa-298cm-puff-tisch\/#breadcrumb\"},\"inLanguage\":\"de\",\"potentialAction\":[{\"@type\":\"ReadAction\",\"target\":[\"https:\/\/mueble4you.com\/de\/productos\/klee-sofa-298cm-puff-tisch\/\"]}]},{\"@type\":\"ImageObject\",\"inLanguage\":\"de\",\"@id\":\"https:\/\/mueble4you.com\/de\/productos\/klee-sofa-298cm-puff-tisch\/#primaryimage\",\"url\":\"https:\/\/mueble4you.com\/wp-content\/uploads\/2020\/10\/IMG-20201030-WA0005.jpg\",\"contentUrl\":\"https:\/\/mueble4you.com\/wp-content\/uploads\/2020\/10\/IMG-20201030-WA0005.jpg\",\"width\":1024,\"height\":768},{\"@type\":\"BreadcrumbList\",\"@id\":\"https:\/\/mueble4you.com\/de\/productos\/klee-sofa-298cm-puff-tisch\/#breadcrumb\",\"itemListElement\":[{\"@type\":\"ListItem\",\"position\":1,\"name\":\"Portada\",\"item\":\"https:\/\/mueble4you.com\/de\/\"},{\"@type\":\"ListItem\",\"position\":2,\"name\":\"Productos\",\"item\":\"https:\/\/mueble4you.com\/productos\/\"},{\"@type\":\"ListItem\",\"position\":3,\"name\":\"Klee Sofa 298cm + Puff Tisch.\"}]},{\"@type\":\"WebSite\",\"@id\":\"https:\/\/mueble4you.com\/#website\",\"url\":\"https:\/\/mueble4you.com\/\",\"name\":\"mueble4you\",\"description\":\"M\u00f6bel in Teneriffa\",\"potentialAction\":[{\"@type\":\"SearchAction\",\"target\":{\"@type\":\"EntryPoint\",\"urlTemplate\":\"https:\/\/mueble4you.com\/?s={search_term_string}\"},\"query-input\":{\"@type\":\"PropertyValueSpecification\",\"valueRequired\":true,\"valueName\":\"search_term_string\"}}],\"inLanguage\":\"de\"}]}<\/script>\n<!-- \/ Yoast SEO plugin. -->","yoast_head_json":{"title":"Klee Sofa 298cm + Puff Tisch. | mueble4you","robots":{"index":"index","follow":"follow","max-snippet":"max-snippet:-1","max-image-preview":"max-image-preview:large","max-video-preview":"max-video-preview:-1"},"canonical":"https:\/\/mueble4you.com\/de\/productos\/klee-sofa-298cm-puff-tisch\/","og_locale":"de_DE","og_type":"article","og_title":"Klee Sofa 298cm + Puff Tisch. | mueble4you","og_description":"Klee ist 105 cm tief, 298 cm breit und 42 cm hoch, was gro\u00dfz\u00fcgige Ma\u00dfe bietet, die ein horizontaleres oder entspannteres Sitzen erm\u00f6glichen. Mit gelbem Stoff bezogen. Passende dekorative Kissen. Adam ist ein quadratischer Tisch, der sich perfekt mit jedem Sofa sowie mit Eckelementen mit Chaisselongue kombinieren l\u00e4sst. Dank seines fast ger\u00e4uschlosen Mechanismus k\u00f6nnen wir [...]","og_url":"https:\/\/mueble4you.com\/de\/productos\/klee-sofa-298cm-puff-tisch\/","og_site_name":"mueble4you","article_modified_time":"2020-11-02T12:49:33+00:00","og_image":[{"width":1024,"height":768,"url":"https:\/\/mueble4you.com\/wp-content\/uploads\/2020\/10\/IMG-20201030-WA0005.jpg","type":"image\/jpeg"}],"twitter_card":"summary_large_image","schema":{"@context":"https:\/\/schema.org","@graph":[{"@type":"WebPage","@id":"https:\/\/mueble4you.com\/de\/productos\/klee-sofa-298cm-puff-tisch\/","url":"https:\/\/mueble4you.com\/de\/productos\/klee-sofa-298cm-puff-tisch\/","name":"Klee Sofa 298cm + Puff Tisch. | mueble4you","isPartOf":{"@id":"https:\/\/mueble4you.com\/#website"},"primaryImageOfPage":{"@id":"https:\/\/mueble4you.com\/de\/productos\/klee-sofa-298cm-puff-tisch\/#primaryimage"},"image":{"@id":"https:\/\/mueble4you.com\/de\/productos\/klee-sofa-298cm-puff-tisch\/#primaryimage"},"thumbnailUrl":"https:\/\/mueble4you.com\/wp-content\/uploads\/2020\/10\/IMG-20201030-WA0005.jpg","datePublished":"2020-10-30T17:07:39+00:00","dateModified":"2020-11-02T12:49:33+00:00","breadcrumb":{"@id":"https:\/\/mueble4you.com\/de\/productos\/klee-sofa-298cm-puff-tisch\/#breadcrumb"},"inLanguage":"de","potentialAction":[{"@type":"ReadAction","target":["https:\/\/mueble4you.com\/de\/productos\/klee-sofa-298cm-puff-tisch\/"]}]},{"@type":"ImageObject","inLanguage":"de","@id":"https:\/\/mueble4you.com\/de\/productos\/klee-sofa-298cm-puff-tisch\/#primaryimage","url":"https:\/\/mueble4you.com\/wp-content\/uploads\/2020\/10\/IMG-20201030-WA0005.jpg","contentUrl":"https:\/\/mueble4you.com\/wp-content\/uploads\/2020\/10\/IMG-20201030-WA0005.jpg","width":1024,"height":768},{"@type":"BreadcrumbList","@id":"https:\/\/mueble4you.com\/de\/productos\/klee-sofa-298cm-puff-tisch\/#breadcrumb","itemListElement":[{"@type":"ListItem","position":1,"name":"Portada","item":"https:\/\/mueble4you.com\/de\/"},{"@type":"ListItem","position":2,"name":"Productos","item":"https:\/\/mueble4you.com\/productos\/"},{"@type":"ListItem","position":3,"name":"Klee Sofa 298cm + Puff Tisch."}]},{"@type":"WebSite","@id":"https:\/\/mueble4you.com\/#website","url":"https:\/\/mueble4you.com\/","name":"mueble4you","description":"M\u00f6bel in Teneriffa","potentialAction":[{"@type":"SearchAction","target":{"@type":"EntryPoint","urlTemplate":"https:\/\/mueble4you.com\/?s={search_term_string}"},"query-input":{"@type":"PropertyValueSpecification","valueRequired":true,"valueName":"search_term_string"}}],"inLanguage":"de"}]}},"_links":{"self":[{"href":"https:\/\/mueble4you.com\/de\/wp-json\/wp\/v2\/product\/41778","targetHints":{"allow":["GET"]}}],"collection":[{"href":"https:\/\/mueble4you.com\/de\/wp-json\/wp\/v2\/product"}],"about":[{"href":"https:\/\/mueble4you.com\/de\/wp-json\/wp\/v2\/types\/product"}],"wp:featuredmedia":[{"embeddable":true,"href":"https:\/\/mueble4you.com\/de\/wp-json\/wp\/v2\/media\/41783"}],"wp:attachment":[{"href":"https:\/\/mueble4you.com\/de\/wp-json\/wp\/v2\/media?parent=41778"}],"wp:term":[{"taxonomy":"product_brand","embeddable":true,"href":"https:\/\/mueble4you.com\/de\/wp-json\/wp\/v2\/product_brand?post=41778"},{"taxonomy":"product_cat","embeddable":true,"href":"https:\/\/mueble4you.com\/de\/wp-json\/wp\/v2\/product_cat?post=41778"},{"taxonomy":"product_tag","embeddable":true,"href":"https:\/\/mueble4you.com\/de\/wp-json\/wp\/v2\/product_tag?post=41778"}],"curies":[{"name":"wp","href":"https:\/\/api.w.org\/{rel}","templated":true}]}}