{"id":41585,"date":"2020-10-24T09:16:14","date_gmt":"2020-10-24T09:16:14","guid":{"rendered":"https:\/\/mueble4you.com\/productos\/silvia-sillon-electrico-levanta-personas\/"},"modified":"2023-05-09T11:38:18","modified_gmt":"2023-05-09T11:38:18","slug":"silvia-elektrischer-sessel-menschen-heben","status":"publish","type":"product","link":"https:\/\/mueble4you.com\/de\/productos\/silvia-elektrischer-sessel-menschen-heben\/","title":{"rendered":"Silvia, elektrischer Sessel, Menschen heben."},"content":{"rendered":"<h4 id=\"tw-target-text\" class=\"tw-data-text tw-text-large XcVN5d tw-ta\" dir=\"ltr\" data-placeholder=\"Traducci\u00f3n\"><span lang=\"de\">\u00a0MESSUNGEN:<\/span><\/h4>\n<ul>\n<li class=\"tw-data-text tw-text-large XcVN5d tw-ta\" dir=\"ltr\" data-placeholder=\"Traducci\u00f3n\"><span lang=\"de\">R\u00fcckenlehnenh\u00f6he: 66 cm.<\/span><\/li>\n<li class=\"tw-data-text tw-text-large XcVN5d tw-ta\" dir=\"ltr\" data-placeholder=\"Traducci\u00f3n\">Sitzh\u00f6he: 51 cm.<\/li>\n<li class=\"tw-data-text tw-text-large XcVN5d tw-ta\" dir=\"ltr\" data-placeholder=\"Traducci\u00f3n\">Sitztiefe: 51 cm.<\/li>\n<li class=\"tw-data-text tw-text-large XcVN5d tw-ta\" dir=\"ltr\" data-placeholder=\"Traducci\u00f3n\">Sitzbreite: 50 cm.<\/li>\n<li class=\"tw-data-text tw-text-large XcVN5d tw-ta\" dir=\"ltr\" data-placeholder=\"Traducci\u00f3n\">Offenes Ma\u00df: 154 cm.<\/li>\n<li class=\"tw-data-text tw-text-large XcVN5d tw-ta\" dir=\"ltr\" data-placeholder=\"Traducci\u00f3n\">STRUKTUR: Verst\u00e4rktes Spanplatten-Kiefernholz.<\/li>\n<li class=\"tw-data-text tw-text-large XcVN5d tw-ta\" dir=\"ltr\" data-placeholder=\"Traducci\u00f3n\">SITZFEDERUNG: Hochwertige beschichtete B\u00e4nder.<\/li>\n<li class=\"tw-data-text tw-text-large XcVN5d tw-ta\" dir=\"ltr\" data-placeholder=\"Traducci\u00f3n\">SITZKISSEN: 35 kg \/ m3 Polyurethanschaum mit Polyesterfaser \u00fcberzogen.<\/li>\n<li class=\"tw-data-text tw-text-large XcVN5d tw-ta\" dir=\"ltr\" data-placeholder=\"Traducci\u00f3n\">R\u00dcCKENKISSEN: Silikonisierte Hohlfaser.<\/li>\n<li class=\"tw-data-text tw-text-large XcVN5d tw-ta\" dir=\"ltr\" data-placeholder=\"Traducci\u00f3n\">ENTFERNBAR: Sitz-, R\u00fccken- und Armkissen.<\/li>\n<li class=\"tw-data-text tw-text-large XcVN5d tw-ta\" dir=\"ltr\" data-placeholder=\"Traducci\u00f3n\">BEINE: Naturholz im manuellen Stuhl.<\/li>\n<li class=\"tw-data-text tw-text-large XcVN5d tw-ta\" dir=\"ltr\" data-placeholder=\"Traducci\u00f3n\">USB-Ladeger\u00e4t in der Tastatur.<\/li>\n<li class=\"tw-data-text tw-text-large XcVN5d tw-ta\" dir=\"ltr\" data-placeholder=\"Traducci\u00f3n\">Auf Anfrage in einem anderen Stoff und einer anderen Farbe erh\u00e4ltlich.<\/li>\n<\/ul>\n","protected":false},"excerpt":{"rendered":"<p>\u00a0MESSUNGEN: R\u00fcckenlehnenh\u00f6he: 66 cm. Sitzh\u00f6he: 51 cm. Sitztiefe: 51 cm. Sitzbreite: 50 cm. Offenes Ma\u00df: 154 cm. STRUKTUR: Verst\u00e4rktes Spanplatten-Kiefernholz. SITZFEDERUNG: Hochwertige beschichtete B\u00e4nder. SITZKISSEN: 35 kg \/ m3 Polyurethanschaum mit Polyesterfaser \u00fcberzogen. R\u00dcCKENKISSEN: Silikonisierte Hohlfaser. ENTFERNBAR: Sitz-, R\u00fccken- und Armkissen. BEINE: Naturholz im manuellen Stuhl. USB-Ladeger\u00e4t in der Tastatur. Auf Anfrage in einem anderen [&#8230;]\n","protected":false},"featured_media":41571,"template":"","meta":[],"product_brand":[],"product_cat":[365,272],"product_tag":[],"class_list":{"0":"post-41585","1":"product","2":"type-product","3":"status-publish","4":"has-post-thumbnail","6":"product_cat-sessel","7":"product_cat-wohnzimmer","9":"first","10":"instock","11":"shipping-taxable","12":"product-type-simple"},"yoast_head":"<!-- This site is optimized with the Yoast SEO plugin v27.2 - https:\/\/yoast.com\/product\/yoast-seo-wordpress\/ -->\n<title>Silvia, elektrischer Sessel, Menschen heben. | mueble4you<\/title>\n<meta name=\"robots\" content=\"index, follow, max-snippet:-1, max-image-preview:large, max-video-preview:-1\" \/>\n<link rel=\"canonical\" href=\"https:\/\/mueble4you.com\/de\/productos\/silvia-elektrischer-sessel-menschen-heben\/\" \/>\n<meta property=\"og:locale\" content=\"de_DE\" \/>\n<meta property=\"og:type\" content=\"article\" \/>\n<meta property=\"og:title\" content=\"Silvia, elektrischer Sessel, Menschen heben. | mueble4you\" \/>\n<meta property=\"og:description\" content=\"\u00a0MESSUNGEN: R\u00fcckenlehnenh\u00f6he: 66 cm. Sitzh\u00f6he: 51 cm. Sitztiefe: 51 cm. Sitzbreite: 50 cm. Offenes Ma\u00df: 154 cm. STRUKTUR: Verst\u00e4rktes Spanplatten-Kiefernholz. SITZFEDERUNG: Hochwertige beschichtete B\u00e4nder. SITZKISSEN: 35 kg \/ m3 Polyurethanschaum mit Polyesterfaser \u00fcberzogen. R\u00dcCKENKISSEN: Silikonisierte Hohlfaser. ENTFERNBAR: Sitz-, R\u00fccken- und Armkissen. BEINE: Naturholz im manuellen Stuhl. USB-Ladeger\u00e4t in der Tastatur. Auf Anfrage in einem anderen [...]\" \/>\n<meta property=\"og:url\" content=\"https:\/\/mueble4you.com\/de\/productos\/silvia-elektrischer-sessel-menschen-heben\/\" \/>\n<meta property=\"og:site_name\" content=\"mueble4you\" \/>\n<meta property=\"article:modified_time\" content=\"2023-05-09T11:38:18+00:00\" \/>\n<meta property=\"og:image\" content=\"https:\/\/mueble4you.com\/wp-content\/uploads\/2020\/10\/silvia-ambiente.jpg\" \/>\n\t<meta property=\"og:image:width\" content=\"1700\" \/>\n\t<meta property=\"og:image:height\" content=\"1000\" \/>\n\t<meta property=\"og:image:type\" content=\"image\/jpeg\" \/>\n<meta name=\"twitter:card\" content=\"summary_large_image\" \/>\n<script type=\"application\/ld+json\" class=\"yoast-schema-graph\">{\"@context\":\"https:\/\/schema.org\",\"@graph\":[{\"@type\":\"WebPage\",\"@id\":\"https:\/\/mueble4you.com\/de\/productos\/silvia-elektrischer-sessel-menschen-heben\/\",\"url\":\"https:\/\/mueble4you.com\/de\/productos\/silvia-elektrischer-sessel-menschen-heben\/\",\"name\":\"Silvia, elektrischer Sessel, Menschen heben. | mueble4you\",\"isPartOf\":{\"@id\":\"https:\/\/mueble4you.com\/#website\"},\"primaryImageOfPage\":{\"@id\":\"https:\/\/mueble4you.com\/de\/productos\/silvia-elektrischer-sessel-menschen-heben\/#primaryimage\"},\"image\":{\"@id\":\"https:\/\/mueble4you.com\/de\/productos\/silvia-elektrischer-sessel-menschen-heben\/#primaryimage\"},\"thumbnailUrl\":\"https:\/\/mueble4you.com\/wp-content\/uploads\/2020\/10\/silvia-ambiente.jpg\",\"datePublished\":\"2020-10-24T09:16:14+00:00\",\"dateModified\":\"2023-05-09T11:38:18+00:00\",\"breadcrumb\":{\"@id\":\"https:\/\/mueble4you.com\/de\/productos\/silvia-elektrischer-sessel-menschen-heben\/#breadcrumb\"},\"inLanguage\":\"de\",\"potentialAction\":[{\"@type\":\"ReadAction\",\"target\":[\"https:\/\/mueble4you.com\/de\/productos\/silvia-elektrischer-sessel-menschen-heben\/\"]}]},{\"@type\":\"ImageObject\",\"inLanguage\":\"de\",\"@id\":\"https:\/\/mueble4you.com\/de\/productos\/silvia-elektrischer-sessel-menschen-heben\/#primaryimage\",\"url\":\"https:\/\/mueble4you.com\/wp-content\/uploads\/2020\/10\/silvia-ambiente.jpg\",\"contentUrl\":\"https:\/\/mueble4you.com\/wp-content\/uploads\/2020\/10\/silvia-ambiente.jpg\",\"width\":1700,\"height\":1000},{\"@type\":\"BreadcrumbList\",\"@id\":\"https:\/\/mueble4you.com\/de\/productos\/silvia-elektrischer-sessel-menschen-heben\/#breadcrumb\",\"itemListElement\":[{\"@type\":\"ListItem\",\"position\":1,\"name\":\"Portada\",\"item\":\"https:\/\/mueble4you.com\/de\/\"},{\"@type\":\"ListItem\",\"position\":2,\"name\":\"Productos\",\"item\":\"https:\/\/mueble4you.com\/productos\/\"},{\"@type\":\"ListItem\",\"position\":3,\"name\":\"Silvia, elektrischer Sessel, Menschen heben.\"}]},{\"@type\":\"WebSite\",\"@id\":\"https:\/\/mueble4you.com\/#website\",\"url\":\"https:\/\/mueble4you.com\/\",\"name\":\"mueble4you\",\"description\":\"M\u00f6bel in Teneriffa\",\"potentialAction\":[{\"@type\":\"SearchAction\",\"target\":{\"@type\":\"EntryPoint\",\"urlTemplate\":\"https:\/\/mueble4you.com\/?s={search_term_string}\"},\"query-input\":{\"@type\":\"PropertyValueSpecification\",\"valueRequired\":true,\"valueName\":\"search_term_string\"}}],\"inLanguage\":\"de\"}]}<\/script>\n<!-- \/ Yoast SEO plugin. -->","yoast_head_json":{"title":"Silvia, elektrischer Sessel, Menschen heben. | mueble4you","robots":{"index":"index","follow":"follow","max-snippet":"max-snippet:-1","max-image-preview":"max-image-preview:large","max-video-preview":"max-video-preview:-1"},"canonical":"https:\/\/mueble4you.com\/de\/productos\/silvia-elektrischer-sessel-menschen-heben\/","og_locale":"de_DE","og_type":"article","og_title":"Silvia, elektrischer Sessel, Menschen heben. | mueble4you","og_description":"\u00a0MESSUNGEN: R\u00fcckenlehnenh\u00f6he: 66 cm. Sitzh\u00f6he: 51 cm. Sitztiefe: 51 cm. Sitzbreite: 50 cm. Offenes Ma\u00df: 154 cm. STRUKTUR: Verst\u00e4rktes Spanplatten-Kiefernholz. SITZFEDERUNG: Hochwertige beschichtete B\u00e4nder. SITZKISSEN: 35 kg \/ m3 Polyurethanschaum mit Polyesterfaser \u00fcberzogen. R\u00dcCKENKISSEN: Silikonisierte Hohlfaser. ENTFERNBAR: Sitz-, R\u00fccken- und Armkissen. BEINE: Naturholz im manuellen Stuhl. USB-Ladeger\u00e4t in der Tastatur. Auf Anfrage in einem anderen [...]","og_url":"https:\/\/mueble4you.com\/de\/productos\/silvia-elektrischer-sessel-menschen-heben\/","og_site_name":"mueble4you","article_modified_time":"2023-05-09T11:38:18+00:00","og_image":[{"width":1700,"height":1000,"url":"https:\/\/mueble4you.com\/wp-content\/uploads\/2020\/10\/silvia-ambiente.jpg","type":"image\/jpeg"}],"twitter_card":"summary_large_image","schema":{"@context":"https:\/\/schema.org","@graph":[{"@type":"WebPage","@id":"https:\/\/mueble4you.com\/de\/productos\/silvia-elektrischer-sessel-menschen-heben\/","url":"https:\/\/mueble4you.com\/de\/productos\/silvia-elektrischer-sessel-menschen-heben\/","name":"Silvia, elektrischer Sessel, Menschen heben. | mueble4you","isPartOf":{"@id":"https:\/\/mueble4you.com\/#website"},"primaryImageOfPage":{"@id":"https:\/\/mueble4you.com\/de\/productos\/silvia-elektrischer-sessel-menschen-heben\/#primaryimage"},"image":{"@id":"https:\/\/mueble4you.com\/de\/productos\/silvia-elektrischer-sessel-menschen-heben\/#primaryimage"},"thumbnailUrl":"https:\/\/mueble4you.com\/wp-content\/uploads\/2020\/10\/silvia-ambiente.jpg","datePublished":"2020-10-24T09:16:14+00:00","dateModified":"2023-05-09T11:38:18+00:00","breadcrumb":{"@id":"https:\/\/mueble4you.com\/de\/productos\/silvia-elektrischer-sessel-menschen-heben\/#breadcrumb"},"inLanguage":"de","potentialAction":[{"@type":"ReadAction","target":["https:\/\/mueble4you.com\/de\/productos\/silvia-elektrischer-sessel-menschen-heben\/"]}]},{"@type":"ImageObject","inLanguage":"de","@id":"https:\/\/mueble4you.com\/de\/productos\/silvia-elektrischer-sessel-menschen-heben\/#primaryimage","url":"https:\/\/mueble4you.com\/wp-content\/uploads\/2020\/10\/silvia-ambiente.jpg","contentUrl":"https:\/\/mueble4you.com\/wp-content\/uploads\/2020\/10\/silvia-ambiente.jpg","width":1700,"height":1000},{"@type":"BreadcrumbList","@id":"https:\/\/mueble4you.com\/de\/productos\/silvia-elektrischer-sessel-menschen-heben\/#breadcrumb","itemListElement":[{"@type":"ListItem","position":1,"name":"Portada","item":"https:\/\/mueble4you.com\/de\/"},{"@type":"ListItem","position":2,"name":"Productos","item":"https:\/\/mueble4you.com\/productos\/"},{"@type":"ListItem","position":3,"name":"Silvia, elektrischer Sessel, Menschen heben."}]},{"@type":"WebSite","@id":"https:\/\/mueble4you.com\/#website","url":"https:\/\/mueble4you.com\/","name":"mueble4you","description":"M\u00f6bel in Teneriffa","potentialAction":[{"@type":"SearchAction","target":{"@type":"EntryPoint","urlTemplate":"https:\/\/mueble4you.com\/?s={search_term_string}"},"query-input":{"@type":"PropertyValueSpecification","valueRequired":true,"valueName":"search_term_string"}}],"inLanguage":"de"}]}},"_links":{"self":[{"href":"https:\/\/mueble4you.com\/de\/wp-json\/wp\/v2\/product\/41585","targetHints":{"allow":["GET"]}}],"collection":[{"href":"https:\/\/mueble4you.com\/de\/wp-json\/wp\/v2\/product"}],"about":[{"href":"https:\/\/mueble4you.com\/de\/wp-json\/wp\/v2\/types\/product"}],"wp:featuredmedia":[{"embeddable":true,"href":"https:\/\/mueble4you.com\/de\/wp-json\/wp\/v2\/media\/41571"}],"wp:attachment":[{"href":"https:\/\/mueble4you.com\/de\/wp-json\/wp\/v2\/media?parent=41585"}],"wp:term":[{"taxonomy":"product_brand","embeddable":true,"href":"https:\/\/mueble4you.com\/de\/wp-json\/wp\/v2\/product_brand?post=41585"},{"taxonomy":"product_cat","embeddable":true,"href":"https:\/\/mueble4you.com\/de\/wp-json\/wp\/v2\/product_cat?post=41585"},{"taxonomy":"product_tag","embeddable":true,"href":"https:\/\/mueble4you.com\/de\/wp-json\/wp\/v2\/product_tag?post=41585"}],"curies":[{"name":"wp","href":"https:\/\/api.w.org\/{rel}","templated":true}]}}