{"id":41564,"date":"2020-10-23T10:35:22","date_gmt":"2020-10-23T10:35:22","guid":{"rendered":"https:\/\/mueble4you.com\/productos\/river-sillon-electrico-levanta-personas\/"},"modified":"2020-10-23T15:23:50","modified_gmt":"2020-10-23T15:23:50","slug":"fluss-elektrischer-sessel-menschen-heben","status":"publish","type":"product","link":"https:\/\/mueble4you.com\/de\/productos\/fluss-elektrischer-sessel-menschen-heben\/","title":{"rendered":"Fluss, elektrischer Sessel, Menschen heben."},"content":{"rendered":"<ul>\n<li>\u00a0Elektrischer Sessel R\u00fcckenlehnenh\u00f6he: 70 cm.<\/li>\n<li>Sitzh\u00f6he: 50 cm.<\/li>\n<li>Sitztiefe: 49 cm.<\/li>\n<li>Sitzbreite: 50 cm.<\/li>\n<li>Offenes Ma\u00df: 160 cm.<\/li>\n<li>MECHANISMUS: Manueller und motorisierter Lift entspannen sich.<\/li>\n<li>STRUKTUR: Mit Spanplatten verst\u00e4rktes Kiefernholz.<\/li>\n<li>SITZFEDERUNG: Hochwertige beschichtete B\u00e4nder.<\/li>\n<li>SITZKISSEN: 30 kg \/ m3 Polyurethanschaum mit Polyesterfaser \u00fcberzogen.<\/li>\n<li>R\u00dcCKENKISSEN: Silikonisierte Hohlfaser.<\/li>\n<li>ENTFERNBAR: Sitz- und R\u00fcckenkissen. USB-Ladeger\u00e4t in der Tastatur.<\/li>\n<li>Erh\u00e4ltlich in Silber und Steinfarbe.<\/li>\n<li>Auf Anfrage in einem anderen Stoff und einer anderen Farbe erh\u00e4ltlich.<\/li>\n<\/ul>\n","protected":false},"excerpt":{"rendered":"<p>\u00a0Elektrischer Sessel R\u00fcckenlehnenh\u00f6he: 70 cm. Sitzh\u00f6he: 50 cm. Sitztiefe: 49 cm. Sitzbreite: 50 cm. Offenes Ma\u00df: 160 cm. MECHANISMUS: Manueller und motorisierter Lift entspannen sich. STRUKTUR: Mit Spanplatten verst\u00e4rktes Kiefernholz. SITZFEDERUNG: Hochwertige beschichtete B\u00e4nder. SITZKISSEN: 30 kg \/ m3 Polyurethanschaum mit Polyesterfaser \u00fcberzogen. R\u00dcCKENKISSEN: Silikonisierte Hohlfaser. ENTFERNBAR: Sitz- und R\u00fcckenkissen. USB-Ladeger\u00e4t in der Tastatur. Erh\u00e4ltlich [&#8230;]\n","protected":false},"featured_media":41560,"template":"","meta":[],"product_brand":[],"product_cat":[365,272],"product_tag":[],"class_list":{"0":"post-41564","1":"product","2":"type-product","3":"status-publish","4":"has-post-thumbnail","6":"product_cat-sessel","7":"product_cat-wohnzimmer","9":"first","10":"instock","11":"shipping-taxable","12":"product-type-simple"},"yoast_head":"<!-- This site is optimized with the Yoast SEO plugin v27.3 - https:\/\/yoast.com\/product\/yoast-seo-wordpress\/ -->\n<title>Fluss, elektrischer Sessel, Menschen heben. | mueble4you<\/title>\n<meta name=\"robots\" content=\"index, follow, max-snippet:-1, max-image-preview:large, max-video-preview:-1\" \/>\n<link rel=\"canonical\" href=\"https:\/\/mueble4you.com\/de\/productos\/fluss-elektrischer-sessel-menschen-heben\/\" \/>\n<meta property=\"og:locale\" content=\"de_DE\" \/>\n<meta property=\"og:type\" content=\"article\" \/>\n<meta property=\"og:title\" content=\"Fluss, elektrischer Sessel, Menschen heben. | mueble4you\" \/>\n<meta property=\"og:description\" content=\"\u00a0Elektrischer Sessel R\u00fcckenlehnenh\u00f6he: 70 cm. Sitzh\u00f6he: 50 cm. Sitztiefe: 49 cm. Sitzbreite: 50 cm. Offenes Ma\u00df: 160 cm. MECHANISMUS: Manueller und motorisierter Lift entspannen sich. STRUKTUR: Mit Spanplatten verst\u00e4rktes Kiefernholz. SITZFEDERUNG: Hochwertige beschichtete B\u00e4nder. SITZKISSEN: 30 kg \/ m3 Polyurethanschaum mit Polyesterfaser \u00fcberzogen. R\u00dcCKENKISSEN: Silikonisierte Hohlfaser. ENTFERNBAR: Sitz- und R\u00fcckenkissen. USB-Ladeger\u00e4t in der Tastatur. Erh\u00e4ltlich [...]\" \/>\n<meta property=\"og:url\" content=\"https:\/\/mueble4you.com\/de\/productos\/fluss-elektrischer-sessel-menschen-heben\/\" \/>\n<meta property=\"og:site_name\" content=\"mueble4you\" \/>\n<meta property=\"article:modified_time\" content=\"2020-10-23T15:23:50+00:00\" \/>\n<meta property=\"og:image\" content=\"https:\/\/mueble4you.com\/wp-content\/uploads\/2020\/10\/river-ambient.jpg\" \/>\n\t<meta property=\"og:image:width\" content=\"1700\" \/>\n\t<meta property=\"og:image:height\" content=\"1000\" \/>\n\t<meta property=\"og:image:type\" content=\"image\/jpeg\" \/>\n<meta name=\"twitter:card\" content=\"summary_large_image\" \/>\n<script type=\"application\/ld+json\" class=\"yoast-schema-graph\">{\"@context\":\"https:\\\/\\\/schema.org\",\"@graph\":[{\"@type\":\"WebPage\",\"@id\":\"https:\\\/\\\/mueble4you.com\\\/de\\\/productos\\\/fluss-elektrischer-sessel-menschen-heben\\\/\",\"url\":\"https:\\\/\\\/mueble4you.com\\\/de\\\/productos\\\/fluss-elektrischer-sessel-menschen-heben\\\/\",\"name\":\"Fluss, elektrischer Sessel, Menschen heben. | mueble4you\",\"isPartOf\":{\"@id\":\"https:\\\/\\\/mueble4you.com\\\/#website\"},\"primaryImageOfPage\":{\"@id\":\"https:\\\/\\\/mueble4you.com\\\/de\\\/productos\\\/fluss-elektrischer-sessel-menschen-heben\\\/#primaryimage\"},\"image\":{\"@id\":\"https:\\\/\\\/mueble4you.com\\\/de\\\/productos\\\/fluss-elektrischer-sessel-menschen-heben\\\/#primaryimage\"},\"thumbnailUrl\":\"https:\\\/\\\/mueble4you.com\\\/wp-content\\\/uploads\\\/2020\\\/10\\\/river-ambient.jpg\",\"datePublished\":\"2020-10-23T10:35:22+00:00\",\"dateModified\":\"2020-10-23T15:23:50+00:00\",\"breadcrumb\":{\"@id\":\"https:\\\/\\\/mueble4you.com\\\/de\\\/productos\\\/fluss-elektrischer-sessel-menschen-heben\\\/#breadcrumb\"},\"inLanguage\":\"de\",\"potentialAction\":[{\"@type\":\"ReadAction\",\"target\":[\"https:\\\/\\\/mueble4you.com\\\/de\\\/productos\\\/fluss-elektrischer-sessel-menschen-heben\\\/\"]}]},{\"@type\":\"ImageObject\",\"inLanguage\":\"de\",\"@id\":\"https:\\\/\\\/mueble4you.com\\\/de\\\/productos\\\/fluss-elektrischer-sessel-menschen-heben\\\/#primaryimage\",\"url\":\"https:\\\/\\\/mueble4you.com\\\/wp-content\\\/uploads\\\/2020\\\/10\\\/river-ambient.jpg\",\"contentUrl\":\"https:\\\/\\\/mueble4you.com\\\/wp-content\\\/uploads\\\/2020\\\/10\\\/river-ambient.jpg\",\"width\":1700,\"height\":1000},{\"@type\":\"BreadcrumbList\",\"@id\":\"https:\\\/\\\/mueble4you.com\\\/de\\\/productos\\\/fluss-elektrischer-sessel-menschen-heben\\\/#breadcrumb\",\"itemListElement\":[{\"@type\":\"ListItem\",\"position\":1,\"name\":\"Portada\",\"item\":\"https:\\\/\\\/mueble4you.com\\\/de\\\/\"},{\"@type\":\"ListItem\",\"position\":2,\"name\":\"Productos\",\"item\":\"https:\\\/\\\/mueble4you.com\\\/productos\\\/\"},{\"@type\":\"ListItem\",\"position\":3,\"name\":\"Fluss, elektrischer Sessel, Menschen heben.\"}]},{\"@type\":\"WebSite\",\"@id\":\"https:\\\/\\\/mueble4you.com\\\/#website\",\"url\":\"https:\\\/\\\/mueble4you.com\\\/\",\"name\":\"mueble4you\",\"description\":\"M\u00f6bel in Teneriffa\",\"potentialAction\":[{\"@type\":\"SearchAction\",\"target\":{\"@type\":\"EntryPoint\",\"urlTemplate\":\"https:\\\/\\\/mueble4you.com\\\/?s={search_term_string}\"},\"query-input\":{\"@type\":\"PropertyValueSpecification\",\"valueRequired\":true,\"valueName\":\"search_term_string\"}}],\"inLanguage\":\"de\"}]}<\/script>\n<!-- \/ Yoast SEO plugin. -->","yoast_head_json":{"title":"Fluss, elektrischer Sessel, Menschen heben. | mueble4you","robots":{"index":"index","follow":"follow","max-snippet":"max-snippet:-1","max-image-preview":"max-image-preview:large","max-video-preview":"max-video-preview:-1"},"canonical":"https:\/\/mueble4you.com\/de\/productos\/fluss-elektrischer-sessel-menschen-heben\/","og_locale":"de_DE","og_type":"article","og_title":"Fluss, elektrischer Sessel, Menschen heben. | mueble4you","og_description":"\u00a0Elektrischer Sessel R\u00fcckenlehnenh\u00f6he: 70 cm. Sitzh\u00f6he: 50 cm. Sitztiefe: 49 cm. Sitzbreite: 50 cm. Offenes Ma\u00df: 160 cm. MECHANISMUS: Manueller und motorisierter Lift entspannen sich. STRUKTUR: Mit Spanplatten verst\u00e4rktes Kiefernholz. SITZFEDERUNG: Hochwertige beschichtete B\u00e4nder. SITZKISSEN: 30 kg \/ m3 Polyurethanschaum mit Polyesterfaser \u00fcberzogen. R\u00dcCKENKISSEN: Silikonisierte Hohlfaser. ENTFERNBAR: Sitz- und R\u00fcckenkissen. USB-Ladeger\u00e4t in der Tastatur. Erh\u00e4ltlich [...]","og_url":"https:\/\/mueble4you.com\/de\/productos\/fluss-elektrischer-sessel-menschen-heben\/","og_site_name":"mueble4you","article_modified_time":"2020-10-23T15:23:50+00:00","og_image":[{"width":1700,"height":1000,"url":"https:\/\/mueble4you.com\/wp-content\/uploads\/2020\/10\/river-ambient.jpg","type":"image\/jpeg"}],"twitter_card":"summary_large_image","schema":{"@context":"https:\/\/schema.org","@graph":[{"@type":"WebPage","@id":"https:\/\/mueble4you.com\/de\/productos\/fluss-elektrischer-sessel-menschen-heben\/","url":"https:\/\/mueble4you.com\/de\/productos\/fluss-elektrischer-sessel-menschen-heben\/","name":"Fluss, elektrischer Sessel, Menschen heben. | mueble4you","isPartOf":{"@id":"https:\/\/mueble4you.com\/#website"},"primaryImageOfPage":{"@id":"https:\/\/mueble4you.com\/de\/productos\/fluss-elektrischer-sessel-menschen-heben\/#primaryimage"},"image":{"@id":"https:\/\/mueble4you.com\/de\/productos\/fluss-elektrischer-sessel-menschen-heben\/#primaryimage"},"thumbnailUrl":"https:\/\/mueble4you.com\/wp-content\/uploads\/2020\/10\/river-ambient.jpg","datePublished":"2020-10-23T10:35:22+00:00","dateModified":"2020-10-23T15:23:50+00:00","breadcrumb":{"@id":"https:\/\/mueble4you.com\/de\/productos\/fluss-elektrischer-sessel-menschen-heben\/#breadcrumb"},"inLanguage":"de","potentialAction":[{"@type":"ReadAction","target":["https:\/\/mueble4you.com\/de\/productos\/fluss-elektrischer-sessel-menschen-heben\/"]}]},{"@type":"ImageObject","inLanguage":"de","@id":"https:\/\/mueble4you.com\/de\/productos\/fluss-elektrischer-sessel-menschen-heben\/#primaryimage","url":"https:\/\/mueble4you.com\/wp-content\/uploads\/2020\/10\/river-ambient.jpg","contentUrl":"https:\/\/mueble4you.com\/wp-content\/uploads\/2020\/10\/river-ambient.jpg","width":1700,"height":1000},{"@type":"BreadcrumbList","@id":"https:\/\/mueble4you.com\/de\/productos\/fluss-elektrischer-sessel-menschen-heben\/#breadcrumb","itemListElement":[{"@type":"ListItem","position":1,"name":"Portada","item":"https:\/\/mueble4you.com\/de\/"},{"@type":"ListItem","position":2,"name":"Productos","item":"https:\/\/mueble4you.com\/productos\/"},{"@type":"ListItem","position":3,"name":"Fluss, elektrischer Sessel, Menschen heben."}]},{"@type":"WebSite","@id":"https:\/\/mueble4you.com\/#website","url":"https:\/\/mueble4you.com\/","name":"mueble4you","description":"M\u00f6bel in Teneriffa","potentialAction":[{"@type":"SearchAction","target":{"@type":"EntryPoint","urlTemplate":"https:\/\/mueble4you.com\/?s={search_term_string}"},"query-input":{"@type":"PropertyValueSpecification","valueRequired":true,"valueName":"search_term_string"}}],"inLanguage":"de"}]}},"_links":{"self":[{"href":"https:\/\/mueble4you.com\/de\/wp-json\/wp\/v2\/product\/41564","targetHints":{"allow":["GET"]}}],"collection":[{"href":"https:\/\/mueble4you.com\/de\/wp-json\/wp\/v2\/product"}],"about":[{"href":"https:\/\/mueble4you.com\/de\/wp-json\/wp\/v2\/types\/product"}],"wp:featuredmedia":[{"embeddable":true,"href":"https:\/\/mueble4you.com\/de\/wp-json\/wp\/v2\/media\/41560"}],"wp:attachment":[{"href":"https:\/\/mueble4you.com\/de\/wp-json\/wp\/v2\/media?parent=41564"}],"wp:term":[{"taxonomy":"product_brand","embeddable":true,"href":"https:\/\/mueble4you.com\/de\/wp-json\/wp\/v2\/product_brand?post=41564"},{"taxonomy":"product_cat","embeddable":true,"href":"https:\/\/mueble4you.com\/de\/wp-json\/wp\/v2\/product_cat?post=41564"},{"taxonomy":"product_tag","embeddable":true,"href":"https:\/\/mueble4you.com\/de\/wp-json\/wp\/v2\/product_tag?post=41564"}],"curies":[{"name":"wp","href":"https:\/\/api.w.org\/{rel}","templated":true}]}}