{"id":41483,"date":"2020-10-20T15:31:56","date_gmt":"2020-10-20T15:31:56","guid":{"rendered":"https:\/\/mueble4you.com\/productos\/sinfonier-6c-lacado-blanco-brillo-frente-vison\/"},"modified":"2020-10-22T16:33:47","modified_gmt":"2020-10-22T16:33:47","slug":"chiffonnier-6c-glanzend-weise-lack-nerz-front","status":"publish","type":"product","link":"https:\/\/mueble4you.com\/de\/productos\/chiffonnier-6c-glanzend-weise-lack-nerz-front\/","title":{"rendered":"Chiffonnier 6C, gl\u00e4nzend wei\u00dfe Lack-Nerz-Front."},"content":{"rendered":"<ul>\n<li id=\"tw-target-text\" class=\"tw-data-text tw-text-large XcVN5d tw-ta\" dir=\"ltr\" data-placeholder=\"Traducci\u00f3n\"><span lang=\"de\">\u00a0Kommode mit 6 Schubladen. <\/span><\/li>\n<li class=\"tw-data-text tw-text-large XcVN5d tw-ta\" dir=\"ltr\" data-placeholder=\"Traducci\u00f3n\"><span lang=\"de\">Farbe: Gl\u00e4nzender wei\u00dfer Lack &#8211; Nerzfront.<\/span><\/li>\n<li class=\"tw-data-text tw-text-large XcVN5d tw-ta\" dir=\"ltr\" data-placeholder=\"Traducci\u00f3n\"><span lang=\"de\">Ma\u00dfe: 64 x 41 x 124 cm. <\/span><\/li>\n<li class=\"tw-data-text tw-text-large XcVN5d tw-ta\" dir=\"ltr\" data-placeholder=\"Traducci\u00f3n\"><span lang=\"de\">Mit 4 Beinen, mit Sockel erh\u00e4ltlich, auf Anfrage. <\/span><\/li>\n<li class=\"tw-data-text tw-text-large XcVN5d tw-ta\" dir=\"ltr\" data-placeholder=\"Traducci\u00f3n\"><span lang=\"de\">Auf Anfrage auch in anderen Farben erh\u00e4ltlich.<\/span><\/li>\n<\/ul>\n","protected":false},"excerpt":{"rendered":"<p>\u00a0Kommode mit 6 Schubladen. Farbe: Gl\u00e4nzender wei\u00dfer Lack &#8211; Nerzfront. Ma\u00dfe: 64 x 41 x 124 cm. Mit 4 Beinen, mit Sockel erh\u00e4ltlich, auf Anfrage. Auf Anfrage auch in anderen Farben erh\u00e4ltlich.<\/p>\n","protected":false},"featured_media":41540,"template":"","meta":[],"product_brand":[],"product_cat":[269,283],"product_tag":[],"class_list":{"0":"post-41483","1":"product","2":"type-product","3":"status-publish","4":"has-post-thumbnail","6":"product_cat-schlafzimmer","7":"product_cat-schlafzimmermobel","9":"first","10":"instock","11":"shipping-taxable","12":"product-type-simple"},"yoast_head":"<!-- This site is optimized with the Yoast SEO plugin v27.3 - https:\/\/yoast.com\/product\/yoast-seo-wordpress\/ -->\n<title>Chiffonnier 6C, gl\u00e4nzend wei\u00dfe Lack-Nerz-Front. | mueble4you<\/title>\n<meta name=\"robots\" content=\"index, follow, max-snippet:-1, max-image-preview:large, max-video-preview:-1\" \/>\n<link rel=\"canonical\" href=\"https:\/\/mueble4you.com\/de\/productos\/chiffonnier-6c-glanzend-weise-lack-nerz-front\/\" \/>\n<meta property=\"og:locale\" content=\"de_DE\" \/>\n<meta property=\"og:type\" content=\"article\" \/>\n<meta property=\"og:title\" content=\"Chiffonnier 6C, gl\u00e4nzend wei\u00dfe Lack-Nerz-Front. | mueble4you\" \/>\n<meta property=\"og:description\" content=\"\u00a0Kommode mit 6 Schubladen. Farbe: Gl\u00e4nzender wei\u00dfer Lack &#8211; Nerzfront. Ma\u00dfe: 64 x 41 x 124 cm. Mit 4 Beinen, mit Sockel erh\u00e4ltlich, auf Anfrage. Auf Anfrage auch in anderen Farben erh\u00e4ltlich.\" \/>\n<meta property=\"og:url\" content=\"https:\/\/mueble4you.com\/de\/productos\/chiffonnier-6c-glanzend-weise-lack-nerz-front\/\" \/>\n<meta property=\"og:site_name\" content=\"mueble4you\" \/>\n<meta property=\"article:modified_time\" content=\"2020-10-22T16:33:47+00:00\" \/>\n<meta property=\"og:image\" content=\"https:\/\/mueble4you.com\/wp-content\/uploads\/2020\/10\/601-cc3f380297-2.jpg\" \/>\n\t<meta property=\"og:image:width\" content=\"210\" \/>\n\t<meta property=\"og:image:height\" content=\"511\" \/>\n\t<meta property=\"og:image:type\" content=\"image\/jpeg\" \/>\n<meta name=\"twitter:card\" content=\"summary_large_image\" \/>\n<script type=\"application\/ld+json\" class=\"yoast-schema-graph\">{\"@context\":\"https:\\\/\\\/schema.org\",\"@graph\":[{\"@type\":\"WebPage\",\"@id\":\"https:\\\/\\\/mueble4you.com\\\/de\\\/productos\\\/chiffonnier-6c-glanzend-weise-lack-nerz-front\\\/\",\"url\":\"https:\\\/\\\/mueble4you.com\\\/de\\\/productos\\\/chiffonnier-6c-glanzend-weise-lack-nerz-front\\\/\",\"name\":\"Chiffonnier 6C, gl\u00e4nzend wei\u00dfe Lack-Nerz-Front. | mueble4you\",\"isPartOf\":{\"@id\":\"https:\\\/\\\/mueble4you.com\\\/#website\"},\"primaryImageOfPage\":{\"@id\":\"https:\\\/\\\/mueble4you.com\\\/de\\\/productos\\\/chiffonnier-6c-glanzend-weise-lack-nerz-front\\\/#primaryimage\"},\"image\":{\"@id\":\"https:\\\/\\\/mueble4you.com\\\/de\\\/productos\\\/chiffonnier-6c-glanzend-weise-lack-nerz-front\\\/#primaryimage\"},\"thumbnailUrl\":\"https:\\\/\\\/mueble4you.com\\\/wp-content\\\/uploads\\\/2020\\\/10\\\/601-cc3f380297-2.jpg\",\"datePublished\":\"2020-10-20T15:31:56+00:00\",\"dateModified\":\"2020-10-22T16:33:47+00:00\",\"breadcrumb\":{\"@id\":\"https:\\\/\\\/mueble4you.com\\\/de\\\/productos\\\/chiffonnier-6c-glanzend-weise-lack-nerz-front\\\/#breadcrumb\"},\"inLanguage\":\"de\",\"potentialAction\":[{\"@type\":\"ReadAction\",\"target\":[\"https:\\\/\\\/mueble4you.com\\\/de\\\/productos\\\/chiffonnier-6c-glanzend-weise-lack-nerz-front\\\/\"]}]},{\"@type\":\"ImageObject\",\"inLanguage\":\"de\",\"@id\":\"https:\\\/\\\/mueble4you.com\\\/de\\\/productos\\\/chiffonnier-6c-glanzend-weise-lack-nerz-front\\\/#primaryimage\",\"url\":\"https:\\\/\\\/mueble4you.com\\\/wp-content\\\/uploads\\\/2020\\\/10\\\/601-cc3f380297-2.jpg\",\"contentUrl\":\"https:\\\/\\\/mueble4you.com\\\/wp-content\\\/uploads\\\/2020\\\/10\\\/601-cc3f380297-2.jpg\",\"width\":210,\"height\":511},{\"@type\":\"BreadcrumbList\",\"@id\":\"https:\\\/\\\/mueble4you.com\\\/de\\\/productos\\\/chiffonnier-6c-glanzend-weise-lack-nerz-front\\\/#breadcrumb\",\"itemListElement\":[{\"@type\":\"ListItem\",\"position\":1,\"name\":\"Portada\",\"item\":\"https:\\\/\\\/mueble4you.com\\\/de\\\/\"},{\"@type\":\"ListItem\",\"position\":2,\"name\":\"Productos\",\"item\":\"https:\\\/\\\/mueble4you.com\\\/productos\\\/\"},{\"@type\":\"ListItem\",\"position\":3,\"name\":\"Chiffonnier 6C, gl\u00e4nzend wei\u00dfe Lack-Nerz-Front.\"}]},{\"@type\":\"WebSite\",\"@id\":\"https:\\\/\\\/mueble4you.com\\\/#website\",\"url\":\"https:\\\/\\\/mueble4you.com\\\/\",\"name\":\"mueble4you\",\"description\":\"M\u00f6bel in Teneriffa\",\"potentialAction\":[{\"@type\":\"SearchAction\",\"target\":{\"@type\":\"EntryPoint\",\"urlTemplate\":\"https:\\\/\\\/mueble4you.com\\\/?s={search_term_string}\"},\"query-input\":{\"@type\":\"PropertyValueSpecification\",\"valueRequired\":true,\"valueName\":\"search_term_string\"}}],\"inLanguage\":\"de\"}]}<\/script>\n<!-- \/ Yoast SEO plugin. -->","yoast_head_json":{"title":"Chiffonnier 6C, gl\u00e4nzend wei\u00dfe Lack-Nerz-Front. | mueble4you","robots":{"index":"index","follow":"follow","max-snippet":"max-snippet:-1","max-image-preview":"max-image-preview:large","max-video-preview":"max-video-preview:-1"},"canonical":"https:\/\/mueble4you.com\/de\/productos\/chiffonnier-6c-glanzend-weise-lack-nerz-front\/","og_locale":"de_DE","og_type":"article","og_title":"Chiffonnier 6C, gl\u00e4nzend wei\u00dfe Lack-Nerz-Front. | mueble4you","og_description":"\u00a0Kommode mit 6 Schubladen. Farbe: Gl\u00e4nzender wei\u00dfer Lack &#8211; Nerzfront. Ma\u00dfe: 64 x 41 x 124 cm. Mit 4 Beinen, mit Sockel erh\u00e4ltlich, auf Anfrage. Auf Anfrage auch in anderen Farben erh\u00e4ltlich.","og_url":"https:\/\/mueble4you.com\/de\/productos\/chiffonnier-6c-glanzend-weise-lack-nerz-front\/","og_site_name":"mueble4you","article_modified_time":"2020-10-22T16:33:47+00:00","og_image":[{"width":210,"height":511,"url":"https:\/\/mueble4you.com\/wp-content\/uploads\/2020\/10\/601-cc3f380297-2.jpg","type":"image\/jpeg"}],"twitter_card":"summary_large_image","schema":{"@context":"https:\/\/schema.org","@graph":[{"@type":"WebPage","@id":"https:\/\/mueble4you.com\/de\/productos\/chiffonnier-6c-glanzend-weise-lack-nerz-front\/","url":"https:\/\/mueble4you.com\/de\/productos\/chiffonnier-6c-glanzend-weise-lack-nerz-front\/","name":"Chiffonnier 6C, gl\u00e4nzend wei\u00dfe Lack-Nerz-Front. | mueble4you","isPartOf":{"@id":"https:\/\/mueble4you.com\/#website"},"primaryImageOfPage":{"@id":"https:\/\/mueble4you.com\/de\/productos\/chiffonnier-6c-glanzend-weise-lack-nerz-front\/#primaryimage"},"image":{"@id":"https:\/\/mueble4you.com\/de\/productos\/chiffonnier-6c-glanzend-weise-lack-nerz-front\/#primaryimage"},"thumbnailUrl":"https:\/\/mueble4you.com\/wp-content\/uploads\/2020\/10\/601-cc3f380297-2.jpg","datePublished":"2020-10-20T15:31:56+00:00","dateModified":"2020-10-22T16:33:47+00:00","breadcrumb":{"@id":"https:\/\/mueble4you.com\/de\/productos\/chiffonnier-6c-glanzend-weise-lack-nerz-front\/#breadcrumb"},"inLanguage":"de","potentialAction":[{"@type":"ReadAction","target":["https:\/\/mueble4you.com\/de\/productos\/chiffonnier-6c-glanzend-weise-lack-nerz-front\/"]}]},{"@type":"ImageObject","inLanguage":"de","@id":"https:\/\/mueble4you.com\/de\/productos\/chiffonnier-6c-glanzend-weise-lack-nerz-front\/#primaryimage","url":"https:\/\/mueble4you.com\/wp-content\/uploads\/2020\/10\/601-cc3f380297-2.jpg","contentUrl":"https:\/\/mueble4you.com\/wp-content\/uploads\/2020\/10\/601-cc3f380297-2.jpg","width":210,"height":511},{"@type":"BreadcrumbList","@id":"https:\/\/mueble4you.com\/de\/productos\/chiffonnier-6c-glanzend-weise-lack-nerz-front\/#breadcrumb","itemListElement":[{"@type":"ListItem","position":1,"name":"Portada","item":"https:\/\/mueble4you.com\/de\/"},{"@type":"ListItem","position":2,"name":"Productos","item":"https:\/\/mueble4you.com\/productos\/"},{"@type":"ListItem","position":3,"name":"Chiffonnier 6C, gl\u00e4nzend wei\u00dfe Lack-Nerz-Front."}]},{"@type":"WebSite","@id":"https:\/\/mueble4you.com\/#website","url":"https:\/\/mueble4you.com\/","name":"mueble4you","description":"M\u00f6bel in Teneriffa","potentialAction":[{"@type":"SearchAction","target":{"@type":"EntryPoint","urlTemplate":"https:\/\/mueble4you.com\/?s={search_term_string}"},"query-input":{"@type":"PropertyValueSpecification","valueRequired":true,"valueName":"search_term_string"}}],"inLanguage":"de"}]}},"_links":{"self":[{"href":"https:\/\/mueble4you.com\/de\/wp-json\/wp\/v2\/product\/41483","targetHints":{"allow":["GET"]}}],"collection":[{"href":"https:\/\/mueble4you.com\/de\/wp-json\/wp\/v2\/product"}],"about":[{"href":"https:\/\/mueble4you.com\/de\/wp-json\/wp\/v2\/types\/product"}],"wp:featuredmedia":[{"embeddable":true,"href":"https:\/\/mueble4you.com\/de\/wp-json\/wp\/v2\/media\/41540"}],"wp:attachment":[{"href":"https:\/\/mueble4you.com\/de\/wp-json\/wp\/v2\/media?parent=41483"}],"wp:term":[{"taxonomy":"product_brand","embeddable":true,"href":"https:\/\/mueble4you.com\/de\/wp-json\/wp\/v2\/product_brand?post=41483"},{"taxonomy":"product_cat","embeddable":true,"href":"https:\/\/mueble4you.com\/de\/wp-json\/wp\/v2\/product_cat?post=41483"},{"taxonomy":"product_tag","embeddable":true,"href":"https:\/\/mueble4you.com\/de\/wp-json\/wp\/v2\/product_tag?post=41483"}],"curies":[{"name":"wp","href":"https:\/\/api.w.org\/{rel}","templated":true}]}}