{"id":41303,"date":"2020-10-16T16:28:56","date_gmt":"2020-10-16T16:28:56","guid":{"rendered":"https:\/\/mueble4you.com\/productos\/mesita-3-cajones-blanco-mate-frente-plata\/"},"modified":"2020-10-22T12:31:26","modified_gmt":"2020-10-22T12:31:26","slug":"beistelltisch-mit-3-schubladen-mattweis-silberfront","status":"publish","type":"product","link":"https:\/\/mueble4you.com\/de\/productos\/beistelltisch-mit-3-schubladen-mattweis-silberfront\/","title":{"rendered":"Beistelltisch mit 3 Schubladen, Mattwei\u00df &#8211; Silberfront."},"content":{"rendered":"<ul>\n<li>Couchtisch mit 3 Schubladen.<\/li>\n<li>Farbe: mattwei\u00df lackiert &#8211; silberne Front.<\/li>\n<li>Ma\u00dfe: 34 x 41 x 71 cm.<\/li>\n<\/ul>\n<p>&nbsp;<\/p>\n<p>&nbsp;<\/p>\n<p>&nbsp;<\/p>\n","protected":false},"excerpt":{"rendered":"<p>Couchtisch mit 3 Schubladen. Farbe: mattwei\u00df lackiert &#8211; silberne Front. Ma\u00dfe: 34 x 41 x 71 cm. &nbsp; &nbsp; &nbsp;<\/p>\n","protected":false},"featured_media":41299,"template":"","meta":[],"product_brand":[],"product_cat":[269,283],"product_tag":[],"class_list":{"0":"post-41303","1":"product","2":"type-product","3":"status-publish","4":"has-post-thumbnail","6":"product_cat-schlafzimmer","7":"product_cat-schlafzimmermobel","9":"first","10":"instock","11":"shipping-taxable","12":"product-type-simple"},"yoast_head":"<!-- This site is optimized with the Yoast SEO plugin v27.3 - https:\/\/yoast.com\/product\/yoast-seo-wordpress\/ -->\n<title>Beistelltisch mit 3 Schubladen, Mattwei\u00df - Silberfront. | mueble4you<\/title>\n<meta name=\"robots\" content=\"index, follow, max-snippet:-1, max-image-preview:large, max-video-preview:-1\" \/>\n<link rel=\"canonical\" href=\"https:\/\/mueble4you.com\/de\/productos\/beistelltisch-mit-3-schubladen-mattweis-silberfront\/\" \/>\n<meta property=\"og:locale\" content=\"de_DE\" \/>\n<meta property=\"og:type\" content=\"article\" \/>\n<meta property=\"og:title\" content=\"Beistelltisch mit 3 Schubladen, Mattwei\u00df - Silberfront. | mueble4you\" \/>\n<meta property=\"og:description\" content=\"Couchtisch mit 3 Schubladen. Farbe: mattwei\u00df lackiert &#8211; silberne Front. Ma\u00dfe: 34 x 41 x 71 cm. &nbsp; &nbsp; &nbsp;\" \/>\n<meta property=\"og:url\" content=\"https:\/\/mueble4you.com\/de\/productos\/beistelltisch-mit-3-schubladen-mattweis-silberfront\/\" \/>\n<meta property=\"og:site_name\" content=\"mueble4you\" \/>\n<meta property=\"article:modified_time\" content=\"2020-10-22T12:31:26+00:00\" \/>\n<meta property=\"og:image\" content=\"https:\/\/mueble4you.com\/wp-content\/uploads\/2020\/10\/IMG-20201016-WA0012-1.jpg\" \/>\n\t<meta property=\"og:image:width\" content=\"505\" \/>\n\t<meta property=\"og:image:height\" content=\"781\" \/>\n\t<meta property=\"og:image:type\" content=\"image\/jpeg\" \/>\n<meta name=\"twitter:card\" content=\"summary_large_image\" \/>\n<script type=\"application\/ld+json\" class=\"yoast-schema-graph\">{\"@context\":\"https:\\\/\\\/schema.org\",\"@graph\":[{\"@type\":\"WebPage\",\"@id\":\"https:\\\/\\\/mueble4you.com\\\/de\\\/productos\\\/beistelltisch-mit-3-schubladen-mattweis-silberfront\\\/\",\"url\":\"https:\\\/\\\/mueble4you.com\\\/de\\\/productos\\\/beistelltisch-mit-3-schubladen-mattweis-silberfront\\\/\",\"name\":\"Beistelltisch mit 3 Schubladen, Mattwei\u00df - Silberfront. | mueble4you\",\"isPartOf\":{\"@id\":\"https:\\\/\\\/mueble4you.com\\\/#website\"},\"primaryImageOfPage\":{\"@id\":\"https:\\\/\\\/mueble4you.com\\\/de\\\/productos\\\/beistelltisch-mit-3-schubladen-mattweis-silberfront\\\/#primaryimage\"},\"image\":{\"@id\":\"https:\\\/\\\/mueble4you.com\\\/de\\\/productos\\\/beistelltisch-mit-3-schubladen-mattweis-silberfront\\\/#primaryimage\"},\"thumbnailUrl\":\"https:\\\/\\\/mueble4you.com\\\/wp-content\\\/uploads\\\/2020\\\/10\\\/IMG-20201016-WA0012-1.jpg\",\"datePublished\":\"2020-10-16T16:28:56+00:00\",\"dateModified\":\"2020-10-22T12:31:26+00:00\",\"breadcrumb\":{\"@id\":\"https:\\\/\\\/mueble4you.com\\\/de\\\/productos\\\/beistelltisch-mit-3-schubladen-mattweis-silberfront\\\/#breadcrumb\"},\"inLanguage\":\"de\",\"potentialAction\":[{\"@type\":\"ReadAction\",\"target\":[\"https:\\\/\\\/mueble4you.com\\\/de\\\/productos\\\/beistelltisch-mit-3-schubladen-mattweis-silberfront\\\/\"]}]},{\"@type\":\"ImageObject\",\"inLanguage\":\"de\",\"@id\":\"https:\\\/\\\/mueble4you.com\\\/de\\\/productos\\\/beistelltisch-mit-3-schubladen-mattweis-silberfront\\\/#primaryimage\",\"url\":\"https:\\\/\\\/mueble4you.com\\\/wp-content\\\/uploads\\\/2020\\\/10\\\/IMG-20201016-WA0012-1.jpg\",\"contentUrl\":\"https:\\\/\\\/mueble4you.com\\\/wp-content\\\/uploads\\\/2020\\\/10\\\/IMG-20201016-WA0012-1.jpg\",\"width\":505,\"height\":781},{\"@type\":\"BreadcrumbList\",\"@id\":\"https:\\\/\\\/mueble4you.com\\\/de\\\/productos\\\/beistelltisch-mit-3-schubladen-mattweis-silberfront\\\/#breadcrumb\",\"itemListElement\":[{\"@type\":\"ListItem\",\"position\":1,\"name\":\"Portada\",\"item\":\"https:\\\/\\\/mueble4you.com\\\/de\\\/\"},{\"@type\":\"ListItem\",\"position\":2,\"name\":\"Productos\",\"item\":\"https:\\\/\\\/mueble4you.com\\\/productos\\\/\"},{\"@type\":\"ListItem\",\"position\":3,\"name\":\"Beistelltisch mit 3 Schubladen, Mattwei\u00df &#8211; Silberfront.\"}]},{\"@type\":\"WebSite\",\"@id\":\"https:\\\/\\\/mueble4you.com\\\/#website\",\"url\":\"https:\\\/\\\/mueble4you.com\\\/\",\"name\":\"mueble4you\",\"description\":\"M\u00f6bel in Teneriffa\",\"potentialAction\":[{\"@type\":\"SearchAction\",\"target\":{\"@type\":\"EntryPoint\",\"urlTemplate\":\"https:\\\/\\\/mueble4you.com\\\/?s={search_term_string}\"},\"query-input\":{\"@type\":\"PropertyValueSpecification\",\"valueRequired\":true,\"valueName\":\"search_term_string\"}}],\"inLanguage\":\"de\"}]}<\/script>\n<!-- \/ Yoast SEO plugin. -->","yoast_head_json":{"title":"Beistelltisch mit 3 Schubladen, Mattwei\u00df - Silberfront. | mueble4you","robots":{"index":"index","follow":"follow","max-snippet":"max-snippet:-1","max-image-preview":"max-image-preview:large","max-video-preview":"max-video-preview:-1"},"canonical":"https:\/\/mueble4you.com\/de\/productos\/beistelltisch-mit-3-schubladen-mattweis-silberfront\/","og_locale":"de_DE","og_type":"article","og_title":"Beistelltisch mit 3 Schubladen, Mattwei\u00df - Silberfront. | mueble4you","og_description":"Couchtisch mit 3 Schubladen. Farbe: mattwei\u00df lackiert &#8211; silberne Front. Ma\u00dfe: 34 x 41 x 71 cm. &nbsp; &nbsp; &nbsp;","og_url":"https:\/\/mueble4you.com\/de\/productos\/beistelltisch-mit-3-schubladen-mattweis-silberfront\/","og_site_name":"mueble4you","article_modified_time":"2020-10-22T12:31:26+00:00","og_image":[{"width":505,"height":781,"url":"https:\/\/mueble4you.com\/wp-content\/uploads\/2020\/10\/IMG-20201016-WA0012-1.jpg","type":"image\/jpeg"}],"twitter_card":"summary_large_image","schema":{"@context":"https:\/\/schema.org","@graph":[{"@type":"WebPage","@id":"https:\/\/mueble4you.com\/de\/productos\/beistelltisch-mit-3-schubladen-mattweis-silberfront\/","url":"https:\/\/mueble4you.com\/de\/productos\/beistelltisch-mit-3-schubladen-mattweis-silberfront\/","name":"Beistelltisch mit 3 Schubladen, Mattwei\u00df - Silberfront. | mueble4you","isPartOf":{"@id":"https:\/\/mueble4you.com\/#website"},"primaryImageOfPage":{"@id":"https:\/\/mueble4you.com\/de\/productos\/beistelltisch-mit-3-schubladen-mattweis-silberfront\/#primaryimage"},"image":{"@id":"https:\/\/mueble4you.com\/de\/productos\/beistelltisch-mit-3-schubladen-mattweis-silberfront\/#primaryimage"},"thumbnailUrl":"https:\/\/mueble4you.com\/wp-content\/uploads\/2020\/10\/IMG-20201016-WA0012-1.jpg","datePublished":"2020-10-16T16:28:56+00:00","dateModified":"2020-10-22T12:31:26+00:00","breadcrumb":{"@id":"https:\/\/mueble4you.com\/de\/productos\/beistelltisch-mit-3-schubladen-mattweis-silberfront\/#breadcrumb"},"inLanguage":"de","potentialAction":[{"@type":"ReadAction","target":["https:\/\/mueble4you.com\/de\/productos\/beistelltisch-mit-3-schubladen-mattweis-silberfront\/"]}]},{"@type":"ImageObject","inLanguage":"de","@id":"https:\/\/mueble4you.com\/de\/productos\/beistelltisch-mit-3-schubladen-mattweis-silberfront\/#primaryimage","url":"https:\/\/mueble4you.com\/wp-content\/uploads\/2020\/10\/IMG-20201016-WA0012-1.jpg","contentUrl":"https:\/\/mueble4you.com\/wp-content\/uploads\/2020\/10\/IMG-20201016-WA0012-1.jpg","width":505,"height":781},{"@type":"BreadcrumbList","@id":"https:\/\/mueble4you.com\/de\/productos\/beistelltisch-mit-3-schubladen-mattweis-silberfront\/#breadcrumb","itemListElement":[{"@type":"ListItem","position":1,"name":"Portada","item":"https:\/\/mueble4you.com\/de\/"},{"@type":"ListItem","position":2,"name":"Productos","item":"https:\/\/mueble4you.com\/productos\/"},{"@type":"ListItem","position":3,"name":"Beistelltisch mit 3 Schubladen, Mattwei\u00df &#8211; Silberfront."}]},{"@type":"WebSite","@id":"https:\/\/mueble4you.com\/#website","url":"https:\/\/mueble4you.com\/","name":"mueble4you","description":"M\u00f6bel in Teneriffa","potentialAction":[{"@type":"SearchAction","target":{"@type":"EntryPoint","urlTemplate":"https:\/\/mueble4you.com\/?s={search_term_string}"},"query-input":{"@type":"PropertyValueSpecification","valueRequired":true,"valueName":"search_term_string"}}],"inLanguage":"de"}]}},"_links":{"self":[{"href":"https:\/\/mueble4you.com\/de\/wp-json\/wp\/v2\/product\/41303","targetHints":{"allow":["GET"]}}],"collection":[{"href":"https:\/\/mueble4you.com\/de\/wp-json\/wp\/v2\/product"}],"about":[{"href":"https:\/\/mueble4you.com\/de\/wp-json\/wp\/v2\/types\/product"}],"wp:featuredmedia":[{"embeddable":true,"href":"https:\/\/mueble4you.com\/de\/wp-json\/wp\/v2\/media\/41299"}],"wp:attachment":[{"href":"https:\/\/mueble4you.com\/de\/wp-json\/wp\/v2\/media?parent=41303"}],"wp:term":[{"taxonomy":"product_brand","embeddable":true,"href":"https:\/\/mueble4you.com\/de\/wp-json\/wp\/v2\/product_brand?post=41303"},{"taxonomy":"product_cat","embeddable":true,"href":"https:\/\/mueble4you.com\/de\/wp-json\/wp\/v2\/product_cat?post=41303"},{"taxonomy":"product_tag","embeddable":true,"href":"https:\/\/mueble4you.com\/de\/wp-json\/wp\/v2\/product_tag?post=41303"}],"curies":[{"name":"wp","href":"https:\/\/api.w.org\/{rel}","templated":true}]}}