{"id":41234,"date":"2020-10-15T15:46:30","date_gmt":"2020-10-15T15:46:30","guid":{"rendered":"https:\/\/mueble4you.com\/productos\/cabecero-514-blanco-mate-y-persiana-plata\/"},"modified":"2020-10-22T10:27:14","modified_gmt":"2020-10-22T10:27:14","slug":"kopfteil-514-matt-white-und-silver-blind-180-cm","status":"publish","type":"product","link":"https:\/\/mueble4you.com\/de\/productos\/kopfteil-514-matt-white-und-silver-blind-180-cm\/","title":{"rendered":"Kopfteil 514, Matt White und Silver Blind, 180 cm."},"content":{"rendered":"<ul>\n<li id=\"tw-target-text\" class=\"tw-data-text tw-text-large XcVN5d tw-ta\" dir=\"ltr\" data-placeholder=\"Traducci\u00f3n\"><span lang=\"de\">Kopfteil f\u00fcr 180cm Bett. <\/span><\/li>\n<li class=\"tw-data-text tw-text-large XcVN5d tw-ta\" dir=\"ltr\" data-placeholder=\"Traducci\u00f3n\"><span lang=\"de\">Ma\u00dfnahmen: 190x140cm<\/span><\/li>\n<li class=\"tw-data-text tw-text-large XcVN5d tw-ta\" dir=\"ltr\" data-placeholder=\"Traducci\u00f3n\"><span lang=\"de\">Farbe: Mattwei\u00df lackierter Rahmen und silberne Jalousien.<\/span><\/li>\n<\/ul>\n","protected":false},"excerpt":{"rendered":"<p>Kopfteil f\u00fcr 180cm Bett. Ma\u00dfnahmen: 190x140cm Farbe: Mattwei\u00df lackierter Rahmen und silberne Jalousien.<\/p>\n","protected":false},"featured_media":41230,"template":"","meta":[],"product_brand":[],"product_cat":[270,269],"product_tag":[],"class_list":{"0":"post-41234","1":"product","2":"type-product","3":"status-publish","4":"has-post-thumbnail","6":"product_cat-betten-und-zubehor","7":"product_cat-schlafzimmer","9":"first","10":"instock","11":"shipping-taxable","12":"product-type-simple"},"yoast_head":"<!-- This site is optimized with the Yoast SEO plugin v27.3 - https:\/\/yoast.com\/product\/yoast-seo-wordpress\/ -->\n<title>Kopfteil 514, Matt White und Silver Blind, 180 cm. | mueble4you<\/title>\n<meta name=\"robots\" content=\"index, follow, max-snippet:-1, max-image-preview:large, max-video-preview:-1\" \/>\n<link rel=\"canonical\" href=\"https:\/\/mueble4you.com\/de\/productos\/kopfteil-514-matt-white-und-silver-blind-180-cm\/\" \/>\n<meta property=\"og:locale\" content=\"de_DE\" \/>\n<meta property=\"og:type\" content=\"article\" \/>\n<meta property=\"og:title\" content=\"Kopfteil 514, Matt White und Silver Blind, 180 cm. | mueble4you\" \/>\n<meta property=\"og:description\" content=\"Kopfteil f\u00fcr 180cm Bett. Ma\u00dfnahmen: 190x140cm Farbe: Mattwei\u00df lackierter Rahmen und silberne Jalousien.\" \/>\n<meta property=\"og:url\" content=\"https:\/\/mueble4you.com\/de\/productos\/kopfteil-514-matt-white-und-silver-blind-180-cm\/\" \/>\n<meta property=\"og:site_name\" content=\"mueble4you\" \/>\n<meta property=\"article:modified_time\" content=\"2020-10-22T10:27:14+00:00\" \/>\n<meta property=\"og:image\" content=\"https:\/\/mueble4you.com\/wp-content\/uploads\/2020\/10\/617-9aac59d4c4.jpg\" \/>\n\t<meta property=\"og:image:width\" content=\"645\" \/>\n\t<meta property=\"og:image:height\" content=\"691\" \/>\n\t<meta property=\"og:image:type\" content=\"image\/jpeg\" \/>\n<meta name=\"twitter:card\" content=\"summary_large_image\" \/>\n<script type=\"application\/ld+json\" class=\"yoast-schema-graph\">{\"@context\":\"https:\\\/\\\/schema.org\",\"@graph\":[{\"@type\":\"WebPage\",\"@id\":\"https:\\\/\\\/mueble4you.com\\\/de\\\/productos\\\/kopfteil-514-matt-white-und-silver-blind-180-cm\\\/\",\"url\":\"https:\\\/\\\/mueble4you.com\\\/de\\\/productos\\\/kopfteil-514-matt-white-und-silver-blind-180-cm\\\/\",\"name\":\"Kopfteil 514, Matt White und Silver Blind, 180 cm. | mueble4you\",\"isPartOf\":{\"@id\":\"https:\\\/\\\/mueble4you.com\\\/#website\"},\"primaryImageOfPage\":{\"@id\":\"https:\\\/\\\/mueble4you.com\\\/de\\\/productos\\\/kopfteil-514-matt-white-und-silver-blind-180-cm\\\/#primaryimage\"},\"image\":{\"@id\":\"https:\\\/\\\/mueble4you.com\\\/de\\\/productos\\\/kopfteil-514-matt-white-und-silver-blind-180-cm\\\/#primaryimage\"},\"thumbnailUrl\":\"https:\\\/\\\/mueble4you.com\\\/wp-content\\\/uploads\\\/2020\\\/10\\\/617-9aac59d4c4.jpg\",\"datePublished\":\"2020-10-15T15:46:30+00:00\",\"dateModified\":\"2020-10-22T10:27:14+00:00\",\"breadcrumb\":{\"@id\":\"https:\\\/\\\/mueble4you.com\\\/de\\\/productos\\\/kopfteil-514-matt-white-und-silver-blind-180-cm\\\/#breadcrumb\"},\"inLanguage\":\"de\",\"potentialAction\":[{\"@type\":\"ReadAction\",\"target\":[\"https:\\\/\\\/mueble4you.com\\\/de\\\/productos\\\/kopfteil-514-matt-white-und-silver-blind-180-cm\\\/\"]}]},{\"@type\":\"ImageObject\",\"inLanguage\":\"de\",\"@id\":\"https:\\\/\\\/mueble4you.com\\\/de\\\/productos\\\/kopfteil-514-matt-white-und-silver-blind-180-cm\\\/#primaryimage\",\"url\":\"https:\\\/\\\/mueble4you.com\\\/wp-content\\\/uploads\\\/2020\\\/10\\\/617-9aac59d4c4.jpg\",\"contentUrl\":\"https:\\\/\\\/mueble4you.com\\\/wp-content\\\/uploads\\\/2020\\\/10\\\/617-9aac59d4c4.jpg\",\"width\":645,\"height\":691},{\"@type\":\"BreadcrumbList\",\"@id\":\"https:\\\/\\\/mueble4you.com\\\/de\\\/productos\\\/kopfteil-514-matt-white-und-silver-blind-180-cm\\\/#breadcrumb\",\"itemListElement\":[{\"@type\":\"ListItem\",\"position\":1,\"name\":\"Portada\",\"item\":\"https:\\\/\\\/mueble4you.com\\\/de\\\/\"},{\"@type\":\"ListItem\",\"position\":2,\"name\":\"Productos\",\"item\":\"https:\\\/\\\/mueble4you.com\\\/productos\\\/\"},{\"@type\":\"ListItem\",\"position\":3,\"name\":\"Kopfteil 514, Matt White und Silver Blind, 180 cm.\"}]},{\"@type\":\"WebSite\",\"@id\":\"https:\\\/\\\/mueble4you.com\\\/#website\",\"url\":\"https:\\\/\\\/mueble4you.com\\\/\",\"name\":\"mueble4you\",\"description\":\"M\u00f6bel in Teneriffa\",\"potentialAction\":[{\"@type\":\"SearchAction\",\"target\":{\"@type\":\"EntryPoint\",\"urlTemplate\":\"https:\\\/\\\/mueble4you.com\\\/?s={search_term_string}\"},\"query-input\":{\"@type\":\"PropertyValueSpecification\",\"valueRequired\":true,\"valueName\":\"search_term_string\"}}],\"inLanguage\":\"de\"}]}<\/script>\n<!-- \/ Yoast SEO plugin. -->","yoast_head_json":{"title":"Kopfteil 514, Matt White und Silver Blind, 180 cm. | mueble4you","robots":{"index":"index","follow":"follow","max-snippet":"max-snippet:-1","max-image-preview":"max-image-preview:large","max-video-preview":"max-video-preview:-1"},"canonical":"https:\/\/mueble4you.com\/de\/productos\/kopfteil-514-matt-white-und-silver-blind-180-cm\/","og_locale":"de_DE","og_type":"article","og_title":"Kopfteil 514, Matt White und Silver Blind, 180 cm. | mueble4you","og_description":"Kopfteil f\u00fcr 180cm Bett. Ma\u00dfnahmen: 190x140cm Farbe: Mattwei\u00df lackierter Rahmen und silberne Jalousien.","og_url":"https:\/\/mueble4you.com\/de\/productos\/kopfteil-514-matt-white-und-silver-blind-180-cm\/","og_site_name":"mueble4you","article_modified_time":"2020-10-22T10:27:14+00:00","og_image":[{"width":645,"height":691,"url":"https:\/\/mueble4you.com\/wp-content\/uploads\/2020\/10\/617-9aac59d4c4.jpg","type":"image\/jpeg"}],"twitter_card":"summary_large_image","schema":{"@context":"https:\/\/schema.org","@graph":[{"@type":"WebPage","@id":"https:\/\/mueble4you.com\/de\/productos\/kopfteil-514-matt-white-und-silver-blind-180-cm\/","url":"https:\/\/mueble4you.com\/de\/productos\/kopfteil-514-matt-white-und-silver-blind-180-cm\/","name":"Kopfteil 514, Matt White und Silver Blind, 180 cm. | mueble4you","isPartOf":{"@id":"https:\/\/mueble4you.com\/#website"},"primaryImageOfPage":{"@id":"https:\/\/mueble4you.com\/de\/productos\/kopfteil-514-matt-white-und-silver-blind-180-cm\/#primaryimage"},"image":{"@id":"https:\/\/mueble4you.com\/de\/productos\/kopfteil-514-matt-white-und-silver-blind-180-cm\/#primaryimage"},"thumbnailUrl":"https:\/\/mueble4you.com\/wp-content\/uploads\/2020\/10\/617-9aac59d4c4.jpg","datePublished":"2020-10-15T15:46:30+00:00","dateModified":"2020-10-22T10:27:14+00:00","breadcrumb":{"@id":"https:\/\/mueble4you.com\/de\/productos\/kopfteil-514-matt-white-und-silver-blind-180-cm\/#breadcrumb"},"inLanguage":"de","potentialAction":[{"@type":"ReadAction","target":["https:\/\/mueble4you.com\/de\/productos\/kopfteil-514-matt-white-und-silver-blind-180-cm\/"]}]},{"@type":"ImageObject","inLanguage":"de","@id":"https:\/\/mueble4you.com\/de\/productos\/kopfteil-514-matt-white-und-silver-blind-180-cm\/#primaryimage","url":"https:\/\/mueble4you.com\/wp-content\/uploads\/2020\/10\/617-9aac59d4c4.jpg","contentUrl":"https:\/\/mueble4you.com\/wp-content\/uploads\/2020\/10\/617-9aac59d4c4.jpg","width":645,"height":691},{"@type":"BreadcrumbList","@id":"https:\/\/mueble4you.com\/de\/productos\/kopfteil-514-matt-white-und-silver-blind-180-cm\/#breadcrumb","itemListElement":[{"@type":"ListItem","position":1,"name":"Portada","item":"https:\/\/mueble4you.com\/de\/"},{"@type":"ListItem","position":2,"name":"Productos","item":"https:\/\/mueble4you.com\/productos\/"},{"@type":"ListItem","position":3,"name":"Kopfteil 514, Matt White und Silver Blind, 180 cm."}]},{"@type":"WebSite","@id":"https:\/\/mueble4you.com\/#website","url":"https:\/\/mueble4you.com\/","name":"mueble4you","description":"M\u00f6bel in Teneriffa","potentialAction":[{"@type":"SearchAction","target":{"@type":"EntryPoint","urlTemplate":"https:\/\/mueble4you.com\/?s={search_term_string}"},"query-input":{"@type":"PropertyValueSpecification","valueRequired":true,"valueName":"search_term_string"}}],"inLanguage":"de"}]}},"_links":{"self":[{"href":"https:\/\/mueble4you.com\/de\/wp-json\/wp\/v2\/product\/41234","targetHints":{"allow":["GET"]}}],"collection":[{"href":"https:\/\/mueble4you.com\/de\/wp-json\/wp\/v2\/product"}],"about":[{"href":"https:\/\/mueble4you.com\/de\/wp-json\/wp\/v2\/types\/product"}],"wp:featuredmedia":[{"embeddable":true,"href":"https:\/\/mueble4you.com\/de\/wp-json\/wp\/v2\/media\/41230"}],"wp:attachment":[{"href":"https:\/\/mueble4you.com\/de\/wp-json\/wp\/v2\/media?parent=41234"}],"wp:term":[{"taxonomy":"product_brand","embeddable":true,"href":"https:\/\/mueble4you.com\/de\/wp-json\/wp\/v2\/product_brand?post=41234"},{"taxonomy":"product_cat","embeddable":true,"href":"https:\/\/mueble4you.com\/de\/wp-json\/wp\/v2\/product_cat?post=41234"},{"taxonomy":"product_tag","embeddable":true,"href":"https:\/\/mueble4you.com\/de\/wp-json\/wp\/v2\/product_tag?post=41234"}],"curies":[{"name":"wp","href":"https:\/\/api.w.org\/{rel}","templated":true}]}}