{"id":40541,"date":"2020-08-17T12:10:49","date_gmt":"2020-08-17T12:10:49","guid":{"rendered":"https:\/\/mueble4you.com\/productos\/amalti-sinfonier-51cm-blanco-cemento\/"},"modified":"2020-08-17T15:27:18","modified_gmt":"2020-08-17T15:27:18","slug":"amalti-sinfonier-51cm-weiszement","status":"publish","type":"product","link":"https:\/\/mueble4you.com\/de\/productos\/amalti-sinfonier-51cm-weiszement\/","title":{"rendered":"Amalti Sinfonier 51cm, Wei\u00dfzement."},"content":{"rendered":"<h4 id=\"tw-target-text\" class=\"tw-data-text tw-text-large XcVN5d tw-ta\" dir=\"ltr\" data-placeholder=\"Traducci\u00f3n\"><span lang=\"de\">Kommode, Wei\u00dfzement. <\/span><\/h4>\n<h4 class=\"tw-data-text tw-text-large XcVN5d tw-ta\" dir=\"ltr\" data-placeholder=\"Traducci\u00f3n\"><span lang=\"de\">Es enth\u00e4lt:<\/span><\/h4>\n<ul>\n<li class=\"tw-data-text tw-text-large XcVN5d tw-ta\" dir=\"ltr\" data-placeholder=\"Traducci\u00f3n\"><span lang=\"de\">6 Schubladen.<\/span><\/li>\n<li class=\"tw-data-text tw-text-large XcVN5d tw-ta\" dir=\"ltr\" data-placeholder=\"Traducci\u00f3n\"><span lang=\"de\">Ein Regal. <\/span><\/li>\n<\/ul>\n<p><span lang=\"de\">Seine Ma\u00dfe: 51 x 137 x 40 cm<\/span><\/p>\n","protected":false},"excerpt":{"rendered":"<p>Kommode, Wei\u00dfzement. Es enth\u00e4lt: 6 Schubladen. Ein Regal. Seine Ma\u00dfe: 51 x 137 x 40 cm<\/p>\n","protected":false},"featured_media":40497,"template":"","meta":[],"product_brand":[],"product_cat":[269,283],"product_tag":[],"class_list":{"0":"post-40541","1":"product","2":"type-product","3":"status-publish","4":"has-post-thumbnail","6":"product_cat-schlafzimmer","7":"product_cat-schlafzimmermobel","9":"first","10":"instock","11":"shipping-taxable","12":"product-type-simple"},"yoast_head":"<!-- This site is optimized with the Yoast SEO plugin v27.3 - https:\/\/yoast.com\/product\/yoast-seo-wordpress\/ -->\n<title>Amalti Sinfonier 51cm, Wei\u00dfzement. | mueble4you<\/title>\n<meta name=\"robots\" content=\"index, follow, max-snippet:-1, max-image-preview:large, max-video-preview:-1\" \/>\n<link rel=\"canonical\" href=\"https:\/\/mueble4you.com\/de\/productos\/amalti-sinfonier-51cm-weiszement\/\" \/>\n<meta property=\"og:locale\" content=\"de_DE\" \/>\n<meta property=\"og:type\" content=\"article\" \/>\n<meta property=\"og:title\" content=\"Amalti Sinfonier 51cm, Wei\u00dfzement. | mueble4you\" \/>\n<meta property=\"og:description\" content=\"Kommode, Wei\u00dfzement. Es enth\u00e4lt: 6 Schubladen. Ein Regal. Seine Ma\u00dfe: 51 x 137 x 40 cm\" \/>\n<meta property=\"og:url\" content=\"https:\/\/mueble4you.com\/de\/productos\/amalti-sinfonier-51cm-weiszement\/\" \/>\n<meta property=\"og:site_name\" content=\"mueble4you\" \/>\n<meta property=\"article:modified_time\" content=\"2020-08-17T15:27:18+00:00\" \/>\n<meta property=\"og:image\" content=\"https:\/\/mueble4you.com\/wp-content\/uploads\/2020\/08\/sinfonier-amalti-blanco-cemento.jpg\" \/>\n\t<meta property=\"og:image:width\" content=\"1358\" \/>\n\t<meta property=\"og:image:height\" content=\"1920\" \/>\n\t<meta property=\"og:image:type\" content=\"image\/jpeg\" \/>\n<meta name=\"twitter:card\" content=\"summary_large_image\" \/>\n<script type=\"application\/ld+json\" class=\"yoast-schema-graph\">{\"@context\":\"https:\\\/\\\/schema.org\",\"@graph\":[{\"@type\":\"WebPage\",\"@id\":\"https:\\\/\\\/mueble4you.com\\\/de\\\/productos\\\/amalti-sinfonier-51cm-weiszement\\\/\",\"url\":\"https:\\\/\\\/mueble4you.com\\\/de\\\/productos\\\/amalti-sinfonier-51cm-weiszement\\\/\",\"name\":\"Amalti Sinfonier 51cm, Wei\u00dfzement. | mueble4you\",\"isPartOf\":{\"@id\":\"https:\\\/\\\/mueble4you.com\\\/#website\"},\"primaryImageOfPage\":{\"@id\":\"https:\\\/\\\/mueble4you.com\\\/de\\\/productos\\\/amalti-sinfonier-51cm-weiszement\\\/#primaryimage\"},\"image\":{\"@id\":\"https:\\\/\\\/mueble4you.com\\\/de\\\/productos\\\/amalti-sinfonier-51cm-weiszement\\\/#primaryimage\"},\"thumbnailUrl\":\"https:\\\/\\\/mueble4you.com\\\/wp-content\\\/uploads\\\/2020\\\/08\\\/sinfonier-amalti-blanco-cemento.jpg\",\"datePublished\":\"2020-08-17T12:10:49+00:00\",\"dateModified\":\"2020-08-17T15:27:18+00:00\",\"breadcrumb\":{\"@id\":\"https:\\\/\\\/mueble4you.com\\\/de\\\/productos\\\/amalti-sinfonier-51cm-weiszement\\\/#breadcrumb\"},\"inLanguage\":\"de\",\"potentialAction\":[{\"@type\":\"ReadAction\",\"target\":[\"https:\\\/\\\/mueble4you.com\\\/de\\\/productos\\\/amalti-sinfonier-51cm-weiszement\\\/\"]}]},{\"@type\":\"ImageObject\",\"inLanguage\":\"de\",\"@id\":\"https:\\\/\\\/mueble4you.com\\\/de\\\/productos\\\/amalti-sinfonier-51cm-weiszement\\\/#primaryimage\",\"url\":\"https:\\\/\\\/mueble4you.com\\\/wp-content\\\/uploads\\\/2020\\\/08\\\/sinfonier-amalti-blanco-cemento.jpg\",\"contentUrl\":\"https:\\\/\\\/mueble4you.com\\\/wp-content\\\/uploads\\\/2020\\\/08\\\/sinfonier-amalti-blanco-cemento.jpg\",\"width\":1358,\"height\":1920},{\"@type\":\"BreadcrumbList\",\"@id\":\"https:\\\/\\\/mueble4you.com\\\/de\\\/productos\\\/amalti-sinfonier-51cm-weiszement\\\/#breadcrumb\",\"itemListElement\":[{\"@type\":\"ListItem\",\"position\":1,\"name\":\"Portada\",\"item\":\"https:\\\/\\\/mueble4you.com\\\/de\\\/\"},{\"@type\":\"ListItem\",\"position\":2,\"name\":\"Productos\",\"item\":\"https:\\\/\\\/mueble4you.com\\\/productos\\\/\"},{\"@type\":\"ListItem\",\"position\":3,\"name\":\"Amalti Sinfonier 51cm, Wei\u00dfzement.\"}]},{\"@type\":\"WebSite\",\"@id\":\"https:\\\/\\\/mueble4you.com\\\/#website\",\"url\":\"https:\\\/\\\/mueble4you.com\\\/\",\"name\":\"mueble4you\",\"description\":\"M\u00f6bel in Teneriffa\",\"potentialAction\":[{\"@type\":\"SearchAction\",\"target\":{\"@type\":\"EntryPoint\",\"urlTemplate\":\"https:\\\/\\\/mueble4you.com\\\/?s={search_term_string}\"},\"query-input\":{\"@type\":\"PropertyValueSpecification\",\"valueRequired\":true,\"valueName\":\"search_term_string\"}}],\"inLanguage\":\"de\"}]}<\/script>\n<!-- \/ Yoast SEO plugin. -->","yoast_head_json":{"title":"Amalti Sinfonier 51cm, Wei\u00dfzement. | mueble4you","robots":{"index":"index","follow":"follow","max-snippet":"max-snippet:-1","max-image-preview":"max-image-preview:large","max-video-preview":"max-video-preview:-1"},"canonical":"https:\/\/mueble4you.com\/de\/productos\/amalti-sinfonier-51cm-weiszement\/","og_locale":"de_DE","og_type":"article","og_title":"Amalti Sinfonier 51cm, Wei\u00dfzement. | mueble4you","og_description":"Kommode, Wei\u00dfzement. Es enth\u00e4lt: 6 Schubladen. Ein Regal. Seine Ma\u00dfe: 51 x 137 x 40 cm","og_url":"https:\/\/mueble4you.com\/de\/productos\/amalti-sinfonier-51cm-weiszement\/","og_site_name":"mueble4you","article_modified_time":"2020-08-17T15:27:18+00:00","og_image":[{"width":1358,"height":1920,"url":"https:\/\/mueble4you.com\/wp-content\/uploads\/2020\/08\/sinfonier-amalti-blanco-cemento.jpg","type":"image\/jpeg"}],"twitter_card":"summary_large_image","schema":{"@context":"https:\/\/schema.org","@graph":[{"@type":"WebPage","@id":"https:\/\/mueble4you.com\/de\/productos\/amalti-sinfonier-51cm-weiszement\/","url":"https:\/\/mueble4you.com\/de\/productos\/amalti-sinfonier-51cm-weiszement\/","name":"Amalti Sinfonier 51cm, Wei\u00dfzement. | mueble4you","isPartOf":{"@id":"https:\/\/mueble4you.com\/#website"},"primaryImageOfPage":{"@id":"https:\/\/mueble4you.com\/de\/productos\/amalti-sinfonier-51cm-weiszement\/#primaryimage"},"image":{"@id":"https:\/\/mueble4you.com\/de\/productos\/amalti-sinfonier-51cm-weiszement\/#primaryimage"},"thumbnailUrl":"https:\/\/mueble4you.com\/wp-content\/uploads\/2020\/08\/sinfonier-amalti-blanco-cemento.jpg","datePublished":"2020-08-17T12:10:49+00:00","dateModified":"2020-08-17T15:27:18+00:00","breadcrumb":{"@id":"https:\/\/mueble4you.com\/de\/productos\/amalti-sinfonier-51cm-weiszement\/#breadcrumb"},"inLanguage":"de","potentialAction":[{"@type":"ReadAction","target":["https:\/\/mueble4you.com\/de\/productos\/amalti-sinfonier-51cm-weiszement\/"]}]},{"@type":"ImageObject","inLanguage":"de","@id":"https:\/\/mueble4you.com\/de\/productos\/amalti-sinfonier-51cm-weiszement\/#primaryimage","url":"https:\/\/mueble4you.com\/wp-content\/uploads\/2020\/08\/sinfonier-amalti-blanco-cemento.jpg","contentUrl":"https:\/\/mueble4you.com\/wp-content\/uploads\/2020\/08\/sinfonier-amalti-blanco-cemento.jpg","width":1358,"height":1920},{"@type":"BreadcrumbList","@id":"https:\/\/mueble4you.com\/de\/productos\/amalti-sinfonier-51cm-weiszement\/#breadcrumb","itemListElement":[{"@type":"ListItem","position":1,"name":"Portada","item":"https:\/\/mueble4you.com\/de\/"},{"@type":"ListItem","position":2,"name":"Productos","item":"https:\/\/mueble4you.com\/productos\/"},{"@type":"ListItem","position":3,"name":"Amalti Sinfonier 51cm, Wei\u00dfzement."}]},{"@type":"WebSite","@id":"https:\/\/mueble4you.com\/#website","url":"https:\/\/mueble4you.com\/","name":"mueble4you","description":"M\u00f6bel in Teneriffa","potentialAction":[{"@type":"SearchAction","target":{"@type":"EntryPoint","urlTemplate":"https:\/\/mueble4you.com\/?s={search_term_string}"},"query-input":{"@type":"PropertyValueSpecification","valueRequired":true,"valueName":"search_term_string"}}],"inLanguage":"de"}]}},"_links":{"self":[{"href":"https:\/\/mueble4you.com\/de\/wp-json\/wp\/v2\/product\/40541","targetHints":{"allow":["GET"]}}],"collection":[{"href":"https:\/\/mueble4you.com\/de\/wp-json\/wp\/v2\/product"}],"about":[{"href":"https:\/\/mueble4you.com\/de\/wp-json\/wp\/v2\/types\/product"}],"wp:featuredmedia":[{"embeddable":true,"href":"https:\/\/mueble4you.com\/de\/wp-json\/wp\/v2\/media\/40497"}],"wp:attachment":[{"href":"https:\/\/mueble4you.com\/de\/wp-json\/wp\/v2\/media?parent=40541"}],"wp:term":[{"taxonomy":"product_brand","embeddable":true,"href":"https:\/\/mueble4you.com\/de\/wp-json\/wp\/v2\/product_brand?post=40541"},{"taxonomy":"product_cat","embeddable":true,"href":"https:\/\/mueble4you.com\/de\/wp-json\/wp\/v2\/product_cat?post=40541"},{"taxonomy":"product_tag","embeddable":true,"href":"https:\/\/mueble4you.com\/de\/wp-json\/wp\/v2\/product_tag?post=40541"}],"curies":[{"name":"wp","href":"https:\/\/api.w.org\/{rel}","templated":true}]}}