{"id":40404,"date":"2020-07-31T13:08:18","date_gmt":"2020-07-31T13:08:18","guid":{"rendered":"https:\/\/mueble4you.com\/productos\/cama-horizontal-abatible\/"},"modified":"2020-07-31T13:19:11","modified_gmt":"2020-07-31T13:19:11","slug":"horizontales-klappbett","status":"publish","type":"product","link":"https:\/\/mueble4you.com\/de\/productos\/horizontales-klappbett\/","title":{"rendered":"Horizontales Klappbett"},"content":{"rendered":"<h4 id=\"tw-target-text\" class=\"tw-data-text tw-text-large XcVN5d tw-ta\" dir=\"ltr\" data-placeholder=\"Traduction\"><span lang=\"de\">Horizontales Klappbett. <\/span><\/h4>\n<ul>\n<li class=\"tw-data-text tw-text-large XcVN5d tw-ta\" dir=\"ltr\" data-placeholder=\"Traduction\"><span lang=\"de\">T\u00fcrma\u00dfe + Loch (209 x 43 x 223 cm)<\/span><\/li>\n<li class=\"tw-data-text tw-text-large XcVN5d tw-ta\" dir=\"ltr\" data-placeholder=\"Traduction\"><span lang=\"de\">Matratze 90 x 190 (nicht im Lieferumfang enthalten) <\/span><\/li>\n<li class=\"tw-data-text tw-text-large XcVN5d tw-ta\" dir=\"ltr\" data-placeholder=\"Traduction\"><span lang=\"de\">Auf Anfrage in verschiedenen Gr\u00f6\u00dfen und Farben erh\u00e4ltlich.<\/span><\/li>\n<\/ul>\n","protected":false},"excerpt":{"rendered":"<p>Horizontales Klappbett. T\u00fcrma\u00dfe + Loch (209 x 43 x 223 cm) Matratze 90 x 190 (nicht im Lieferumfang enthalten) Auf Anfrage in verschiedenen Gr\u00f6\u00dfen und Farben erh\u00e4ltlich.<\/p>\n","protected":false},"featured_media":74908,"template":"","meta":[],"product_brand":[],"product_cat":[427,269],"product_tag":[],"class_list":{"0":"post-40404","1":"product","2":"type-product","3":"status-publish","4":"has-post-thumbnail","6":"product_cat-klappbetten","7":"product_cat-schlafzimmer","9":"first","10":"instock","11":"shipping-taxable","12":"product-type-simple"},"yoast_head":"<!-- This site is optimized with the Yoast SEO plugin v27.3 - https:\/\/yoast.com\/product\/yoast-seo-wordpress\/ -->\n<title>Horizontales Klappbett | mueble4you<\/title>\n<meta name=\"robots\" content=\"index, follow, max-snippet:-1, max-image-preview:large, max-video-preview:-1\" \/>\n<link rel=\"canonical\" href=\"https:\/\/mueble4you.com\/de\/productos\/horizontales-klappbett\/\" \/>\n<meta property=\"og:locale\" content=\"de_DE\" \/>\n<meta property=\"og:type\" content=\"article\" \/>\n<meta property=\"og:title\" content=\"Horizontales Klappbett | mueble4you\" \/>\n<meta property=\"og:description\" content=\"Horizontales Klappbett. T\u00fcrma\u00dfe + Loch (209 x 43 x 223 cm) Matratze 90 x 190 (nicht im Lieferumfang enthalten) Auf Anfrage in verschiedenen Gr\u00f6\u00dfen und Farben erh\u00e4ltlich.\" \/>\n<meta property=\"og:url\" content=\"https:\/\/mueble4you.com\/de\/productos\/horizontales-klappbett\/\" \/>\n<meta property=\"og:site_name\" content=\"mueble4you\" \/>\n<meta property=\"article:modified_time\" content=\"2020-07-31T13:19:11+00:00\" \/>\n<meta property=\"og:image\" content=\"https:\/\/mueble4you.com\/wp-content\/uploads\/2020\/07\/cama-abatible-300x217-1.png\" \/>\n\t<meta property=\"og:image:width\" content=\"300\" \/>\n\t<meta property=\"og:image:height\" content=\"217\" \/>\n\t<meta property=\"og:image:type\" content=\"image\/png\" \/>\n<meta name=\"twitter:card\" content=\"summary_large_image\" \/>\n<script type=\"application\/ld+json\" class=\"yoast-schema-graph\">{\"@context\":\"https:\\\/\\\/schema.org\",\"@graph\":[{\"@type\":\"WebPage\",\"@id\":\"https:\\\/\\\/mueble4you.com\\\/de\\\/productos\\\/horizontales-klappbett\\\/\",\"url\":\"https:\\\/\\\/mueble4you.com\\\/de\\\/productos\\\/horizontales-klappbett\\\/\",\"name\":\"Horizontales Klappbett | mueble4you\",\"isPartOf\":{\"@id\":\"https:\\\/\\\/mueble4you.com\\\/#website\"},\"primaryImageOfPage\":{\"@id\":\"https:\\\/\\\/mueble4you.com\\\/de\\\/productos\\\/horizontales-klappbett\\\/#primaryimage\"},\"image\":{\"@id\":\"https:\\\/\\\/mueble4you.com\\\/de\\\/productos\\\/horizontales-klappbett\\\/#primaryimage\"},\"thumbnailUrl\":\"https:\\\/\\\/mueble4you.com\\\/wp-content\\\/uploads\\\/2020\\\/07\\\/cama-abatible-300x217-1.png\",\"datePublished\":\"2020-07-31T13:08:18+00:00\",\"dateModified\":\"2020-07-31T13:19:11+00:00\",\"breadcrumb\":{\"@id\":\"https:\\\/\\\/mueble4you.com\\\/de\\\/productos\\\/horizontales-klappbett\\\/#breadcrumb\"},\"inLanguage\":\"de\",\"potentialAction\":[{\"@type\":\"ReadAction\",\"target\":[\"https:\\\/\\\/mueble4you.com\\\/de\\\/productos\\\/horizontales-klappbett\\\/\"]}]},{\"@type\":\"ImageObject\",\"inLanguage\":\"de\",\"@id\":\"https:\\\/\\\/mueble4you.com\\\/de\\\/productos\\\/horizontales-klappbett\\\/#primaryimage\",\"url\":\"https:\\\/\\\/mueble4you.com\\\/wp-content\\\/uploads\\\/2020\\\/07\\\/cama-abatible-300x217-1.png\",\"contentUrl\":\"https:\\\/\\\/mueble4you.com\\\/wp-content\\\/uploads\\\/2020\\\/07\\\/cama-abatible-300x217-1.png\",\"width\":300,\"height\":217},{\"@type\":\"BreadcrumbList\",\"@id\":\"https:\\\/\\\/mueble4you.com\\\/de\\\/productos\\\/horizontales-klappbett\\\/#breadcrumb\",\"itemListElement\":[{\"@type\":\"ListItem\",\"position\":1,\"name\":\"Portada\",\"item\":\"https:\\\/\\\/mueble4you.com\\\/de\\\/\"},{\"@type\":\"ListItem\",\"position\":2,\"name\":\"Productos\",\"item\":\"https:\\\/\\\/mueble4you.com\\\/productos\\\/\"},{\"@type\":\"ListItem\",\"position\":3,\"name\":\"Horizontales Klappbett\"}]},{\"@type\":\"WebSite\",\"@id\":\"https:\\\/\\\/mueble4you.com\\\/#website\",\"url\":\"https:\\\/\\\/mueble4you.com\\\/\",\"name\":\"mueble4you\",\"description\":\"M\u00f6bel in Teneriffa\",\"potentialAction\":[{\"@type\":\"SearchAction\",\"target\":{\"@type\":\"EntryPoint\",\"urlTemplate\":\"https:\\\/\\\/mueble4you.com\\\/?s={search_term_string}\"},\"query-input\":{\"@type\":\"PropertyValueSpecification\",\"valueRequired\":true,\"valueName\":\"search_term_string\"}}],\"inLanguage\":\"de\"}]}<\/script>\n<!-- \/ Yoast SEO plugin. -->","yoast_head_json":{"title":"Horizontales Klappbett | mueble4you","robots":{"index":"index","follow":"follow","max-snippet":"max-snippet:-1","max-image-preview":"max-image-preview:large","max-video-preview":"max-video-preview:-1"},"canonical":"https:\/\/mueble4you.com\/de\/productos\/horizontales-klappbett\/","og_locale":"de_DE","og_type":"article","og_title":"Horizontales Klappbett | mueble4you","og_description":"Horizontales Klappbett. T\u00fcrma\u00dfe + Loch (209 x 43 x 223 cm) Matratze 90 x 190 (nicht im Lieferumfang enthalten) Auf Anfrage in verschiedenen Gr\u00f6\u00dfen und Farben erh\u00e4ltlich.","og_url":"https:\/\/mueble4you.com\/de\/productos\/horizontales-klappbett\/","og_site_name":"mueble4you","article_modified_time":"2020-07-31T13:19:11+00:00","og_image":[{"width":300,"height":217,"url":"https:\/\/mueble4you.com\/wp-content\/uploads\/2020\/07\/cama-abatible-300x217-1.png","type":"image\/png"}],"twitter_card":"summary_large_image","schema":{"@context":"https:\/\/schema.org","@graph":[{"@type":"WebPage","@id":"https:\/\/mueble4you.com\/de\/productos\/horizontales-klappbett\/","url":"https:\/\/mueble4you.com\/de\/productos\/horizontales-klappbett\/","name":"Horizontales Klappbett | mueble4you","isPartOf":{"@id":"https:\/\/mueble4you.com\/#website"},"primaryImageOfPage":{"@id":"https:\/\/mueble4you.com\/de\/productos\/horizontales-klappbett\/#primaryimage"},"image":{"@id":"https:\/\/mueble4you.com\/de\/productos\/horizontales-klappbett\/#primaryimage"},"thumbnailUrl":"https:\/\/mueble4you.com\/wp-content\/uploads\/2020\/07\/cama-abatible-300x217-1.png","datePublished":"2020-07-31T13:08:18+00:00","dateModified":"2020-07-31T13:19:11+00:00","breadcrumb":{"@id":"https:\/\/mueble4you.com\/de\/productos\/horizontales-klappbett\/#breadcrumb"},"inLanguage":"de","potentialAction":[{"@type":"ReadAction","target":["https:\/\/mueble4you.com\/de\/productos\/horizontales-klappbett\/"]}]},{"@type":"ImageObject","inLanguage":"de","@id":"https:\/\/mueble4you.com\/de\/productos\/horizontales-klappbett\/#primaryimage","url":"https:\/\/mueble4you.com\/wp-content\/uploads\/2020\/07\/cama-abatible-300x217-1.png","contentUrl":"https:\/\/mueble4you.com\/wp-content\/uploads\/2020\/07\/cama-abatible-300x217-1.png","width":300,"height":217},{"@type":"BreadcrumbList","@id":"https:\/\/mueble4you.com\/de\/productos\/horizontales-klappbett\/#breadcrumb","itemListElement":[{"@type":"ListItem","position":1,"name":"Portada","item":"https:\/\/mueble4you.com\/de\/"},{"@type":"ListItem","position":2,"name":"Productos","item":"https:\/\/mueble4you.com\/productos\/"},{"@type":"ListItem","position":3,"name":"Horizontales Klappbett"}]},{"@type":"WebSite","@id":"https:\/\/mueble4you.com\/#website","url":"https:\/\/mueble4you.com\/","name":"mueble4you","description":"M\u00f6bel in Teneriffa","potentialAction":[{"@type":"SearchAction","target":{"@type":"EntryPoint","urlTemplate":"https:\/\/mueble4you.com\/?s={search_term_string}"},"query-input":{"@type":"PropertyValueSpecification","valueRequired":true,"valueName":"search_term_string"}}],"inLanguage":"de"}]}},"_links":{"self":[{"href":"https:\/\/mueble4you.com\/de\/wp-json\/wp\/v2\/product\/40404","targetHints":{"allow":["GET"]}}],"collection":[{"href":"https:\/\/mueble4you.com\/de\/wp-json\/wp\/v2\/product"}],"about":[{"href":"https:\/\/mueble4you.com\/de\/wp-json\/wp\/v2\/types\/product"}],"wp:featuredmedia":[{"embeddable":true,"href":"https:\/\/mueble4you.com\/de\/wp-json\/wp\/v2\/media\/74908"}],"wp:attachment":[{"href":"https:\/\/mueble4you.com\/de\/wp-json\/wp\/v2\/media?parent=40404"}],"wp:term":[{"taxonomy":"product_brand","embeddable":true,"href":"https:\/\/mueble4you.com\/de\/wp-json\/wp\/v2\/product_brand?post=40404"},{"taxonomy":"product_cat","embeddable":true,"href":"https:\/\/mueble4you.com\/de\/wp-json\/wp\/v2\/product_cat?post=40404"},{"taxonomy":"product_tag","embeddable":true,"href":"https:\/\/mueble4you.com\/de\/wp-json\/wp\/v2\/product_tag?post=40404"}],"curies":[{"name":"wp","href":"https:\/\/api.w.org\/{rel}","templated":true}]}}