{"id":39935,"date":"2020-06-24T11:02:36","date_gmt":"2020-06-24T11:02:36","guid":{"rendered":"https:\/\/mueble4you.com\/?post_type=product&#038;p=39935"},"modified":"2023-08-03T16:52:46","modified_gmt":"2023-08-03T16:52:46","slug":"gepolsterte-basis-90x190-cm","status":"publish","type":"product","link":"https:\/\/mueble4you.com\/de\/productos\/gepolsterte-basis-90x190-cm\/","title":{"rendered":"Gepolsterte Basis 90X190 cm."},"content":{"rendered":"<h4 id=\"tw-target-text\" class=\"tw-data-text tw-text-large tw-ta\" dir=\"ltr\" data-placeholder=\"Traducci\u00f3n\"><span class=\"Y2IQFc\" lang=\"de\">Gepolsterter Unterbau, Aluminiumstruktur, Ma\u00dfe 90x 190 cm.<\/span><\/h4>\n","protected":false},"excerpt":{"rendered":"<p>DISPONIBLE:<\/p>\n<ul>\n<li>90 X 190<\/li>\n<li>135 X 190<\/li>\n<li>150 X 190<\/li>\n<li>160 X 200<\/li>\n<li>180 X 200<\/li>\n<\/ul>\n<ol>\n<li>ESTRUCTURA MET\u00c1LICA<\/li>\n<li>TEJIDO TRANSPIRABLE<\/li>\n<li>AIREADORES<\/li>\n<\/ol>\n<p>Tambi\u00e9n disponible en otros tama\u00f1os bajo pedido.<\/p>\n","protected":false},"featured_media":36470,"template":"","meta":[],"product_brand":[],"product_cat":[270,269],"product_tag":[],"class_list":{"0":"post-39935","1":"product","2":"type-product","3":"status-publish","4":"has-post-thumbnail","6":"product_cat-betten-und-zubehor","7":"product_cat-schlafzimmer","9":"first","10":"instock","11":"shipping-taxable","12":"product-type-simple"},"yoast_head":"<!-- This site is optimized with the Yoast SEO plugin v27.2 - https:\/\/yoast.com\/product\/yoast-seo-wordpress\/ -->\n<title>Gepolsterte Basis 90X190 cm. | mueble4you<\/title>\n<meta name=\"robots\" content=\"index, follow, max-snippet:-1, max-image-preview:large, max-video-preview:-1\" \/>\n<link rel=\"canonical\" href=\"https:\/\/mueble4you.com\/de\/productos\/gepolsterte-basis-90x190-cm\/\" \/>\n<meta property=\"og:locale\" content=\"de_DE\" \/>\n<meta property=\"og:type\" content=\"article\" \/>\n<meta property=\"og:title\" content=\"Gepolsterte Basis 90X190 cm. | mueble4you\" \/>\n<meta property=\"og:description\" content=\"DISPONIBLE:   90 X 190  135 X 190  150 X 190  160 X 200  180 X 200    ESTRUCTURA MET\u00c1LICA  TEJIDO TRANSPIRABLE  AIREADORES  Tambi\u00e9n disponible en otros tama\u00f1os bajo pedido.\" \/>\n<meta property=\"og:url\" content=\"https:\/\/mueble4you.com\/de\/productos\/gepolsterte-basis-90x190-cm\/\" \/>\n<meta property=\"og:site_name\" content=\"mueble4you\" \/>\n<meta property=\"article:modified_time\" content=\"2023-08-03T16:52:46+00:00\" \/>\n<meta property=\"og:image\" content=\"https:\/\/mueble4you.com\/wp-content\/uploads\/2019\/09\/1024x576-Bases-Tapizadas-Airsom.jpg\" \/>\n\t<meta property=\"og:image:width\" content=\"1024\" \/>\n\t<meta property=\"og:image:height\" content=\"576\" \/>\n\t<meta property=\"og:image:type\" content=\"image\/jpeg\" \/>\n<meta name=\"twitter:card\" content=\"summary_large_image\" \/>\n<script type=\"application\/ld+json\" class=\"yoast-schema-graph\">{\"@context\":\"https:\/\/schema.org\",\"@graph\":[{\"@type\":\"WebPage\",\"@id\":\"https:\/\/mueble4you.com\/de\/productos\/gepolsterte-basis-90x190-cm\/\",\"url\":\"https:\/\/mueble4you.com\/de\/productos\/gepolsterte-basis-90x190-cm\/\",\"name\":\"Gepolsterte Basis 90X190 cm. | mueble4you\",\"isPartOf\":{\"@id\":\"https:\/\/mueble4you.com\/#website\"},\"primaryImageOfPage\":{\"@id\":\"https:\/\/mueble4you.com\/de\/productos\/gepolsterte-basis-90x190-cm\/#primaryimage\"},\"image\":{\"@id\":\"https:\/\/mueble4you.com\/de\/productos\/gepolsterte-basis-90x190-cm\/#primaryimage\"},\"thumbnailUrl\":\"https:\/\/mueble4you.com\/wp-content\/uploads\/2019\/09\/1024x576-Bases-Tapizadas-Airsom.jpg\",\"datePublished\":\"2020-06-24T11:02:36+00:00\",\"dateModified\":\"2023-08-03T16:52:46+00:00\",\"breadcrumb\":{\"@id\":\"https:\/\/mueble4you.com\/de\/productos\/gepolsterte-basis-90x190-cm\/#breadcrumb\"},\"inLanguage\":\"de\",\"potentialAction\":[{\"@type\":\"ReadAction\",\"target\":[\"https:\/\/mueble4you.com\/de\/productos\/gepolsterte-basis-90x190-cm\/\"]}]},{\"@type\":\"ImageObject\",\"inLanguage\":\"de\",\"@id\":\"https:\/\/mueble4you.com\/de\/productos\/gepolsterte-basis-90x190-cm\/#primaryimage\",\"url\":\"https:\/\/mueble4you.com\/wp-content\/uploads\/2019\/09\/1024x576-Bases-Tapizadas-Airsom.jpg\",\"contentUrl\":\"https:\/\/mueble4you.com\/wp-content\/uploads\/2019\/09\/1024x576-Bases-Tapizadas-Airsom.jpg\",\"width\":1024,\"height\":576},{\"@type\":\"BreadcrumbList\",\"@id\":\"https:\/\/mueble4you.com\/de\/productos\/gepolsterte-basis-90x190-cm\/#breadcrumb\",\"itemListElement\":[{\"@type\":\"ListItem\",\"position\":1,\"name\":\"Portada\",\"item\":\"https:\/\/mueble4you.com\/de\/\"},{\"@type\":\"ListItem\",\"position\":2,\"name\":\"Productos\",\"item\":\"https:\/\/mueble4you.com\/productos\/\"},{\"@type\":\"ListItem\",\"position\":3,\"name\":\"Gepolsterte Basis 90X190 cm.\"}]},{\"@type\":\"WebSite\",\"@id\":\"https:\/\/mueble4you.com\/#website\",\"url\":\"https:\/\/mueble4you.com\/\",\"name\":\"mueble4you\",\"description\":\"M\u00f6bel in Teneriffa\",\"potentialAction\":[{\"@type\":\"SearchAction\",\"target\":{\"@type\":\"EntryPoint\",\"urlTemplate\":\"https:\/\/mueble4you.com\/?s={search_term_string}\"},\"query-input\":{\"@type\":\"PropertyValueSpecification\",\"valueRequired\":true,\"valueName\":\"search_term_string\"}}],\"inLanguage\":\"de\"}]}<\/script>\n<!-- \/ Yoast SEO plugin. -->","yoast_head_json":{"title":"Gepolsterte Basis 90X190 cm. | mueble4you","robots":{"index":"index","follow":"follow","max-snippet":"max-snippet:-1","max-image-preview":"max-image-preview:large","max-video-preview":"max-video-preview:-1"},"canonical":"https:\/\/mueble4you.com\/de\/productos\/gepolsterte-basis-90x190-cm\/","og_locale":"de_DE","og_type":"article","og_title":"Gepolsterte Basis 90X190 cm. | mueble4you","og_description":"DISPONIBLE:   90 X 190  135 X 190  150 X 190  160 X 200  180 X 200    ESTRUCTURA MET\u00c1LICA  TEJIDO TRANSPIRABLE  AIREADORES  Tambi\u00e9n disponible en otros tama\u00f1os bajo pedido.","og_url":"https:\/\/mueble4you.com\/de\/productos\/gepolsterte-basis-90x190-cm\/","og_site_name":"mueble4you","article_modified_time":"2023-08-03T16:52:46+00:00","og_image":[{"width":1024,"height":576,"url":"https:\/\/mueble4you.com\/wp-content\/uploads\/2019\/09\/1024x576-Bases-Tapizadas-Airsom.jpg","type":"image\/jpeg"}],"twitter_card":"summary_large_image","schema":{"@context":"https:\/\/schema.org","@graph":[{"@type":"WebPage","@id":"https:\/\/mueble4you.com\/de\/productos\/gepolsterte-basis-90x190-cm\/","url":"https:\/\/mueble4you.com\/de\/productos\/gepolsterte-basis-90x190-cm\/","name":"Gepolsterte Basis 90X190 cm. | mueble4you","isPartOf":{"@id":"https:\/\/mueble4you.com\/#website"},"primaryImageOfPage":{"@id":"https:\/\/mueble4you.com\/de\/productos\/gepolsterte-basis-90x190-cm\/#primaryimage"},"image":{"@id":"https:\/\/mueble4you.com\/de\/productos\/gepolsterte-basis-90x190-cm\/#primaryimage"},"thumbnailUrl":"https:\/\/mueble4you.com\/wp-content\/uploads\/2019\/09\/1024x576-Bases-Tapizadas-Airsom.jpg","datePublished":"2020-06-24T11:02:36+00:00","dateModified":"2023-08-03T16:52:46+00:00","breadcrumb":{"@id":"https:\/\/mueble4you.com\/de\/productos\/gepolsterte-basis-90x190-cm\/#breadcrumb"},"inLanguage":"de","potentialAction":[{"@type":"ReadAction","target":["https:\/\/mueble4you.com\/de\/productos\/gepolsterte-basis-90x190-cm\/"]}]},{"@type":"ImageObject","inLanguage":"de","@id":"https:\/\/mueble4you.com\/de\/productos\/gepolsterte-basis-90x190-cm\/#primaryimage","url":"https:\/\/mueble4you.com\/wp-content\/uploads\/2019\/09\/1024x576-Bases-Tapizadas-Airsom.jpg","contentUrl":"https:\/\/mueble4you.com\/wp-content\/uploads\/2019\/09\/1024x576-Bases-Tapizadas-Airsom.jpg","width":1024,"height":576},{"@type":"BreadcrumbList","@id":"https:\/\/mueble4you.com\/de\/productos\/gepolsterte-basis-90x190-cm\/#breadcrumb","itemListElement":[{"@type":"ListItem","position":1,"name":"Portada","item":"https:\/\/mueble4you.com\/de\/"},{"@type":"ListItem","position":2,"name":"Productos","item":"https:\/\/mueble4you.com\/productos\/"},{"@type":"ListItem","position":3,"name":"Gepolsterte Basis 90X190 cm."}]},{"@type":"WebSite","@id":"https:\/\/mueble4you.com\/#website","url":"https:\/\/mueble4you.com\/","name":"mueble4you","description":"M\u00f6bel in Teneriffa","potentialAction":[{"@type":"SearchAction","target":{"@type":"EntryPoint","urlTemplate":"https:\/\/mueble4you.com\/?s={search_term_string}"},"query-input":{"@type":"PropertyValueSpecification","valueRequired":true,"valueName":"search_term_string"}}],"inLanguage":"de"}]}},"_links":{"self":[{"href":"https:\/\/mueble4you.com\/de\/wp-json\/wp\/v2\/product\/39935","targetHints":{"allow":["GET"]}}],"collection":[{"href":"https:\/\/mueble4you.com\/de\/wp-json\/wp\/v2\/product"}],"about":[{"href":"https:\/\/mueble4you.com\/de\/wp-json\/wp\/v2\/types\/product"}],"wp:featuredmedia":[{"embeddable":true,"href":"https:\/\/mueble4you.com\/de\/wp-json\/wp\/v2\/media\/36470"}],"wp:attachment":[{"href":"https:\/\/mueble4you.com\/de\/wp-json\/wp\/v2\/media?parent=39935"}],"wp:term":[{"taxonomy":"product_brand","embeddable":true,"href":"https:\/\/mueble4you.com\/de\/wp-json\/wp\/v2\/product_brand?post=39935"},{"taxonomy":"product_cat","embeddable":true,"href":"https:\/\/mueble4you.com\/de\/wp-json\/wp\/v2\/product_cat?post=39935"},{"taxonomy":"product_tag","embeddable":true,"href":"https:\/\/mueble4you.com\/de\/wp-json\/wp\/v2\/product_tag?post=39935"}],"curies":[{"name":"wp","href":"https:\/\/api.w.org\/{rel}","templated":true}]}}