{"id":39644,"date":"2020-05-20T17:45:55","date_gmt":"2020-05-20T17:45:55","guid":{"rendered":"https:\/\/mueble4you.com\/productos\/gazebo-3x4\/"},"modified":"2020-05-20T18:53:28","modified_gmt":"2020-05-20T18:53:28","slug":"gazebo-3x4","status":"publish","type":"product","link":"https:\/\/mueble4you.com\/de\/productos\/gazebo-3x4\/","title":{"rendered":"Gazebo 3&#215;4"},"content":{"rendered":"<p>Au\u00dfenpergola mit Vorh\u00e4ngen, mit Eisenstruktur und Polyestergewebe, erh\u00e4ltlich in drei Gr\u00f6\u00dfen, 300cm* 300cm, 300cm* 400 cm, 400 cm * 400 cm, beige Farbe, erh\u00e4ltlich extra Dach.<\/p>\n","protected":false},"excerpt":{"rendered":"<p>Au\u00dfenpergola mit Vorh\u00e4ngen, mit Eisenstruktur und Polyestergewebe, erh\u00e4ltlich in drei Gr\u00f6\u00dfen, 300cm* 300cm, 300cm* 400 cm, 400 cm * 400 cm, beige Farbe, erh\u00e4ltlich extra Dach.<\/p>\n","protected":false},"featured_media":38559,"template":"","meta":[],"product_brand":[],"product_cat":[305,317],"product_tag":[],"class_list":{"0":"post-39644","1":"product","2":"type-product","3":"status-publish","4":"has-post-thumbnail","6":"product_cat-gartenmobel","7":"product_cat-sonnenschirme-pavillon","9":"first","10":"instock","11":"shipping-taxable","12":"product-type-simple"},"yoast_head":"<!-- This site is optimized with the Yoast SEO plugin v27.2 - https:\/\/yoast.com\/product\/yoast-seo-wordpress\/ -->\n<title>Gazebo 3x4 | mueble4you<\/title>\n<meta name=\"robots\" content=\"index, follow, max-snippet:-1, max-image-preview:large, max-video-preview:-1\" \/>\n<link rel=\"canonical\" href=\"https:\/\/mueble4you.com\/de\/productos\/gazebo-3x4\/\" \/>\n<meta property=\"og:locale\" content=\"de_DE\" \/>\n<meta property=\"og:type\" content=\"article\" \/>\n<meta property=\"og:title\" content=\"Gazebo 3x4 | mueble4you\" \/>\n<meta property=\"og:description\" content=\"Au\u00dfenpergola mit Vorh\u00e4ngen, mit Eisenstruktur und Polyestergewebe, erh\u00e4ltlich in drei Gr\u00f6\u00dfen, 300cm* 300cm, 300cm* 400 cm, 400 cm * 400 cm, beige Farbe, erh\u00e4ltlich extra Dach.\" \/>\n<meta property=\"og:url\" content=\"https:\/\/mueble4you.com\/de\/productos\/gazebo-3x4\/\" \/>\n<meta property=\"og:site_name\" content=\"mueble4you\" \/>\n<meta property=\"article:modified_time\" content=\"2020-05-20T18:53:28+00:00\" \/>\n<meta property=\"og:image\" content=\"https:\/\/mueble4you.com\/wp-content\/uploads\/2018\/02\/gazebo.jpg\" \/>\n\t<meta property=\"og:image:width\" content=\"1287\" \/>\n\t<meta property=\"og:image:height\" content=\"965\" \/>\n\t<meta property=\"og:image:type\" content=\"image\/jpeg\" \/>\n<meta name=\"twitter:card\" content=\"summary_large_image\" \/>\n<script type=\"application\/ld+json\" class=\"yoast-schema-graph\">{\"@context\":\"https:\/\/schema.org\",\"@graph\":[{\"@type\":\"WebPage\",\"@id\":\"https:\/\/mueble4you.com\/de\/productos\/gazebo-3x4\/\",\"url\":\"https:\/\/mueble4you.com\/de\/productos\/gazebo-3x4\/\",\"name\":\"Gazebo 3x4 | mueble4you\",\"isPartOf\":{\"@id\":\"https:\/\/mueble4you.com\/#website\"},\"primaryImageOfPage\":{\"@id\":\"https:\/\/mueble4you.com\/de\/productos\/gazebo-3x4\/#primaryimage\"},\"image\":{\"@id\":\"https:\/\/mueble4you.com\/de\/productos\/gazebo-3x4\/#primaryimage\"},\"thumbnailUrl\":\"https:\/\/mueble4you.com\/wp-content\/uploads\/2018\/02\/gazebo.jpg\",\"datePublished\":\"2020-05-20T17:45:55+00:00\",\"dateModified\":\"2020-05-20T18:53:28+00:00\",\"breadcrumb\":{\"@id\":\"https:\/\/mueble4you.com\/de\/productos\/gazebo-3x4\/#breadcrumb\"},\"inLanguage\":\"de\",\"potentialAction\":[{\"@type\":\"ReadAction\",\"target\":[\"https:\/\/mueble4you.com\/de\/productos\/gazebo-3x4\/\"]}]},{\"@type\":\"ImageObject\",\"inLanguage\":\"de\",\"@id\":\"https:\/\/mueble4you.com\/de\/productos\/gazebo-3x4\/#primaryimage\",\"url\":\"https:\/\/mueble4you.com\/wp-content\/uploads\/2018\/02\/gazebo.jpg\",\"contentUrl\":\"https:\/\/mueble4you.com\/wp-content\/uploads\/2018\/02\/gazebo.jpg\",\"width\":1287,\"height\":965},{\"@type\":\"BreadcrumbList\",\"@id\":\"https:\/\/mueble4you.com\/de\/productos\/gazebo-3x4\/#breadcrumb\",\"itemListElement\":[{\"@type\":\"ListItem\",\"position\":1,\"name\":\"Portada\",\"item\":\"https:\/\/mueble4you.com\/de\/\"},{\"@type\":\"ListItem\",\"position\":2,\"name\":\"Productos\",\"item\":\"https:\/\/mueble4you.com\/productos\/\"},{\"@type\":\"ListItem\",\"position\":3,\"name\":\"Gazebo 3&#215;4\"}]},{\"@type\":\"WebSite\",\"@id\":\"https:\/\/mueble4you.com\/#website\",\"url\":\"https:\/\/mueble4you.com\/\",\"name\":\"mueble4you\",\"description\":\"M\u00f6bel in Teneriffa\",\"potentialAction\":[{\"@type\":\"SearchAction\",\"target\":{\"@type\":\"EntryPoint\",\"urlTemplate\":\"https:\/\/mueble4you.com\/?s={search_term_string}\"},\"query-input\":{\"@type\":\"PropertyValueSpecification\",\"valueRequired\":true,\"valueName\":\"search_term_string\"}}],\"inLanguage\":\"de\"}]}<\/script>\n<!-- \/ Yoast SEO plugin. -->","yoast_head_json":{"title":"Gazebo 3x4 | mueble4you","robots":{"index":"index","follow":"follow","max-snippet":"max-snippet:-1","max-image-preview":"max-image-preview:large","max-video-preview":"max-video-preview:-1"},"canonical":"https:\/\/mueble4you.com\/de\/productos\/gazebo-3x4\/","og_locale":"de_DE","og_type":"article","og_title":"Gazebo 3x4 | mueble4you","og_description":"Au\u00dfenpergola mit Vorh\u00e4ngen, mit Eisenstruktur und Polyestergewebe, erh\u00e4ltlich in drei Gr\u00f6\u00dfen, 300cm* 300cm, 300cm* 400 cm, 400 cm * 400 cm, beige Farbe, erh\u00e4ltlich extra Dach.","og_url":"https:\/\/mueble4you.com\/de\/productos\/gazebo-3x4\/","og_site_name":"mueble4you","article_modified_time":"2020-05-20T18:53:28+00:00","og_image":[{"width":1287,"height":965,"url":"https:\/\/mueble4you.com\/wp-content\/uploads\/2018\/02\/gazebo.jpg","type":"image\/jpeg"}],"twitter_card":"summary_large_image","schema":{"@context":"https:\/\/schema.org","@graph":[{"@type":"WebPage","@id":"https:\/\/mueble4you.com\/de\/productos\/gazebo-3x4\/","url":"https:\/\/mueble4you.com\/de\/productos\/gazebo-3x4\/","name":"Gazebo 3x4 | mueble4you","isPartOf":{"@id":"https:\/\/mueble4you.com\/#website"},"primaryImageOfPage":{"@id":"https:\/\/mueble4you.com\/de\/productos\/gazebo-3x4\/#primaryimage"},"image":{"@id":"https:\/\/mueble4you.com\/de\/productos\/gazebo-3x4\/#primaryimage"},"thumbnailUrl":"https:\/\/mueble4you.com\/wp-content\/uploads\/2018\/02\/gazebo.jpg","datePublished":"2020-05-20T17:45:55+00:00","dateModified":"2020-05-20T18:53:28+00:00","breadcrumb":{"@id":"https:\/\/mueble4you.com\/de\/productos\/gazebo-3x4\/#breadcrumb"},"inLanguage":"de","potentialAction":[{"@type":"ReadAction","target":["https:\/\/mueble4you.com\/de\/productos\/gazebo-3x4\/"]}]},{"@type":"ImageObject","inLanguage":"de","@id":"https:\/\/mueble4you.com\/de\/productos\/gazebo-3x4\/#primaryimage","url":"https:\/\/mueble4you.com\/wp-content\/uploads\/2018\/02\/gazebo.jpg","contentUrl":"https:\/\/mueble4you.com\/wp-content\/uploads\/2018\/02\/gazebo.jpg","width":1287,"height":965},{"@type":"BreadcrumbList","@id":"https:\/\/mueble4you.com\/de\/productos\/gazebo-3x4\/#breadcrumb","itemListElement":[{"@type":"ListItem","position":1,"name":"Portada","item":"https:\/\/mueble4you.com\/de\/"},{"@type":"ListItem","position":2,"name":"Productos","item":"https:\/\/mueble4you.com\/productos\/"},{"@type":"ListItem","position":3,"name":"Gazebo 3&#215;4"}]},{"@type":"WebSite","@id":"https:\/\/mueble4you.com\/#website","url":"https:\/\/mueble4you.com\/","name":"mueble4you","description":"M\u00f6bel in Teneriffa","potentialAction":[{"@type":"SearchAction","target":{"@type":"EntryPoint","urlTemplate":"https:\/\/mueble4you.com\/?s={search_term_string}"},"query-input":{"@type":"PropertyValueSpecification","valueRequired":true,"valueName":"search_term_string"}}],"inLanguage":"de"}]}},"_links":{"self":[{"href":"https:\/\/mueble4you.com\/de\/wp-json\/wp\/v2\/product\/39644","targetHints":{"allow":["GET"]}}],"collection":[{"href":"https:\/\/mueble4you.com\/de\/wp-json\/wp\/v2\/product"}],"about":[{"href":"https:\/\/mueble4you.com\/de\/wp-json\/wp\/v2\/types\/product"}],"wp:featuredmedia":[{"embeddable":true,"href":"https:\/\/mueble4you.com\/de\/wp-json\/wp\/v2\/media\/38559"}],"wp:attachment":[{"href":"https:\/\/mueble4you.com\/de\/wp-json\/wp\/v2\/media?parent=39644"}],"wp:term":[{"taxonomy":"product_brand","embeddable":true,"href":"https:\/\/mueble4you.com\/de\/wp-json\/wp\/v2\/product_brand?post=39644"},{"taxonomy":"product_cat","embeddable":true,"href":"https:\/\/mueble4you.com\/de\/wp-json\/wp\/v2\/product_cat?post=39644"},{"taxonomy":"product_tag","embeddable":true,"href":"https:\/\/mueble4you.com\/de\/wp-json\/wp\/v2\/product_tag?post=39644"}],"curies":[{"name":"wp","href":"https:\/\/api.w.org\/{rel}","templated":true}]}}