{"id":39409,"date":"2020-05-14T12:26:01","date_gmt":"2020-05-14T12:26:01","guid":{"rendered":"https:\/\/mueble4you.com\/productos\/amalfi-aparado-190\/"},"modified":"2020-05-14T16:35:58","modified_gmt":"2020-05-14T16:35:58","slug":"amalfi-sideboard-190","status":"publish","type":"product","link":"https:\/\/mueble4you.com\/de\/productos\/amalfi-sideboard-190\/","title":{"rendered":"Amalfi, Sideboard 190."},"content":{"rendered":"<p>Sideboard, gl\u00e4nzend wei\u00dfer Lack, seine Ma\u00dfe, 190cm breit*50cm tief<\/p>\n","protected":false},"excerpt":{"rendered":"<p>Sideboard, gl\u00e4nzend wei\u00dfer Lack, seine Ma\u00dfe, 190cm breit*50cm tief<\/p>\n","protected":false},"featured_media":74582,"template":"","meta":[],"product_brand":[],"product_cat":[500,272],"product_tag":[],"class_list":{"0":"post-39409","1":"product","2":"type-product","3":"status-publish","4":"has-post-thumbnail","6":"product_cat-sideboards-de","7":"product_cat-wohnzimmer","9":"first","10":"instock","11":"shipping-taxable","12":"product-type-simple"},"yoast_head":"<!-- This site is optimized with the Yoast SEO plugin v27.2 - https:\/\/yoast.com\/product\/yoast-seo-wordpress\/ -->\n<title>Amalfi, Sideboard 190. | mueble4you<\/title>\n<meta name=\"robots\" content=\"index, follow, max-snippet:-1, max-image-preview:large, max-video-preview:-1\" \/>\n<link rel=\"canonical\" href=\"https:\/\/mueble4you.com\/de\/productos\/amalfi-sideboard-190\/\" \/>\n<meta property=\"og:locale\" content=\"de_DE\" \/>\n<meta property=\"og:type\" content=\"article\" \/>\n<meta property=\"og:title\" content=\"Amalfi, Sideboard 190. | mueble4you\" \/>\n<meta property=\"og:description\" content=\"Sideboard, gl\u00e4nzend wei\u00dfer Lack, seine Ma\u00dfe, 190cm breit*50cm tief\" \/>\n<meta property=\"og:url\" content=\"https:\/\/mueble4you.com\/de\/productos\/amalfi-sideboard-190\/\" \/>\n<meta property=\"og:site_name\" content=\"mueble4you\" \/>\n<meta property=\"article:modified_time\" content=\"2020-05-14T16:35:58+00:00\" \/>\n<meta property=\"og:image\" content=\"https:\/\/mueble4you.com\/wp-content\/uploads\/2020\/05\/aparador-190-1.jpg\" \/>\n\t<meta property=\"og:image:width\" content=\"511\" \/>\n\t<meta property=\"og:image:height\" content=\"301\" \/>\n\t<meta property=\"og:image:type\" content=\"image\/jpeg\" \/>\n<meta name=\"twitter:card\" content=\"summary_large_image\" \/>\n<script type=\"application\/ld+json\" class=\"yoast-schema-graph\">{\"@context\":\"https:\/\/schema.org\",\"@graph\":[{\"@type\":\"WebPage\",\"@id\":\"https:\/\/mueble4you.com\/de\/productos\/amalfi-sideboard-190\/\",\"url\":\"https:\/\/mueble4you.com\/de\/productos\/amalfi-sideboard-190\/\",\"name\":\"Amalfi, Sideboard 190. | mueble4you\",\"isPartOf\":{\"@id\":\"https:\/\/mueble4you.com\/#website\"},\"primaryImageOfPage\":{\"@id\":\"https:\/\/mueble4you.com\/de\/productos\/amalfi-sideboard-190\/#primaryimage\"},\"image\":{\"@id\":\"https:\/\/mueble4you.com\/de\/productos\/amalfi-sideboard-190\/#primaryimage\"},\"thumbnailUrl\":\"https:\/\/mueble4you.com\/wp-content\/uploads\/2020\/05\/aparador-190-1.jpg\",\"datePublished\":\"2020-05-14T12:26:01+00:00\",\"dateModified\":\"2020-05-14T16:35:58+00:00\",\"breadcrumb\":{\"@id\":\"https:\/\/mueble4you.com\/de\/productos\/amalfi-sideboard-190\/#breadcrumb\"},\"inLanguage\":\"de\",\"potentialAction\":[{\"@type\":\"ReadAction\",\"target\":[\"https:\/\/mueble4you.com\/de\/productos\/amalfi-sideboard-190\/\"]}]},{\"@type\":\"ImageObject\",\"inLanguage\":\"de\",\"@id\":\"https:\/\/mueble4you.com\/de\/productos\/amalfi-sideboard-190\/#primaryimage\",\"url\":\"https:\/\/mueble4you.com\/wp-content\/uploads\/2020\/05\/aparador-190-1.jpg\",\"contentUrl\":\"https:\/\/mueble4you.com\/wp-content\/uploads\/2020\/05\/aparador-190-1.jpg\",\"width\":511,\"height\":301},{\"@type\":\"BreadcrumbList\",\"@id\":\"https:\/\/mueble4you.com\/de\/productos\/amalfi-sideboard-190\/#breadcrumb\",\"itemListElement\":[{\"@type\":\"ListItem\",\"position\":1,\"name\":\"Portada\",\"item\":\"https:\/\/mueble4you.com\/de\/\"},{\"@type\":\"ListItem\",\"position\":2,\"name\":\"Productos\",\"item\":\"https:\/\/mueble4you.com\/productos\/\"},{\"@type\":\"ListItem\",\"position\":3,\"name\":\"Amalfi, Sideboard 190.\"}]},{\"@type\":\"WebSite\",\"@id\":\"https:\/\/mueble4you.com\/#website\",\"url\":\"https:\/\/mueble4you.com\/\",\"name\":\"mueble4you\",\"description\":\"M\u00f6bel in Teneriffa\",\"potentialAction\":[{\"@type\":\"SearchAction\",\"target\":{\"@type\":\"EntryPoint\",\"urlTemplate\":\"https:\/\/mueble4you.com\/?s={search_term_string}\"},\"query-input\":{\"@type\":\"PropertyValueSpecification\",\"valueRequired\":true,\"valueName\":\"search_term_string\"}}],\"inLanguage\":\"de\"}]}<\/script>\n<!-- \/ Yoast SEO plugin. -->","yoast_head_json":{"title":"Amalfi, Sideboard 190. | mueble4you","robots":{"index":"index","follow":"follow","max-snippet":"max-snippet:-1","max-image-preview":"max-image-preview:large","max-video-preview":"max-video-preview:-1"},"canonical":"https:\/\/mueble4you.com\/de\/productos\/amalfi-sideboard-190\/","og_locale":"de_DE","og_type":"article","og_title":"Amalfi, Sideboard 190. | mueble4you","og_description":"Sideboard, gl\u00e4nzend wei\u00dfer Lack, seine Ma\u00dfe, 190cm breit*50cm tief","og_url":"https:\/\/mueble4you.com\/de\/productos\/amalfi-sideboard-190\/","og_site_name":"mueble4you","article_modified_time":"2020-05-14T16:35:58+00:00","og_image":[{"width":511,"height":301,"url":"https:\/\/mueble4you.com\/wp-content\/uploads\/2020\/05\/aparador-190-1.jpg","type":"image\/jpeg"}],"twitter_card":"summary_large_image","schema":{"@context":"https:\/\/schema.org","@graph":[{"@type":"WebPage","@id":"https:\/\/mueble4you.com\/de\/productos\/amalfi-sideboard-190\/","url":"https:\/\/mueble4you.com\/de\/productos\/amalfi-sideboard-190\/","name":"Amalfi, Sideboard 190. | mueble4you","isPartOf":{"@id":"https:\/\/mueble4you.com\/#website"},"primaryImageOfPage":{"@id":"https:\/\/mueble4you.com\/de\/productos\/amalfi-sideboard-190\/#primaryimage"},"image":{"@id":"https:\/\/mueble4you.com\/de\/productos\/amalfi-sideboard-190\/#primaryimage"},"thumbnailUrl":"https:\/\/mueble4you.com\/wp-content\/uploads\/2020\/05\/aparador-190-1.jpg","datePublished":"2020-05-14T12:26:01+00:00","dateModified":"2020-05-14T16:35:58+00:00","breadcrumb":{"@id":"https:\/\/mueble4you.com\/de\/productos\/amalfi-sideboard-190\/#breadcrumb"},"inLanguage":"de","potentialAction":[{"@type":"ReadAction","target":["https:\/\/mueble4you.com\/de\/productos\/amalfi-sideboard-190\/"]}]},{"@type":"ImageObject","inLanguage":"de","@id":"https:\/\/mueble4you.com\/de\/productos\/amalfi-sideboard-190\/#primaryimage","url":"https:\/\/mueble4you.com\/wp-content\/uploads\/2020\/05\/aparador-190-1.jpg","contentUrl":"https:\/\/mueble4you.com\/wp-content\/uploads\/2020\/05\/aparador-190-1.jpg","width":511,"height":301},{"@type":"BreadcrumbList","@id":"https:\/\/mueble4you.com\/de\/productos\/amalfi-sideboard-190\/#breadcrumb","itemListElement":[{"@type":"ListItem","position":1,"name":"Portada","item":"https:\/\/mueble4you.com\/de\/"},{"@type":"ListItem","position":2,"name":"Productos","item":"https:\/\/mueble4you.com\/productos\/"},{"@type":"ListItem","position":3,"name":"Amalfi, Sideboard 190."}]},{"@type":"WebSite","@id":"https:\/\/mueble4you.com\/#website","url":"https:\/\/mueble4you.com\/","name":"mueble4you","description":"M\u00f6bel in Teneriffa","potentialAction":[{"@type":"SearchAction","target":{"@type":"EntryPoint","urlTemplate":"https:\/\/mueble4you.com\/?s={search_term_string}"},"query-input":{"@type":"PropertyValueSpecification","valueRequired":true,"valueName":"search_term_string"}}],"inLanguage":"de"}]}},"_links":{"self":[{"href":"https:\/\/mueble4you.com\/de\/wp-json\/wp\/v2\/product\/39409","targetHints":{"allow":["GET"]}}],"collection":[{"href":"https:\/\/mueble4you.com\/de\/wp-json\/wp\/v2\/product"}],"about":[{"href":"https:\/\/mueble4you.com\/de\/wp-json\/wp\/v2\/types\/product"}],"wp:featuredmedia":[{"embeddable":true,"href":"https:\/\/mueble4you.com\/de\/wp-json\/wp\/v2\/media\/74582"}],"wp:attachment":[{"href":"https:\/\/mueble4you.com\/de\/wp-json\/wp\/v2\/media?parent=39409"}],"wp:term":[{"taxonomy":"product_brand","embeddable":true,"href":"https:\/\/mueble4you.com\/de\/wp-json\/wp\/v2\/product_brand?post=39409"},{"taxonomy":"product_cat","embeddable":true,"href":"https:\/\/mueble4you.com\/de\/wp-json\/wp\/v2\/product_cat?post=39409"},{"taxonomy":"product_tag","embeddable":true,"href":"https:\/\/mueble4you.com\/de\/wp-json\/wp\/v2\/product_tag?post=39409"}],"curies":[{"name":"wp","href":"https:\/\/api.w.org\/{rel}","templated":true}]}}