{"id":39098,"date":"2020-05-06T11:05:10","date_gmt":"2020-05-06T11:05:10","guid":{"rendered":"https:\/\/mueble4you.com\/productos\/new-leyenda-sofa\/"},"modified":"2020-05-20T15:21:28","modified_gmt":"2020-05-20T15:21:28","slug":"new-leyenda-sofa","status":"publish","type":"product","link":"https:\/\/mueble4you.com\/de\/productos\/new-leyenda-sofa\/","title":{"rendered":"New Leyenda, Sofa"},"content":{"rendered":"<p>Sofa, mit Schiebesitzen und Chaiselongue rechts, mit verstellbaren Kopfst\u00fctzen und gepolstert in nat\u00fcrlichem Gaudi pavone oder t\u00fcrkisblauem Leder, deren Gr\u00f6\u00dfen 265*168*112.<\/p>\n","protected":false},"excerpt":{"rendered":"<p>Sofa, mit Schiebesitzen und Chaiselongue rechts, mit verstellbaren Kopfst\u00fctzen und gepolstert in nat\u00fcrlichem Gaudi pavone oder t\u00fcrkisblauem Leder, deren Gr\u00f6\u00dfen 265*168*112.<\/p>\n","protected":false},"featured_media":39094,"template":"","meta":[],"product_brand":[],"product_cat":[392],"product_tag":[],"class_list":{"0":"post-39098","1":"product","2":"type-product","3":"status-publish","4":"has-post-thumbnail","6":"product_cat-uncategorized","8":"first","9":"outofstock","10":"shipping-taxable","11":"product-type-simple"},"yoast_head":"<!-- This site is optimized with the Yoast SEO plugin v27.3 - https:\/\/yoast.com\/product\/yoast-seo-wordpress\/ -->\n<title>New Leyenda, Sofa | mueble4you<\/title>\n<meta name=\"robots\" content=\"index, follow, max-snippet:-1, max-image-preview:large, max-video-preview:-1\" \/>\n<link rel=\"canonical\" href=\"https:\/\/mueble4you.com\/de\/productos\/new-leyenda-sofa\/\" \/>\n<meta property=\"og:locale\" content=\"de_DE\" \/>\n<meta property=\"og:type\" content=\"article\" \/>\n<meta property=\"og:title\" content=\"New Leyenda, Sofa | mueble4you\" \/>\n<meta property=\"og:description\" content=\"Sofa, mit Schiebesitzen und Chaiselongue rechts, mit verstellbaren Kopfst\u00fctzen und gepolstert in nat\u00fcrlichem Gaudi pavone oder t\u00fcrkisblauem Leder, deren Gr\u00f6\u00dfen 265*168*112.\" \/>\n<meta property=\"og:url\" content=\"https:\/\/mueble4you.com\/de\/productos\/new-leyenda-sofa\/\" \/>\n<meta property=\"og:site_name\" content=\"mueble4you\" \/>\n<meta property=\"article:modified_time\" content=\"2020-05-20T15:21:28+00:00\" \/>\n<meta property=\"og:image\" content=\"https:\/\/mueble4you.com\/wp-content\/uploads\/2020\/05\/sofa-new-leyenda.jpg\" \/>\n\t<meta property=\"og:image:width\" content=\"1024\" \/>\n\t<meta property=\"og:image:height\" content=\"768\" \/>\n\t<meta property=\"og:image:type\" content=\"image\/jpeg\" \/>\n<meta name=\"twitter:card\" content=\"summary_large_image\" \/>\n<script type=\"application\/ld+json\" class=\"yoast-schema-graph\">{\"@context\":\"https:\\\/\\\/schema.org\",\"@graph\":[{\"@type\":\"WebPage\",\"@id\":\"https:\\\/\\\/mueble4you.com\\\/de\\\/productos\\\/new-leyenda-sofa\\\/\",\"url\":\"https:\\\/\\\/mueble4you.com\\\/de\\\/productos\\\/new-leyenda-sofa\\\/\",\"name\":\"New Leyenda, Sofa | mueble4you\",\"isPartOf\":{\"@id\":\"https:\\\/\\\/mueble4you.com\\\/#website\"},\"primaryImageOfPage\":{\"@id\":\"https:\\\/\\\/mueble4you.com\\\/de\\\/productos\\\/new-leyenda-sofa\\\/#primaryimage\"},\"image\":{\"@id\":\"https:\\\/\\\/mueble4you.com\\\/de\\\/productos\\\/new-leyenda-sofa\\\/#primaryimage\"},\"thumbnailUrl\":\"https:\\\/\\\/mueble4you.com\\\/wp-content\\\/uploads\\\/2020\\\/05\\\/sofa-new-leyenda.jpg\",\"datePublished\":\"2020-05-06T11:05:10+00:00\",\"dateModified\":\"2020-05-20T15:21:28+00:00\",\"breadcrumb\":{\"@id\":\"https:\\\/\\\/mueble4you.com\\\/de\\\/productos\\\/new-leyenda-sofa\\\/#breadcrumb\"},\"inLanguage\":\"de\",\"potentialAction\":[{\"@type\":\"ReadAction\",\"target\":[\"https:\\\/\\\/mueble4you.com\\\/de\\\/productos\\\/new-leyenda-sofa\\\/\"]}]},{\"@type\":\"ImageObject\",\"inLanguage\":\"de\",\"@id\":\"https:\\\/\\\/mueble4you.com\\\/de\\\/productos\\\/new-leyenda-sofa\\\/#primaryimage\",\"url\":\"https:\\\/\\\/mueble4you.com\\\/wp-content\\\/uploads\\\/2020\\\/05\\\/sofa-new-leyenda.jpg\",\"contentUrl\":\"https:\\\/\\\/mueble4you.com\\\/wp-content\\\/uploads\\\/2020\\\/05\\\/sofa-new-leyenda.jpg\",\"width\":1024,\"height\":768},{\"@type\":\"BreadcrumbList\",\"@id\":\"https:\\\/\\\/mueble4you.com\\\/de\\\/productos\\\/new-leyenda-sofa\\\/#breadcrumb\",\"itemListElement\":[{\"@type\":\"ListItem\",\"position\":1,\"name\":\"Portada\",\"item\":\"https:\\\/\\\/mueble4you.com\\\/de\\\/\"},{\"@type\":\"ListItem\",\"position\":2,\"name\":\"Productos\",\"item\":\"https:\\\/\\\/mueble4you.com\\\/productos\\\/\"},{\"@type\":\"ListItem\",\"position\":3,\"name\":\"New Leyenda, Sofa\"}]},{\"@type\":\"WebSite\",\"@id\":\"https:\\\/\\\/mueble4you.com\\\/#website\",\"url\":\"https:\\\/\\\/mueble4you.com\\\/\",\"name\":\"mueble4you\",\"description\":\"M\u00f6bel in Teneriffa\",\"potentialAction\":[{\"@type\":\"SearchAction\",\"target\":{\"@type\":\"EntryPoint\",\"urlTemplate\":\"https:\\\/\\\/mueble4you.com\\\/?s={search_term_string}\"},\"query-input\":{\"@type\":\"PropertyValueSpecification\",\"valueRequired\":true,\"valueName\":\"search_term_string\"}}],\"inLanguage\":\"de\"}]}<\/script>\n<!-- \/ Yoast SEO plugin. -->","yoast_head_json":{"title":"New Leyenda, Sofa | mueble4you","robots":{"index":"index","follow":"follow","max-snippet":"max-snippet:-1","max-image-preview":"max-image-preview:large","max-video-preview":"max-video-preview:-1"},"canonical":"https:\/\/mueble4you.com\/de\/productos\/new-leyenda-sofa\/","og_locale":"de_DE","og_type":"article","og_title":"New Leyenda, Sofa | mueble4you","og_description":"Sofa, mit Schiebesitzen und Chaiselongue rechts, mit verstellbaren Kopfst\u00fctzen und gepolstert in nat\u00fcrlichem Gaudi pavone oder t\u00fcrkisblauem Leder, deren Gr\u00f6\u00dfen 265*168*112.","og_url":"https:\/\/mueble4you.com\/de\/productos\/new-leyenda-sofa\/","og_site_name":"mueble4you","article_modified_time":"2020-05-20T15:21:28+00:00","og_image":[{"width":1024,"height":768,"url":"https:\/\/mueble4you.com\/wp-content\/uploads\/2020\/05\/sofa-new-leyenda.jpg","type":"image\/jpeg"}],"twitter_card":"summary_large_image","schema":{"@context":"https:\/\/schema.org","@graph":[{"@type":"WebPage","@id":"https:\/\/mueble4you.com\/de\/productos\/new-leyenda-sofa\/","url":"https:\/\/mueble4you.com\/de\/productos\/new-leyenda-sofa\/","name":"New Leyenda, Sofa | mueble4you","isPartOf":{"@id":"https:\/\/mueble4you.com\/#website"},"primaryImageOfPage":{"@id":"https:\/\/mueble4you.com\/de\/productos\/new-leyenda-sofa\/#primaryimage"},"image":{"@id":"https:\/\/mueble4you.com\/de\/productos\/new-leyenda-sofa\/#primaryimage"},"thumbnailUrl":"https:\/\/mueble4you.com\/wp-content\/uploads\/2020\/05\/sofa-new-leyenda.jpg","datePublished":"2020-05-06T11:05:10+00:00","dateModified":"2020-05-20T15:21:28+00:00","breadcrumb":{"@id":"https:\/\/mueble4you.com\/de\/productos\/new-leyenda-sofa\/#breadcrumb"},"inLanguage":"de","potentialAction":[{"@type":"ReadAction","target":["https:\/\/mueble4you.com\/de\/productos\/new-leyenda-sofa\/"]}]},{"@type":"ImageObject","inLanguage":"de","@id":"https:\/\/mueble4you.com\/de\/productos\/new-leyenda-sofa\/#primaryimage","url":"https:\/\/mueble4you.com\/wp-content\/uploads\/2020\/05\/sofa-new-leyenda.jpg","contentUrl":"https:\/\/mueble4you.com\/wp-content\/uploads\/2020\/05\/sofa-new-leyenda.jpg","width":1024,"height":768},{"@type":"BreadcrumbList","@id":"https:\/\/mueble4you.com\/de\/productos\/new-leyenda-sofa\/#breadcrumb","itemListElement":[{"@type":"ListItem","position":1,"name":"Portada","item":"https:\/\/mueble4you.com\/de\/"},{"@type":"ListItem","position":2,"name":"Productos","item":"https:\/\/mueble4you.com\/productos\/"},{"@type":"ListItem","position":3,"name":"New Leyenda, Sofa"}]},{"@type":"WebSite","@id":"https:\/\/mueble4you.com\/#website","url":"https:\/\/mueble4you.com\/","name":"mueble4you","description":"M\u00f6bel in Teneriffa","potentialAction":[{"@type":"SearchAction","target":{"@type":"EntryPoint","urlTemplate":"https:\/\/mueble4you.com\/?s={search_term_string}"},"query-input":{"@type":"PropertyValueSpecification","valueRequired":true,"valueName":"search_term_string"}}],"inLanguage":"de"}]}},"_links":{"self":[{"href":"https:\/\/mueble4you.com\/de\/wp-json\/wp\/v2\/product\/39098","targetHints":{"allow":["GET"]}}],"collection":[{"href":"https:\/\/mueble4you.com\/de\/wp-json\/wp\/v2\/product"}],"about":[{"href":"https:\/\/mueble4you.com\/de\/wp-json\/wp\/v2\/types\/product"}],"wp:featuredmedia":[{"embeddable":true,"href":"https:\/\/mueble4you.com\/de\/wp-json\/wp\/v2\/media\/39094"}],"wp:attachment":[{"href":"https:\/\/mueble4you.com\/de\/wp-json\/wp\/v2\/media?parent=39098"}],"wp:term":[{"taxonomy":"product_brand","embeddable":true,"href":"https:\/\/mueble4you.com\/de\/wp-json\/wp\/v2\/product_brand?post=39098"},{"taxonomy":"product_cat","embeddable":true,"href":"https:\/\/mueble4you.com\/de\/wp-json\/wp\/v2\/product_cat?post=39098"},{"taxonomy":"product_tag","embeddable":true,"href":"https:\/\/mueble4you.com\/de\/wp-json\/wp\/v2\/product_tag?post=39098"}],"curies":[{"name":"wp","href":"https:\/\/api.w.org\/{rel}","templated":true}]}}