{"id":39088,"date":"2020-05-05T23:51:51","date_gmt":"2020-05-05T23:51:51","guid":{"rendered":"https:\/\/mueble4you.com\/productos\/warm-conjunto-de-mesa-y-sillas\/"},"modified":"2020-05-20T15:22:16","modified_gmt":"2020-05-20T15:22:16","slug":"warm-satz-von-tisch-und-stuhlen","status":"publish","type":"product","link":"https:\/\/mueble4you.com\/de\/productos\/warm-satz-von-tisch-und-stuhlen\/","title":{"rendered":"Warm, Satz von Tisch und St\u00fchlen"},"content":{"rendered":"<p>Outdoor-Set, flache Rattan, wei\u00dfe Farbe, Tischma\u00df: 90* 75 cm hoher Durchmesser, Ma\u00dfe 4 St\u00fchle 66*61*88, Kissen aus wei\u00dfem Stoff und Tischplatte mit geh\u00e4rtetem Glas.<\/p>\n","protected":false},"excerpt":{"rendered":"<p>Outdoor-Set, flache Rattan, wei\u00dfe Farbe, Tischma\u00df: 90* 75 cm hoher Durchmesser, Ma\u00dfe 4 St\u00fchle 66*61*88, Kissen aus wei\u00dfem Stoff und Tischplatte mit geh\u00e4rtetem Glas.<\/p>\n","protected":false},"featured_media":39084,"template":"","meta":[],"product_brand":[],"product_cat":[305,309],"product_tag":[],"class_list":{"0":"post-39088","1":"product","2":"type-product","3":"status-publish","4":"has-post-thumbnail","6":"product_cat-gartenmobel","7":"product_cat-sitz-und-liegemobel","9":"first","10":"instock","11":"shipping-taxable","12":"product-type-simple"},"yoast_head":"<!-- This site is optimized with the Yoast SEO plugin v27.2 - https:\/\/yoast.com\/product\/yoast-seo-wordpress\/ -->\n<title>Warm, Satz von Tisch und St\u00fchlen | mueble4you<\/title>\n<meta name=\"robots\" content=\"index, follow, max-snippet:-1, max-image-preview:large, max-video-preview:-1\" \/>\n<link rel=\"canonical\" href=\"https:\/\/mueble4you.com\/de\/productos\/warm-satz-von-tisch-und-stuhlen\/\" \/>\n<meta property=\"og:locale\" content=\"de_DE\" \/>\n<meta property=\"og:type\" content=\"article\" \/>\n<meta property=\"og:title\" content=\"Warm, Satz von Tisch und St\u00fchlen | mueble4you\" \/>\n<meta property=\"og:description\" content=\"Outdoor-Set, flache Rattan, wei\u00dfe Farbe, Tischma\u00df: 90* 75 cm hoher Durchmesser, Ma\u00dfe 4 St\u00fchle 66*61*88, Kissen aus wei\u00dfem Stoff und Tischplatte mit geh\u00e4rtetem Glas.\" \/>\n<meta property=\"og:url\" content=\"https:\/\/mueble4you.com\/de\/productos\/warm-satz-von-tisch-und-stuhlen\/\" \/>\n<meta property=\"og:site_name\" content=\"mueble4you\" \/>\n<meta property=\"article:modified_time\" content=\"2020-05-20T15:22:16+00:00\" \/>\n<meta property=\"og:image\" content=\"https:\/\/mueble4you.com\/wp-content\/uploads\/2020\/05\/warm.jpg\" \/>\n\t<meta property=\"og:image:width\" content=\"640\" \/>\n\t<meta property=\"og:image:height\" content=\"480\" \/>\n\t<meta property=\"og:image:type\" content=\"image\/jpeg\" \/>\n<meta name=\"twitter:card\" content=\"summary_large_image\" \/>\n<script type=\"application\/ld+json\" class=\"yoast-schema-graph\">{\"@context\":\"https:\/\/schema.org\",\"@graph\":[{\"@type\":\"WebPage\",\"@id\":\"https:\/\/mueble4you.com\/de\/productos\/warm-satz-von-tisch-und-stuhlen\/\",\"url\":\"https:\/\/mueble4you.com\/de\/productos\/warm-satz-von-tisch-und-stuhlen\/\",\"name\":\"Warm, Satz von Tisch und St\u00fchlen | mueble4you\",\"isPartOf\":{\"@id\":\"https:\/\/mueble4you.com\/#website\"},\"primaryImageOfPage\":{\"@id\":\"https:\/\/mueble4you.com\/de\/productos\/warm-satz-von-tisch-und-stuhlen\/#primaryimage\"},\"image\":{\"@id\":\"https:\/\/mueble4you.com\/de\/productos\/warm-satz-von-tisch-und-stuhlen\/#primaryimage\"},\"thumbnailUrl\":\"https:\/\/mueble4you.com\/wp-content\/uploads\/2020\/05\/warm.jpg\",\"datePublished\":\"2020-05-05T23:51:51+00:00\",\"dateModified\":\"2020-05-20T15:22:16+00:00\",\"breadcrumb\":{\"@id\":\"https:\/\/mueble4you.com\/de\/productos\/warm-satz-von-tisch-und-stuhlen\/#breadcrumb\"},\"inLanguage\":\"de\",\"potentialAction\":[{\"@type\":\"ReadAction\",\"target\":[\"https:\/\/mueble4you.com\/de\/productos\/warm-satz-von-tisch-und-stuhlen\/\"]}]},{\"@type\":\"ImageObject\",\"inLanguage\":\"de\",\"@id\":\"https:\/\/mueble4you.com\/de\/productos\/warm-satz-von-tisch-und-stuhlen\/#primaryimage\",\"url\":\"https:\/\/mueble4you.com\/wp-content\/uploads\/2020\/05\/warm.jpg\",\"contentUrl\":\"https:\/\/mueble4you.com\/wp-content\/uploads\/2020\/05\/warm.jpg\",\"width\":640,\"height\":480},{\"@type\":\"BreadcrumbList\",\"@id\":\"https:\/\/mueble4you.com\/de\/productos\/warm-satz-von-tisch-und-stuhlen\/#breadcrumb\",\"itemListElement\":[{\"@type\":\"ListItem\",\"position\":1,\"name\":\"Portada\",\"item\":\"https:\/\/mueble4you.com\/de\/\"},{\"@type\":\"ListItem\",\"position\":2,\"name\":\"Productos\",\"item\":\"https:\/\/mueble4you.com\/productos\/\"},{\"@type\":\"ListItem\",\"position\":3,\"name\":\"Warm, Satz von Tisch und St\u00fchlen\"}]},{\"@type\":\"WebSite\",\"@id\":\"https:\/\/mueble4you.com\/#website\",\"url\":\"https:\/\/mueble4you.com\/\",\"name\":\"mueble4you\",\"description\":\"M\u00f6bel in Teneriffa\",\"potentialAction\":[{\"@type\":\"SearchAction\",\"target\":{\"@type\":\"EntryPoint\",\"urlTemplate\":\"https:\/\/mueble4you.com\/?s={search_term_string}\"},\"query-input\":{\"@type\":\"PropertyValueSpecification\",\"valueRequired\":true,\"valueName\":\"search_term_string\"}}],\"inLanguage\":\"de\"}]}<\/script>\n<!-- \/ Yoast SEO plugin. -->","yoast_head_json":{"title":"Warm, Satz von Tisch und St\u00fchlen | mueble4you","robots":{"index":"index","follow":"follow","max-snippet":"max-snippet:-1","max-image-preview":"max-image-preview:large","max-video-preview":"max-video-preview:-1"},"canonical":"https:\/\/mueble4you.com\/de\/productos\/warm-satz-von-tisch-und-stuhlen\/","og_locale":"de_DE","og_type":"article","og_title":"Warm, Satz von Tisch und St\u00fchlen | mueble4you","og_description":"Outdoor-Set, flache Rattan, wei\u00dfe Farbe, Tischma\u00df: 90* 75 cm hoher Durchmesser, Ma\u00dfe 4 St\u00fchle 66*61*88, Kissen aus wei\u00dfem Stoff und Tischplatte mit geh\u00e4rtetem Glas.","og_url":"https:\/\/mueble4you.com\/de\/productos\/warm-satz-von-tisch-und-stuhlen\/","og_site_name":"mueble4you","article_modified_time":"2020-05-20T15:22:16+00:00","og_image":[{"width":640,"height":480,"url":"https:\/\/mueble4you.com\/wp-content\/uploads\/2020\/05\/warm.jpg","type":"image\/jpeg"}],"twitter_card":"summary_large_image","schema":{"@context":"https:\/\/schema.org","@graph":[{"@type":"WebPage","@id":"https:\/\/mueble4you.com\/de\/productos\/warm-satz-von-tisch-und-stuhlen\/","url":"https:\/\/mueble4you.com\/de\/productos\/warm-satz-von-tisch-und-stuhlen\/","name":"Warm, Satz von Tisch und St\u00fchlen | mueble4you","isPartOf":{"@id":"https:\/\/mueble4you.com\/#website"},"primaryImageOfPage":{"@id":"https:\/\/mueble4you.com\/de\/productos\/warm-satz-von-tisch-und-stuhlen\/#primaryimage"},"image":{"@id":"https:\/\/mueble4you.com\/de\/productos\/warm-satz-von-tisch-und-stuhlen\/#primaryimage"},"thumbnailUrl":"https:\/\/mueble4you.com\/wp-content\/uploads\/2020\/05\/warm.jpg","datePublished":"2020-05-05T23:51:51+00:00","dateModified":"2020-05-20T15:22:16+00:00","breadcrumb":{"@id":"https:\/\/mueble4you.com\/de\/productos\/warm-satz-von-tisch-und-stuhlen\/#breadcrumb"},"inLanguage":"de","potentialAction":[{"@type":"ReadAction","target":["https:\/\/mueble4you.com\/de\/productos\/warm-satz-von-tisch-und-stuhlen\/"]}]},{"@type":"ImageObject","inLanguage":"de","@id":"https:\/\/mueble4you.com\/de\/productos\/warm-satz-von-tisch-und-stuhlen\/#primaryimage","url":"https:\/\/mueble4you.com\/wp-content\/uploads\/2020\/05\/warm.jpg","contentUrl":"https:\/\/mueble4you.com\/wp-content\/uploads\/2020\/05\/warm.jpg","width":640,"height":480},{"@type":"BreadcrumbList","@id":"https:\/\/mueble4you.com\/de\/productos\/warm-satz-von-tisch-und-stuhlen\/#breadcrumb","itemListElement":[{"@type":"ListItem","position":1,"name":"Portada","item":"https:\/\/mueble4you.com\/de\/"},{"@type":"ListItem","position":2,"name":"Productos","item":"https:\/\/mueble4you.com\/productos\/"},{"@type":"ListItem","position":3,"name":"Warm, Satz von Tisch und St\u00fchlen"}]},{"@type":"WebSite","@id":"https:\/\/mueble4you.com\/#website","url":"https:\/\/mueble4you.com\/","name":"mueble4you","description":"M\u00f6bel in Teneriffa","potentialAction":[{"@type":"SearchAction","target":{"@type":"EntryPoint","urlTemplate":"https:\/\/mueble4you.com\/?s={search_term_string}"},"query-input":{"@type":"PropertyValueSpecification","valueRequired":true,"valueName":"search_term_string"}}],"inLanguage":"de"}]}},"_links":{"self":[{"href":"https:\/\/mueble4you.com\/de\/wp-json\/wp\/v2\/product\/39088","targetHints":{"allow":["GET"]}}],"collection":[{"href":"https:\/\/mueble4you.com\/de\/wp-json\/wp\/v2\/product"}],"about":[{"href":"https:\/\/mueble4you.com\/de\/wp-json\/wp\/v2\/types\/product"}],"wp:featuredmedia":[{"embeddable":true,"href":"https:\/\/mueble4you.com\/de\/wp-json\/wp\/v2\/media\/39084"}],"wp:attachment":[{"href":"https:\/\/mueble4you.com\/de\/wp-json\/wp\/v2\/media?parent=39088"}],"wp:term":[{"taxonomy":"product_brand","embeddable":true,"href":"https:\/\/mueble4you.com\/de\/wp-json\/wp\/v2\/product_brand?post=39088"},{"taxonomy":"product_cat","embeddable":true,"href":"https:\/\/mueble4you.com\/de\/wp-json\/wp\/v2\/product_cat?post=39088"},{"taxonomy":"product_tag","embeddable":true,"href":"https:\/\/mueble4you.com\/de\/wp-json\/wp\/v2\/product_tag?post=39088"}],"curies":[{"name":"wp","href":"https:\/\/api.w.org\/{rel}","templated":true}]}}