{"id":38328,"date":"2020-04-19T11:53:08","date_gmt":"2020-04-19T11:53:08","guid":{"rendered":"https:\/\/mueble4you.com\/productos\/alpha-sillon-reclinable\/"},"modified":"2020-05-21T11:28:04","modified_gmt":"2020-05-21T11:28:04","slug":"alpha-liegestuhl","status":"publish","type":"product","link":"https:\/\/mueble4you.com\/de\/productos\/alpha-liegestuhl\/","title":{"rendered":"Alpha, Liegestuhl"},"content":{"rendered":"<p>Alpha, Liegestuhl, gepolstert in Naturleder, mit einem passenden Puff, um Beine und Beine in Chrom zu entspannen, erh\u00e4ltlich in lebenden Korallen, wei\u00df und dunkelblau, seine Ma\u00dfe, 88 * 77 * 73.<\/p>\n","protected":false},"excerpt":{"rendered":"<p>Alpha, Liegestuhl, gepolstert in Naturleder, mit einem passenden Puff, um Beine und Beine in Chrom zu entspannen, erh\u00e4ltlich in lebenden Korallen, wei\u00df und dunkelblau, seine Ma\u00dfe, 88 * 77 * 73.<\/p>\n","protected":false},"featured_media":38319,"template":"","meta":[],"product_brand":[],"product_cat":[365,272],"product_tag":[],"class_list":{"0":"post-38328","1":"product","2":"type-product","3":"status-publish","4":"has-post-thumbnail","6":"product_cat-sessel","7":"product_cat-wohnzimmer","9":"first","10":"instock","11":"shipping-taxable","12":"product-type-simple"},"yoast_head":"<!-- This site is optimized with the Yoast SEO plugin v27.3 - https:\/\/yoast.com\/product\/yoast-seo-wordpress\/ -->\n<title>Alpha, Liegestuhl | mueble4you<\/title>\n<meta name=\"robots\" content=\"index, follow, max-snippet:-1, max-image-preview:large, max-video-preview:-1\" \/>\n<link rel=\"canonical\" href=\"https:\/\/mueble4you.com\/de\/productos\/alpha-liegestuhl\/\" \/>\n<meta property=\"og:locale\" content=\"de_DE\" \/>\n<meta property=\"og:type\" content=\"article\" \/>\n<meta property=\"og:title\" content=\"Alpha, Liegestuhl | mueble4you\" \/>\n<meta property=\"og:description\" content=\"Alpha, Liegestuhl, gepolstert in Naturleder, mit einem passenden Puff, um Beine und Beine in Chrom zu entspannen, erh\u00e4ltlich in lebenden Korallen, wei\u00df und dunkelblau, seine Ma\u00dfe, 88 * 77 * 73.\" \/>\n<meta property=\"og:url\" content=\"https:\/\/mueble4you.com\/de\/productos\/alpha-liegestuhl\/\" \/>\n<meta property=\"og:site_name\" content=\"mueble4you\" \/>\n<meta property=\"article:modified_time\" content=\"2020-05-21T11:28:04+00:00\" \/>\n<meta property=\"og:image\" content=\"https:\/\/mueble4you.com\/wp-content\/uploads\/2020\/04\/ALPHA-108-1-celeste-con-puff.png\" \/>\n\t<meta property=\"og:image:width\" content=\"716\" \/>\n\t<meta property=\"og:image:height\" content=\"676\" \/>\n\t<meta property=\"og:image:type\" content=\"image\/png\" \/>\n<meta name=\"twitter:card\" content=\"summary_large_image\" \/>\n<script type=\"application\/ld+json\" class=\"yoast-schema-graph\">{\"@context\":\"https:\\\/\\\/schema.org\",\"@graph\":[{\"@type\":\"WebPage\",\"@id\":\"https:\\\/\\\/mueble4you.com\\\/de\\\/productos\\\/alpha-liegestuhl\\\/\",\"url\":\"https:\\\/\\\/mueble4you.com\\\/de\\\/productos\\\/alpha-liegestuhl\\\/\",\"name\":\"Alpha, Liegestuhl | mueble4you\",\"isPartOf\":{\"@id\":\"https:\\\/\\\/mueble4you.com\\\/#website\"},\"primaryImageOfPage\":{\"@id\":\"https:\\\/\\\/mueble4you.com\\\/de\\\/productos\\\/alpha-liegestuhl\\\/#primaryimage\"},\"image\":{\"@id\":\"https:\\\/\\\/mueble4you.com\\\/de\\\/productos\\\/alpha-liegestuhl\\\/#primaryimage\"},\"thumbnailUrl\":\"https:\\\/\\\/mueble4you.com\\\/wp-content\\\/uploads\\\/2020\\\/04\\\/ALPHA-108-1-celeste-con-puff.png\",\"datePublished\":\"2020-04-19T11:53:08+00:00\",\"dateModified\":\"2020-05-21T11:28:04+00:00\",\"breadcrumb\":{\"@id\":\"https:\\\/\\\/mueble4you.com\\\/de\\\/productos\\\/alpha-liegestuhl\\\/#breadcrumb\"},\"inLanguage\":\"de\",\"potentialAction\":[{\"@type\":\"ReadAction\",\"target\":[\"https:\\\/\\\/mueble4you.com\\\/de\\\/productos\\\/alpha-liegestuhl\\\/\"]}]},{\"@type\":\"ImageObject\",\"inLanguage\":\"de\",\"@id\":\"https:\\\/\\\/mueble4you.com\\\/de\\\/productos\\\/alpha-liegestuhl\\\/#primaryimage\",\"url\":\"https:\\\/\\\/mueble4you.com\\\/wp-content\\\/uploads\\\/2020\\\/04\\\/ALPHA-108-1-celeste-con-puff.png\",\"contentUrl\":\"https:\\\/\\\/mueble4you.com\\\/wp-content\\\/uploads\\\/2020\\\/04\\\/ALPHA-108-1-celeste-con-puff.png\",\"width\":716,\"height\":676},{\"@type\":\"BreadcrumbList\",\"@id\":\"https:\\\/\\\/mueble4you.com\\\/de\\\/productos\\\/alpha-liegestuhl\\\/#breadcrumb\",\"itemListElement\":[{\"@type\":\"ListItem\",\"position\":1,\"name\":\"Portada\",\"item\":\"https:\\\/\\\/mueble4you.com\\\/de\\\/\"},{\"@type\":\"ListItem\",\"position\":2,\"name\":\"Productos\",\"item\":\"https:\\\/\\\/mueble4you.com\\\/productos\\\/\"},{\"@type\":\"ListItem\",\"position\":3,\"name\":\"Alpha, Liegestuhl\"}]},{\"@type\":\"WebSite\",\"@id\":\"https:\\\/\\\/mueble4you.com\\\/#website\",\"url\":\"https:\\\/\\\/mueble4you.com\\\/\",\"name\":\"mueble4you\",\"description\":\"M\u00f6bel in Teneriffa\",\"potentialAction\":[{\"@type\":\"SearchAction\",\"target\":{\"@type\":\"EntryPoint\",\"urlTemplate\":\"https:\\\/\\\/mueble4you.com\\\/?s={search_term_string}\"},\"query-input\":{\"@type\":\"PropertyValueSpecification\",\"valueRequired\":true,\"valueName\":\"search_term_string\"}}],\"inLanguage\":\"de\"}]}<\/script>\n<!-- \/ Yoast SEO plugin. -->","yoast_head_json":{"title":"Alpha, Liegestuhl | mueble4you","robots":{"index":"index","follow":"follow","max-snippet":"max-snippet:-1","max-image-preview":"max-image-preview:large","max-video-preview":"max-video-preview:-1"},"canonical":"https:\/\/mueble4you.com\/de\/productos\/alpha-liegestuhl\/","og_locale":"de_DE","og_type":"article","og_title":"Alpha, Liegestuhl | mueble4you","og_description":"Alpha, Liegestuhl, gepolstert in Naturleder, mit einem passenden Puff, um Beine und Beine in Chrom zu entspannen, erh\u00e4ltlich in lebenden Korallen, wei\u00df und dunkelblau, seine Ma\u00dfe, 88 * 77 * 73.","og_url":"https:\/\/mueble4you.com\/de\/productos\/alpha-liegestuhl\/","og_site_name":"mueble4you","article_modified_time":"2020-05-21T11:28:04+00:00","og_image":[{"width":716,"height":676,"url":"https:\/\/mueble4you.com\/wp-content\/uploads\/2020\/04\/ALPHA-108-1-celeste-con-puff.png","type":"image\/png"}],"twitter_card":"summary_large_image","schema":{"@context":"https:\/\/schema.org","@graph":[{"@type":"WebPage","@id":"https:\/\/mueble4you.com\/de\/productos\/alpha-liegestuhl\/","url":"https:\/\/mueble4you.com\/de\/productos\/alpha-liegestuhl\/","name":"Alpha, Liegestuhl | mueble4you","isPartOf":{"@id":"https:\/\/mueble4you.com\/#website"},"primaryImageOfPage":{"@id":"https:\/\/mueble4you.com\/de\/productos\/alpha-liegestuhl\/#primaryimage"},"image":{"@id":"https:\/\/mueble4you.com\/de\/productos\/alpha-liegestuhl\/#primaryimage"},"thumbnailUrl":"https:\/\/mueble4you.com\/wp-content\/uploads\/2020\/04\/ALPHA-108-1-celeste-con-puff.png","datePublished":"2020-04-19T11:53:08+00:00","dateModified":"2020-05-21T11:28:04+00:00","breadcrumb":{"@id":"https:\/\/mueble4you.com\/de\/productos\/alpha-liegestuhl\/#breadcrumb"},"inLanguage":"de","potentialAction":[{"@type":"ReadAction","target":["https:\/\/mueble4you.com\/de\/productos\/alpha-liegestuhl\/"]}]},{"@type":"ImageObject","inLanguage":"de","@id":"https:\/\/mueble4you.com\/de\/productos\/alpha-liegestuhl\/#primaryimage","url":"https:\/\/mueble4you.com\/wp-content\/uploads\/2020\/04\/ALPHA-108-1-celeste-con-puff.png","contentUrl":"https:\/\/mueble4you.com\/wp-content\/uploads\/2020\/04\/ALPHA-108-1-celeste-con-puff.png","width":716,"height":676},{"@type":"BreadcrumbList","@id":"https:\/\/mueble4you.com\/de\/productos\/alpha-liegestuhl\/#breadcrumb","itemListElement":[{"@type":"ListItem","position":1,"name":"Portada","item":"https:\/\/mueble4you.com\/de\/"},{"@type":"ListItem","position":2,"name":"Productos","item":"https:\/\/mueble4you.com\/productos\/"},{"@type":"ListItem","position":3,"name":"Alpha, Liegestuhl"}]},{"@type":"WebSite","@id":"https:\/\/mueble4you.com\/#website","url":"https:\/\/mueble4you.com\/","name":"mueble4you","description":"M\u00f6bel in Teneriffa","potentialAction":[{"@type":"SearchAction","target":{"@type":"EntryPoint","urlTemplate":"https:\/\/mueble4you.com\/?s={search_term_string}"},"query-input":{"@type":"PropertyValueSpecification","valueRequired":true,"valueName":"search_term_string"}}],"inLanguage":"de"}]}},"_links":{"self":[{"href":"https:\/\/mueble4you.com\/de\/wp-json\/wp\/v2\/product\/38328","targetHints":{"allow":["GET"]}}],"collection":[{"href":"https:\/\/mueble4you.com\/de\/wp-json\/wp\/v2\/product"}],"about":[{"href":"https:\/\/mueble4you.com\/de\/wp-json\/wp\/v2\/types\/product"}],"wp:featuredmedia":[{"embeddable":true,"href":"https:\/\/mueble4you.com\/de\/wp-json\/wp\/v2\/media\/38319"}],"wp:attachment":[{"href":"https:\/\/mueble4you.com\/de\/wp-json\/wp\/v2\/media?parent=38328"}],"wp:term":[{"taxonomy":"product_brand","embeddable":true,"href":"https:\/\/mueble4you.com\/de\/wp-json\/wp\/v2\/product_brand?post=38328"},{"taxonomy":"product_cat","embeddable":true,"href":"https:\/\/mueble4you.com\/de\/wp-json\/wp\/v2\/product_cat?post=38328"},{"taxonomy":"product_tag","embeddable":true,"href":"https:\/\/mueble4you.com\/de\/wp-json\/wp\/v2\/product_tag?post=38328"}],"curies":[{"name":"wp","href":"https:\/\/api.w.org\/{rel}","templated":true}]}}