{"id":37586,"date":"2020-01-02T18:46:42","date_gmt":"2020-01-02T18:46:42","guid":{"rendered":"https:\/\/mueble4you.com\/productos\/mesa-de-comedor-consola\/"},"modified":"2022-12-28T11:21:39","modified_gmt":"2022-12-28T11:21:39","slug":"esstisch-umwandelbar-in-konsole","status":"publish","type":"product","link":"https:\/\/mueble4you.com\/de\/productos\/esstisch-umwandelbar-in-konsole\/","title":{"rendered":"Esstisch, umwandelbar in Konsole."},"content":{"rendered":"<p>Esstisch, umwandelbar in eine Konsole.<\/p>\n<ul>\n<li>Seine Ma\u00dfe als geschlossene Konsole: 78,5 x 78 x 54 cm.<\/li>\n<li>Erh\u00e4ltlich in Zementfarbe, gl\u00e4nzend wei\u00df und pero.<\/li>\n<\/ul>\n","protected":false},"excerpt":{"rendered":"<h4 id=\"tw-target-text\" class=\"tw-data-text tw-text-large XcVN5d tw-ta\" dir=\"ltr\" data-placeholder=\"Traducci\u00f3n\"><span lang=\"de\">KONSOLE &#8211; ESSTISCH<\/span><\/h4>\n<h4 class=\"tw-data-text tw-text-large XcVN5d tw-ta\" dir=\"ltr\" data-placeholder=\"Traducci\u00f3n\"><span lang=\"de\">A \/ A \/ P.<\/span><\/h4>\n<h4 class=\"tw-data-text tw-text-large XcVN5d tw-ta\" dir=\"ltr\" data-placeholder=\"Traducci\u00f3n\"><span lang=\"de\">Geschlossen: 78,5 x 78 x 54 1. <\/span><\/h4>\n<h4 class=\"tw-data-text tw-text-large XcVN5d tw-ta\" dir=\"ltr\" data-placeholder=\"Traducci\u00f3n\"><span lang=\"de\">Erweiterung: 78,5 x 78 x 103 2.<\/span><\/h4>\n<h4 class=\"tw-data-text tw-text-large XcVN5d tw-ta\" dir=\"ltr\" data-placeholder=\"Traducci\u00f3n\"><span lang=\"de\"> Erweiterung: 78,5 x 78 x 153 3. <\/span><\/h4>\n<h4 class=\"tw-data-text tw-text-large XcVN5d tw-ta\" dir=\"ltr\" data-placeholder=\"Traducci\u00f3n\"><span lang=\"de\">Erweiterung: 78,5 x 78 x 202 4. <\/span><\/h4>\n<h4 class=\"tw-data-text tw-text-large XcVN5d tw-ta\" dir=\"ltr\" data-placeholder=\"Traducci\u00f3n\"><span lang=\"de\">Erweiterung: 78,5 x 78 x 252<\/span><\/h4>\n","protected":false},"featured_media":37567,"template":"","meta":[],"product_brand":[],"product_cat":[349,268,361,272],"product_tag":[],"class_list":{"0":"post-37586","1":"product","2":"type-product","3":"status-publish","4":"has-post-thumbnail","6":"product_cat-esstische","7":"product_cat-esszimmer","8":"product_cat-konsolen","9":"product_cat-wohnzimmer","11":"first","12":"outofstock","13":"shipping-taxable","14":"product-type-simple"},"yoast_head":"<!-- This site is optimized with the Yoast SEO plugin v27.3 - https:\/\/yoast.com\/product\/yoast-seo-wordpress\/ -->\n<title>Esstisch, umwandelbar in Konsole. | mueble4you<\/title>\n<meta name=\"robots\" content=\"index, follow, max-snippet:-1, max-image-preview:large, max-video-preview:-1\" \/>\n<link rel=\"canonical\" href=\"https:\/\/mueble4you.com\/de\/productos\/esstisch-umwandelbar-in-konsole\/\" \/>\n<meta property=\"og:locale\" content=\"de_DE\" \/>\n<meta property=\"og:type\" content=\"article\" \/>\n<meta property=\"og:title\" content=\"Esstisch, umwandelbar in Konsole. | mueble4you\" \/>\n<meta property=\"og:description\" content=\"KONSOLE - ESSTISCH A \/ A \/ P. Geschlossen: 78,5 x 78 x 54 1.  Erweiterung: 78,5 x 78 x 103 2.  Erweiterung: 78,5 x 78 x 153 3.  Erweiterung: 78,5 x 78 x 202 4.  Erweiterung: 78,5 x 78 x 252\" \/>\n<meta property=\"og:url\" content=\"https:\/\/mueble4you.com\/de\/productos\/esstisch-umwandelbar-in-konsole\/\" \/>\n<meta property=\"og:site_name\" content=\"mueble4you\" \/>\n<meta property=\"article:modified_time\" content=\"2022-12-28T11:21:39+00:00\" \/>\n<meta property=\"og:image\" content=\"https:\/\/mueble4you.com\/wp-content\/uploads\/2020\/01\/MESA-EXTENSIBLE-PINO.png\" \/>\n\t<meta property=\"og:image:width\" content=\"867\" \/>\n\t<meta property=\"og:image:height\" content=\"620\" \/>\n\t<meta property=\"og:image:type\" content=\"image\/png\" \/>\n<meta name=\"twitter:card\" content=\"summary_large_image\" \/>\n<script type=\"application\/ld+json\" class=\"yoast-schema-graph\">{\"@context\":\"https:\\\/\\\/schema.org\",\"@graph\":[{\"@type\":\"WebPage\",\"@id\":\"https:\\\/\\\/mueble4you.com\\\/de\\\/productos\\\/esstisch-umwandelbar-in-konsole\\\/\",\"url\":\"https:\\\/\\\/mueble4you.com\\\/de\\\/productos\\\/esstisch-umwandelbar-in-konsole\\\/\",\"name\":\"Esstisch, umwandelbar in Konsole. | mueble4you\",\"isPartOf\":{\"@id\":\"https:\\\/\\\/mueble4you.com\\\/#website\"},\"primaryImageOfPage\":{\"@id\":\"https:\\\/\\\/mueble4you.com\\\/de\\\/productos\\\/esstisch-umwandelbar-in-konsole\\\/#primaryimage\"},\"image\":{\"@id\":\"https:\\\/\\\/mueble4you.com\\\/de\\\/productos\\\/esstisch-umwandelbar-in-konsole\\\/#primaryimage\"},\"thumbnailUrl\":\"https:\\\/\\\/mueble4you.com\\\/wp-content\\\/uploads\\\/2020\\\/01\\\/MESA-EXTENSIBLE-PINO.png\",\"datePublished\":\"2020-01-02T18:46:42+00:00\",\"dateModified\":\"2022-12-28T11:21:39+00:00\",\"breadcrumb\":{\"@id\":\"https:\\\/\\\/mueble4you.com\\\/de\\\/productos\\\/esstisch-umwandelbar-in-konsole\\\/#breadcrumb\"},\"inLanguage\":\"de\",\"potentialAction\":[{\"@type\":\"ReadAction\",\"target\":[\"https:\\\/\\\/mueble4you.com\\\/de\\\/productos\\\/esstisch-umwandelbar-in-konsole\\\/\"]}]},{\"@type\":\"ImageObject\",\"inLanguage\":\"de\",\"@id\":\"https:\\\/\\\/mueble4you.com\\\/de\\\/productos\\\/esstisch-umwandelbar-in-konsole\\\/#primaryimage\",\"url\":\"https:\\\/\\\/mueble4you.com\\\/wp-content\\\/uploads\\\/2020\\\/01\\\/MESA-EXTENSIBLE-PINO.png\",\"contentUrl\":\"https:\\\/\\\/mueble4you.com\\\/wp-content\\\/uploads\\\/2020\\\/01\\\/MESA-EXTENSIBLE-PINO.png\",\"width\":867,\"height\":620},{\"@type\":\"BreadcrumbList\",\"@id\":\"https:\\\/\\\/mueble4you.com\\\/de\\\/productos\\\/esstisch-umwandelbar-in-konsole\\\/#breadcrumb\",\"itemListElement\":[{\"@type\":\"ListItem\",\"position\":1,\"name\":\"Portada\",\"item\":\"https:\\\/\\\/mueble4you.com\\\/de\\\/\"},{\"@type\":\"ListItem\",\"position\":2,\"name\":\"Productos\",\"item\":\"https:\\\/\\\/mueble4you.com\\\/productos\\\/\"},{\"@type\":\"ListItem\",\"position\":3,\"name\":\"Esstisch, umwandelbar in Konsole.\"}]},{\"@type\":\"WebSite\",\"@id\":\"https:\\\/\\\/mueble4you.com\\\/#website\",\"url\":\"https:\\\/\\\/mueble4you.com\\\/\",\"name\":\"mueble4you\",\"description\":\"M\u00f6bel in Teneriffa\",\"potentialAction\":[{\"@type\":\"SearchAction\",\"target\":{\"@type\":\"EntryPoint\",\"urlTemplate\":\"https:\\\/\\\/mueble4you.com\\\/?s={search_term_string}\"},\"query-input\":{\"@type\":\"PropertyValueSpecification\",\"valueRequired\":true,\"valueName\":\"search_term_string\"}}],\"inLanguage\":\"de\"}]}<\/script>\n<!-- \/ Yoast SEO plugin. -->","yoast_head_json":{"title":"Esstisch, umwandelbar in Konsole. | mueble4you","robots":{"index":"index","follow":"follow","max-snippet":"max-snippet:-1","max-image-preview":"max-image-preview:large","max-video-preview":"max-video-preview:-1"},"canonical":"https:\/\/mueble4you.com\/de\/productos\/esstisch-umwandelbar-in-konsole\/","og_locale":"de_DE","og_type":"article","og_title":"Esstisch, umwandelbar in Konsole. | mueble4you","og_description":"KONSOLE - ESSTISCH A \/ A \/ P. Geschlossen: 78,5 x 78 x 54 1.  Erweiterung: 78,5 x 78 x 103 2.  Erweiterung: 78,5 x 78 x 153 3.  Erweiterung: 78,5 x 78 x 202 4.  Erweiterung: 78,5 x 78 x 252","og_url":"https:\/\/mueble4you.com\/de\/productos\/esstisch-umwandelbar-in-konsole\/","og_site_name":"mueble4you","article_modified_time":"2022-12-28T11:21:39+00:00","og_image":[{"width":867,"height":620,"url":"https:\/\/mueble4you.com\/wp-content\/uploads\/2020\/01\/MESA-EXTENSIBLE-PINO.png","type":"image\/png"}],"twitter_card":"summary_large_image","schema":{"@context":"https:\/\/schema.org","@graph":[{"@type":"WebPage","@id":"https:\/\/mueble4you.com\/de\/productos\/esstisch-umwandelbar-in-konsole\/","url":"https:\/\/mueble4you.com\/de\/productos\/esstisch-umwandelbar-in-konsole\/","name":"Esstisch, umwandelbar in Konsole. | mueble4you","isPartOf":{"@id":"https:\/\/mueble4you.com\/#website"},"primaryImageOfPage":{"@id":"https:\/\/mueble4you.com\/de\/productos\/esstisch-umwandelbar-in-konsole\/#primaryimage"},"image":{"@id":"https:\/\/mueble4you.com\/de\/productos\/esstisch-umwandelbar-in-konsole\/#primaryimage"},"thumbnailUrl":"https:\/\/mueble4you.com\/wp-content\/uploads\/2020\/01\/MESA-EXTENSIBLE-PINO.png","datePublished":"2020-01-02T18:46:42+00:00","dateModified":"2022-12-28T11:21:39+00:00","breadcrumb":{"@id":"https:\/\/mueble4you.com\/de\/productos\/esstisch-umwandelbar-in-konsole\/#breadcrumb"},"inLanguage":"de","potentialAction":[{"@type":"ReadAction","target":["https:\/\/mueble4you.com\/de\/productos\/esstisch-umwandelbar-in-konsole\/"]}]},{"@type":"ImageObject","inLanguage":"de","@id":"https:\/\/mueble4you.com\/de\/productos\/esstisch-umwandelbar-in-konsole\/#primaryimage","url":"https:\/\/mueble4you.com\/wp-content\/uploads\/2020\/01\/MESA-EXTENSIBLE-PINO.png","contentUrl":"https:\/\/mueble4you.com\/wp-content\/uploads\/2020\/01\/MESA-EXTENSIBLE-PINO.png","width":867,"height":620},{"@type":"BreadcrumbList","@id":"https:\/\/mueble4you.com\/de\/productos\/esstisch-umwandelbar-in-konsole\/#breadcrumb","itemListElement":[{"@type":"ListItem","position":1,"name":"Portada","item":"https:\/\/mueble4you.com\/de\/"},{"@type":"ListItem","position":2,"name":"Productos","item":"https:\/\/mueble4you.com\/productos\/"},{"@type":"ListItem","position":3,"name":"Esstisch, umwandelbar in Konsole."}]},{"@type":"WebSite","@id":"https:\/\/mueble4you.com\/#website","url":"https:\/\/mueble4you.com\/","name":"mueble4you","description":"M\u00f6bel in Teneriffa","potentialAction":[{"@type":"SearchAction","target":{"@type":"EntryPoint","urlTemplate":"https:\/\/mueble4you.com\/?s={search_term_string}"},"query-input":{"@type":"PropertyValueSpecification","valueRequired":true,"valueName":"search_term_string"}}],"inLanguage":"de"}]}},"_links":{"self":[{"href":"https:\/\/mueble4you.com\/de\/wp-json\/wp\/v2\/product\/37586","targetHints":{"allow":["GET"]}}],"collection":[{"href":"https:\/\/mueble4you.com\/de\/wp-json\/wp\/v2\/product"}],"about":[{"href":"https:\/\/mueble4you.com\/de\/wp-json\/wp\/v2\/types\/product"}],"wp:featuredmedia":[{"embeddable":true,"href":"https:\/\/mueble4you.com\/de\/wp-json\/wp\/v2\/media\/37567"}],"wp:attachment":[{"href":"https:\/\/mueble4you.com\/de\/wp-json\/wp\/v2\/media?parent=37586"}],"wp:term":[{"taxonomy":"product_brand","embeddable":true,"href":"https:\/\/mueble4you.com\/de\/wp-json\/wp\/v2\/product_brand?post=37586"},{"taxonomy":"product_cat","embeddable":true,"href":"https:\/\/mueble4you.com\/de\/wp-json\/wp\/v2\/product_cat?post=37586"},{"taxonomy":"product_tag","embeddable":true,"href":"https:\/\/mueble4you.com\/de\/wp-json\/wp\/v2\/product_tag?post=37586"}],"curies":[{"name":"wp","href":"https:\/\/api.w.org\/{rel}","templated":true}]}}