{"id":36297,"date":"2019-09-17T14:09:38","date_gmt":"2019-09-17T14:09:38","guid":{"rendered":"https:\/\/mueble4you.com\/productos\/day-bed-cocoon\/"},"modified":"2020-05-03T22:36:50","modified_gmt":"2020-05-03T22:36:50","slug":"cocoon-sofa-ausenbett","status":"publish","type":"product","link":"https:\/\/mueble4you.com\/de\/productos\/cocoon-sofa-ausenbett\/","title":{"rendered":"Cocoon, Sofa Au\u00dfenbett"},"content":{"rendered":"<p>Sofa, mit Aluminiumstruktur, und Au\u00dfenseite von runden Webrattan, in braun und Sitzkissen von 12cm, und R\u00fcckenkissen, in gr\u00fcn plus andere verziert gestreift, seine Ma\u00dfe, 220cm lang.<\/p>\n","protected":false},"excerpt":{"rendered":"<p>Sofa, mit Aluminiumstruktur, und Au\u00dfenseite von runden Webrattan, in braun und Sitzkissen von 12cm, und R\u00fcckenkissen, in gr\u00fcn plus andere verziert gestreift, seine Ma\u00dfe, 220cm lang.<\/p>\n","protected":false},"featured_media":36293,"template":"","meta":[],"product_brand":[],"product_cat":[305,313,325],"product_tag":[],"class_list":{"0":"post-36297","1":"product","2":"type-product","3":"status-publish","4":"has-post-thumbnail","6":"product_cat-gartenmobel","7":"product_cat-gartenstuhle-und-gartentische","8":"product_cat-sonnenliegen","10":"first","11":"instock","12":"shipping-taxable","13":"product-type-simple"},"yoast_head":"<!-- This site is optimized with the Yoast SEO plugin v27.2 - https:\/\/yoast.com\/product\/yoast-seo-wordpress\/ -->\n<title>Cocoon, Sofa Au\u00dfenbett | mueble4you<\/title>\n<meta name=\"robots\" content=\"index, follow, max-snippet:-1, max-image-preview:large, max-video-preview:-1\" \/>\n<link rel=\"canonical\" href=\"https:\/\/mueble4you.com\/de\/productos\/cocoon-sofa-ausenbett\/\" \/>\n<meta property=\"og:locale\" content=\"de_DE\" \/>\n<meta property=\"og:type\" content=\"article\" \/>\n<meta property=\"og:title\" content=\"Cocoon, Sofa Au\u00dfenbett | mueble4you\" \/>\n<meta property=\"og:description\" content=\"Sofa, mit Aluminiumstruktur, und Au\u00dfenseite von runden Webrattan, in braun und Sitzkissen von 12cm, und R\u00fcckenkissen, in gr\u00fcn plus andere verziert gestreift, seine Ma\u00dfe, 220cm lang.\" \/>\n<meta property=\"og:url\" content=\"https:\/\/mueble4you.com\/de\/productos\/cocoon-sofa-ausenbett\/\" \/>\n<meta property=\"og:site_name\" content=\"mueble4you\" \/>\n<meta property=\"article:modified_time\" content=\"2020-05-03T22:36:50+00:00\" \/>\n<meta property=\"og:image\" content=\"https:\/\/mueble4you.com\/wp-content\/uploads\/2019\/09\/Apple_Bee_Cocoon_Daybed_Mocca_20mm_Green_Sphere-03_Premium-Line.jpg\" \/>\n\t<meta property=\"og:image:width\" content=\"2880\" \/>\n\t<meta property=\"og:image:height\" content=\"1920\" \/>\n\t<meta property=\"og:image:type\" content=\"image\/jpeg\" \/>\n<meta name=\"twitter:card\" content=\"summary_large_image\" \/>\n<script type=\"application\/ld+json\" class=\"yoast-schema-graph\">{\"@context\":\"https:\/\/schema.org\",\"@graph\":[{\"@type\":\"WebPage\",\"@id\":\"https:\/\/mueble4you.com\/de\/productos\/cocoon-sofa-ausenbett\/\",\"url\":\"https:\/\/mueble4you.com\/de\/productos\/cocoon-sofa-ausenbett\/\",\"name\":\"Cocoon, Sofa Au\u00dfenbett | mueble4you\",\"isPartOf\":{\"@id\":\"https:\/\/mueble4you.com\/#website\"},\"primaryImageOfPage\":{\"@id\":\"https:\/\/mueble4you.com\/de\/productos\/cocoon-sofa-ausenbett\/#primaryimage\"},\"image\":{\"@id\":\"https:\/\/mueble4you.com\/de\/productos\/cocoon-sofa-ausenbett\/#primaryimage\"},\"thumbnailUrl\":\"https:\/\/mueble4you.com\/wp-content\/uploads\/2019\/09\/Apple_Bee_Cocoon_Daybed_Mocca_20mm_Green_Sphere-03_Premium-Line.jpg\",\"datePublished\":\"2019-09-17T14:09:38+00:00\",\"dateModified\":\"2020-05-03T22:36:50+00:00\",\"breadcrumb\":{\"@id\":\"https:\/\/mueble4you.com\/de\/productos\/cocoon-sofa-ausenbett\/#breadcrumb\"},\"inLanguage\":\"de\",\"potentialAction\":[{\"@type\":\"ReadAction\",\"target\":[\"https:\/\/mueble4you.com\/de\/productos\/cocoon-sofa-ausenbett\/\"]}]},{\"@type\":\"ImageObject\",\"inLanguage\":\"de\",\"@id\":\"https:\/\/mueble4you.com\/de\/productos\/cocoon-sofa-ausenbett\/#primaryimage\",\"url\":\"https:\/\/mueble4you.com\/wp-content\/uploads\/2019\/09\/Apple_Bee_Cocoon_Daybed_Mocca_20mm_Green_Sphere-03_Premium-Line.jpg\",\"contentUrl\":\"https:\/\/mueble4you.com\/wp-content\/uploads\/2019\/09\/Apple_Bee_Cocoon_Daybed_Mocca_20mm_Green_Sphere-03_Premium-Line.jpg\",\"width\":2880,\"height\":1920},{\"@type\":\"BreadcrumbList\",\"@id\":\"https:\/\/mueble4you.com\/de\/productos\/cocoon-sofa-ausenbett\/#breadcrumb\",\"itemListElement\":[{\"@type\":\"ListItem\",\"position\":1,\"name\":\"Portada\",\"item\":\"https:\/\/mueble4you.com\/de\/\"},{\"@type\":\"ListItem\",\"position\":2,\"name\":\"Productos\",\"item\":\"https:\/\/mueble4you.com\/productos\/\"},{\"@type\":\"ListItem\",\"position\":3,\"name\":\"Cocoon, Sofa Au\u00dfenbett\"}]},{\"@type\":\"WebSite\",\"@id\":\"https:\/\/mueble4you.com\/#website\",\"url\":\"https:\/\/mueble4you.com\/\",\"name\":\"mueble4you\",\"description\":\"M\u00f6bel in Teneriffa\",\"potentialAction\":[{\"@type\":\"SearchAction\",\"target\":{\"@type\":\"EntryPoint\",\"urlTemplate\":\"https:\/\/mueble4you.com\/?s={search_term_string}\"},\"query-input\":{\"@type\":\"PropertyValueSpecification\",\"valueRequired\":true,\"valueName\":\"search_term_string\"}}],\"inLanguage\":\"de\"}]}<\/script>\n<!-- \/ Yoast SEO plugin. -->","yoast_head_json":{"title":"Cocoon, Sofa Au\u00dfenbett | mueble4you","robots":{"index":"index","follow":"follow","max-snippet":"max-snippet:-1","max-image-preview":"max-image-preview:large","max-video-preview":"max-video-preview:-1"},"canonical":"https:\/\/mueble4you.com\/de\/productos\/cocoon-sofa-ausenbett\/","og_locale":"de_DE","og_type":"article","og_title":"Cocoon, Sofa Au\u00dfenbett | mueble4you","og_description":"Sofa, mit Aluminiumstruktur, und Au\u00dfenseite von runden Webrattan, in braun und Sitzkissen von 12cm, und R\u00fcckenkissen, in gr\u00fcn plus andere verziert gestreift, seine Ma\u00dfe, 220cm lang.","og_url":"https:\/\/mueble4you.com\/de\/productos\/cocoon-sofa-ausenbett\/","og_site_name":"mueble4you","article_modified_time":"2020-05-03T22:36:50+00:00","og_image":[{"width":2880,"height":1920,"url":"https:\/\/mueble4you.com\/wp-content\/uploads\/2019\/09\/Apple_Bee_Cocoon_Daybed_Mocca_20mm_Green_Sphere-03_Premium-Line.jpg","type":"image\/jpeg"}],"twitter_card":"summary_large_image","schema":{"@context":"https:\/\/schema.org","@graph":[{"@type":"WebPage","@id":"https:\/\/mueble4you.com\/de\/productos\/cocoon-sofa-ausenbett\/","url":"https:\/\/mueble4you.com\/de\/productos\/cocoon-sofa-ausenbett\/","name":"Cocoon, Sofa Au\u00dfenbett | mueble4you","isPartOf":{"@id":"https:\/\/mueble4you.com\/#website"},"primaryImageOfPage":{"@id":"https:\/\/mueble4you.com\/de\/productos\/cocoon-sofa-ausenbett\/#primaryimage"},"image":{"@id":"https:\/\/mueble4you.com\/de\/productos\/cocoon-sofa-ausenbett\/#primaryimage"},"thumbnailUrl":"https:\/\/mueble4you.com\/wp-content\/uploads\/2019\/09\/Apple_Bee_Cocoon_Daybed_Mocca_20mm_Green_Sphere-03_Premium-Line.jpg","datePublished":"2019-09-17T14:09:38+00:00","dateModified":"2020-05-03T22:36:50+00:00","breadcrumb":{"@id":"https:\/\/mueble4you.com\/de\/productos\/cocoon-sofa-ausenbett\/#breadcrumb"},"inLanguage":"de","potentialAction":[{"@type":"ReadAction","target":["https:\/\/mueble4you.com\/de\/productos\/cocoon-sofa-ausenbett\/"]}]},{"@type":"ImageObject","inLanguage":"de","@id":"https:\/\/mueble4you.com\/de\/productos\/cocoon-sofa-ausenbett\/#primaryimage","url":"https:\/\/mueble4you.com\/wp-content\/uploads\/2019\/09\/Apple_Bee_Cocoon_Daybed_Mocca_20mm_Green_Sphere-03_Premium-Line.jpg","contentUrl":"https:\/\/mueble4you.com\/wp-content\/uploads\/2019\/09\/Apple_Bee_Cocoon_Daybed_Mocca_20mm_Green_Sphere-03_Premium-Line.jpg","width":2880,"height":1920},{"@type":"BreadcrumbList","@id":"https:\/\/mueble4you.com\/de\/productos\/cocoon-sofa-ausenbett\/#breadcrumb","itemListElement":[{"@type":"ListItem","position":1,"name":"Portada","item":"https:\/\/mueble4you.com\/de\/"},{"@type":"ListItem","position":2,"name":"Productos","item":"https:\/\/mueble4you.com\/productos\/"},{"@type":"ListItem","position":3,"name":"Cocoon, Sofa Au\u00dfenbett"}]},{"@type":"WebSite","@id":"https:\/\/mueble4you.com\/#website","url":"https:\/\/mueble4you.com\/","name":"mueble4you","description":"M\u00f6bel in Teneriffa","potentialAction":[{"@type":"SearchAction","target":{"@type":"EntryPoint","urlTemplate":"https:\/\/mueble4you.com\/?s={search_term_string}"},"query-input":{"@type":"PropertyValueSpecification","valueRequired":true,"valueName":"search_term_string"}}],"inLanguage":"de"}]}},"_links":{"self":[{"href":"https:\/\/mueble4you.com\/de\/wp-json\/wp\/v2\/product\/36297","targetHints":{"allow":["GET"]}}],"collection":[{"href":"https:\/\/mueble4you.com\/de\/wp-json\/wp\/v2\/product"}],"about":[{"href":"https:\/\/mueble4you.com\/de\/wp-json\/wp\/v2\/types\/product"}],"wp:featuredmedia":[{"embeddable":true,"href":"https:\/\/mueble4you.com\/de\/wp-json\/wp\/v2\/media\/36293"}],"wp:attachment":[{"href":"https:\/\/mueble4you.com\/de\/wp-json\/wp\/v2\/media?parent=36297"}],"wp:term":[{"taxonomy":"product_brand","embeddable":true,"href":"https:\/\/mueble4you.com\/de\/wp-json\/wp\/v2\/product_brand?post=36297"},{"taxonomy":"product_cat","embeddable":true,"href":"https:\/\/mueble4you.com\/de\/wp-json\/wp\/v2\/product_cat?post=36297"},{"taxonomy":"product_tag","embeddable":true,"href":"https:\/\/mueble4you.com\/de\/wp-json\/wp\/v2\/product_tag?post=36297"}],"curies":[{"name":"wp","href":"https:\/\/api.w.org\/{rel}","templated":true}]}}