{"id":36272,"date":"2019-09-04T17:52:32","date_gmt":"2019-09-04T17:52:32","guid":{"rendered":"https:\/\/mueble4you.com\/productos\/cama-nido-2\/"},"modified":"2020-06-24T15:52:18","modified_gmt":"2020-06-24T15:52:18","slug":"nestbett","status":"publish","type":"product","link":"https:\/\/mueble4you.com\/de\/productos\/nestbett\/","title":{"rendered":"NESTBETT"},"content":{"rendered":"<h4 id=\"tw-target-text\" class=\"tw-data-text tw-text-large XcVN5d tw-ta\" dir=\"ltr\" data-placeholder=\"Traducci\u00f3n\"><span lang=\"de\">NESTBETT, VERF\u00dcGBAR IN WEISS ODER ROSA ODER IN JEDER FARBE AUF ANFRAGE, IHRE MASSNAHMEN: <\/span><\/h4>\n<ul>\n<li class=\"tw-data-text tw-text-large XcVN5d tw-ta\" dir=\"ltr\" data-placeholder=\"Traducci\u00f3n\"><span lang=\"de\">90 x 190<\/span><\/li>\n<li class=\"tw-data-text tw-text-large XcVN5d tw-ta\" dir=\"ltr\" data-placeholder=\"Traducci\u00f3n\"><span lang=\"de\">METALLISCHE STRUKTURA<\/span><\/li>\n<li class=\"tw-data-text tw-text-large XcVN5d tw-ta\" dir=\"ltr\" data-placeholder=\"Traducci\u00f3n\"><span lang=\"de\">BDECKUNG ATEMBARER STOFF GEPOLSTERTE <\/span><\/li>\n<li class=\"tw-data-text tw-text-large XcVN5d tw-ta\" dir=\"ltr\" data-placeholder=\"Traducci\u00f3n\"><span lang=\"de\">SCHUBLADEN-RUNDEN ECKEN, N\u00dcTZLICHER FONDS +\/- 10<\/span><span lang=\"de\">cm<\/span><\/li>\n<li class=\"tw-data-text tw-text-large XcVN5d tw-ta\" dir=\"ltr\" data-placeholder=\"Traducci\u00f3n\"><span lang=\"de\">ERH\u00d6HUNG DURCH HYDRAULISCHE KOMPASSE. SEITEN\u00d6FFNUNG NESTBETT IM CANAP\u00c9 F\u00dcR 80 X 180 MATRATZE EINGEBAUT<\/span><\/li>\n<\/ul>\n","protected":false},"excerpt":{"rendered":"<p>NESTBETT, VERF\u00dcGBAR IN WEISS ODER ROSA ODER IN JEDER FARBE AUF ANFRAGE, IHRE MASSNAHMEN: 90 x 190 METALLISCHE STRUKTURA BDECKUNG ATEMBARER STOFF GEPOLSTERTE SCHUBLADEN-RUNDEN ECKEN, N\u00dcTZLICHER FONDS +\/- 10cm ERH\u00d6HUNG DURCH HYDRAULISCHE KOMPASSE. SEITEN\u00d6FFNUNG NESTBETT IM CANAP\u00c9 F\u00dcR 80 X 180 MATRATZE EINGEBAUT<\/p>\n","protected":false},"featured_media":36475,"template":"","meta":[],"product_brand":[],"product_cat":[270,269],"product_tag":[],"class_list":{"0":"post-36272","1":"product","2":"type-product","3":"status-publish","4":"has-post-thumbnail","6":"product_cat-betten-und-zubehor","7":"product_cat-schlafzimmer","9":"first","10":"instock","11":"shipping-taxable","12":"product-type-simple"},"yoast_head":"<!-- This site is optimized with the Yoast SEO plugin v27.2 - https:\/\/yoast.com\/product\/yoast-seo-wordpress\/ -->\n<title>NESTBETT | mueble4you<\/title>\n<meta name=\"robots\" content=\"index, follow, max-snippet:-1, max-image-preview:large, max-video-preview:-1\" \/>\n<link rel=\"canonical\" href=\"https:\/\/mueble4you.com\/de\/productos\/nestbett\/\" \/>\n<meta property=\"og:locale\" content=\"de_DE\" \/>\n<meta property=\"og:type\" content=\"article\" \/>\n<meta property=\"og:title\" content=\"NESTBETT | mueble4you\" \/>\n<meta property=\"og:description\" content=\"NESTBETT, VERF\u00dcGBAR IN WEISS ODER ROSA ODER IN JEDER FARBE AUF ANFRAGE, IHRE MASSNAHMEN: 90 x 190 METALLISCHE STRUKTURA BDECKUNG ATEMBARER STOFF GEPOLSTERTE SCHUBLADEN-RUNDEN ECKEN, N\u00dcTZLICHER FONDS +\/- 10cm ERH\u00d6HUNG DURCH HYDRAULISCHE KOMPASSE. SEITEN\u00d6FFNUNG NESTBETT IM CANAP\u00c9 F\u00dcR 80 X 180 MATRATZE EINGEBAUT\" \/>\n<meta property=\"og:url\" content=\"https:\/\/mueble4you.com\/de\/productos\/nestbett\/\" \/>\n<meta property=\"og:site_name\" content=\"mueble4you\" \/>\n<meta property=\"article:modified_time\" content=\"2020-06-24T15:52:18+00:00\" \/>\n<meta property=\"og:image\" content=\"https:\/\/mueble4you.com\/wp-content\/uploads\/2019\/09\/1024x576-Juvenil-Nido950.jpg\" \/>\n\t<meta property=\"og:image:width\" content=\"1024\" \/>\n\t<meta property=\"og:image:height\" content=\"576\" \/>\n\t<meta property=\"og:image:type\" content=\"image\/jpeg\" \/>\n<meta name=\"twitter:card\" content=\"summary_large_image\" \/>\n<script type=\"application\/ld+json\" class=\"yoast-schema-graph\">{\"@context\":\"https:\/\/schema.org\",\"@graph\":[{\"@type\":\"WebPage\",\"@id\":\"https:\/\/mueble4you.com\/de\/productos\/nestbett\/\",\"url\":\"https:\/\/mueble4you.com\/de\/productos\/nestbett\/\",\"name\":\"NESTBETT | mueble4you\",\"isPartOf\":{\"@id\":\"https:\/\/mueble4you.com\/#website\"},\"primaryImageOfPage\":{\"@id\":\"https:\/\/mueble4you.com\/de\/productos\/nestbett\/#primaryimage\"},\"image\":{\"@id\":\"https:\/\/mueble4you.com\/de\/productos\/nestbett\/#primaryimage\"},\"thumbnailUrl\":\"https:\/\/mueble4you.com\/wp-content\/uploads\/2019\/09\/1024x576-Juvenil-Nido950.jpg\",\"datePublished\":\"2019-09-04T17:52:32+00:00\",\"dateModified\":\"2020-06-24T15:52:18+00:00\",\"breadcrumb\":{\"@id\":\"https:\/\/mueble4you.com\/de\/productos\/nestbett\/#breadcrumb\"},\"inLanguage\":\"de\",\"potentialAction\":[{\"@type\":\"ReadAction\",\"target\":[\"https:\/\/mueble4you.com\/de\/productos\/nestbett\/\"]}]},{\"@type\":\"ImageObject\",\"inLanguage\":\"de\",\"@id\":\"https:\/\/mueble4you.com\/de\/productos\/nestbett\/#primaryimage\",\"url\":\"https:\/\/mueble4you.com\/wp-content\/uploads\/2019\/09\/1024x576-Juvenil-Nido950.jpg\",\"contentUrl\":\"https:\/\/mueble4you.com\/wp-content\/uploads\/2019\/09\/1024x576-Juvenil-Nido950.jpg\",\"width\":1024,\"height\":576},{\"@type\":\"BreadcrumbList\",\"@id\":\"https:\/\/mueble4you.com\/de\/productos\/nestbett\/#breadcrumb\",\"itemListElement\":[{\"@type\":\"ListItem\",\"position\":1,\"name\":\"Portada\",\"item\":\"https:\/\/mueble4you.com\/de\/\"},{\"@type\":\"ListItem\",\"position\":2,\"name\":\"Productos\",\"item\":\"https:\/\/mueble4you.com\/productos\/\"},{\"@type\":\"ListItem\",\"position\":3,\"name\":\"NESTBETT\"}]},{\"@type\":\"WebSite\",\"@id\":\"https:\/\/mueble4you.com\/#website\",\"url\":\"https:\/\/mueble4you.com\/\",\"name\":\"mueble4you\",\"description\":\"M\u00f6bel in Teneriffa\",\"potentialAction\":[{\"@type\":\"SearchAction\",\"target\":{\"@type\":\"EntryPoint\",\"urlTemplate\":\"https:\/\/mueble4you.com\/?s={search_term_string}\"},\"query-input\":{\"@type\":\"PropertyValueSpecification\",\"valueRequired\":true,\"valueName\":\"search_term_string\"}}],\"inLanguage\":\"de\"}]}<\/script>\n<!-- \/ Yoast SEO plugin. -->","yoast_head_json":{"title":"NESTBETT | mueble4you","robots":{"index":"index","follow":"follow","max-snippet":"max-snippet:-1","max-image-preview":"max-image-preview:large","max-video-preview":"max-video-preview:-1"},"canonical":"https:\/\/mueble4you.com\/de\/productos\/nestbett\/","og_locale":"de_DE","og_type":"article","og_title":"NESTBETT | mueble4you","og_description":"NESTBETT, VERF\u00dcGBAR IN WEISS ODER ROSA ODER IN JEDER FARBE AUF ANFRAGE, IHRE MASSNAHMEN: 90 x 190 METALLISCHE STRUKTURA BDECKUNG ATEMBARER STOFF GEPOLSTERTE SCHUBLADEN-RUNDEN ECKEN, N\u00dcTZLICHER FONDS +\/- 10cm ERH\u00d6HUNG DURCH HYDRAULISCHE KOMPASSE. SEITEN\u00d6FFNUNG NESTBETT IM CANAP\u00c9 F\u00dcR 80 X 180 MATRATZE EINGEBAUT","og_url":"https:\/\/mueble4you.com\/de\/productos\/nestbett\/","og_site_name":"mueble4you","article_modified_time":"2020-06-24T15:52:18+00:00","og_image":[{"width":1024,"height":576,"url":"https:\/\/mueble4you.com\/wp-content\/uploads\/2019\/09\/1024x576-Juvenil-Nido950.jpg","type":"image\/jpeg"}],"twitter_card":"summary_large_image","schema":{"@context":"https:\/\/schema.org","@graph":[{"@type":"WebPage","@id":"https:\/\/mueble4you.com\/de\/productos\/nestbett\/","url":"https:\/\/mueble4you.com\/de\/productos\/nestbett\/","name":"NESTBETT | mueble4you","isPartOf":{"@id":"https:\/\/mueble4you.com\/#website"},"primaryImageOfPage":{"@id":"https:\/\/mueble4you.com\/de\/productos\/nestbett\/#primaryimage"},"image":{"@id":"https:\/\/mueble4you.com\/de\/productos\/nestbett\/#primaryimage"},"thumbnailUrl":"https:\/\/mueble4you.com\/wp-content\/uploads\/2019\/09\/1024x576-Juvenil-Nido950.jpg","datePublished":"2019-09-04T17:52:32+00:00","dateModified":"2020-06-24T15:52:18+00:00","breadcrumb":{"@id":"https:\/\/mueble4you.com\/de\/productos\/nestbett\/#breadcrumb"},"inLanguage":"de","potentialAction":[{"@type":"ReadAction","target":["https:\/\/mueble4you.com\/de\/productos\/nestbett\/"]}]},{"@type":"ImageObject","inLanguage":"de","@id":"https:\/\/mueble4you.com\/de\/productos\/nestbett\/#primaryimage","url":"https:\/\/mueble4you.com\/wp-content\/uploads\/2019\/09\/1024x576-Juvenil-Nido950.jpg","contentUrl":"https:\/\/mueble4you.com\/wp-content\/uploads\/2019\/09\/1024x576-Juvenil-Nido950.jpg","width":1024,"height":576},{"@type":"BreadcrumbList","@id":"https:\/\/mueble4you.com\/de\/productos\/nestbett\/#breadcrumb","itemListElement":[{"@type":"ListItem","position":1,"name":"Portada","item":"https:\/\/mueble4you.com\/de\/"},{"@type":"ListItem","position":2,"name":"Productos","item":"https:\/\/mueble4you.com\/productos\/"},{"@type":"ListItem","position":3,"name":"NESTBETT"}]},{"@type":"WebSite","@id":"https:\/\/mueble4you.com\/#website","url":"https:\/\/mueble4you.com\/","name":"mueble4you","description":"M\u00f6bel in Teneriffa","potentialAction":[{"@type":"SearchAction","target":{"@type":"EntryPoint","urlTemplate":"https:\/\/mueble4you.com\/?s={search_term_string}"},"query-input":{"@type":"PropertyValueSpecification","valueRequired":true,"valueName":"search_term_string"}}],"inLanguage":"de"}]}},"_links":{"self":[{"href":"https:\/\/mueble4you.com\/de\/wp-json\/wp\/v2\/product\/36272","targetHints":{"allow":["GET"]}}],"collection":[{"href":"https:\/\/mueble4you.com\/de\/wp-json\/wp\/v2\/product"}],"about":[{"href":"https:\/\/mueble4you.com\/de\/wp-json\/wp\/v2\/types\/product"}],"wp:featuredmedia":[{"embeddable":true,"href":"https:\/\/mueble4you.com\/de\/wp-json\/wp\/v2\/media\/36475"}],"wp:attachment":[{"href":"https:\/\/mueble4you.com\/de\/wp-json\/wp\/v2\/media?parent=36272"}],"wp:term":[{"taxonomy":"product_brand","embeddable":true,"href":"https:\/\/mueble4you.com\/de\/wp-json\/wp\/v2\/product_brand?post=36272"},{"taxonomy":"product_cat","embeddable":true,"href":"https:\/\/mueble4you.com\/de\/wp-json\/wp\/v2\/product_cat?post=36272"},{"taxonomy":"product_tag","embeddable":true,"href":"https:\/\/mueble4you.com\/de\/wp-json\/wp\/v2\/product_tag?post=36272"}],"curies":[{"name":"wp","href":"https:\/\/api.w.org\/{rel}","templated":true}]}}