{"id":36184,"date":"2019-08-24T13:48:26","date_gmt":"2019-08-24T13:48:26","guid":{"rendered":"https:\/\/mueble4you.com\/productos\/mesa-attitude-6-sillas\/"},"modified":"2020-05-01T20:06:58","modified_gmt":"2020-05-01T20:06:58","slug":"haltung-tische-und-stuhle","status":"publish","type":"product","link":"https:\/\/mueble4you.com\/de\/productos\/haltung-tische-und-stuhle\/","title":{"rendered":"Haltung, Tische und St\u00fchle"},"content":{"rendered":"<p>Quadratischer Tisch im Freien, seine Gr\u00f6\u00dfen 100 * 100 * 75cm, oder rechteckigen Outdoor-Tisch, seine Gr\u00f6\u00dfen 180 * 100 * 75cm, beide mit geh\u00e4rtetem Glas, mit 4 oder 6 St\u00fchlen, seine Gr\u00f6\u00dfen, 58 * 64 * 87, Aluminiumstruktur, ChromBeine und K\u00f6rper in halbrunden Rattan, Kissen in Stoff gepolstert, Baugruppen in grau und schwarz erh\u00e4ltlich.<\/p>\n","protected":false},"excerpt":{"rendered":"<p>Quadratischer Tisch im Freien, seine Gr\u00f6\u00dfen 100 * 100 * 75cm, oder rechteckigen Outdoor-Tisch, seine Gr\u00f6\u00dfen 180 * 100 * 75cm, beide mit geh\u00e4rtetem Glas, mit 4 oder 6 St\u00fchlen, seine Gr\u00f6\u00dfen, 58 * 64 * 87, Aluminiumstruktur, ChromBeine und K\u00f6rper in halbrunden Rattan, Kissen in Stoff gepolstert, Baugruppen in grau und schwarz erh\u00e4ltlich.<\/p>\n","protected":false},"featured_media":36173,"template":"","meta":[],"product_brand":[],"product_cat":[305,309],"product_tag":[],"class_list":{"0":"post-36184","1":"product","2":"type-product","3":"status-publish","4":"has-post-thumbnail","6":"product_cat-gartenmobel","7":"product_cat-sitz-und-liegemobel","9":"first","10":"outofstock","11":"shipping-taxable","12":"product-type-simple"},"yoast_head":"<!-- This site is optimized with the Yoast SEO plugin v27.2 - https:\/\/yoast.com\/product\/yoast-seo-wordpress\/ -->\n<title>Haltung, Tische und St\u00fchle | mueble4you<\/title>\n<meta name=\"robots\" content=\"index, follow, max-snippet:-1, max-image-preview:large, max-video-preview:-1\" \/>\n<link rel=\"canonical\" href=\"https:\/\/mueble4you.com\/de\/productos\/haltung-tische-und-stuhle\/\" \/>\n<meta property=\"og:locale\" content=\"de_DE\" \/>\n<meta property=\"og:type\" content=\"article\" \/>\n<meta property=\"og:title\" content=\"Haltung, Tische und St\u00fchle | mueble4you\" \/>\n<meta property=\"og:description\" content=\"Quadratischer Tisch im Freien, seine Gr\u00f6\u00dfen 100 * 100 * 75cm, oder rechteckigen Outdoor-Tisch, seine Gr\u00f6\u00dfen 180 * 100 * 75cm, beide mit geh\u00e4rtetem Glas, mit 4 oder 6 St\u00fchlen, seine Gr\u00f6\u00dfen, 58 * 64 * 87, Aluminiumstruktur, ChromBeine und K\u00f6rper in halbrunden Rattan, Kissen in Stoff gepolstert, Baugruppen in grau und schwarz erh\u00e4ltlich.\" \/>\n<meta property=\"og:url\" content=\"https:\/\/mueble4you.com\/de\/productos\/haltung-tische-und-stuhle\/\" \/>\n<meta property=\"og:site_name\" content=\"mueble4you\" \/>\n<meta property=\"article:modified_time\" content=\"2020-05-01T20:06:58+00:00\" \/>\n<meta property=\"og:image\" content=\"https:\/\/mueble4you.com\/wp-content\/uploads\/2018\/02\/Outdoor-Modern-Rattan-Dining-Table-Chairs-Set-Furniture-Table-for-Balcony.jpg\" \/>\n\t<meta property=\"og:image:width\" content=\"764\" \/>\n\t<meta property=\"og:image:height\" content=\"508\" \/>\n\t<meta property=\"og:image:type\" content=\"image\/jpeg\" \/>\n<meta name=\"twitter:card\" content=\"summary_large_image\" \/>\n<script type=\"application\/ld+json\" class=\"yoast-schema-graph\">{\"@context\":\"https:\/\/schema.org\",\"@graph\":[{\"@type\":\"WebPage\",\"@id\":\"https:\/\/mueble4you.com\/de\/productos\/haltung-tische-und-stuhle\/\",\"url\":\"https:\/\/mueble4you.com\/de\/productos\/haltung-tische-und-stuhle\/\",\"name\":\"Haltung, Tische und St\u00fchle | mueble4you\",\"isPartOf\":{\"@id\":\"https:\/\/mueble4you.com\/#website\"},\"primaryImageOfPage\":{\"@id\":\"https:\/\/mueble4you.com\/de\/productos\/haltung-tische-und-stuhle\/#primaryimage\"},\"image\":{\"@id\":\"https:\/\/mueble4you.com\/de\/productos\/haltung-tische-und-stuhle\/#primaryimage\"},\"thumbnailUrl\":\"https:\/\/mueble4you.com\/wp-content\/uploads\/2018\/02\/Outdoor-Modern-Rattan-Dining-Table-Chairs-Set-Furniture-Table-for-Balcony.jpg\",\"datePublished\":\"2019-08-24T13:48:26+00:00\",\"dateModified\":\"2020-05-01T20:06:58+00:00\",\"breadcrumb\":{\"@id\":\"https:\/\/mueble4you.com\/de\/productos\/haltung-tische-und-stuhle\/#breadcrumb\"},\"inLanguage\":\"de\",\"potentialAction\":[{\"@type\":\"ReadAction\",\"target\":[\"https:\/\/mueble4you.com\/de\/productos\/haltung-tische-und-stuhle\/\"]}]},{\"@type\":\"ImageObject\",\"inLanguage\":\"de\",\"@id\":\"https:\/\/mueble4you.com\/de\/productos\/haltung-tische-und-stuhle\/#primaryimage\",\"url\":\"https:\/\/mueble4you.com\/wp-content\/uploads\/2018\/02\/Outdoor-Modern-Rattan-Dining-Table-Chairs-Set-Furniture-Table-for-Balcony.jpg\",\"contentUrl\":\"https:\/\/mueble4you.com\/wp-content\/uploads\/2018\/02\/Outdoor-Modern-Rattan-Dining-Table-Chairs-Set-Furniture-Table-for-Balcony.jpg\",\"width\":764,\"height\":508},{\"@type\":\"BreadcrumbList\",\"@id\":\"https:\/\/mueble4you.com\/de\/productos\/haltung-tische-und-stuhle\/#breadcrumb\",\"itemListElement\":[{\"@type\":\"ListItem\",\"position\":1,\"name\":\"Portada\",\"item\":\"https:\/\/mueble4you.com\/de\/\"},{\"@type\":\"ListItem\",\"position\":2,\"name\":\"Productos\",\"item\":\"https:\/\/mueble4you.com\/productos\/\"},{\"@type\":\"ListItem\",\"position\":3,\"name\":\"Haltung, Tische und St\u00fchle\"}]},{\"@type\":\"WebSite\",\"@id\":\"https:\/\/mueble4you.com\/#website\",\"url\":\"https:\/\/mueble4you.com\/\",\"name\":\"mueble4you\",\"description\":\"M\u00f6bel in Teneriffa\",\"potentialAction\":[{\"@type\":\"SearchAction\",\"target\":{\"@type\":\"EntryPoint\",\"urlTemplate\":\"https:\/\/mueble4you.com\/?s={search_term_string}\"},\"query-input\":{\"@type\":\"PropertyValueSpecification\",\"valueRequired\":true,\"valueName\":\"search_term_string\"}}],\"inLanguage\":\"de\"}]}<\/script>\n<!-- \/ Yoast SEO plugin. -->","yoast_head_json":{"title":"Haltung, Tische und St\u00fchle | mueble4you","robots":{"index":"index","follow":"follow","max-snippet":"max-snippet:-1","max-image-preview":"max-image-preview:large","max-video-preview":"max-video-preview:-1"},"canonical":"https:\/\/mueble4you.com\/de\/productos\/haltung-tische-und-stuhle\/","og_locale":"de_DE","og_type":"article","og_title":"Haltung, Tische und St\u00fchle | mueble4you","og_description":"Quadratischer Tisch im Freien, seine Gr\u00f6\u00dfen 100 * 100 * 75cm, oder rechteckigen Outdoor-Tisch, seine Gr\u00f6\u00dfen 180 * 100 * 75cm, beide mit geh\u00e4rtetem Glas, mit 4 oder 6 St\u00fchlen, seine Gr\u00f6\u00dfen, 58 * 64 * 87, Aluminiumstruktur, ChromBeine und K\u00f6rper in halbrunden Rattan, Kissen in Stoff gepolstert, Baugruppen in grau und schwarz erh\u00e4ltlich.","og_url":"https:\/\/mueble4you.com\/de\/productos\/haltung-tische-und-stuhle\/","og_site_name":"mueble4you","article_modified_time":"2020-05-01T20:06:58+00:00","og_image":[{"width":764,"height":508,"url":"https:\/\/mueble4you.com\/wp-content\/uploads\/2018\/02\/Outdoor-Modern-Rattan-Dining-Table-Chairs-Set-Furniture-Table-for-Balcony.jpg","type":"image\/jpeg"}],"twitter_card":"summary_large_image","schema":{"@context":"https:\/\/schema.org","@graph":[{"@type":"WebPage","@id":"https:\/\/mueble4you.com\/de\/productos\/haltung-tische-und-stuhle\/","url":"https:\/\/mueble4you.com\/de\/productos\/haltung-tische-und-stuhle\/","name":"Haltung, Tische und St\u00fchle | mueble4you","isPartOf":{"@id":"https:\/\/mueble4you.com\/#website"},"primaryImageOfPage":{"@id":"https:\/\/mueble4you.com\/de\/productos\/haltung-tische-und-stuhle\/#primaryimage"},"image":{"@id":"https:\/\/mueble4you.com\/de\/productos\/haltung-tische-und-stuhle\/#primaryimage"},"thumbnailUrl":"https:\/\/mueble4you.com\/wp-content\/uploads\/2018\/02\/Outdoor-Modern-Rattan-Dining-Table-Chairs-Set-Furniture-Table-for-Balcony.jpg","datePublished":"2019-08-24T13:48:26+00:00","dateModified":"2020-05-01T20:06:58+00:00","breadcrumb":{"@id":"https:\/\/mueble4you.com\/de\/productos\/haltung-tische-und-stuhle\/#breadcrumb"},"inLanguage":"de","potentialAction":[{"@type":"ReadAction","target":["https:\/\/mueble4you.com\/de\/productos\/haltung-tische-und-stuhle\/"]}]},{"@type":"ImageObject","inLanguage":"de","@id":"https:\/\/mueble4you.com\/de\/productos\/haltung-tische-und-stuhle\/#primaryimage","url":"https:\/\/mueble4you.com\/wp-content\/uploads\/2018\/02\/Outdoor-Modern-Rattan-Dining-Table-Chairs-Set-Furniture-Table-for-Balcony.jpg","contentUrl":"https:\/\/mueble4you.com\/wp-content\/uploads\/2018\/02\/Outdoor-Modern-Rattan-Dining-Table-Chairs-Set-Furniture-Table-for-Balcony.jpg","width":764,"height":508},{"@type":"BreadcrumbList","@id":"https:\/\/mueble4you.com\/de\/productos\/haltung-tische-und-stuhle\/#breadcrumb","itemListElement":[{"@type":"ListItem","position":1,"name":"Portada","item":"https:\/\/mueble4you.com\/de\/"},{"@type":"ListItem","position":2,"name":"Productos","item":"https:\/\/mueble4you.com\/productos\/"},{"@type":"ListItem","position":3,"name":"Haltung, Tische und St\u00fchle"}]},{"@type":"WebSite","@id":"https:\/\/mueble4you.com\/#website","url":"https:\/\/mueble4you.com\/","name":"mueble4you","description":"M\u00f6bel in Teneriffa","potentialAction":[{"@type":"SearchAction","target":{"@type":"EntryPoint","urlTemplate":"https:\/\/mueble4you.com\/?s={search_term_string}"},"query-input":{"@type":"PropertyValueSpecification","valueRequired":true,"valueName":"search_term_string"}}],"inLanguage":"de"}]}},"_links":{"self":[{"href":"https:\/\/mueble4you.com\/de\/wp-json\/wp\/v2\/product\/36184","targetHints":{"allow":["GET"]}}],"collection":[{"href":"https:\/\/mueble4you.com\/de\/wp-json\/wp\/v2\/product"}],"about":[{"href":"https:\/\/mueble4you.com\/de\/wp-json\/wp\/v2\/types\/product"}],"wp:featuredmedia":[{"embeddable":true,"href":"https:\/\/mueble4you.com\/de\/wp-json\/wp\/v2\/media\/36173"}],"wp:attachment":[{"href":"https:\/\/mueble4you.com\/de\/wp-json\/wp\/v2\/media?parent=36184"}],"wp:term":[{"taxonomy":"product_brand","embeddable":true,"href":"https:\/\/mueble4you.com\/de\/wp-json\/wp\/v2\/product_brand?post=36184"},{"taxonomy":"product_cat","embeddable":true,"href":"https:\/\/mueble4you.com\/de\/wp-json\/wp\/v2\/product_cat?post=36184"},{"taxonomy":"product_tag","embeddable":true,"href":"https:\/\/mueble4you.com\/de\/wp-json\/wp\/v2\/product_tag?post=36184"}],"curies":[{"name":"wp","href":"https:\/\/api.w.org\/{rel}","templated":true}]}}