{"id":32531,"date":"2018-12-24T14:45:27","date_gmt":"2018-12-24T14:45:27","guid":{"rendered":"https:\/\/mueble4you.com\/productos\/urbino\/"},"modified":"2020-05-13T12:29:08","modified_gmt":"2020-05-13T12:29:08","slug":"urbino-fernsehmobel","status":"publish","type":"product","link":"https:\/\/mueble4you.com\/de\/productos\/urbino-fernsehmobel\/","title":{"rendered":"Urbino, Fernsehm\u00f6bel"},"content":{"rendered":"<p>Fernsehm\u00f6bel, seine Ma\u00dfe 138cm breit * 56cm hoch * 42cm Tiefe, erh\u00e4ltlich in Oxid-Zement und gl\u00e4nzend wei\u00df &#8211; Zement.<\/p>\n","protected":false},"excerpt":{"rendered":"<p>Fernsehm\u00f6bel, seine Ma\u00dfe 138cm breit * 56cm hoch * 42cm Tiefe, erh\u00e4ltlich in Oxid-Zement und gl\u00e4nzend wei\u00df &#8211; Zement.<\/p>\n","protected":false},"featured_media":34618,"template":"","meta":[],"product_brand":[],"product_cat":[510,272],"product_tag":[],"class_list":{"0":"post-32531","1":"product","2":"type-product","3":"status-publish","4":"has-post-thumbnail","6":"product_cat-tv-schrank","7":"product_cat-wohnzimmer","9":"first","10":"instock","11":"shipping-taxable","12":"product-type-simple"},"yoast_head":"<!-- This site is optimized with the Yoast SEO plugin v27.2 - https:\/\/yoast.com\/product\/yoast-seo-wordpress\/ -->\n<title>Urbino, Fernsehm\u00f6bel | mueble4you<\/title>\n<meta name=\"robots\" content=\"index, follow, max-snippet:-1, max-image-preview:large, max-video-preview:-1\" \/>\n<link rel=\"canonical\" href=\"https:\/\/mueble4you.com\/de\/productos\/urbino-fernsehmobel\/\" \/>\n<meta property=\"og:locale\" content=\"de_DE\" \/>\n<meta property=\"og:type\" content=\"article\" \/>\n<meta property=\"og:title\" content=\"Urbino, Fernsehm\u00f6bel | mueble4you\" \/>\n<meta property=\"og:description\" content=\"Fernsehm\u00f6bel, seine Ma\u00dfe 138cm breit * 56cm hoch * 42cm Tiefe, erh\u00e4ltlich in Oxid-Zement und gl\u00e4nzend wei\u00df &#8211; Zement.\" \/>\n<meta property=\"og:url\" content=\"https:\/\/mueble4you.com\/de\/productos\/urbino-fernsehmobel\/\" \/>\n<meta property=\"og:site_name\" content=\"mueble4you\" \/>\n<meta property=\"article:modified_time\" content=\"2020-05-13T12:29:08+00:00\" \/>\n<meta property=\"og:image\" content=\"https:\/\/mueble4you.com\/wp-content\/uploads\/2019\/03\/2086_urbino-ossido-beton-wohnen-tv-element-3t-1o-f-sideboard-2t-1o-f-regal.jpg\" \/>\n\t<meta property=\"og:image:width\" content=\"1000\" \/>\n\t<meta property=\"og:image:height\" content=\"648\" \/>\n\t<meta property=\"og:image:type\" content=\"image\/jpeg\" \/>\n<meta name=\"twitter:card\" content=\"summary_large_image\" \/>\n<script type=\"application\/ld+json\" class=\"yoast-schema-graph\">{\"@context\":\"https:\/\/schema.org\",\"@graph\":[{\"@type\":\"WebPage\",\"@id\":\"https:\/\/mueble4you.com\/de\/productos\/urbino-fernsehmobel\/\",\"url\":\"https:\/\/mueble4you.com\/de\/productos\/urbino-fernsehmobel\/\",\"name\":\"Urbino, Fernsehm\u00f6bel | mueble4you\",\"isPartOf\":{\"@id\":\"https:\/\/mueble4you.com\/#website\"},\"primaryImageOfPage\":{\"@id\":\"https:\/\/mueble4you.com\/de\/productos\/urbino-fernsehmobel\/#primaryimage\"},\"image\":{\"@id\":\"https:\/\/mueble4you.com\/de\/productos\/urbino-fernsehmobel\/#primaryimage\"},\"thumbnailUrl\":\"https:\/\/mueble4you.com\/wp-content\/uploads\/2019\/03\/2086_urbino-ossido-beton-wohnen-tv-element-3t-1o-f-sideboard-2t-1o-f-regal.jpg\",\"datePublished\":\"2018-12-24T14:45:27+00:00\",\"dateModified\":\"2020-05-13T12:29:08+00:00\",\"breadcrumb\":{\"@id\":\"https:\/\/mueble4you.com\/de\/productos\/urbino-fernsehmobel\/#breadcrumb\"},\"inLanguage\":\"de\",\"potentialAction\":[{\"@type\":\"ReadAction\",\"target\":[\"https:\/\/mueble4you.com\/de\/productos\/urbino-fernsehmobel\/\"]}]},{\"@type\":\"ImageObject\",\"inLanguage\":\"de\",\"@id\":\"https:\/\/mueble4you.com\/de\/productos\/urbino-fernsehmobel\/#primaryimage\",\"url\":\"https:\/\/mueble4you.com\/wp-content\/uploads\/2019\/03\/2086_urbino-ossido-beton-wohnen-tv-element-3t-1o-f-sideboard-2t-1o-f-regal.jpg\",\"contentUrl\":\"https:\/\/mueble4you.com\/wp-content\/uploads\/2019\/03\/2086_urbino-ossido-beton-wohnen-tv-element-3t-1o-f-sideboard-2t-1o-f-regal.jpg\",\"width\":1000,\"height\":648},{\"@type\":\"BreadcrumbList\",\"@id\":\"https:\/\/mueble4you.com\/de\/productos\/urbino-fernsehmobel\/#breadcrumb\",\"itemListElement\":[{\"@type\":\"ListItem\",\"position\":1,\"name\":\"Portada\",\"item\":\"https:\/\/mueble4you.com\/de\/\"},{\"@type\":\"ListItem\",\"position\":2,\"name\":\"Productos\",\"item\":\"https:\/\/mueble4you.com\/productos\/\"},{\"@type\":\"ListItem\",\"position\":3,\"name\":\"Urbino, Fernsehm\u00f6bel\"}]},{\"@type\":\"WebSite\",\"@id\":\"https:\/\/mueble4you.com\/#website\",\"url\":\"https:\/\/mueble4you.com\/\",\"name\":\"mueble4you\",\"description\":\"M\u00f6bel in Teneriffa\",\"potentialAction\":[{\"@type\":\"SearchAction\",\"target\":{\"@type\":\"EntryPoint\",\"urlTemplate\":\"https:\/\/mueble4you.com\/?s={search_term_string}\"},\"query-input\":{\"@type\":\"PropertyValueSpecification\",\"valueRequired\":true,\"valueName\":\"search_term_string\"}}],\"inLanguage\":\"de\"}]}<\/script>\n<!-- \/ Yoast SEO plugin. -->","yoast_head_json":{"title":"Urbino, Fernsehm\u00f6bel | mueble4you","robots":{"index":"index","follow":"follow","max-snippet":"max-snippet:-1","max-image-preview":"max-image-preview:large","max-video-preview":"max-video-preview:-1"},"canonical":"https:\/\/mueble4you.com\/de\/productos\/urbino-fernsehmobel\/","og_locale":"de_DE","og_type":"article","og_title":"Urbino, Fernsehm\u00f6bel | mueble4you","og_description":"Fernsehm\u00f6bel, seine Ma\u00dfe 138cm breit * 56cm hoch * 42cm Tiefe, erh\u00e4ltlich in Oxid-Zement und gl\u00e4nzend wei\u00df &#8211; Zement.","og_url":"https:\/\/mueble4you.com\/de\/productos\/urbino-fernsehmobel\/","og_site_name":"mueble4you","article_modified_time":"2020-05-13T12:29:08+00:00","og_image":[{"width":1000,"height":648,"url":"https:\/\/mueble4you.com\/wp-content\/uploads\/2019\/03\/2086_urbino-ossido-beton-wohnen-tv-element-3t-1o-f-sideboard-2t-1o-f-regal.jpg","type":"image\/jpeg"}],"twitter_card":"summary_large_image","schema":{"@context":"https:\/\/schema.org","@graph":[{"@type":"WebPage","@id":"https:\/\/mueble4you.com\/de\/productos\/urbino-fernsehmobel\/","url":"https:\/\/mueble4you.com\/de\/productos\/urbino-fernsehmobel\/","name":"Urbino, Fernsehm\u00f6bel | mueble4you","isPartOf":{"@id":"https:\/\/mueble4you.com\/#website"},"primaryImageOfPage":{"@id":"https:\/\/mueble4you.com\/de\/productos\/urbino-fernsehmobel\/#primaryimage"},"image":{"@id":"https:\/\/mueble4you.com\/de\/productos\/urbino-fernsehmobel\/#primaryimage"},"thumbnailUrl":"https:\/\/mueble4you.com\/wp-content\/uploads\/2019\/03\/2086_urbino-ossido-beton-wohnen-tv-element-3t-1o-f-sideboard-2t-1o-f-regal.jpg","datePublished":"2018-12-24T14:45:27+00:00","dateModified":"2020-05-13T12:29:08+00:00","breadcrumb":{"@id":"https:\/\/mueble4you.com\/de\/productos\/urbino-fernsehmobel\/#breadcrumb"},"inLanguage":"de","potentialAction":[{"@type":"ReadAction","target":["https:\/\/mueble4you.com\/de\/productos\/urbino-fernsehmobel\/"]}]},{"@type":"ImageObject","inLanguage":"de","@id":"https:\/\/mueble4you.com\/de\/productos\/urbino-fernsehmobel\/#primaryimage","url":"https:\/\/mueble4you.com\/wp-content\/uploads\/2019\/03\/2086_urbino-ossido-beton-wohnen-tv-element-3t-1o-f-sideboard-2t-1o-f-regal.jpg","contentUrl":"https:\/\/mueble4you.com\/wp-content\/uploads\/2019\/03\/2086_urbino-ossido-beton-wohnen-tv-element-3t-1o-f-sideboard-2t-1o-f-regal.jpg","width":1000,"height":648},{"@type":"BreadcrumbList","@id":"https:\/\/mueble4you.com\/de\/productos\/urbino-fernsehmobel\/#breadcrumb","itemListElement":[{"@type":"ListItem","position":1,"name":"Portada","item":"https:\/\/mueble4you.com\/de\/"},{"@type":"ListItem","position":2,"name":"Productos","item":"https:\/\/mueble4you.com\/productos\/"},{"@type":"ListItem","position":3,"name":"Urbino, Fernsehm\u00f6bel"}]},{"@type":"WebSite","@id":"https:\/\/mueble4you.com\/#website","url":"https:\/\/mueble4you.com\/","name":"mueble4you","description":"M\u00f6bel in Teneriffa","potentialAction":[{"@type":"SearchAction","target":{"@type":"EntryPoint","urlTemplate":"https:\/\/mueble4you.com\/?s={search_term_string}"},"query-input":{"@type":"PropertyValueSpecification","valueRequired":true,"valueName":"search_term_string"}}],"inLanguage":"de"}]}},"_links":{"self":[{"href":"https:\/\/mueble4you.com\/de\/wp-json\/wp\/v2\/product\/32531","targetHints":{"allow":["GET"]}}],"collection":[{"href":"https:\/\/mueble4you.com\/de\/wp-json\/wp\/v2\/product"}],"about":[{"href":"https:\/\/mueble4you.com\/de\/wp-json\/wp\/v2\/types\/product"}],"wp:featuredmedia":[{"embeddable":true,"href":"https:\/\/mueble4you.com\/de\/wp-json\/wp\/v2\/media\/34618"}],"wp:attachment":[{"href":"https:\/\/mueble4you.com\/de\/wp-json\/wp\/v2\/media?parent=32531"}],"wp:term":[{"taxonomy":"product_brand","embeddable":true,"href":"https:\/\/mueble4you.com\/de\/wp-json\/wp\/v2\/product_brand?post=32531"},{"taxonomy":"product_cat","embeddable":true,"href":"https:\/\/mueble4you.com\/de\/wp-json\/wp\/v2\/product_cat?post=32531"},{"taxonomy":"product_tag","embeddable":true,"href":"https:\/\/mueble4you.com\/de\/wp-json\/wp\/v2\/product_tag?post=32531"}],"curies":[{"name":"wp","href":"https:\/\/api.w.org\/{rel}","templated":true}]}}