{"id":22434,"date":"2018-07-30T16:04:01","date_gmt":"2018-07-30T16:04:01","guid":{"rendered":"http:\/\/mueble4you.com\/productos\/alegro\/"},"modified":"2020-05-26T17:01:03","modified_gmt":"2020-05-26T17:01:03","slug":"alegro-sofa-chaise-longue-rechts","status":"publish","type":"product","link":"https:\/\/mueble4you.com\/de\/productos\/alegro-sofa-chaise-longue-rechts\/","title":{"rendered":"Alegro, Sofa Chaise Longue Rechts."},"content":{"rendered":"<div>Sofa, gepolstert aus grauem Stoff, mit rechter Chaiselongue, Chrombeinen und zwei blauen Kissen.<\/div>\n<div><\/div>\n<div>Verf\u00fcgbar:<\/div>\n<div><\/div>\n<div>Sofa mit rechter Chaiselongue.<\/div>\n<div>Farbe wie auf dem Foto.<\/div>\n<div>M\u00f6glichkeit, einen anderen Stoff, Farbe oder Chaiselongue auf Anfrage zu w\u00e4hlen.<\/div>\n","protected":false},"excerpt":{"rendered":"<p>Sofa, gepolstert aus grauem Stoff, mit rechter Chaiselongue, Chrombeinen und zwei blauen Kissen. Verf\u00fcgbar: Sofa mit rechter Chaiselongue. Farbe wie auf dem Foto. M\u00f6glichkeit, einen anderen Stoff, Farbe oder Chaiselongue auf Anfrage zu w\u00e4hlen.<\/p>\n","protected":false},"featured_media":22430,"template":"","meta":[],"product_brand":[],"product_cat":[273,272],"product_tag":[],"class_list":{"0":"post-22434","1":"product","2":"type-product","3":"status-publish","4":"has-post-thumbnail","6":"product_cat-sofas-wohnzimmer","7":"product_cat-wohnzimmer","9":"first","10":"instock","11":"shipping-taxable","12":"product-type-simple"},"yoast_head":"<!-- This site is optimized with the Yoast SEO plugin v27.2 - https:\/\/yoast.com\/product\/yoast-seo-wordpress\/ -->\n<title>Alegro, Sofa Chaise Longue Rechts. | mueble4you<\/title>\n<meta name=\"robots\" content=\"index, follow, max-snippet:-1, max-image-preview:large, max-video-preview:-1\" \/>\n<link rel=\"canonical\" href=\"https:\/\/mueble4you.com\/de\/productos\/alegro-sofa-chaise-longue-rechts\/\" \/>\n<meta property=\"og:locale\" content=\"de_DE\" \/>\n<meta property=\"og:type\" content=\"article\" \/>\n<meta property=\"og:title\" content=\"Alegro, Sofa Chaise Longue Rechts. | mueble4you\" \/>\n<meta property=\"og:description\" content=\"Sofa, gepolstert aus grauem Stoff, mit rechter Chaiselongue, Chrombeinen und zwei blauen Kissen. Verf\u00fcgbar: Sofa mit rechter Chaiselongue. Farbe wie auf dem Foto. M\u00f6glichkeit, einen anderen Stoff, Farbe oder Chaiselongue auf Anfrage zu w\u00e4hlen.\" \/>\n<meta property=\"og:url\" content=\"https:\/\/mueble4you.com\/de\/productos\/alegro-sofa-chaise-longue-rechts\/\" \/>\n<meta property=\"og:site_name\" content=\"mueble4you\" \/>\n<meta property=\"article:modified_time\" content=\"2020-05-26T17:01:03+00:00\" \/>\n<meta property=\"og:image\" content=\"https:\/\/mueble4you.com\/wp-content\/uploads\/2018\/07\/ALLEGRO.jpg\" \/>\n\t<meta property=\"og:image:width\" content=\"1000\" \/>\n\t<meta property=\"og:image:height\" content=\"1000\" \/>\n\t<meta property=\"og:image:type\" content=\"image\/jpeg\" \/>\n<meta name=\"twitter:card\" content=\"summary_large_image\" \/>\n<script type=\"application\/ld+json\" class=\"yoast-schema-graph\">{\"@context\":\"https:\/\/schema.org\",\"@graph\":[{\"@type\":\"WebPage\",\"@id\":\"https:\/\/mueble4you.com\/de\/productos\/alegro-sofa-chaise-longue-rechts\/\",\"url\":\"https:\/\/mueble4you.com\/de\/productos\/alegro-sofa-chaise-longue-rechts\/\",\"name\":\"Alegro, Sofa Chaise Longue Rechts. | mueble4you\",\"isPartOf\":{\"@id\":\"https:\/\/mueble4you.com\/#website\"},\"primaryImageOfPage\":{\"@id\":\"https:\/\/mueble4you.com\/de\/productos\/alegro-sofa-chaise-longue-rechts\/#primaryimage\"},\"image\":{\"@id\":\"https:\/\/mueble4you.com\/de\/productos\/alegro-sofa-chaise-longue-rechts\/#primaryimage\"},\"thumbnailUrl\":\"https:\/\/mueble4you.com\/wp-content\/uploads\/2018\/07\/ALLEGRO.jpg\",\"datePublished\":\"2018-07-30T16:04:01+00:00\",\"dateModified\":\"2020-05-26T17:01:03+00:00\",\"breadcrumb\":{\"@id\":\"https:\/\/mueble4you.com\/de\/productos\/alegro-sofa-chaise-longue-rechts\/#breadcrumb\"},\"inLanguage\":\"de\",\"potentialAction\":[{\"@type\":\"ReadAction\",\"target\":[\"https:\/\/mueble4you.com\/de\/productos\/alegro-sofa-chaise-longue-rechts\/\"]}]},{\"@type\":\"ImageObject\",\"inLanguage\":\"de\",\"@id\":\"https:\/\/mueble4you.com\/de\/productos\/alegro-sofa-chaise-longue-rechts\/#primaryimage\",\"url\":\"https:\/\/mueble4you.com\/wp-content\/uploads\/2018\/07\/ALLEGRO.jpg\",\"contentUrl\":\"https:\/\/mueble4you.com\/wp-content\/uploads\/2018\/07\/ALLEGRO.jpg\",\"width\":1000,\"height\":1000},{\"@type\":\"BreadcrumbList\",\"@id\":\"https:\/\/mueble4you.com\/de\/productos\/alegro-sofa-chaise-longue-rechts\/#breadcrumb\",\"itemListElement\":[{\"@type\":\"ListItem\",\"position\":1,\"name\":\"Portada\",\"item\":\"https:\/\/mueble4you.com\/de\/\"},{\"@type\":\"ListItem\",\"position\":2,\"name\":\"Productos\",\"item\":\"https:\/\/mueble4you.com\/productos\/\"},{\"@type\":\"ListItem\",\"position\":3,\"name\":\"Alegro, Sofa Chaise Longue Rechts.\"}]},{\"@type\":\"WebSite\",\"@id\":\"https:\/\/mueble4you.com\/#website\",\"url\":\"https:\/\/mueble4you.com\/\",\"name\":\"mueble4you\",\"description\":\"M\u00f6bel in Teneriffa\",\"potentialAction\":[{\"@type\":\"SearchAction\",\"target\":{\"@type\":\"EntryPoint\",\"urlTemplate\":\"https:\/\/mueble4you.com\/?s={search_term_string}\"},\"query-input\":{\"@type\":\"PropertyValueSpecification\",\"valueRequired\":true,\"valueName\":\"search_term_string\"}}],\"inLanguage\":\"de\"}]}<\/script>\n<!-- \/ Yoast SEO plugin. -->","yoast_head_json":{"title":"Alegro, Sofa Chaise Longue Rechts. | mueble4you","robots":{"index":"index","follow":"follow","max-snippet":"max-snippet:-1","max-image-preview":"max-image-preview:large","max-video-preview":"max-video-preview:-1"},"canonical":"https:\/\/mueble4you.com\/de\/productos\/alegro-sofa-chaise-longue-rechts\/","og_locale":"de_DE","og_type":"article","og_title":"Alegro, Sofa Chaise Longue Rechts. | mueble4you","og_description":"Sofa, gepolstert aus grauem Stoff, mit rechter Chaiselongue, Chrombeinen und zwei blauen Kissen. Verf\u00fcgbar: Sofa mit rechter Chaiselongue. Farbe wie auf dem Foto. M\u00f6glichkeit, einen anderen Stoff, Farbe oder Chaiselongue auf Anfrage zu w\u00e4hlen.","og_url":"https:\/\/mueble4you.com\/de\/productos\/alegro-sofa-chaise-longue-rechts\/","og_site_name":"mueble4you","article_modified_time":"2020-05-26T17:01:03+00:00","og_image":[{"width":1000,"height":1000,"url":"https:\/\/mueble4you.com\/wp-content\/uploads\/2018\/07\/ALLEGRO.jpg","type":"image\/jpeg"}],"twitter_card":"summary_large_image","schema":{"@context":"https:\/\/schema.org","@graph":[{"@type":"WebPage","@id":"https:\/\/mueble4you.com\/de\/productos\/alegro-sofa-chaise-longue-rechts\/","url":"https:\/\/mueble4you.com\/de\/productos\/alegro-sofa-chaise-longue-rechts\/","name":"Alegro, Sofa Chaise Longue Rechts. | mueble4you","isPartOf":{"@id":"https:\/\/mueble4you.com\/#website"},"primaryImageOfPage":{"@id":"https:\/\/mueble4you.com\/de\/productos\/alegro-sofa-chaise-longue-rechts\/#primaryimage"},"image":{"@id":"https:\/\/mueble4you.com\/de\/productos\/alegro-sofa-chaise-longue-rechts\/#primaryimage"},"thumbnailUrl":"https:\/\/mueble4you.com\/wp-content\/uploads\/2018\/07\/ALLEGRO.jpg","datePublished":"2018-07-30T16:04:01+00:00","dateModified":"2020-05-26T17:01:03+00:00","breadcrumb":{"@id":"https:\/\/mueble4you.com\/de\/productos\/alegro-sofa-chaise-longue-rechts\/#breadcrumb"},"inLanguage":"de","potentialAction":[{"@type":"ReadAction","target":["https:\/\/mueble4you.com\/de\/productos\/alegro-sofa-chaise-longue-rechts\/"]}]},{"@type":"ImageObject","inLanguage":"de","@id":"https:\/\/mueble4you.com\/de\/productos\/alegro-sofa-chaise-longue-rechts\/#primaryimage","url":"https:\/\/mueble4you.com\/wp-content\/uploads\/2018\/07\/ALLEGRO.jpg","contentUrl":"https:\/\/mueble4you.com\/wp-content\/uploads\/2018\/07\/ALLEGRO.jpg","width":1000,"height":1000},{"@type":"BreadcrumbList","@id":"https:\/\/mueble4you.com\/de\/productos\/alegro-sofa-chaise-longue-rechts\/#breadcrumb","itemListElement":[{"@type":"ListItem","position":1,"name":"Portada","item":"https:\/\/mueble4you.com\/de\/"},{"@type":"ListItem","position":2,"name":"Productos","item":"https:\/\/mueble4you.com\/productos\/"},{"@type":"ListItem","position":3,"name":"Alegro, Sofa Chaise Longue Rechts."}]},{"@type":"WebSite","@id":"https:\/\/mueble4you.com\/#website","url":"https:\/\/mueble4you.com\/","name":"mueble4you","description":"M\u00f6bel in Teneriffa","potentialAction":[{"@type":"SearchAction","target":{"@type":"EntryPoint","urlTemplate":"https:\/\/mueble4you.com\/?s={search_term_string}"},"query-input":{"@type":"PropertyValueSpecification","valueRequired":true,"valueName":"search_term_string"}}],"inLanguage":"de"}]}},"_links":{"self":[{"href":"https:\/\/mueble4you.com\/de\/wp-json\/wp\/v2\/product\/22434","targetHints":{"allow":["GET"]}}],"collection":[{"href":"https:\/\/mueble4you.com\/de\/wp-json\/wp\/v2\/product"}],"about":[{"href":"https:\/\/mueble4you.com\/de\/wp-json\/wp\/v2\/types\/product"}],"wp:featuredmedia":[{"embeddable":true,"href":"https:\/\/mueble4you.com\/de\/wp-json\/wp\/v2\/media\/22430"}],"wp:attachment":[{"href":"https:\/\/mueble4you.com\/de\/wp-json\/wp\/v2\/media?parent=22434"}],"wp:term":[{"taxonomy":"product_brand","embeddable":true,"href":"https:\/\/mueble4you.com\/de\/wp-json\/wp\/v2\/product_brand?post=22434"},{"taxonomy":"product_cat","embeddable":true,"href":"https:\/\/mueble4you.com\/de\/wp-json\/wp\/v2\/product_cat?post=22434"},{"taxonomy":"product_tag","embeddable":true,"href":"https:\/\/mueble4you.com\/de\/wp-json\/wp\/v2\/product_tag?post=22434"}],"curies":[{"name":"wp","href":"https:\/\/api.w.org\/{rel}","templated":true}]}}