{"id":11248,"date":"2018-06-20T18:14:59","date_gmt":"2018-06-20T18:14:59","guid":{"rendered":"http:\/\/mueble4you.com\/productos\/new-bali\/"},"modified":"2020-04-28T14:00:06","modified_gmt":"2020-04-28T14:00:06","slug":"neu-bali-ausenbett-mit-dach","status":"publish","type":"product","link":"https:\/\/mueble4you.com\/de\/productos\/neu-bali-ausenbett-mit-dach\/","title":{"rendered":"Neu Bali, Au\u00dfenbett mit Dach"},"content":{"rendered":"<p>Aluminiumrahmen, halbrunder Korb, braun, mit Sitzkissen mit 10 cm, aus wei\u00dfem Polyester, Baumwollr\u00fcckenkissen und wei\u00dfem Polyesterdach.<\/p>\n","protected":false},"excerpt":{"rendered":"<p>Disponible en gris y marr\u00f3n.<\/p>\n<p>&nbsp;<\/p>\n<p>Para consultar precios y existencias llamar al 922 736 783.<\/p>\n","protected":false},"featured_media":11249,"template":"","meta":[],"product_brand":[],"product_cat":[305,325,317],"product_tag":[],"class_list":{"0":"post-11248","1":"product","2":"type-product","3":"status-publish","4":"has-post-thumbnail","6":"product_cat-gartenmobel","7":"product_cat-sonnenliegen","8":"product_cat-sonnenschirme-pavillon","10":"first","11":"instock","12":"shipping-taxable","13":"product-type-simple"},"yoast_head":"<!-- This site is optimized with the Yoast SEO plugin v27.3 - https:\/\/yoast.com\/product\/yoast-seo-wordpress\/ -->\n<title>Neu Bali, Au\u00dfenbett mit Dach | mueble4you<\/title>\n<meta name=\"robots\" content=\"index, follow, max-snippet:-1, max-image-preview:large, max-video-preview:-1\" \/>\n<link rel=\"canonical\" href=\"https:\/\/mueble4you.com\/de\/productos\/neu-bali-ausenbett-mit-dach\/\" \/>\n<meta property=\"og:locale\" content=\"de_DE\" \/>\n<meta property=\"og:type\" content=\"article\" \/>\n<meta property=\"og:title\" content=\"Neu Bali, Au\u00dfenbett mit Dach | mueble4you\" \/>\n<meta property=\"og:description\" content=\"Disponible en gris y marr\u00f3n.  &nbsp;  Para consultar precios y existencias llamar al 922 736 783.\" \/>\n<meta property=\"og:url\" content=\"https:\/\/mueble4you.com\/de\/productos\/neu-bali-ausenbett-mit-dach\/\" \/>\n<meta property=\"og:site_name\" content=\"mueble4you\" \/>\n<meta property=\"article:modified_time\" content=\"2020-04-28T14:00:06+00:00\" \/>\n<meta property=\"og:image\" content=\"https:\/\/mueble4you.com\/wp-content\/uploads\/2018\/06\/NEW-BALI-Copy.jpg\" \/>\n\t<meta property=\"og:image:width\" content=\"1897\" \/>\n\t<meta property=\"og:image:height\" content=\"1440\" \/>\n\t<meta property=\"og:image:type\" content=\"image\/jpeg\" \/>\n<meta name=\"twitter:card\" content=\"summary_large_image\" \/>\n<script type=\"application\/ld+json\" class=\"yoast-schema-graph\">{\"@context\":\"https:\\\/\\\/schema.org\",\"@graph\":[{\"@type\":\"WebPage\",\"@id\":\"https:\\\/\\\/mueble4you.com\\\/de\\\/productos\\\/neu-bali-ausenbett-mit-dach\\\/\",\"url\":\"https:\\\/\\\/mueble4you.com\\\/de\\\/productos\\\/neu-bali-ausenbett-mit-dach\\\/\",\"name\":\"Neu Bali, Au\u00dfenbett mit Dach | mueble4you\",\"isPartOf\":{\"@id\":\"https:\\\/\\\/mueble4you.com\\\/#website\"},\"primaryImageOfPage\":{\"@id\":\"https:\\\/\\\/mueble4you.com\\\/de\\\/productos\\\/neu-bali-ausenbett-mit-dach\\\/#primaryimage\"},\"image\":{\"@id\":\"https:\\\/\\\/mueble4you.com\\\/de\\\/productos\\\/neu-bali-ausenbett-mit-dach\\\/#primaryimage\"},\"thumbnailUrl\":\"https:\\\/\\\/mueble4you.com\\\/wp-content\\\/uploads\\\/2018\\\/06\\\/NEW-BALI-Copy.jpg\",\"datePublished\":\"2018-06-20T18:14:59+00:00\",\"dateModified\":\"2020-04-28T14:00:06+00:00\",\"breadcrumb\":{\"@id\":\"https:\\\/\\\/mueble4you.com\\\/de\\\/productos\\\/neu-bali-ausenbett-mit-dach\\\/#breadcrumb\"},\"inLanguage\":\"de\",\"potentialAction\":[{\"@type\":\"ReadAction\",\"target\":[\"https:\\\/\\\/mueble4you.com\\\/de\\\/productos\\\/neu-bali-ausenbett-mit-dach\\\/\"]}]},{\"@type\":\"ImageObject\",\"inLanguage\":\"de\",\"@id\":\"https:\\\/\\\/mueble4you.com\\\/de\\\/productos\\\/neu-bali-ausenbett-mit-dach\\\/#primaryimage\",\"url\":\"https:\\\/\\\/mueble4you.com\\\/wp-content\\\/uploads\\\/2018\\\/06\\\/NEW-BALI-Copy.jpg\",\"contentUrl\":\"https:\\\/\\\/mueble4you.com\\\/wp-content\\\/uploads\\\/2018\\\/06\\\/NEW-BALI-Copy.jpg\",\"width\":1897,\"height\":1440},{\"@type\":\"BreadcrumbList\",\"@id\":\"https:\\\/\\\/mueble4you.com\\\/de\\\/productos\\\/neu-bali-ausenbett-mit-dach\\\/#breadcrumb\",\"itemListElement\":[{\"@type\":\"ListItem\",\"position\":1,\"name\":\"Portada\",\"item\":\"https:\\\/\\\/mueble4you.com\\\/de\\\/\"},{\"@type\":\"ListItem\",\"position\":2,\"name\":\"Productos\",\"item\":\"https:\\\/\\\/mueble4you.com\\\/productos\\\/\"},{\"@type\":\"ListItem\",\"position\":3,\"name\":\"Neu Bali, Au\u00dfenbett mit Dach\"}]},{\"@type\":\"WebSite\",\"@id\":\"https:\\\/\\\/mueble4you.com\\\/#website\",\"url\":\"https:\\\/\\\/mueble4you.com\\\/\",\"name\":\"mueble4you\",\"description\":\"M\u00f6bel in Teneriffa\",\"potentialAction\":[{\"@type\":\"SearchAction\",\"target\":{\"@type\":\"EntryPoint\",\"urlTemplate\":\"https:\\\/\\\/mueble4you.com\\\/?s={search_term_string}\"},\"query-input\":{\"@type\":\"PropertyValueSpecification\",\"valueRequired\":true,\"valueName\":\"search_term_string\"}}],\"inLanguage\":\"de\"}]}<\/script>\n<!-- \/ Yoast SEO plugin. -->","yoast_head_json":{"title":"Neu Bali, Au\u00dfenbett mit Dach | mueble4you","robots":{"index":"index","follow":"follow","max-snippet":"max-snippet:-1","max-image-preview":"max-image-preview:large","max-video-preview":"max-video-preview:-1"},"canonical":"https:\/\/mueble4you.com\/de\/productos\/neu-bali-ausenbett-mit-dach\/","og_locale":"de_DE","og_type":"article","og_title":"Neu Bali, Au\u00dfenbett mit Dach | mueble4you","og_description":"Disponible en gris y marr\u00f3n.  &nbsp;  Para consultar precios y existencias llamar al 922 736 783.","og_url":"https:\/\/mueble4you.com\/de\/productos\/neu-bali-ausenbett-mit-dach\/","og_site_name":"mueble4you","article_modified_time":"2020-04-28T14:00:06+00:00","og_image":[{"width":1897,"height":1440,"url":"https:\/\/mueble4you.com\/wp-content\/uploads\/2018\/06\/NEW-BALI-Copy.jpg","type":"image\/jpeg"}],"twitter_card":"summary_large_image","schema":{"@context":"https:\/\/schema.org","@graph":[{"@type":"WebPage","@id":"https:\/\/mueble4you.com\/de\/productos\/neu-bali-ausenbett-mit-dach\/","url":"https:\/\/mueble4you.com\/de\/productos\/neu-bali-ausenbett-mit-dach\/","name":"Neu Bali, Au\u00dfenbett mit Dach | mueble4you","isPartOf":{"@id":"https:\/\/mueble4you.com\/#website"},"primaryImageOfPage":{"@id":"https:\/\/mueble4you.com\/de\/productos\/neu-bali-ausenbett-mit-dach\/#primaryimage"},"image":{"@id":"https:\/\/mueble4you.com\/de\/productos\/neu-bali-ausenbett-mit-dach\/#primaryimage"},"thumbnailUrl":"https:\/\/mueble4you.com\/wp-content\/uploads\/2018\/06\/NEW-BALI-Copy.jpg","datePublished":"2018-06-20T18:14:59+00:00","dateModified":"2020-04-28T14:00:06+00:00","breadcrumb":{"@id":"https:\/\/mueble4you.com\/de\/productos\/neu-bali-ausenbett-mit-dach\/#breadcrumb"},"inLanguage":"de","potentialAction":[{"@type":"ReadAction","target":["https:\/\/mueble4you.com\/de\/productos\/neu-bali-ausenbett-mit-dach\/"]}]},{"@type":"ImageObject","inLanguage":"de","@id":"https:\/\/mueble4you.com\/de\/productos\/neu-bali-ausenbett-mit-dach\/#primaryimage","url":"https:\/\/mueble4you.com\/wp-content\/uploads\/2018\/06\/NEW-BALI-Copy.jpg","contentUrl":"https:\/\/mueble4you.com\/wp-content\/uploads\/2018\/06\/NEW-BALI-Copy.jpg","width":1897,"height":1440},{"@type":"BreadcrumbList","@id":"https:\/\/mueble4you.com\/de\/productos\/neu-bali-ausenbett-mit-dach\/#breadcrumb","itemListElement":[{"@type":"ListItem","position":1,"name":"Portada","item":"https:\/\/mueble4you.com\/de\/"},{"@type":"ListItem","position":2,"name":"Productos","item":"https:\/\/mueble4you.com\/productos\/"},{"@type":"ListItem","position":3,"name":"Neu Bali, Au\u00dfenbett mit Dach"}]},{"@type":"WebSite","@id":"https:\/\/mueble4you.com\/#website","url":"https:\/\/mueble4you.com\/","name":"mueble4you","description":"M\u00f6bel in Teneriffa","potentialAction":[{"@type":"SearchAction","target":{"@type":"EntryPoint","urlTemplate":"https:\/\/mueble4you.com\/?s={search_term_string}"},"query-input":{"@type":"PropertyValueSpecification","valueRequired":true,"valueName":"search_term_string"}}],"inLanguage":"de"}]}},"_links":{"self":[{"href":"https:\/\/mueble4you.com\/de\/wp-json\/wp\/v2\/product\/11248","targetHints":{"allow":["GET"]}}],"collection":[{"href":"https:\/\/mueble4you.com\/de\/wp-json\/wp\/v2\/product"}],"about":[{"href":"https:\/\/mueble4you.com\/de\/wp-json\/wp\/v2\/types\/product"}],"wp:featuredmedia":[{"embeddable":true,"href":"https:\/\/mueble4you.com\/de\/wp-json\/wp\/v2\/media\/11249"}],"wp:attachment":[{"href":"https:\/\/mueble4you.com\/de\/wp-json\/wp\/v2\/media?parent=11248"}],"wp:term":[{"taxonomy":"product_brand","embeddable":true,"href":"https:\/\/mueble4you.com\/de\/wp-json\/wp\/v2\/product_brand?post=11248"},{"taxonomy":"product_cat","embeddable":true,"href":"https:\/\/mueble4you.com\/de\/wp-json\/wp\/v2\/product_cat?post=11248"},{"taxonomy":"product_tag","embeddable":true,"href":"https:\/\/mueble4you.com\/de\/wp-json\/wp\/v2\/product_tag?post=11248"}],"curies":[{"name":"wp","href":"https:\/\/api.w.org\/{rel}","templated":true}]}}