{"id":3348,"date":"2014-08-21T18:48:18","date_gmt":"2014-08-21T18:48:18","guid":{"rendered":"http:\/\/mueble4you.com\/?page_id=3348"},"modified":"2014-09-14T20:40:01","modified_gmt":"2014-09-14T20:40:01","slug":"dienstleistungen","status":"publish","type":"page","link":"https:\/\/mueble4you.com\/de\/dienstleistungen\/","title":{"rendered":"Dienstleistungen"},"content":{"rendered":"<div class=\"row container  \">\n<div class=\"large-4  columns scroll-animate\" style=\"-webkit-animation-delay: 0.5s; animation-delay: 0.5s; -moz-animation-delay: 0.5s;\" data-animate=\"fadeInDown\">\n<div class=\"featured-box pos-center  \" title=\"\">\n<p><img decoding=\"async\" class=\"featured-img\" alt=\"Transporte\" src=\"https:\/\/mueble4you.com\/wp-content\/uploads\/2014\/07\/M4Y_2_IconPlain.png\" loading=\"lazy\" \/><\/p>\n<h4><b>Lieferung<\/b><\/h4>\n<p>Frei Haus im ganzen S\u00fcden der Insel, bei Eink\u00e4ufen \u00fcber 1000\u20ac frei auch im Rest der Insel..<\/p>\n<\/div>\n<\/div>\n<div class=\"large-4  columns scroll-animate\" style=\"-webkit-animation-delay: 0.8s; animation-delay: 0.8s; -moz-animation-delay: 0.8s;\" data-animate=\"fadeInDown\">\n<div class=\"featured-box pos-center  \" title=\"\">\n<div class=\"box-inner\">\n<p><img decoding=\"async\" class=\"featured-img\" alt=\"Dise\u00f1os y proyectos de decoraci\u00f3n\" src=\"https:\/\/mueble4you.com\/wp-content\/uploads\/2014\/07\/M4Y_2_IconPen.png\" loading=\"lazy\" \/><\/p>\n<h4><b>Design und Dekorations-Projekte<\/b><\/h4>\n<p>Wir entwickeln die besten Entw\u00fcrfe und Projekte f\u00fcr Ihr zu Hause und nat\u00fcrlich unverbindlich.<\/p>\n<\/div>\n<\/div>\n<\/div>\n<div class=\"large-4  columns scroll-animate\" style=\"-webkit-animation-delay: 1s; animation-delay: 1s; -moz-animation-delay: 1s;\" data-animate=\"fadeInDown\">\n<div class=\"featured-box pos-center  \" title=\"\">\n<div class=\"box-inner\">\n<p><img decoding=\"async\" class=\"featured-img\" alt=\"Instalaci\u00f3n y montaje\" src=\"https:\/\/mueble4you.com\/wp-content\/uploads\/2014\/07\/M4Y_2_IconBox.png\" loading=\"lazy\" \/><\/p>\n<h4><b>Installation und Montage<\/b><\/h4>\n<p>Wir installieren und montieren Ihnen Ihre M\u00f6bel ohne zus\u00e4tzliche Kosten.<\/p>\n<\/div>\n<\/div>\n<\/div>\n<\/div>\n<div class=\"row container  \">\n<div class=\"large-4  columns scroll-animate\" style=\"-webkit-animation-delay: 0.5s; animation-delay: 0.5s; -moz-animation-delay: 0.5s;\" data-animate=\"fadeInDown\">\n<div class=\"featured-box pos-center  \" title=\"\">\n<p><img decoding=\"async\" class=\"featured-img\" alt=\"Contrato\" src=\"https:\/\/mueble4you.com\/wp-content\/uploads\/2014\/07\/M4Y_2_IconClip.png\" loading=\"lazy\" \/><\/p>\n<h4><b>Contract<\/b><\/h4>\n<p>Spezialpreise f\u00fcr Hotels, Bars und Restaurants.<\/p>\n<\/div>\n<\/div>\n<div class=\"large-4  columns scroll-animate\" style=\"-webkit-animation-delay: 0.8s; animation-delay: 0.8s; -moz-animation-delay: 0.8s;\" data-animate=\"fadeInDown\">\n<div class=\"featured-box pos-center  \" title=\"\">\n<div class=\"box-inner\">\n<p><img decoding=\"async\" class=\"featured-img\" alt=\"Nacional e internacional\" src=\"https:\/\/mueble4you.com\/wp-content\/uploads\/2014\/07\/M4Y_2_IconWorld.png\" loading=\"lazy\" \/><\/p>\n<h4><b>National und international<\/b><\/h4>\n<p>M\u00f6glichkeit der Lieferung in nationale und internationale Gebiete.<br \/>\nInformieren Sie sich \u00fcber die Bedingungen und\u00a0 Fristen per e-mail<\/p>\n<\/div>\n<\/div>\n<\/div>\n<div class=\"large-4  columns scroll-animate\" style=\"-webkit-animation-delay: 1s; animation-delay: 1s; -moz-animation-delay: 1s;\" data-animate=\"fadeInDown\">\n<div class=\"featured-box pos-center  \" title=\"\">\n<div class=\"box-inner\">\n<p><a href=\"\/?page_id=3358\"><img decoding=\"async\" class=\"featured-img\" alt=\"Cont\u00e1ctenos\" src=\"https:\/\/mueble4you.com\/wp-content\/uploads\/2014\/07\/M4Y_2_IconEmail.png\" loading=\"lazy\" \/><\/a><\/p>\n<h4><a href=\"\/?page_id=3358\">Kontaktieren Sie uns<\/a><\/h4>\n<p>Kontaktieren Sie uns per E-Mail<\/p>\n<p>&nbsp;<\/p>\n<p>&nbsp;<\/p>\n<\/div>\n<\/div>\n<\/div>\n<\/div>\n","protected":false},"excerpt":{"rendered":"\n  <div class=\"banner has-hover\" id=\"banner-638964535\">\n          <div class=\"banner-inner fill\">\n        <div class=\"banner-bg fill\" >\n            <img width=\"1020\" height=\"159\" src=\"https:\/\/mueble4you.com\/wp-content\/uploads\/2014\/07\/M4Y_2_Banner02-1024x160.jpg\" class=\"bg attachment-large size-large\" alt=\"\" decoding=\"async\" loading=\"lazy\" \/>                                    \n                    <\/div>\n\t\t\n        <div class=\"banner-layers container\">\n            <div class=\"fill banner-link\"><\/div>               <div id=\"text-box-1798635250\" class=\"text-box banner-layer x50 md-x50 lg-x50 y50 md-y50 lg-y50 res-text\">\n                     <div data-animate=\"flipInX\">           <div class=\"text-box-content text dark\">\n              \n              <div class=\"text-inner text-center\">\n                  \n<h1><span style=\"color: #000000;\">Dienstleistungen<\/span><\/h1>\n              <\/div>\n           <\/div>\n       <\/div>                     \n<style>\n#text-box-1798635250 {\n  width: 60%;\n}\n#text-box-1798635250 .text-box-content {\n  font-size: 100%;\n}\n@media (min-width:550px) {\n  #text-box-1798635250 {\n    width: 60%;\n  }\n}\n<\/style>\n    <\/div>\n         <\/div>\n      <\/div>\n\n            \n<style>\n#banner-638964535 {\n  padding-top: 300px;\n}\n<\/style>\n  <\/div>\n\n\n","protected":false},"author":2,"featured_media":0,"parent":0,"menu_order":0,"comment_status":"closed","ping_status":"closed","template":"page-blank-container.php","meta":{"footnotes":""},"class_list":["post-3348","page","type-page","status-publish","hentry"],"yoast_head":"<!-- This site is optimized with the Yoast SEO plugin v27.3 - https:\/\/yoast.com\/product\/yoast-seo-wordpress\/ -->\n<title>Dienstleistungen | mueble4you<\/title>\n<meta name=\"robots\" content=\"index, follow, max-snippet:-1, max-image-preview:large, max-video-preview:-1\" \/>\n<link rel=\"canonical\" href=\"https:\/\/mueble4you.com\/de\/dienstleistungen\/\" \/>\n<meta property=\"og:locale\" content=\"de_DE\" \/>\n<meta property=\"og:type\" content=\"article\" \/>\n<meta property=\"og:title\" content=\"Dienstleistungen | mueble4you\" \/>\n<meta property=\"og:url\" content=\"https:\/\/mueble4you.com\/de\/dienstleistungen\/\" \/>\n<meta property=\"og:site_name\" content=\"mueble4you\" \/>\n<meta property=\"article:modified_time\" content=\"2014-09-14T20:40:01+00:00\" \/>\n<meta property=\"og:image\" content=\"https:\/\/mueble4you.com\/wp-content\/uploads\/2014\/07\/M4Y_2_IconPlain.png\" \/>\n<meta name=\"twitter:card\" content=\"summary_large_image\" \/>\n<meta name=\"twitter:description\" content=\"[ux_banner bg=&quot;https:\/\/mueble4you.com\/wp-content\/uploads\/2014\/07\/M4Y_2_Banner02.jpg&quot; height=&quot;300px&quot; animation=&quot;flipInX&quot;]  Dienstleistungen  [\/ux_banner]\" \/>\n<script type=\"application\/ld+json\" class=\"yoast-schema-graph\">{\"@context\":\"https:\\\/\\\/schema.org\",\"@graph\":[{\"@type\":\"WebPage\",\"@id\":\"https:\\\/\\\/mueble4you.com\\\/de\\\/dienstleistungen\\\/\",\"url\":\"https:\\\/\\\/mueble4you.com\\\/de\\\/dienstleistungen\\\/\",\"name\":\"Dienstleistungen | mueble4you\",\"isPartOf\":{\"@id\":\"https:\\\/\\\/mueble4you.com\\\/#website\"},\"primaryImageOfPage\":{\"@id\":\"https:\\\/\\\/mueble4you.com\\\/de\\\/dienstleistungen\\\/#primaryimage\"},\"image\":{\"@id\":\"https:\\\/\\\/mueble4you.com\\\/de\\\/dienstleistungen\\\/#primaryimage\"},\"thumbnailUrl\":\"https:\\\/\\\/mueble4you.com\\\/wp-content\\\/uploads\\\/2014\\\/07\\\/M4Y_2_IconPlain.png\",\"datePublished\":\"2014-08-21T18:48:18+00:00\",\"dateModified\":\"2014-09-14T20:40:01+00:00\",\"breadcrumb\":{\"@id\":\"https:\\\/\\\/mueble4you.com\\\/de\\\/dienstleistungen\\\/#breadcrumb\"},\"inLanguage\":\"de\",\"potentialAction\":[{\"@type\":\"ReadAction\",\"target\":[\"https:\\\/\\\/mueble4you.com\\\/de\\\/dienstleistungen\\\/\"]}]},{\"@type\":\"ImageObject\",\"inLanguage\":\"de\",\"@id\":\"https:\\\/\\\/mueble4you.com\\\/de\\\/dienstleistungen\\\/#primaryimage\",\"url\":\"https:\\\/\\\/mueble4you.com\\\/wp-content\\\/uploads\\\/2014\\\/07\\\/M4Y_2_IconPlain.png\",\"contentUrl\":\"https:\\\/\\\/mueble4you.com\\\/wp-content\\\/uploads\\\/2014\\\/07\\\/M4Y_2_IconPlain.png\"},{\"@type\":\"BreadcrumbList\",\"@id\":\"https:\\\/\\\/mueble4you.com\\\/de\\\/dienstleistungen\\\/#breadcrumb\",\"itemListElement\":[{\"@type\":\"ListItem\",\"position\":1,\"name\":\"Portada\",\"item\":\"https:\\\/\\\/mueble4you.com\\\/de\\\/\"},{\"@type\":\"ListItem\",\"position\":2,\"name\":\"Dienstleistungen\"}]},{\"@type\":\"WebSite\",\"@id\":\"https:\\\/\\\/mueble4you.com\\\/#website\",\"url\":\"https:\\\/\\\/mueble4you.com\\\/\",\"name\":\"mueble4you\",\"description\":\"M\u00f6bel in Teneriffa\",\"potentialAction\":[{\"@type\":\"SearchAction\",\"target\":{\"@type\":\"EntryPoint\",\"urlTemplate\":\"https:\\\/\\\/mueble4you.com\\\/?s={search_term_string}\"},\"query-input\":{\"@type\":\"PropertyValueSpecification\",\"valueRequired\":true,\"valueName\":\"search_term_string\"}}],\"inLanguage\":\"de\"}]}<\/script>\n<!-- \/ Yoast SEO plugin. -->","yoast_head_json":{"title":"Dienstleistungen | mueble4you","robots":{"index":"index","follow":"follow","max-snippet":"max-snippet:-1","max-image-preview":"max-image-preview:large","max-video-preview":"max-video-preview:-1"},"canonical":"https:\/\/mueble4you.com\/de\/dienstleistungen\/","og_locale":"de_DE","og_type":"article","og_title":"Dienstleistungen | mueble4you","og_url":"https:\/\/mueble4you.com\/de\/dienstleistungen\/","og_site_name":"mueble4you","article_modified_time":"2014-09-14T20:40:01+00:00","og_image":[{"url":"https:\/\/mueble4you.com\/wp-content\/uploads\/2014\/07\/M4Y_2_IconPlain.png","type":"","width":"","height":""}],"twitter_card":"summary_large_image","twitter_description":"[ux_banner bg=\"https:\/\/mueble4you.com\/wp-content\/uploads\/2014\/07\/M4Y_2_Banner02.jpg\" height=\"300px\" animation=\"flipInX\"]  Dienstleistungen  [\/ux_banner]","schema":{"@context":"https:\/\/schema.org","@graph":[{"@type":"WebPage","@id":"https:\/\/mueble4you.com\/de\/dienstleistungen\/","url":"https:\/\/mueble4you.com\/de\/dienstleistungen\/","name":"Dienstleistungen | mueble4you","isPartOf":{"@id":"https:\/\/mueble4you.com\/#website"},"primaryImageOfPage":{"@id":"https:\/\/mueble4you.com\/de\/dienstleistungen\/#primaryimage"},"image":{"@id":"https:\/\/mueble4you.com\/de\/dienstleistungen\/#primaryimage"},"thumbnailUrl":"https:\/\/mueble4you.com\/wp-content\/uploads\/2014\/07\/M4Y_2_IconPlain.png","datePublished":"2014-08-21T18:48:18+00:00","dateModified":"2014-09-14T20:40:01+00:00","breadcrumb":{"@id":"https:\/\/mueble4you.com\/de\/dienstleistungen\/#breadcrumb"},"inLanguage":"de","potentialAction":[{"@type":"ReadAction","target":["https:\/\/mueble4you.com\/de\/dienstleistungen\/"]}]},{"@type":"ImageObject","inLanguage":"de","@id":"https:\/\/mueble4you.com\/de\/dienstleistungen\/#primaryimage","url":"https:\/\/mueble4you.com\/wp-content\/uploads\/2014\/07\/M4Y_2_IconPlain.png","contentUrl":"https:\/\/mueble4you.com\/wp-content\/uploads\/2014\/07\/M4Y_2_IconPlain.png"},{"@type":"BreadcrumbList","@id":"https:\/\/mueble4you.com\/de\/dienstleistungen\/#breadcrumb","itemListElement":[{"@type":"ListItem","position":1,"name":"Portada","item":"https:\/\/mueble4you.com\/de\/"},{"@type":"ListItem","position":2,"name":"Dienstleistungen"}]},{"@type":"WebSite","@id":"https:\/\/mueble4you.com\/#website","url":"https:\/\/mueble4you.com\/","name":"mueble4you","description":"M\u00f6bel in Teneriffa","potentialAction":[{"@type":"SearchAction","target":{"@type":"EntryPoint","urlTemplate":"https:\/\/mueble4you.com\/?s={search_term_string}"},"query-input":{"@type":"PropertyValueSpecification","valueRequired":true,"valueName":"search_term_string"}}],"inLanguage":"de"}]}},"_links":{"self":[{"href":"https:\/\/mueble4you.com\/de\/wp-json\/wp\/v2\/pages\/3348","targetHints":{"allow":["GET"]}}],"collection":[{"href":"https:\/\/mueble4you.com\/de\/wp-json\/wp\/v2\/pages"}],"about":[{"href":"https:\/\/mueble4you.com\/de\/wp-json\/wp\/v2\/types\/page"}],"author":[{"embeddable":true,"href":"https:\/\/mueble4you.com\/de\/wp-json\/wp\/v2\/users\/2"}],"replies":[{"embeddable":true,"href":"https:\/\/mueble4you.com\/de\/wp-json\/wp\/v2\/comments?post=3348"}],"version-history":[{"count":6,"href":"https:\/\/mueble4you.com\/de\/wp-json\/wp\/v2\/pages\/3348\/revisions"}],"predecessor-version":[{"id":4056,"href":"https:\/\/mueble4you.com\/de\/wp-json\/wp\/v2\/pages\/3348\/revisions\/4056"}],"wp:attachment":[{"href":"https:\/\/mueble4you.com\/de\/wp-json\/wp\/v2\/media?parent=3348"}],"curies":[{"name":"wp","href":"https:\/\/api.w.org\/{rel}","templated":true}]}}