{"id":3336,"date":"2014-08-21T18:18:02","date_gmt":"2014-08-21T18:18:02","guid":{"rendered":"http:\/\/mueble4you.com\/?page_id=3336"},"modified":"2022-09-09T15:07:57","modified_gmt":"2022-09-09T15:07:57","slug":"uns","status":"publish","type":"page","link":"https:\/\/mueble4you.com\/de\/uns\/","title":{"rendered":"Uns"},"content":{"rendered":"<h2 style=\"text-align: center;\">Unser Unternehmen, das sich dem Verkauf von M\u00f6beln widmet, wurde 2004 auf Teneriffa gegr\u00fcndet<\/h2>\n<p>2010 haben wir unsere R\u00e4umlichkeiten auf 2800m2 erweitert.<br \/>\nWir wollen unseren Kunden echte L\u00f6sungen bieten: besseren Service mit optimaler Beratung.<br \/>\nWir haben einen gro\u00dfen Lagerbestand, daher garantieren wir eine sofortige Lieferung.<br \/>\nWir kaufen direkt ab Werk, so erhalten unsere Kunden Qualit\u00e4t zum besten Preis.<br \/>\nWir haben eine gro\u00dfe Auswahl an M\u00f6beln und Dekorationen in allen Stilrichtungen und Trends.<br \/>\nPers\u00f6nliche Beratung durch Innenarchitekten. Projekte f\u00fcr alle Arten von H\u00e4usern, Pilotwohnungen, Hotels usw.<\/p>\n<h2 style=\"text-align: center;\">\u201eUnsere Aufgabe ist es, aus Ihrem Haus ein Zuhause zu machen\u201c<\/h2>\n","protected":false},"excerpt":{"rendered":"\n  <div class=\"banner has-hover\" id=\"banner-312053650\">\n          <div class=\"banner-inner fill\">\n        <div class=\"banner-bg fill\" >\n            <img width=\"1020\" height=\"680\" src=\"https:\/\/mueble4you.com\/wp-content\/uploads\/2020\/12\/Mueble4you-1024x683.jpg\" class=\"bg attachment-large size-large\" alt=\"\" decoding=\"async\" loading=\"lazy\" \/>                                    \n                    <\/div>\n\t\t\n        <div class=\"banner-layers container\">\n            <div class=\"fill banner-link\"><\/div>               <div id=\"text-box-50823521\" class=\"text-box banner-layer x50 md-x50 lg-x50 y50 md-y50 lg-y50 res-text\">\n                     <div data-animate=\"flipInX\">           <div class=\"text-box-content text dark\">\n              \n              <div class=\"text-inner text-center\">\n                  \n<h1>UNS<\/h1>\n<p>___<br \/>\n<div class=\"social-icons share-icons share-row relative\" ><a href=\"whatsapp:\/\/send?text=Uns - https:\/\/mueble4you.com\/de\/uns\/\" data-action=\"share\/whatsapp\/share\" class=\"icon button circle is-outline tooltip whatsapp show-for-medium\" title=\"Auf WhatsApp teilen\" aria-label=\"Auf WhatsApp teilen\"><i class=\"icon-whatsapp\" aria-hidden=\"true\"><\/i><\/a><a href=\"https:\/\/www.facebook.com\/sharer.php?u=https:\/\/mueble4you.com\/de\/uns\/\" data-label=\"Facebook\" onclick=\"window.open(this.href,this.title,'width=500,height=500,top=300px,left=300px'); return false;\" target=\"_blank\" class=\"icon button circle is-outline tooltip facebook\" title=\"Auf Facebook teilen\" aria-label=\"Auf Facebook teilen\" rel=\"noopener nofollow\"><i class=\"icon-facebook\" aria-hidden=\"true\"><\/i><\/a><a href=\"https:\/\/twitter.com\/share?url=https:\/\/mueble4you.com\/de\/uns\/\" onclick=\"window.open(this.href,this.title,'width=500,height=500,top=300px,left=300px'); return false;\" target=\"_blank\" class=\"icon button circle is-outline tooltip twitter\" title=\"Auf Twitter teilen\" aria-label=\"Auf Twitter teilen\" rel=\"noopener nofollow\"><i class=\"icon-twitter\" aria-hidden=\"true\"><\/i><\/a><a href=\"https:\/\/www.linkedin.com\/shareArticle?mini=true&url=https:\/\/mueble4you.com\/de\/uns\/&title=Uns\" onclick=\"window.open(this.href,this.title,'width=500,height=500,top=300px,left=300px'); return false;\" target=\"_blank\" class=\"icon button circle is-outline tooltip linkedin\" title=\"Auf LinkedIn teilen\" aria-label=\"Auf LinkedIn teilen\" rel=\"noopener nofollow\"><i class=\"icon-linkedin\" aria-hidden=\"true\"><\/i><\/a><\/div>\n              <\/div>\n           <\/div>\n       <\/div>                     \n<style>\n#text-box-50823521 {\n  width: 60%;\n}\n#text-box-50823521 .text-box-content {\n  font-size: 100%;\n}\n@media (min-width:550px) {\n  #text-box-50823521 {\n    width: 60%;\n  }\n}\n<\/style>\n    <\/div>\n         <\/div>\n      <\/div>\n\n            \n<style>\n#banner-312053650 {\n  padding-top: 600px;\n}\n<\/style>\n  <\/div>\n\n\n","protected":false},"author":2,"featured_media":0,"parent":0,"menu_order":0,"comment_status":"closed","ping_status":"closed","template":"","meta":{"footnotes":""},"class_list":["post-3336","page","type-page","status-publish","hentry"],"yoast_head":"<!-- This site is optimized with the Yoast SEO plugin v27.3 - https:\/\/yoast.com\/product\/yoast-seo-wordpress\/ -->\n<title>Uns | mueble4you<\/title>\n<meta name=\"robots\" content=\"index, follow, max-snippet:-1, max-image-preview:large, max-video-preview:-1\" \/>\n<link rel=\"canonical\" href=\"https:\/\/mueble4you.com\/de\/uns\/\" \/>\n<meta property=\"og:locale\" content=\"de_DE\" \/>\n<meta property=\"og:type\" content=\"article\" \/>\n<meta property=\"og:title\" content=\"Uns | mueble4you\" \/>\n<meta property=\"og:url\" content=\"https:\/\/mueble4you.com\/de\/uns\/\" \/>\n<meta property=\"og:site_name\" content=\"mueble4you\" \/>\n<meta property=\"article:modified_time\" content=\"2022-09-09T15:07:57+00:00\" \/>\n<meta name=\"twitter:card\" content=\"summary_large_image\" \/>\n<meta name=\"twitter:description\" content=\"[ux_banner bg=&quot;https:\/\/mueble4you.com\/wp-content\/uploads\/2020\/12\/Mueble4you.jpg&quot; height=&quot;600px&quot; animation=&quot;flipInX&quot;]  UNS ___ [share]  [\/ux_banner]\" \/>\n<meta name=\"twitter:label1\" content=\"Gesch\u00e4tzte Lesezeit\" \/>\n\t<meta name=\"twitter:data1\" content=\"1\u00a0Minute\" \/>\n<script type=\"application\/ld+json\" class=\"yoast-schema-graph\">{\"@context\":\"https:\\\/\\\/schema.org\",\"@graph\":[{\"@type\":\"WebPage\",\"@id\":\"https:\\\/\\\/mueble4you.com\\\/de\\\/uns\\\/\",\"url\":\"https:\\\/\\\/mueble4you.com\\\/de\\\/uns\\\/\",\"name\":\"Uns | mueble4you\",\"isPartOf\":{\"@id\":\"https:\\\/\\\/mueble4you.com\\\/#website\"},\"datePublished\":\"2014-08-21T18:18:02+00:00\",\"dateModified\":\"2022-09-09T15:07:57+00:00\",\"breadcrumb\":{\"@id\":\"https:\\\/\\\/mueble4you.com\\\/de\\\/uns\\\/#breadcrumb\"},\"inLanguage\":\"de\",\"potentialAction\":[{\"@type\":\"ReadAction\",\"target\":[\"https:\\\/\\\/mueble4you.com\\\/de\\\/uns\\\/\"]}]},{\"@type\":\"BreadcrumbList\",\"@id\":\"https:\\\/\\\/mueble4you.com\\\/de\\\/uns\\\/#breadcrumb\",\"itemListElement\":[{\"@type\":\"ListItem\",\"position\":1,\"name\":\"Portada\",\"item\":\"https:\\\/\\\/mueble4you.com\\\/de\\\/\"},{\"@type\":\"ListItem\",\"position\":2,\"name\":\"Uns\"}]},{\"@type\":\"WebSite\",\"@id\":\"https:\\\/\\\/mueble4you.com\\\/#website\",\"url\":\"https:\\\/\\\/mueble4you.com\\\/\",\"name\":\"mueble4you\",\"description\":\"M\u00f6bel in Teneriffa\",\"potentialAction\":[{\"@type\":\"SearchAction\",\"target\":{\"@type\":\"EntryPoint\",\"urlTemplate\":\"https:\\\/\\\/mueble4you.com\\\/?s={search_term_string}\"},\"query-input\":{\"@type\":\"PropertyValueSpecification\",\"valueRequired\":true,\"valueName\":\"search_term_string\"}}],\"inLanguage\":\"de\"}]}<\/script>\n<!-- \/ Yoast SEO plugin. -->","yoast_head_json":{"title":"Uns | mueble4you","robots":{"index":"index","follow":"follow","max-snippet":"max-snippet:-1","max-image-preview":"max-image-preview:large","max-video-preview":"max-video-preview:-1"},"canonical":"https:\/\/mueble4you.com\/de\/uns\/","og_locale":"de_DE","og_type":"article","og_title":"Uns | mueble4you","og_url":"https:\/\/mueble4you.com\/de\/uns\/","og_site_name":"mueble4you","article_modified_time":"2022-09-09T15:07:57+00:00","twitter_card":"summary_large_image","twitter_description":"[ux_banner bg=\"https:\/\/mueble4you.com\/wp-content\/uploads\/2020\/12\/Mueble4you.jpg\" height=\"600px\" animation=\"flipInX\"]  UNS ___ [share]  [\/ux_banner]","twitter_misc":{"Gesch\u00e4tzte Lesezeit":"1\u00a0Minute"},"schema":{"@context":"https:\/\/schema.org","@graph":[{"@type":"WebPage","@id":"https:\/\/mueble4you.com\/de\/uns\/","url":"https:\/\/mueble4you.com\/de\/uns\/","name":"Uns | mueble4you","isPartOf":{"@id":"https:\/\/mueble4you.com\/#website"},"datePublished":"2014-08-21T18:18:02+00:00","dateModified":"2022-09-09T15:07:57+00:00","breadcrumb":{"@id":"https:\/\/mueble4you.com\/de\/uns\/#breadcrumb"},"inLanguage":"de","potentialAction":[{"@type":"ReadAction","target":["https:\/\/mueble4you.com\/de\/uns\/"]}]},{"@type":"BreadcrumbList","@id":"https:\/\/mueble4you.com\/de\/uns\/#breadcrumb","itemListElement":[{"@type":"ListItem","position":1,"name":"Portada","item":"https:\/\/mueble4you.com\/de\/"},{"@type":"ListItem","position":2,"name":"Uns"}]},{"@type":"WebSite","@id":"https:\/\/mueble4you.com\/#website","url":"https:\/\/mueble4you.com\/","name":"mueble4you","description":"M\u00f6bel in Teneriffa","potentialAction":[{"@type":"SearchAction","target":{"@type":"EntryPoint","urlTemplate":"https:\/\/mueble4you.com\/?s={search_term_string}"},"query-input":{"@type":"PropertyValueSpecification","valueRequired":true,"valueName":"search_term_string"}}],"inLanguage":"de"}]}},"_links":{"self":[{"href":"https:\/\/mueble4you.com\/de\/wp-json\/wp\/v2\/pages\/3336","targetHints":{"allow":["GET"]}}],"collection":[{"href":"https:\/\/mueble4you.com\/de\/wp-json\/wp\/v2\/pages"}],"about":[{"href":"https:\/\/mueble4you.com\/de\/wp-json\/wp\/v2\/types\/page"}],"author":[{"embeddable":true,"href":"https:\/\/mueble4you.com\/de\/wp-json\/wp\/v2\/users\/2"}],"replies":[{"embeddable":true,"href":"https:\/\/mueble4you.com\/de\/wp-json\/wp\/v2\/comments?post=3336"}],"version-history":[{"count":5,"href":"https:\/\/mueble4you.com\/de\/wp-json\/wp\/v2\/pages\/3336\/revisions"}],"predecessor-version":[{"id":54355,"href":"https:\/\/mueble4you.com\/de\/wp-json\/wp\/v2\/pages\/3336\/revisions\/54355"}],"wp:attachment":[{"href":"https:\/\/mueble4you.com\/de\/wp-json\/wp\/v2\/media?parent=3336"}],"curies":[{"name":"wp","href":"https:\/\/api.w.org\/{rel}","templated":true}]}}